{"id":1171,"date":"2022-05-04T11:53:18","date_gmt":"2022-05-04T09:53:18","guid":{"rendered":"https:\/\/coletteartsetmatieres.com\/?page_id=1171"},"modified":"2022-05-31T14:26:26","modified_gmt":"2022-05-31T12:26:26","slug":"tableaux-2","status":"publish","type":"page","link":"https:\/\/coletteartsetmatieres.com\/index.php\/tableaux-2\/","title":{"rendered":"Tableaux"},"content":{"rendered":"\n<h1 class=\"wp-block-heading\">Tableaux Artistiques<\/h1>\n\n\n\n<h2 class=\"has-medium-font-size wp-block-heading\">Sans entretien, votre jardin vertical vous comblera de longues ann\u00e9es.<br>Chaque tableau vous raconte une histoire : l&rsquo;imaginaire, le r\u00eave, le souvenir. . .<\/h2>\n\n\n<div data-block-name=\"woocommerce\/product-category\" data-categories=\"[18]\" class=\"wc-block-grid wp-block-product-category wc-block-product-category has-3-columns has-multiple-rows\"><ul class=\"wc-block-grid__products\"><li class=\"wc-block-grid__product\">\n\t\t\t\t<a href=\"https:\/\/coletteartsetmatieres.com\/index.php\/produit\/jardin-anglais\/\" class=\"wc-block-grid__product-link\">\n\t\t\t\t\t<div class=\"wc-block-grid__product-image\"><img loading=\"lazy\" decoding=\"async\" width=\"250\" height=\"250\" src=\"https:\/\/coletteartsetmatieres.com\/wp-content\/uploads\/2022\/05\/jardin-anglais-24-scaled-e1652346675758-250x250.jpg\" class=\"attachment-woocommerce_thumbnail size-woocommerce_thumbnail\" alt=\"Jardin anglais\" srcset=\"https:\/\/coletteartsetmatieres.com\/wp-content\/uploads\/2022\/05\/jardin-anglais-24-scaled-e1652346675758-250x250.jpg 250w, https:\/\/coletteartsetmatieres.com\/wp-content\/uploads\/2022\/05\/jardin-anglais-24-scaled-e1652346675758-150x150.jpg 150w, https:\/\/coletteartsetmatieres.com\/wp-content\/uploads\/2022\/05\/jardin-anglais-24-scaled-e1652346675758-100x100.jpg 100w\" sizes=\"100vw\" \/><\/div>\n\t\t\t\t\t<div class=\"wc-block-grid__product-title\">Jardin anglais<\/div>\n\t\t\t\t<\/a>\n\t\t\t\t\n\t\t\t\t<div class=\"wc-block-grid__product-price price\"><span class=\"woocommerce-Price-amount amount\">123,00<span class=\"woocommerce-Price-currencySymbol\">&euro;<\/span><\/span><\/div>\n\t\t\t\t\n\t\t\t\t<div class=\"wp-block-button wc-block-grid__product-add-to-cart\"><a href=\"?add-to-cart=1321\" aria-label=\"Ajouter &ldquo;Jardin anglais&rdquo; \u00e0 votre panier\" data-quantity=\"1\" data-product_id=\"1321\" data-product_sku=\"\" rel=\"nofollow\" class=\"wp-block-button__link wp-element-button add_to_cart_button ajax_add_to_cart\">Ajouter au panier<\/a><\/div>\n\t\t\t<\/li><li class=\"wc-block-grid__product\">\n\t\t\t\t<a href=\"https:\/\/coletteartsetmatieres.com\/index.php\/produit\/sagesse\/\" class=\"wc-block-grid__product-link\">\n\t\t\t\t\t<div class=\"wc-block-grid__product-image\"><img loading=\"lazy\" decoding=\"async\" width=\"250\" height=\"250\" src=\"https:\/\/coletteartsetmatieres.com\/wp-content\/uploads\/2022\/05\/sagesse-23-scaled-e1652345416276-250x250.jpg\" class=\"attachment-woocommerce_thumbnail size-woocommerce_thumbnail\" alt=\"Sagesse\" srcset=\"https:\/\/coletteartsetmatieres.com\/wp-content\/uploads\/2022\/05\/sagesse-23-scaled-e1652345416276-250x250.jpg 250w, https:\/\/coletteartsetmatieres.com\/wp-content\/uploads\/2022\/05\/sagesse-23-scaled-e1652345416276-300x300.jpg 300w, https:\/\/coletteartsetmatieres.com\/wp-content\/uploads\/2022\/05\/sagesse-23-scaled-e1652345416276-1024x1020.jpg 1024w, https:\/\/coletteartsetmatieres.com\/wp-content\/uploads\/2022\/05\/sagesse-23-scaled-e1652345416276-150x150.jpg 150w, https:\/\/coletteartsetmatieres.com\/wp-content\/uploads\/2022\/05\/sagesse-23-scaled-e1652345416276-768x765.jpg 768w, https:\/\/coletteartsetmatieres.com\/wp-content\/uploads\/2022\/05\/sagesse-23-scaled-e1652345416276-500x498.jpg 500w, https:\/\/coletteartsetmatieres.com\/wp-content\/uploads\/2022\/05\/sagesse-23-scaled-e1652345416276-800x797.jpg 800w, https:\/\/coletteartsetmatieres.com\/wp-content\/uploads\/2022\/05\/sagesse-23-scaled-e1652345416276-1280x1275.jpg 1280w, https:\/\/coletteartsetmatieres.com\/wp-content\/uploads\/2022\/05\/sagesse-23-scaled-e1652345416276-1536x1530.jpg 1536w, https:\/\/coletteartsetmatieres.com\/wp-content\/uploads\/2022\/05\/sagesse-23-scaled-e1652345416276-100x100.jpg 100w, https:\/\/coletteartsetmatieres.com\/wp-content\/uploads\/2022\/05\/sagesse-23-scaled-e1652345416276-350x349.jpg 350w, https:\/\/coletteartsetmatieres.com\/wp-content\/uploads\/2022\/05\/sagesse-23-scaled-e1652345416276.jpg 1638w\" sizes=\"100vw\" \/><\/div>\n\t\t\t\t\t<div class=\"wc-block-grid__product-title\">Sagesse<\/div>\n\t\t\t\t<\/a>\n\t\t\t\t\n\t\t\t\t<div class=\"wc-block-grid__product-price price\"><span class=\"woocommerce-Price-amount amount\">88,20<span class=\"woocommerce-Price-currencySymbol\">&euro;<\/span><\/span><\/div>\n\t\t\t\t\n\t\t\t\t<div class=\"wp-block-button wc-block-grid__product-add-to-cart\"><a href=\"?add-to-cart=1319\" aria-label=\"Ajouter &ldquo;Sagesse&rdquo; \u00e0 votre panier\" data-quantity=\"1\" data-product_id=\"1319\" data-product_sku=\"\" rel=\"nofollow\" class=\"wp-block-button__link wp-element-button add_to_cart_button ajax_add_to_cart\">Ajouter au panier<\/a><\/div>\n\t\t\t<\/li><li class=\"wc-block-grid__product\">\n\t\t\t\t<a href=\"https:\/\/coletteartsetmatieres.com\/index.php\/produit\/reflet-de-lune\/\" class=\"wc-block-grid__product-link\">\n\t\t\t\t\t<div class=\"wc-block-grid__product-image\"><img loading=\"lazy\" decoding=\"async\" width=\"250\" height=\"250\" src=\"https:\/\/coletteartsetmatieres.com\/wp-content\/uploads\/2022\/05\/reflets-de-lune-22-scaled-e1652264397987-250x250.jpg\" class=\"attachment-woocommerce_thumbnail size-woocommerce_thumbnail\" alt=\"Reflet de lune\" srcset=\"https:\/\/coletteartsetmatieres.com\/wp-content\/uploads\/2022\/05\/reflets-de-lune-22-scaled-e1652264397987-250x250.jpg 250w, https:\/\/coletteartsetmatieres.com\/wp-content\/uploads\/2022\/05\/reflets-de-lune-22-scaled-e1652264397987-150x150.jpg 150w, https:\/\/coletteartsetmatieres.com\/wp-content\/uploads\/2022\/05\/reflets-de-lune-22-scaled-e1652264397987-100x100.jpg 100w\" sizes=\"100vw\" \/><\/div>\n\t\t\t\t\t<div class=\"wc-block-grid__product-title\">Reflet de lune<\/div>\n\t\t\t\t<\/a>\n\t\t\t\t\n\t\t\t\t<div class=\"wc-block-grid__product-price price\"><span class=\"woocommerce-Price-amount amount\">188,00<span class=\"woocommerce-Price-currencySymbol\">&euro;<\/span><\/span><\/div>\n\t\t\t\t\n\t\t\t\t<div class=\"wp-block-button wc-block-grid__product-add-to-cart\"><a href=\"?add-to-cart=1318\" aria-label=\"Ajouter &ldquo;Reflet de lune&rdquo; \u00e0 votre panier\" data-quantity=\"1\" data-product_id=\"1318\" data-product_sku=\"\" rel=\"nofollow\" class=\"wp-block-button__link wp-element-button add_to_cart_button ajax_add_to_cart\">Ajouter au panier<\/a><\/div>\n\t\t\t<\/li><li class=\"wc-block-grid__product\">\n\t\t\t\t<a href=\"https:\/\/coletteartsetmatieres.com\/index.php\/produit\/platanes\/\" class=\"wc-block-grid__product-link\">\n\t\t\t\t\t<div class=\"wc-block-grid__product-image\"><img loading=\"lazy\" decoding=\"async\" width=\"250\" height=\"250\" src=\"https:\/\/coletteartsetmatieres.com\/wp-content\/uploads\/2022\/05\/Platanes-21-scaled-e1652263857787-250x250.jpg\" class=\"attachment-woocommerce_thumbnail size-woocommerce_thumbnail\" alt=\"Platanes\" srcset=\"https:\/\/coletteartsetmatieres.com\/wp-content\/uploads\/2022\/05\/Platanes-21-scaled-e1652263857787-250x250.jpg 250w, https:\/\/coletteartsetmatieres.com\/wp-content\/uploads\/2022\/05\/Platanes-21-scaled-e1652263857787-150x150.jpg 150w, https:\/\/coletteartsetmatieres.com\/wp-content\/uploads\/2022\/05\/Platanes-21-scaled-e1652263857787-100x100.jpg 100w\" sizes=\"100vw\" \/><\/div>\n\t\t\t\t\t<div class=\"wc-block-grid__product-title\">Platanes<\/div>\n\t\t\t\t<\/a>\n\t\t\t\t\n\t\t\t\t<div class=\"wc-block-grid__product-price price\"><span class=\"woocommerce-Price-amount amount\">240,00<span class=\"woocommerce-Price-currencySymbol\">&euro;<\/span><\/span><\/div>\n\t\t\t\t\n\t\t\t\t<div class=\"wp-block-button wc-block-grid__product-add-to-cart\"><a href=\"?add-to-cart=1317\" aria-label=\"Ajouter &ldquo;Platanes&rdquo; \u00e0 votre panier\" data-quantity=\"1\" data-product_id=\"1317\" data-product_sku=\"\" rel=\"nofollow\" class=\"wp-block-button__link wp-element-button add_to_cart_button ajax_add_to_cart\">Ajouter au panier<\/a><\/div>\n\t\t\t<\/li><li class=\"wc-block-grid__product\">\n\t\t\t\t<a href=\"https:\/\/coletteartsetmatieres.com\/index.php\/produit\/tapisserie-automnal\/\" class=\"wc-block-grid__product-link\">\n\t\t\t\t\t<div class=\"wc-block-grid__product-image\"><img loading=\"lazy\" decoding=\"async\" width=\"250\" height=\"250\" src=\"https:\/\/coletteartsetmatieres.com\/wp-content\/uploads\/2022\/05\/tapisserie-automnale-20-scaled-e1652262745607-250x250.jpg\" class=\"attachment-woocommerce_thumbnail size-woocommerce_thumbnail\" alt=\"Tapisserie automnal\" srcset=\"https:\/\/coletteartsetmatieres.com\/wp-content\/uploads\/2022\/05\/tapisserie-automnale-20-scaled-e1652262745607-250x250.jpg 250w, https:\/\/coletteartsetmatieres.com\/wp-content\/uploads\/2022\/05\/tapisserie-automnale-20-scaled-e1652262745607-150x150.jpg 150w, https:\/\/coletteartsetmatieres.com\/wp-content\/uploads\/2022\/05\/tapisserie-automnale-20-scaled-e1652262745607-100x100.jpg 100w\" sizes=\"100vw\" \/><\/div>\n\t\t\t\t\t<div class=\"wc-block-grid__product-title\">Tapisserie automnal<\/div>\n\t\t\t\t<\/a>\n\t\t\t\t\n\t\t\t\t<div class=\"wc-block-grid__product-price price\"><span class=\"woocommerce-Price-amount amount\">760,00<span class=\"woocommerce-Price-currencySymbol\">&euro;<\/span><\/span><\/div>\n\t\t\t\t\n\t\t\t\t<div class=\"wp-block-button wc-block-grid__product-add-to-cart\"><a href=\"?add-to-cart=1316\" aria-label=\"Ajouter &ldquo;Tapisserie automnal&rdquo; \u00e0 votre panier\" data-quantity=\"1\" data-product_id=\"1316\" data-product_sku=\"\" rel=\"nofollow\" class=\"wp-block-button__link wp-element-button add_to_cart_button ajax_add_to_cart\">Ajouter au panier<\/a><\/div>\n\t\t\t<\/li><li class=\"wc-block-grid__product\">\n\t\t\t\t<a href=\"https:\/\/coletteartsetmatieres.com\/index.php\/produit\/comete\/\" class=\"wc-block-grid__product-link\">\n\t\t\t\t\t<div class=\"wc-block-grid__product-image\"><img loading=\"lazy\" decoding=\"async\" width=\"250\" height=\"250\" src=\"https:\/\/coletteartsetmatieres.com\/wp-content\/uploads\/2022\/05\/comete-19-scaled-e1652262086340-250x250.jpg\" class=\"attachment-woocommerce_thumbnail size-woocommerce_thumbnail\" alt=\"Com\u00e8te\" srcset=\"https:\/\/coletteartsetmatieres.com\/wp-content\/uploads\/2022\/05\/comete-19-scaled-e1652262086340-250x250.jpg 250w, https:\/\/coletteartsetmatieres.com\/wp-content\/uploads\/2022\/05\/comete-19-scaled-e1652262086340-150x150.jpg 150w, https:\/\/coletteartsetmatieres.com\/wp-content\/uploads\/2022\/05\/comete-19-scaled-e1652262086340-100x100.jpg 100w\" sizes=\"100vw\" \/><\/div>\n\t\t\t\t\t<div class=\"wc-block-grid__product-title\">Com\u00e8te<\/div>\n\t\t\t\t<\/a>\n\t\t\t\t\n\t\t\t\t<div class=\"wc-block-grid__product-price price\"><span class=\"woocommerce-Price-amount amount\">275,00<span class=\"woocommerce-Price-currencySymbol\">&euro;<\/span><\/span><\/div>\n\t\t\t\t\n\t\t\t\t<div class=\"wp-block-button wc-block-grid__product-add-to-cart\"><a href=\"?add-to-cart=1315\" aria-label=\"Ajouter &ldquo;Com\u00e8te&rdquo; \u00e0 votre panier\" data-quantity=\"1\" data-product_id=\"1315\" data-product_sku=\"\" rel=\"nofollow\" class=\"wp-block-button__link wp-element-button add_to_cart_button ajax_add_to_cart\">Ajouter au panier<\/a><\/div>\n\t\t\t<\/li><li class=\"wc-block-grid__product\">\n\t\t\t\t<a href=\"https:\/\/coletteartsetmatieres.com\/index.php\/produit\/soleil-couchant\/\" class=\"wc-block-grid__product-link\">\n\t\t\t\t\t<div class=\"wc-block-grid__product-image\"><img loading=\"lazy\" decoding=\"async\" width=\"250\" height=\"250\" src=\"https:\/\/coletteartsetmatieres.com\/wp-content\/uploads\/2022\/05\/soleil-couchant-18-scaled-e1652261798173-250x250.jpg\" class=\"attachment-woocommerce_thumbnail size-woocommerce_thumbnail\" alt=\"Soleil couchant\" srcset=\"https:\/\/coletteartsetmatieres.com\/wp-content\/uploads\/2022\/05\/soleil-couchant-18-scaled-e1652261798173-250x250.jpg 250w, https:\/\/coletteartsetmatieres.com\/wp-content\/uploads\/2022\/05\/soleil-couchant-18-scaled-e1652261798173-150x150.jpg 150w, https:\/\/coletteartsetmatieres.com\/wp-content\/uploads\/2022\/05\/soleil-couchant-18-scaled-e1652261798173-100x100.jpg 100w\" sizes=\"100vw\" \/><\/div>\n\t\t\t\t\t<div class=\"wc-block-grid__product-title\">Soleil couchant<\/div>\n\t\t\t\t<\/a>\n\t\t\t\t\n\t\t\t\t<div class=\"wc-block-grid__product-price price\"><span class=\"woocommerce-Price-amount amount\">460,00<span class=\"woocommerce-Price-currencySymbol\">&euro;<\/span><\/span><\/div>\n\t\t\t\t\n\t\t\t\t<div class=\"wp-block-button wc-block-grid__product-add-to-cart\"><a href=\"?add-to-cart=1314\" aria-label=\"Ajouter &ldquo;Soleil couchant&rdquo; \u00e0 votre panier\" data-quantity=\"1\" data-product_id=\"1314\" data-product_sku=\"\" rel=\"nofollow\" class=\"wp-block-button__link wp-element-button add_to_cart_button ajax_add_to_cart\">Ajouter au panier<\/a><\/div>\n\t\t\t<\/li><li class=\"wc-block-grid__product\">\n\t\t\t\t<a href=\"https:\/\/coletteartsetmatieres.com\/index.php\/produit\/rosace\/\" class=\"wc-block-grid__product-link\">\n\t\t\t\t\t<div class=\"wc-block-grid__product-image\"><img loading=\"lazy\" decoding=\"async\" width=\"250\" height=\"250\" src=\"https:\/\/coletteartsetmatieres.com\/wp-content\/uploads\/2022\/05\/rosace-16-scaled-e1652261321685-250x250.jpg\" class=\"attachment-woocommerce_thumbnail size-woocommerce_thumbnail\" alt=\"Rosace\" srcset=\"https:\/\/coletteartsetmatieres.com\/wp-content\/uploads\/2022\/05\/rosace-16-scaled-e1652261321685-250x250.jpg 250w, https:\/\/coletteartsetmatieres.com\/wp-content\/uploads\/2022\/05\/rosace-16-scaled-e1652261321685-150x150.jpg 150w, https:\/\/coletteartsetmatieres.com\/wp-content\/uploads\/2022\/05\/rosace-16-scaled-e1652261321685-100x100.jpg 100w\" sizes=\"100vw\" \/><\/div>\n\t\t\t\t\t<div class=\"wc-block-grid__product-title\">Rosace<\/div>\n\t\t\t\t<\/a>\n\t\t\t\t\n\t\t\t\t<div class=\"wc-block-grid__product-price price\"><span class=\"woocommerce-Price-amount amount\">748,00<span class=\"woocommerce-Price-currencySymbol\">&euro;<\/span><\/span><\/div>\n\t\t\t\t\n\t\t\t\t<div class=\"wp-block-button wc-block-grid__product-add-to-cart\"><a href=\"?add-to-cart=1313\" aria-label=\"Ajouter &ldquo;Rosace&rdquo; \u00e0 votre panier\" data-quantity=\"1\" data-product_id=\"1313\" data-product_sku=\"\" rel=\"nofollow\" class=\"wp-block-button__link wp-element-button add_to_cart_button ajax_add_to_cart\">Ajouter au panier<\/a><\/div>\n\t\t\t<\/li><li class=\"wc-block-grid__product\">\n\t\t\t\t<a href=\"https:\/\/coletteartsetmatieres.com\/index.php\/produit\/sous-bois-polypore\/\" class=\"wc-block-grid__product-link\">\n\t\t\t\t\t<div class=\"wc-block-grid__product-image\"><img loading=\"lazy\" decoding=\"async\" width=\"250\" height=\"250\" src=\"https:\/\/coletteartsetmatieres.com\/wp-content\/uploads\/2022\/05\/sousbois-poypore-14-scaled-e1652260639308-250x250.jpg\" class=\"attachment-woocommerce_thumbnail size-woocommerce_thumbnail\" alt=\"Sous-bois Polypore\" srcset=\"https:\/\/coletteartsetmatieres.com\/wp-content\/uploads\/2022\/05\/sousbois-poypore-14-scaled-e1652260639308-250x250.jpg 250w, https:\/\/coletteartsetmatieres.com\/wp-content\/uploads\/2022\/05\/sousbois-poypore-14-scaled-e1652260639308-150x150.jpg 150w, https:\/\/coletteartsetmatieres.com\/wp-content\/uploads\/2022\/05\/sousbois-poypore-14-scaled-e1652260639308-100x100.jpg 100w\" sizes=\"100vw\" \/><\/div>\n\t\t\t\t\t<div class=\"wc-block-grid__product-title\">Sous-bois Polypore<\/div>\n\t\t\t\t<\/a>\n\t\t\t\t\n\t\t\t\t<div class=\"wc-block-grid__product-price price\"><span class=\"woocommerce-Price-amount amount\">420,00<span class=\"woocommerce-Price-currencySymbol\">&euro;<\/span><\/span><\/div>\n\t\t\t\t\n\t\t\t\t<div class=\"wp-block-button wc-block-grid__product-add-to-cart\"><a href=\"?add-to-cart=1306\" aria-label=\"Ajouter &ldquo;Sous-bois Polypore&rdquo; \u00e0 votre panier\" data-quantity=\"1\" data-product_id=\"1306\" data-product_sku=\"\" rel=\"nofollow\" class=\"wp-block-button__link wp-element-button add_to_cart_button ajax_add_to_cart\">Ajouter au panier<\/a><\/div>\n\t\t\t<\/li><\/ul><\/div>","protected":false},"excerpt":{"rendered":"<p>Tableaux Artistiques Sans entretien, votre jardin vertical vous comblera de longues ann\u00e9es.Chaque tableau vous raconte une histoire : l&rsquo;imaginaire, le r\u00eave, le souvenir. . .<\/p>\n","protected":false},"author":1,"featured_media":0,"parent":0,"menu_order":0,"comment_status":"closed","ping_status":"closed","template":"","meta":{"footnotes":"","_vp_format_video_url":"","_vp_image_focal_point":[]},"yoast_head":"<!-- This site is optimized with the Yoast SEO plugin v19.8 - https:\/\/yoast.com\/wordpress\/plugins\/seo\/ -->\n<title>Tableaux - Colette Arts et Mati\u00e8res.<\/title>\n<meta name=\"robots\" content=\"index, follow, max-snippet:-1, max-image-preview:large, max-video-preview:-1\" \/>\n<link rel=\"canonical\" href=\"https:\/\/coletteartsetmatieres.com\/index.php\/tableaux-2\/\" \/>\n<meta property=\"og:locale\" content=\"fr_FR\" \/>\n<meta property=\"og:type\" content=\"article\" \/>\n<meta property=\"og:title\" content=\"Tableaux - Colette Arts et Mati\u00e8res.\" \/>\n<meta property=\"og:description\" content=\"Tableaux Artistiques Sans entretien, votre jardin vertical vous comblera de longues ann\u00e9es.Chaque tableau vous raconte une histoire : l&rsquo;imaginaire, le r\u00eave, le souvenir. . .\" \/>\n<meta property=\"og:url\" content=\"https:\/\/coletteartsetmatieres.com\/index.php\/tableaux-2\/\" \/>\n<meta property=\"og:site_name\" content=\"Colette Arts et Mati\u00e8res.\" \/>\n<meta property=\"article:modified_time\" content=\"2022-05-31T12:26:26+00:00\" \/>\n<meta name=\"twitter:card\" content=\"summary_large_image\" \/>\n<script type=\"application\/ld+json\" class=\"yoast-schema-graph\">{\"@context\":\"https:\/\/schema.org\",\"@graph\":[{\"@type\":\"WebPage\",\"@id\":\"https:\/\/coletteartsetmatieres.com\/index.php\/tableaux-2\/\",\"url\":\"https:\/\/coletteartsetmatieres.com\/index.php\/tableaux-2\/\",\"name\":\"Tableaux - Colette Arts et Mati\u00e8res.\",\"isPartOf\":{\"@id\":\"https:\/\/coletteartsetmatieres.com\/#website\"},\"datePublished\":\"2022-05-04T09:53:18+00:00\",\"dateModified\":\"2022-05-31T12:26:26+00:00\",\"breadcrumb\":{\"@id\":\"https:\/\/coletteartsetmatieres.com\/index.php\/tableaux-2\/#breadcrumb\"},\"inLanguage\":\"fr-FR\",\"potentialAction\":[{\"@type\":\"ReadAction\",\"target\":[\"https:\/\/coletteartsetmatieres.com\/index.php\/tableaux-2\/\"]}]},{\"@type\":\"BreadcrumbList\",\"@id\":\"https:\/\/coletteartsetmatieres.com\/index.php\/tableaux-2\/#breadcrumb\",\"itemListElement\":[{\"@type\":\"ListItem\",\"position\":1,\"name\":\"Accueil\",\"item\":\"https:\/\/coletteartsetmatieres.com\/\"},{\"@type\":\"ListItem\",\"position\":2,\"name\":\"Tableaux\"}]},{\"@type\":\"WebSite\",\"@id\":\"https:\/\/coletteartsetmatieres.com\/#website\",\"url\":\"https:\/\/coletteartsetmatieres.com\/\",\"name\":\"Colette Arts et Mati\u00e8res.\",\"description\":\"   L&#039;Art du V\u00e9g\u00e9tal et de la Fleur stables et durables\",\"publisher\":{\"@id\":\"https:\/\/coletteartsetmatieres.com\/#organization\"},\"potentialAction\":[{\"@type\":\"SearchAction\",\"target\":{\"@type\":\"EntryPoint\",\"urlTemplate\":\"https:\/\/coletteartsetmatieres.com\/?s={search_term_string}\"},\"query-input\":\"required name=search_term_string\"}],\"inLanguage\":\"fr-FR\"},{\"@type\":\"Organization\",\"@id\":\"https:\/\/coletteartsetmatieres.com\/#organization\",\"name\":\"Colette Arts et Mati\u00e8res.\",\"url\":\"https:\/\/coletteartsetmatieres.com\/\",\"sameAs\":[],\"logo\":{\"@type\":\"ImageObject\",\"inLanguage\":\"fr-FR\",\"@id\":\"https:\/\/coletteartsetmatieres.com\/#\/schema\/logo\/image\/\",\"url\":\"https:\/\/coletteartsetmatieres.com\/wp-content\/uploads\/2020\/03\/cropped-Coletteartsetmatieres_logotype-2.png\",\"contentUrl\":\"https:\/\/coletteartsetmatieres.com\/wp-content\/uploads\/2020\/03\/cropped-Coletteartsetmatieres_logotype-2.png\",\"width\":409,\"height\":250,\"caption\":\"    Colette Arts et Mati\u00e8res. \"},\"image\":{\"@id\":\"https:\/\/coletteartsetmatieres.com\/#\/schema\/logo\/image\/\"}}]}<\/script>\n<!-- \/ Yoast SEO plugin. -->","yoast_head_json":{"title":"Tableaux - Colette Arts et Mati\u00e8res.","robots":{"index":"index","follow":"follow","max-snippet":"max-snippet:-1","max-image-preview":"max-image-preview:large","max-video-preview":"max-video-preview:-1"},"canonical":"https:\/\/coletteartsetmatieres.com\/index.php\/tableaux-2\/","og_locale":"fr_FR","og_type":"article","og_title":"Tableaux - Colette Arts et Mati\u00e8res.","og_description":"Tableaux Artistiques Sans entretien, votre jardin vertical vous comblera de longues ann\u00e9es.Chaque tableau vous raconte une histoire : l&rsquo;imaginaire, le r\u00eave, le souvenir. . .","og_url":"https:\/\/coletteartsetmatieres.com\/index.php\/tableaux-2\/","og_site_name":"Colette Arts et Mati\u00e8res.","article_modified_time":"2022-05-31T12:26:26+00:00","twitter_card":"summary_large_image","schema":{"@context":"https:\/\/schema.org","@graph":[{"@type":"WebPage","@id":"https:\/\/coletteartsetmatieres.com\/index.php\/tableaux-2\/","url":"https:\/\/coletteartsetmatieres.com\/index.php\/tableaux-2\/","name":"Tableaux - Colette Arts et Mati\u00e8res.","isPartOf":{"@id":"https:\/\/coletteartsetmatieres.com\/#website"},"datePublished":"2022-05-04T09:53:18+00:00","dateModified":"2022-05-31T12:26:26+00:00","breadcrumb":{"@id":"https:\/\/coletteartsetmatieres.com\/index.php\/tableaux-2\/#breadcrumb"},"inLanguage":"fr-FR","potentialAction":[{"@type":"ReadAction","target":["https:\/\/coletteartsetmatieres.com\/index.php\/tableaux-2\/"]}]},{"@type":"BreadcrumbList","@id":"https:\/\/coletteartsetmatieres.com\/index.php\/tableaux-2\/#breadcrumb","itemListElement":[{"@type":"ListItem","position":1,"name":"Accueil","item":"https:\/\/coletteartsetmatieres.com\/"},{"@type":"ListItem","position":2,"name":"Tableaux"}]},{"@type":"WebSite","@id":"https:\/\/coletteartsetmatieres.com\/#website","url":"https:\/\/coletteartsetmatieres.com\/","name":"Colette Arts et Mati\u00e8res.","description":"   L&#039;Art du V\u00e9g\u00e9tal et de la Fleur stables et durables","publisher":{"@id":"https:\/\/coletteartsetmatieres.com\/#organization"},"potentialAction":[{"@type":"SearchAction","target":{"@type":"EntryPoint","urlTemplate":"https:\/\/coletteartsetmatieres.com\/?s={search_term_string}"},"query-input":"required name=search_term_string"}],"inLanguage":"fr-FR"},{"@type":"Organization","@id":"https:\/\/coletteartsetmatieres.com\/#organization","name":"Colette Arts et Mati\u00e8res.","url":"https:\/\/coletteartsetmatieres.com\/","sameAs":[],"logo":{"@type":"ImageObject","inLanguage":"fr-FR","@id":"https:\/\/coletteartsetmatieres.com\/#\/schema\/logo\/image\/","url":"https:\/\/coletteartsetmatieres.com\/wp-content\/uploads\/2020\/03\/cropped-Coletteartsetmatieres_logotype-2.png","contentUrl":"https:\/\/coletteartsetmatieres.com\/wp-content\/uploads\/2020\/03\/cropped-Coletteartsetmatieres_logotype-2.png","width":409,"height":250,"caption":"    Colette Arts et Mati\u00e8res. "},"image":{"@id":"https:\/\/coletteartsetmatieres.com\/#\/schema\/logo\/image\/"}}]}},"_links":{"self":[{"href":"https:\/\/coletteartsetmatieres.com\/index.php\/wp-json\/wp\/v2\/pages\/1171"}],"collection":[{"href":"https:\/\/coletteartsetmatieres.com\/index.php\/wp-json\/wp\/v2\/pages"}],"about":[{"href":"https:\/\/coletteartsetmatieres.com\/index.php\/wp-json\/wp\/v2\/types\/page"}],"author":[{"embeddable":true,"href":"https:\/\/coletteartsetmatieres.com\/index.php\/wp-json\/wp\/v2\/users\/1"}],"replies":[{"embeddable":true,"href":"https:\/\/coletteartsetmatieres.com\/index.php\/wp-json\/wp\/v2\/comments?post=1171"}],"version-history":[{"count":9,"href":"https:\/\/coletteartsetmatieres.com\/index.php\/wp-json\/wp\/v2\/pages\/1171\/revisions"}],"predecessor-version":[{"id":1732,"href":"https:\/\/coletteartsetmatieres.com\/index.php\/wp-json\/wp\/v2\/pages\/1171\/revisions\/1732"}],"wp:attachment":[{"href":"https:\/\/coletteartsetmatieres.com\/index.php\/wp-json\/wp\/v2\/media?parent=1171"}],"curies":[{"name":"wp","href":"https:\/\/api.w.org\/{rel}","templated":true}]}}