{"id":1617,"date":"2022-05-28T14:30:01","date_gmt":"2022-05-28T12:30:01","guid":{"rendered":"https:\/\/coletteartsetmatieres.com\/?page_id=1617"},"modified":"2022-07-18T19:22:34","modified_gmt":"2022-07-18T17:22:34","slug":"entreprises","status":"publish","type":"page","link":"https:\/\/coletteartsetmatieres.com\/index.php\/murmur-et-brindilles\/entreprises\/","title":{"rendered":"Show Room, Sc\u00e9nographie"},"content":{"rendered":"\n<div class=\"wp-block-columns is-layout-flex wp-container-core-columns-layout-1 wp-block-columns-is-layout-flex\">\n<div class=\"wp-block-column is-layout-flow wp-block-column-is-layout-flow\" style=\"flex-basis:50%\">\n<div class=\"wp-block-group is-layout-flow wp-block-group-is-layout-flow\"><div class=\"wp-block-group__inner-container\">\n<p>Entreprise industrielle, commerciale ou de service, l&rsquo;Accueil reste un point d&rsquo;impact ind\u00e9niable et repr\u00e9sentatif des valeurs sociales, cultures et \u00e9co- responsable pour notre public et notre personnel. <\/p>\n<\/div><\/div>\n<\/div>\n\n\n\n<div class=\"wp-block-column is-layout-flow wp-block-column-is-layout-flow\" style=\"flex-basis:50%\">\n<figure class=\"wp-block-image size-large is-resized is-style-rounded\"><img loading=\"lazy\" decoding=\"async\" src=\"https:\/\/coletteartsetmatieres.com\/wp-content\/uploads\/2022\/07\/20220714_100233-1024x473.jpg\" alt=\"\" class=\"wp-image-1800\" width=\"350\" height=\"220\"\/><\/figure>\n<\/div>\n<\/div>\n\n\n\n<div class=\"wp-block-columns is-layout-flex wp-container-core-columns-layout-2 wp-block-columns-is-layout-flex\">\n<div class=\"wp-block-column is-layout-flow wp-block-column-is-layout-flow\" style=\"flex-basis:50%\">\n<div class=\"wp-block-group is-layout-flow wp-block-group-is-layout-flow\"><div class=\"wp-block-group__inner-container\">\n<figure class=\"wp-block-image size-large is-style-rounded\"><img loading=\"lazy\" decoding=\"async\" width=\"1024\" height=\"768\" src=\"https:\/\/coletteartsetmatieres.com\/wp-content\/uploads\/2022\/07\/D756270-edited-1024x768.jpg\" alt=\"show room; sc\u00e9nographie, decor vegetal; d\u00e9cor v\u00e9g\u00e9tal stabilis\u00e9; arbre d\u00e9coratif\" class=\"wp-image-1783\" srcset=\"https:\/\/coletteartsetmatieres.com\/wp-content\/uploads\/2022\/07\/D756270-edited-1024x768.jpg 1024w, https:\/\/coletteartsetmatieres.com\/wp-content\/uploads\/2022\/07\/D756270-edited-300x225.jpg 300w, https:\/\/coletteartsetmatieres.com\/wp-content\/uploads\/2022\/07\/D756270-edited-768x576.jpg 768w, https:\/\/coletteartsetmatieres.com\/wp-content\/uploads\/2022\/07\/D756270-edited-500x375.jpg 500w, https:\/\/coletteartsetmatieres.com\/wp-content\/uploads\/2022\/07\/D756270-edited-800x600.jpg 800w, https:\/\/coletteartsetmatieres.com\/wp-content\/uploads\/2022\/07\/D756270-edited-350x263.jpg 350w, https:\/\/coletteartsetmatieres.com\/wp-content\/uploads\/2022\/07\/D756270-edited.jpg 1125w\" sizes=\"(max-width: 767px) 89vw, (max-width: 1000px) 54vw, (max-width: 1071px) 543px, 580px\" \/><\/figure>\n<\/div><\/div>\n<\/div>\n\n\n\n<div class=\"wp-block-column is-layout-flow wp-block-column-is-layout-flow\" style=\"flex-basis:50%\">\n<p><\/p>\n\n\n\n<p>\u00ab\u00a0La Nature repr\u00e9sent\u00e9e \u00a0\u00bb reste l&rsquo;alternative la plus appropri\u00e9e et tr\u00e8s en vogue gr\u00e2ce aux nouvelles techniques de v\u00e9g\u00e9talisation associ\u00e9e \u00e0 l&rsquo;artistique. Un investissement qui  demande si peu d&rsquo;entretien, pour plusieurs ann\u00e9es, et modulable au gr\u00e9 des envies. <\/p>\n<\/div>\n<\/div>\n\n\n\n<div class=\"wp-block-columns is-layout-flex wp-container-core-columns-layout-3 wp-block-columns-is-layout-flex\">\n<div class=\"wp-block-column is-layout-flow wp-block-column-is-layout-flow\"><\/div>\n<\/div>\n\n\n\n<div class=\"wp-block-columns is-layout-flex wp-container-core-columns-layout-4 wp-block-columns-is-layout-flex\">\n<div class=\"wp-block-column is-layout-flow wp-block-column-is-layout-flow\">\n<p id=\"block-0fb77aed-7643-4c80-8bf4-2c1ffdf9b5e8\"><br>-Un d\u00e9cor harmonieux pour une ambiance agr\u00e9able et accueillante.<\/p>\n\n\n\n<p id=\"block-e629ddcf-2d56-48db-9f07-21eaab1efc0a\">-L&rsquo; esprit nature : une valeur rassurante que tout le monde partage.<\/p>\n\n\n\n<p id=\"block-f3021f85-ab99-4c87-b428-e1a6c90ba9e2\">-En profiter pour personnaliser, int\u00e9grer un id\u00e9al; le r\u00eave ne tue pas!<\/p>\n\n\n\n<p id=\"block-f0ae1550-5aeb-4e3a-a515-a66f4474da18\">-La ma\u00eetrise artistique et technique de l&rsquo;artisanat pour ajouter une plus value culturelle \u00e0 votre investissement<\/p>\n<\/div>\n\n\n\n<div class=\"wp-block-column is-layout-flow wp-block-column-is-layout-flow\">\n<figure class=\"wp-block-image size-large is-resized is-style-rounded\"><img loading=\"lazy\" decoding=\"async\" src=\"https:\/\/coletteartsetmatieres.com\/wp-content\/uploads\/2022\/07\/20220714_1001344-1024x667.jpg\" alt=\"\" class=\"wp-image-1801\" width=\"453\" height=\"295\" srcset=\"https:\/\/coletteartsetmatieres.com\/wp-content\/uploads\/2022\/07\/20220714_1001344-1024x667.jpg 1024w, https:\/\/coletteartsetmatieres.com\/wp-content\/uploads\/2022\/07\/20220714_1001344-300x195.jpg 300w, https:\/\/coletteartsetmatieres.com\/wp-content\/uploads\/2022\/07\/20220714_1001344-768x500.jpg 768w, https:\/\/coletteartsetmatieres.com\/wp-content\/uploads\/2022\/07\/20220714_1001344-500x326.jpg 500w, https:\/\/coletteartsetmatieres.com\/wp-content\/uploads\/2022\/07\/20220714_1001344-800x521.jpg 800w, https:\/\/coletteartsetmatieres.com\/wp-content\/uploads\/2022\/07\/20220714_1001344-1280x833.jpg 1280w, https:\/\/coletteartsetmatieres.com\/wp-content\/uploads\/2022\/07\/20220714_1001344-1920x1250.jpg 1920w, https:\/\/coletteartsetmatieres.com\/wp-content\/uploads\/2022\/07\/20220714_1001344-1536x1000.jpg 1536w, https:\/\/coletteartsetmatieres.com\/wp-content\/uploads\/2022\/07\/20220714_1001344-2048x1334.jpg 2048w, https:\/\/coletteartsetmatieres.com\/wp-content\/uploads\/2022\/07\/20220714_1001344-350x228.jpg 350w\" sizes=\"(max-width: 453px) 100vw, 453px\" \/><\/figure>\n<\/div>\n<\/div>\n\n\n\n<p><\/p>\n\n\n\n<p><\/p>\n","protected":false},"excerpt":{"rendered":"<p>Entreprise industrielle, commerciale ou de service, l&rsquo;Accueil reste un point d&rsquo;impact ind\u00e9niable et repr\u00e9sentatif des valeurs sociales, cultures et \u00e9co- responsable pour notre public et notre personnel. \u00ab\u00a0La Nature repr\u00e9sent\u00e9e \u00a0\u00bb reste l&rsquo;alternative la plus appropri\u00e9e et tr\u00e8s en vogue gr\u00e2ce aux nouvelles techniques de v\u00e9g\u00e9talisation associ\u00e9e \u00e0 l&rsquo;artistique. Un investissement qui demande si peu &hellip; <\/p>\n<p class=\"link-more\"><a href=\"https:\/\/coletteartsetmatieres.com\/index.php\/murmur-et-brindilles\/entreprises\/\" class=\"more-link\">Continuer la lecture<span class=\"screen-reader-text\"> de &laquo;&nbsp;Show Room, Sc\u00e9nographie&nbsp;&raquo;<\/span><\/a><\/p>\n","protected":false},"author":1,"featured_media":0,"parent":1642,"menu_order":2,"comment_status":"closed","ping_status":"closed","template":"","meta":{"footnotes":"","_vp_format_video_url":"","_vp_image_focal_point":[]},"yoast_head":"<!-- This site is optimized with the Yoast SEO plugin v19.8 - https:\/\/yoast.com\/wordpress\/plugins\/seo\/ -->\n<title>Show Room, Sc\u00e9nographie - Colette Arts et Mati\u00e8res.<\/title>\n<meta name=\"robots\" content=\"index, follow, max-snippet:-1, max-image-preview:large, max-video-preview:-1\" \/>\n<link rel=\"canonical\" href=\"https:\/\/coletteartsetmatieres.com\/index.php\/murmur-et-brindilles\/entreprises\/\" \/>\n<meta property=\"og:locale\" content=\"fr_FR\" \/>\n<meta property=\"og:type\" content=\"article\" \/>\n<meta property=\"og:title\" content=\"Show Room, Sc\u00e9nographie - Colette Arts et Mati\u00e8res.\" \/>\n<meta property=\"og:description\" content=\"Entreprise industrielle, commerciale ou de service, l&rsquo;Accueil reste un point d&rsquo;impact ind\u00e9niable et repr\u00e9sentatif des valeurs sociales, cultures et \u00e9co- responsable pour notre public et notre personnel. \u00ab\u00a0La Nature repr\u00e9sent\u00e9e \u00a0\u00bb reste l&rsquo;alternative la plus appropri\u00e9e et tr\u00e8s en vogue gr\u00e2ce aux nouvelles techniques de v\u00e9g\u00e9talisation associ\u00e9e \u00e0 l&rsquo;artistique. Un investissement qui demande si peu &hellip; Continuer la lecture de &laquo;&nbsp;Show Room, Sc\u00e9nographie&nbsp;&raquo;\" \/>\n<meta property=\"og:url\" content=\"https:\/\/coletteartsetmatieres.com\/index.php\/murmur-et-brindilles\/entreprises\/\" \/>\n<meta property=\"og:site_name\" content=\"Colette Arts et Mati\u00e8res.\" \/>\n<meta property=\"article:modified_time\" content=\"2022-07-18T17:22:34+00:00\" \/>\n<meta property=\"og:image\" content=\"https:\/\/coletteartsetmatieres.com\/wp-content\/uploads\/2022\/07\/20220714_100233-1024x473.jpg\" \/>\n<meta name=\"twitter:card\" content=\"summary_large_image\" \/>\n<meta name=\"twitter:label1\" content=\"Dur\u00e9e de lecture estim\u00e9e\" \/>\n\t<meta name=\"twitter:data1\" content=\"1 minute\" \/>\n<script type=\"application\/ld+json\" class=\"yoast-schema-graph\">{\"@context\":\"https:\/\/schema.org\",\"@graph\":[{\"@type\":\"WebPage\",\"@id\":\"https:\/\/coletteartsetmatieres.com\/index.php\/murmur-et-brindilles\/entreprises\/\",\"url\":\"https:\/\/coletteartsetmatieres.com\/index.php\/murmur-et-brindilles\/entreprises\/\",\"name\":\"Show Room, Sc\u00e9nographie - Colette Arts et Mati\u00e8res.\",\"isPartOf\":{\"@id\":\"https:\/\/coletteartsetmatieres.com\/#website\"},\"datePublished\":\"2022-05-28T12:30:01+00:00\",\"dateModified\":\"2022-07-18T17:22:34+00:00\",\"breadcrumb\":{\"@id\":\"https:\/\/coletteartsetmatieres.com\/index.php\/murmur-et-brindilles\/entreprises\/#breadcrumb\"},\"inLanguage\":\"fr-FR\",\"potentialAction\":[{\"@type\":\"ReadAction\",\"target\":[\"https:\/\/coletteartsetmatieres.com\/index.php\/murmur-et-brindilles\/entreprises\/\"]}]},{\"@type\":\"BreadcrumbList\",\"@id\":\"https:\/\/coletteartsetmatieres.com\/index.php\/murmur-et-brindilles\/entreprises\/#breadcrumb\",\"itemListElement\":[{\"@type\":\"ListItem\",\"position\":1,\"name\":\"Accueil\",\"item\":\"https:\/\/coletteartsetmatieres.com\/\"},{\"@type\":\"ListItem\",\"position\":2,\"name\":\"MurMur et Brindilles\",\"item\":\"https:\/\/coletteartsetmatieres.com\/index.php\/murmur-et-brindilles\/\"},{\"@type\":\"ListItem\",\"position\":3,\"name\":\"Show Room, Sc\u00e9nographie\"}]},{\"@type\":\"WebSite\",\"@id\":\"https:\/\/coletteartsetmatieres.com\/#website\",\"url\":\"https:\/\/coletteartsetmatieres.com\/\",\"name\":\"Colette Arts et Mati\u00e8res.\",\"description\":\"   L&#039;Art du V\u00e9g\u00e9tal et de la Fleur stables et durables\",\"publisher\":{\"@id\":\"https:\/\/coletteartsetmatieres.com\/#organization\"},\"potentialAction\":[{\"@type\":\"SearchAction\",\"target\":{\"@type\":\"EntryPoint\",\"urlTemplate\":\"https:\/\/coletteartsetmatieres.com\/?s={search_term_string}\"},\"query-input\":\"required name=search_term_string\"}],\"inLanguage\":\"fr-FR\"},{\"@type\":\"Organization\",\"@id\":\"https:\/\/coletteartsetmatieres.com\/#organization\",\"name\":\"Colette Arts et Mati\u00e8res.\",\"url\":\"https:\/\/coletteartsetmatieres.com\/\",\"sameAs\":[],\"logo\":{\"@type\":\"ImageObject\",\"inLanguage\":\"fr-FR\",\"@id\":\"https:\/\/coletteartsetmatieres.com\/#\/schema\/logo\/image\/\",\"url\":\"https:\/\/coletteartsetmatieres.com\/wp-content\/uploads\/2020\/03\/cropped-Coletteartsetmatieres_logotype-2.png\",\"contentUrl\":\"https:\/\/coletteartsetmatieres.com\/wp-content\/uploads\/2020\/03\/cropped-Coletteartsetmatieres_logotype-2.png\",\"width\":409,\"height\":250,\"caption\":\"    Colette Arts et Mati\u00e8res. \"},\"image\":{\"@id\":\"https:\/\/coletteartsetmatieres.com\/#\/schema\/logo\/image\/\"}}]}<\/script>\n<!-- \/ Yoast SEO plugin. -->","yoast_head_json":{"title":"Show Room, Sc\u00e9nographie - Colette Arts et Mati\u00e8res.","robots":{"index":"index","follow":"follow","max-snippet":"max-snippet:-1","max-image-preview":"max-image-preview:large","max-video-preview":"max-video-preview:-1"},"canonical":"https:\/\/coletteartsetmatieres.com\/index.php\/murmur-et-brindilles\/entreprises\/","og_locale":"fr_FR","og_type":"article","og_title":"Show Room, Sc\u00e9nographie - Colette Arts et Mati\u00e8res.","og_description":"Entreprise industrielle, commerciale ou de service, l&rsquo;Accueil reste un point d&rsquo;impact ind\u00e9niable et repr\u00e9sentatif des valeurs sociales, cultures et \u00e9co- responsable pour notre public et notre personnel. \u00ab\u00a0La Nature repr\u00e9sent\u00e9e \u00a0\u00bb reste l&rsquo;alternative la plus appropri\u00e9e et tr\u00e8s en vogue gr\u00e2ce aux nouvelles techniques de v\u00e9g\u00e9talisation associ\u00e9e \u00e0 l&rsquo;artistique. Un investissement qui demande si peu &hellip; Continuer la lecture de &laquo;&nbsp;Show Room, Sc\u00e9nographie&nbsp;&raquo;","og_url":"https:\/\/coletteartsetmatieres.com\/index.php\/murmur-et-brindilles\/entreprises\/","og_site_name":"Colette Arts et Mati\u00e8res.","article_modified_time":"2022-07-18T17:22:34+00:00","og_image":[{"url":"https:\/\/coletteartsetmatieres.com\/wp-content\/uploads\/2022\/07\/20220714_100233-1024x473.jpg"}],"twitter_card":"summary_large_image","twitter_misc":{"Dur\u00e9e de lecture estim\u00e9e":"1 minute"},"schema":{"@context":"https:\/\/schema.org","@graph":[{"@type":"WebPage","@id":"https:\/\/coletteartsetmatieres.com\/index.php\/murmur-et-brindilles\/entreprises\/","url":"https:\/\/coletteartsetmatieres.com\/index.php\/murmur-et-brindilles\/entreprises\/","name":"Show Room, Sc\u00e9nographie - Colette Arts et Mati\u00e8res.","isPartOf":{"@id":"https:\/\/coletteartsetmatieres.com\/#website"},"datePublished":"2022-05-28T12:30:01+00:00","dateModified":"2022-07-18T17:22:34+00:00","breadcrumb":{"@id":"https:\/\/coletteartsetmatieres.com\/index.php\/murmur-et-brindilles\/entreprises\/#breadcrumb"},"inLanguage":"fr-FR","potentialAction":[{"@type":"ReadAction","target":["https:\/\/coletteartsetmatieres.com\/index.php\/murmur-et-brindilles\/entreprises\/"]}]},{"@type":"BreadcrumbList","@id":"https:\/\/coletteartsetmatieres.com\/index.php\/murmur-et-brindilles\/entreprises\/#breadcrumb","itemListElement":[{"@type":"ListItem","position":1,"name":"Accueil","item":"https:\/\/coletteartsetmatieres.com\/"},{"@type":"ListItem","position":2,"name":"MurMur et Brindilles","item":"https:\/\/coletteartsetmatieres.com\/index.php\/murmur-et-brindilles\/"},{"@type":"ListItem","position":3,"name":"Show Room, Sc\u00e9nographie"}]},{"@type":"WebSite","@id":"https:\/\/coletteartsetmatieres.com\/#website","url":"https:\/\/coletteartsetmatieres.com\/","name":"Colette Arts et Mati\u00e8res.","description":"   L&#039;Art du V\u00e9g\u00e9tal et de la Fleur stables et durables","publisher":{"@id":"https:\/\/coletteartsetmatieres.com\/#organization"},"potentialAction":[{"@type":"SearchAction","target":{"@type":"EntryPoint","urlTemplate":"https:\/\/coletteartsetmatieres.com\/?s={search_term_string}"},"query-input":"required name=search_term_string"}],"inLanguage":"fr-FR"},{"@type":"Organization","@id":"https:\/\/coletteartsetmatieres.com\/#organization","name":"Colette Arts et Mati\u00e8res.","url":"https:\/\/coletteartsetmatieres.com\/","sameAs":[],"logo":{"@type":"ImageObject","inLanguage":"fr-FR","@id":"https:\/\/coletteartsetmatieres.com\/#\/schema\/logo\/image\/","url":"https:\/\/coletteartsetmatieres.com\/wp-content\/uploads\/2020\/03\/cropped-Coletteartsetmatieres_logotype-2.png","contentUrl":"https:\/\/coletteartsetmatieres.com\/wp-content\/uploads\/2020\/03\/cropped-Coletteartsetmatieres_logotype-2.png","width":409,"height":250,"caption":"    Colette Arts et Mati\u00e8res. "},"image":{"@id":"https:\/\/coletteartsetmatieres.com\/#\/schema\/logo\/image\/"}}]}},"_links":{"self":[{"href":"https:\/\/coletteartsetmatieres.com\/index.php\/wp-json\/wp\/v2\/pages\/1617"}],"collection":[{"href":"https:\/\/coletteartsetmatieres.com\/index.php\/wp-json\/wp\/v2\/pages"}],"about":[{"href":"https:\/\/coletteartsetmatieres.com\/index.php\/wp-json\/wp\/v2\/types\/page"}],"author":[{"embeddable":true,"href":"https:\/\/coletteartsetmatieres.com\/index.php\/wp-json\/wp\/v2\/users\/1"}],"replies":[{"embeddable":true,"href":"https:\/\/coletteartsetmatieres.com\/index.php\/wp-json\/wp\/v2\/comments?post=1617"}],"version-history":[{"count":6,"href":"https:\/\/coletteartsetmatieres.com\/index.php\/wp-json\/wp\/v2\/pages\/1617\/revisions"}],"predecessor-version":[{"id":1833,"href":"https:\/\/coletteartsetmatieres.com\/index.php\/wp-json\/wp\/v2\/pages\/1617\/revisions\/1833"}],"up":[{"embeddable":true,"href":"https:\/\/coletteartsetmatieres.com\/index.php\/wp-json\/wp\/v2\/pages\/1642"}],"wp:attachment":[{"href":"https:\/\/coletteartsetmatieres.com\/index.php\/wp-json\/wp\/v2\/media?parent=1617"}],"curies":[{"name":"wp","href":"https:\/\/api.w.org\/{rel}","templated":true}]}}