{"id":1630,"date":"2022-05-28T15:10:43","date_gmt":"2022-05-28T13:10:43","guid":{"rendered":"https:\/\/coletteartsetmatieres.com\/?page_id=1630"},"modified":"2022-07-18T19:31:38","modified_gmt":"2022-07-18T17:31:38","slug":"vitrine","status":"publish","type":"page","link":"https:\/\/coletteartsetmatieres.com\/index.php\/vitrine\/","title":{"rendered":"Vitrine"},"content":{"rendered":"\n<h2 class=\"has-medium-font-size wp-block-heading\">Pour un accueil et une Visibilit\u00e9 remarquable, adoptez une ambiance v\u00e9g\u00e9tale, harmonieuse et apaisante tout en mettant en valeur vos produits.  Diff\u00e9renciez-vous avec une sculpture originale adapt\u00e9e \u00e0 vos id\u00e9es. Vos id\u00e9es sont int\u00e9ressantes \u00e0 \u00e9tudier,  avec plaisir. N&rsquo;h\u00e9sitez pas \u00e0 demander conseil<\/h2>\n\n\n\n<figure class=\"wp-block-gallery has-nested-images columns-default is-cropped wp-block-gallery-1 is-layout-flex wp-block-gallery-is-layout-flex\">\n<figure class=\"wp-block-image size-large\"><img loading=\"lazy\" decoding=\"async\" width=\"2560\" height=\"1777\" data-id=\"1699\" src=\"https:\/\/coletteartsetmatieres.com\/wp-content\/uploads\/2022\/05\/20220207_193554-1-scaled.jpg\" alt=\"\" class=\"wp-image-1699\" srcset=\"https:\/\/coletteartsetmatieres.com\/wp-content\/uploads\/2022\/05\/20220207_193554-1-scaled.jpg 2560w, https:\/\/coletteartsetmatieres.com\/wp-content\/uploads\/2022\/05\/20220207_193554-1-300x208.jpg 300w, https:\/\/coletteartsetmatieres.com\/wp-content\/uploads\/2022\/05\/20220207_193554-1-1024x711.jpg 1024w, https:\/\/coletteartsetmatieres.com\/wp-content\/uploads\/2022\/05\/20220207_193554-1-768x533.jpg 768w, https:\/\/coletteartsetmatieres.com\/wp-content\/uploads\/2022\/05\/20220207_193554-1-500x347.jpg 500w, https:\/\/coletteartsetmatieres.com\/wp-content\/uploads\/2022\/05\/20220207_193554-1-800x555.jpg 800w, https:\/\/coletteartsetmatieres.com\/wp-content\/uploads\/2022\/05\/20220207_193554-1-1280x889.jpg 1280w, https:\/\/coletteartsetmatieres.com\/wp-content\/uploads\/2022\/05\/20220207_193554-1-1920x1333.jpg 1920w, https:\/\/coletteartsetmatieres.com\/wp-content\/uploads\/2022\/05\/20220207_193554-1-1536x1066.jpg 1536w, https:\/\/coletteartsetmatieres.com\/wp-content\/uploads\/2022\/05\/20220207_193554-1-2048x1422.jpg 2048w, https:\/\/coletteartsetmatieres.com\/wp-content\/uploads\/2022\/05\/20220207_193554-1-350x243.jpg 350w\" sizes=\"(max-width: 767px) 89vw, (max-width: 1000px) 54vw, (max-width: 1071px) 543px, 580px\" \/><figcaption>vitrine joaillerie<\/figcaption><\/figure>\n\n\n\n<figure class=\"wp-block-image size-large\"><img loading=\"lazy\" decoding=\"async\" width=\"1211\" height=\"2560\" data-id=\"1700\" src=\"https:\/\/coletteartsetmatieres.com\/wp-content\/uploads\/2022\/05\/vasque-noel-scaled.jpeg\" alt=\"\" class=\"wp-image-1700\" srcset=\"https:\/\/coletteartsetmatieres.com\/wp-content\/uploads\/2022\/05\/vasque-noel-scaled.jpeg 1211w, https:\/\/coletteartsetmatieres.com\/wp-content\/uploads\/2022\/05\/vasque-noel-142x300.jpeg 142w, https:\/\/coletteartsetmatieres.com\/wp-content\/uploads\/2022\/05\/vasque-noel-485x1024.jpeg 485w, https:\/\/coletteartsetmatieres.com\/wp-content\/uploads\/2022\/05\/vasque-noel-768x1623.jpeg 768w, https:\/\/coletteartsetmatieres.com\/wp-content\/uploads\/2022\/05\/vasque-noel-500x1057.jpeg 500w, https:\/\/coletteartsetmatieres.com\/wp-content\/uploads\/2022\/05\/vasque-noel-800x1691.jpeg 800w, https:\/\/coletteartsetmatieres.com\/wp-content\/uploads\/2022\/05\/vasque-noel-1280x2705.jpeg 1280w, https:\/\/coletteartsetmatieres.com\/wp-content\/uploads\/2022\/05\/vasque-noel-727x1536.jpeg 727w, https:\/\/coletteartsetmatieres.com\/wp-content\/uploads\/2022\/05\/vasque-noel-969x2048.jpeg 969w, https:\/\/coletteartsetmatieres.com\/wp-content\/uploads\/2022\/05\/vasque-noel-350x740.jpeg 350w\" sizes=\"(max-width: 767px) 89vw, (max-width: 1000px) 54vw, (max-width: 1071px) 543px, 580px\" \/><figcaption>salle d&rsquo;attente<\/figcaption><\/figure>\n\n\n\n<figure class=\"wp-block-image size-large\"><img loading=\"lazy\" decoding=\"async\" width=\"437\" height=\"1024\" data-id=\"1834\" src=\"https:\/\/coletteartsetmatieres.com\/wp-content\/uploads\/2022\/07\/20220617_123554-437x1024.jpg\" alt=\"peigne, coiffeur, deco salon de coiffure\" class=\"wp-image-1834\" srcset=\"https:\/\/coletteartsetmatieres.com\/wp-content\/uploads\/2022\/07\/20220617_123554-437x1024.jpg 437w, https:\/\/coletteartsetmatieres.com\/wp-content\/uploads\/2022\/07\/20220617_123554-128x300.jpg 128w, https:\/\/coletteartsetmatieres.com\/wp-content\/uploads\/2022\/07\/20220617_123554-768x1801.jpg 768w, https:\/\/coletteartsetmatieres.com\/wp-content\/uploads\/2022\/07\/20220617_123554-500x1172.jpg 500w, https:\/\/coletteartsetmatieres.com\/wp-content\/uploads\/2022\/07\/20220617_123554-800x1876.jpg 800w, https:\/\/coletteartsetmatieres.com\/wp-content\/uploads\/2022\/07\/20220617_123554-655x1536.jpg 655w, https:\/\/coletteartsetmatieres.com\/wp-content\/uploads\/2022\/07\/20220617_123554-873x2048.jpg 873w, https:\/\/coletteartsetmatieres.com\/wp-content\/uploads\/2022\/07\/20220617_123554-350x821.jpg 350w, https:\/\/coletteartsetmatieres.com\/wp-content\/uploads\/2022\/07\/20220617_123554.jpg 969w\" sizes=\"(max-width: 437px) 100vw, 437px\" \/><figcaption>vitrine salon de coiffure<\/figcaption><\/figure>\n<\/figure>\n","protected":false},"excerpt":{"rendered":"<p>Pour un accueil et une Visibilit\u00e9 remarquable, adoptez une ambiance v\u00e9g\u00e9tale, harmonieuse et apaisante tout en mettant en valeur vos produits. Diff\u00e9renciez-vous avec une sculpture originale adapt\u00e9e \u00e0 vos id\u00e9es. Vos id\u00e9es sont int\u00e9ressantes \u00e0 \u00e9tudier, avec plaisir. N&rsquo;h\u00e9sitez pas \u00e0 demander conseil<\/p>\n","protected":false},"author":1,"featured_media":0,"parent":0,"menu_order":0,"comment_status":"closed","ping_status":"closed","template":"","meta":{"footnotes":"","_vp_format_video_url":"","_vp_image_focal_point":[]},"yoast_head":"<!-- This site is optimized with the Yoast SEO plugin v19.8 - https:\/\/yoast.com\/wordpress\/plugins\/seo\/ -->\n<title>Vitrine - Colette Arts et Mati\u00e8res.<\/title>\n<meta name=\"robots\" content=\"index, follow, max-snippet:-1, max-image-preview:large, max-video-preview:-1\" \/>\n<link rel=\"canonical\" href=\"https:\/\/coletteartsetmatieres.com\/index.php\/vitrine\/\" \/>\n<meta property=\"og:locale\" content=\"fr_FR\" \/>\n<meta property=\"og:type\" content=\"article\" \/>\n<meta property=\"og:title\" content=\"Vitrine - Colette Arts et Mati\u00e8res.\" \/>\n<meta property=\"og:description\" content=\"Pour un accueil et une Visibilit\u00e9 remarquable, adoptez une ambiance v\u00e9g\u00e9tale, harmonieuse et apaisante tout en mettant en valeur vos produits. Diff\u00e9renciez-vous avec une sculpture originale adapt\u00e9e \u00e0 vos id\u00e9es. Vos id\u00e9es sont int\u00e9ressantes \u00e0 \u00e9tudier, avec plaisir. N&rsquo;h\u00e9sitez pas \u00e0 demander conseil\" \/>\n<meta property=\"og:url\" content=\"https:\/\/coletteartsetmatieres.com\/index.php\/vitrine\/\" \/>\n<meta property=\"og:site_name\" content=\"Colette Arts et Mati\u00e8res.\" \/>\n<meta property=\"article:modified_time\" content=\"2022-07-18T17:31:38+00:00\" \/>\n<meta property=\"og:image\" content=\"https:\/\/coletteartsetmatieres.com\/wp-content\/uploads\/2022\/05\/20220207_193554-1-scaled.jpg\" \/>\n<meta name=\"twitter:card\" content=\"summary_large_image\" \/>\n<script type=\"application\/ld+json\" class=\"yoast-schema-graph\">{\"@context\":\"https:\/\/schema.org\",\"@graph\":[{\"@type\":\"WebPage\",\"@id\":\"https:\/\/coletteartsetmatieres.com\/index.php\/vitrine\/\",\"url\":\"https:\/\/coletteartsetmatieres.com\/index.php\/vitrine\/\",\"name\":\"Vitrine - Colette Arts et Mati\u00e8res.\",\"isPartOf\":{\"@id\":\"https:\/\/coletteartsetmatieres.com\/#website\"},\"datePublished\":\"2022-05-28T13:10:43+00:00\",\"dateModified\":\"2022-07-18T17:31:38+00:00\",\"breadcrumb\":{\"@id\":\"https:\/\/coletteartsetmatieres.com\/index.php\/vitrine\/#breadcrumb\"},\"inLanguage\":\"fr-FR\",\"potentialAction\":[{\"@type\":\"ReadAction\",\"target\":[\"https:\/\/coletteartsetmatieres.com\/index.php\/vitrine\/\"]}]},{\"@type\":\"BreadcrumbList\",\"@id\":\"https:\/\/coletteartsetmatieres.com\/index.php\/vitrine\/#breadcrumb\",\"itemListElement\":[{\"@type\":\"ListItem\",\"position\":1,\"name\":\"Accueil\",\"item\":\"https:\/\/coletteartsetmatieres.com\/\"},{\"@type\":\"ListItem\",\"position\":2,\"name\":\"Vitrine\"}]},{\"@type\":\"WebSite\",\"@id\":\"https:\/\/coletteartsetmatieres.com\/#website\",\"url\":\"https:\/\/coletteartsetmatieres.com\/\",\"name\":\"Colette Arts et Mati\u00e8res.\",\"description\":\"   L&#039;Art du V\u00e9g\u00e9tal et de la Fleur stables et durables\",\"publisher\":{\"@id\":\"https:\/\/coletteartsetmatieres.com\/#organization\"},\"potentialAction\":[{\"@type\":\"SearchAction\",\"target\":{\"@type\":\"EntryPoint\",\"urlTemplate\":\"https:\/\/coletteartsetmatieres.com\/?s={search_term_string}\"},\"query-input\":\"required name=search_term_string\"}],\"inLanguage\":\"fr-FR\"},{\"@type\":\"Organization\",\"@id\":\"https:\/\/coletteartsetmatieres.com\/#organization\",\"name\":\"Colette Arts et Mati\u00e8res.\",\"url\":\"https:\/\/coletteartsetmatieres.com\/\",\"sameAs\":[],\"logo\":{\"@type\":\"ImageObject\",\"inLanguage\":\"fr-FR\",\"@id\":\"https:\/\/coletteartsetmatieres.com\/#\/schema\/logo\/image\/\",\"url\":\"https:\/\/coletteartsetmatieres.com\/wp-content\/uploads\/2020\/03\/cropped-Coletteartsetmatieres_logotype-2.png\",\"contentUrl\":\"https:\/\/coletteartsetmatieres.com\/wp-content\/uploads\/2020\/03\/cropped-Coletteartsetmatieres_logotype-2.png\",\"width\":409,\"height\":250,\"caption\":\"    Colette Arts et Mati\u00e8res. \"},\"image\":{\"@id\":\"https:\/\/coletteartsetmatieres.com\/#\/schema\/logo\/image\/\"}}]}<\/script>\n<!-- \/ Yoast SEO plugin. -->","yoast_head_json":{"title":"Vitrine - Colette Arts et Mati\u00e8res.","robots":{"index":"index","follow":"follow","max-snippet":"max-snippet:-1","max-image-preview":"max-image-preview:large","max-video-preview":"max-video-preview:-1"},"canonical":"https:\/\/coletteartsetmatieres.com\/index.php\/vitrine\/","og_locale":"fr_FR","og_type":"article","og_title":"Vitrine - Colette Arts et Mati\u00e8res.","og_description":"Pour un accueil et une Visibilit\u00e9 remarquable, adoptez une ambiance v\u00e9g\u00e9tale, harmonieuse et apaisante tout en mettant en valeur vos produits. Diff\u00e9renciez-vous avec une sculpture originale adapt\u00e9e \u00e0 vos id\u00e9es. Vos id\u00e9es sont int\u00e9ressantes \u00e0 \u00e9tudier, avec plaisir. N&rsquo;h\u00e9sitez pas \u00e0 demander conseil","og_url":"https:\/\/coletteartsetmatieres.com\/index.php\/vitrine\/","og_site_name":"Colette Arts et Mati\u00e8res.","article_modified_time":"2022-07-18T17:31:38+00:00","og_image":[{"url":"https:\/\/coletteartsetmatieres.com\/wp-content\/uploads\/2022\/05\/20220207_193554-1-scaled.jpg"}],"twitter_card":"summary_large_image","schema":{"@context":"https:\/\/schema.org","@graph":[{"@type":"WebPage","@id":"https:\/\/coletteartsetmatieres.com\/index.php\/vitrine\/","url":"https:\/\/coletteartsetmatieres.com\/index.php\/vitrine\/","name":"Vitrine - Colette Arts et Mati\u00e8res.","isPartOf":{"@id":"https:\/\/coletteartsetmatieres.com\/#website"},"datePublished":"2022-05-28T13:10:43+00:00","dateModified":"2022-07-18T17:31:38+00:00","breadcrumb":{"@id":"https:\/\/coletteartsetmatieres.com\/index.php\/vitrine\/#breadcrumb"},"inLanguage":"fr-FR","potentialAction":[{"@type":"ReadAction","target":["https:\/\/coletteartsetmatieres.com\/index.php\/vitrine\/"]}]},{"@type":"BreadcrumbList","@id":"https:\/\/coletteartsetmatieres.com\/index.php\/vitrine\/#breadcrumb","itemListElement":[{"@type":"ListItem","position":1,"name":"Accueil","item":"https:\/\/coletteartsetmatieres.com\/"},{"@type":"ListItem","position":2,"name":"Vitrine"}]},{"@type":"WebSite","@id":"https:\/\/coletteartsetmatieres.com\/#website","url":"https:\/\/coletteartsetmatieres.com\/","name":"Colette Arts et Mati\u00e8res.","description":"   L&#039;Art du V\u00e9g\u00e9tal et de la Fleur stables et durables","publisher":{"@id":"https:\/\/coletteartsetmatieres.com\/#organization"},"potentialAction":[{"@type":"SearchAction","target":{"@type":"EntryPoint","urlTemplate":"https:\/\/coletteartsetmatieres.com\/?s={search_term_string}"},"query-input":"required name=search_term_string"}],"inLanguage":"fr-FR"},{"@type":"Organization","@id":"https:\/\/coletteartsetmatieres.com\/#organization","name":"Colette Arts et Mati\u00e8res.","url":"https:\/\/coletteartsetmatieres.com\/","sameAs":[],"logo":{"@type":"ImageObject","inLanguage":"fr-FR","@id":"https:\/\/coletteartsetmatieres.com\/#\/schema\/logo\/image\/","url":"https:\/\/coletteartsetmatieres.com\/wp-content\/uploads\/2020\/03\/cropped-Coletteartsetmatieres_logotype-2.png","contentUrl":"https:\/\/coletteartsetmatieres.com\/wp-content\/uploads\/2020\/03\/cropped-Coletteartsetmatieres_logotype-2.png","width":409,"height":250,"caption":"    Colette Arts et Mati\u00e8res. "},"image":{"@id":"https:\/\/coletteartsetmatieres.com\/#\/schema\/logo\/image\/"}}]}},"_links":{"self":[{"href":"https:\/\/coletteartsetmatieres.com\/index.php\/wp-json\/wp\/v2\/pages\/1630"}],"collection":[{"href":"https:\/\/coletteartsetmatieres.com\/index.php\/wp-json\/wp\/v2\/pages"}],"about":[{"href":"https:\/\/coletteartsetmatieres.com\/index.php\/wp-json\/wp\/v2\/types\/page"}],"author":[{"embeddable":true,"href":"https:\/\/coletteartsetmatieres.com\/index.php\/wp-json\/wp\/v2\/users\/1"}],"replies":[{"embeddable":true,"href":"https:\/\/coletteartsetmatieres.com\/index.php\/wp-json\/wp\/v2\/comments?post=1630"}],"version-history":[{"count":3,"href":"https:\/\/coletteartsetmatieres.com\/index.php\/wp-json\/wp\/v2\/pages\/1630\/revisions"}],"predecessor-version":[{"id":1836,"href":"https:\/\/coletteartsetmatieres.com\/index.php\/wp-json\/wp\/v2\/pages\/1630\/revisions\/1836"}],"wp:attachment":[{"href":"https:\/\/coletteartsetmatieres.com\/index.php\/wp-json\/wp\/v2\/media?parent=1630"}],"curies":[{"name":"wp","href":"https:\/\/api.w.org\/{rel}","templated":true}]}}