{"id":1638,"date":"2022-05-28T15:12:02","date_gmt":"2022-05-28T13:12:02","guid":{"rendered":"https:\/\/coletteartsetmatieres.com\/?page_id=1638"},"modified":"2023-06-16T12:36:46","modified_gmt":"2023-06-16T10:36:46","slug":"support","status":"publish","type":"page","link":"https:\/\/coletteartsetmatieres.com\/index.php\/support\/","title":{"rendered":"Autres : Support &#038; Lampe"},"content":{"rendered":"\n<p class=\"has-medium-font-size\"><strong>Support de t\u00e9l\u00e9phone<\/strong><\/p>\n\n\n\n<p>Ne perdez plus de temps \u00e0 chercher votre t\u00e9l\u00e9phone ! Il sera toujours pr\u00eat sur son pi\u00e9destal d\u00e9di\u00e9.<\/p>\n\n\n\n<p>Ce support est particuli\u00e8rement pratique lors de vos visioconf\u00e9rences ou lorsque vous souhaitez utiliser le haut-parleur. Gr\u00e2ce \u00e0 sa conception munie d&rsquo;une anse, vous pourrez le d\u00e9placer facilement et le positionner o\u00f9 bon vous semble. <\/p>\n\n\n\n<p>Ne laissez plus votre t\u00e9l\u00e9phone tra\u00eener ! Optez pour ce support pratique et fonctionnel pour une meilleure utilisation au quotidien. En ayant votre t\u00e9l\u00e9phone toujours \u00e0 sa place sur ce support d\u00e9di\u00e9, vous gagnerez un temps pr\u00e9cieux.<\/p>\n\n\n\n<figure class=\"wp-block-gallery has-nested-images columns-default is-cropped wp-block-gallery-1 is-layout-flex wp-block-gallery-is-layout-flex\">\n<figure class=\"wp-block-image size-large\"><img loading=\"lazy\" decoding=\"async\" width=\"576\" height=\"1024\" data-id=\"552\" src=\"https:\/\/coletteartsetmatieres.com\/wp-content\/uploads\/2020\/11\/20200911_154352-1-576x1024.jpg\" alt=\"\" class=\"wp-image-552\" srcset=\"https:\/\/coletteartsetmatieres.com\/wp-content\/uploads\/2020\/11\/20200911_154352-1-576x1024.jpg 576w, https:\/\/coletteartsetmatieres.com\/wp-content\/uploads\/2020\/11\/20200911_154352-1-scaled-350x622.jpg 350w, https:\/\/coletteartsetmatieres.com\/wp-content\/uploads\/2020\/11\/20200911_154352-1-169x300.jpg 169w, https:\/\/coletteartsetmatieres.com\/wp-content\/uploads\/2020\/11\/20200911_154352-1-768x1365.jpg 768w, https:\/\/coletteartsetmatieres.com\/wp-content\/uploads\/2020\/11\/20200911_154352-1-500x889.jpg 500w, https:\/\/coletteartsetmatieres.com\/wp-content\/uploads\/2020\/11\/20200911_154352-1-800x1422.jpg 800w, https:\/\/coletteartsetmatieres.com\/wp-content\/uploads\/2020\/11\/20200911_154352-1-1280x2276.jpg 1280w, https:\/\/coletteartsetmatieres.com\/wp-content\/uploads\/2020\/11\/20200911_154352-1-1920x3413.jpg 1920w, https:\/\/coletteartsetmatieres.com\/wp-content\/uploads\/2020\/11\/20200911_154352-1-864x1536.jpg 864w, https:\/\/coletteartsetmatieres.com\/wp-content\/uploads\/2020\/11\/20200911_154352-1-1152x2048.jpg 1152w, https:\/\/coletteartsetmatieres.com\/wp-content\/uploads\/2020\/11\/20200911_154352-1-scaled.jpg 1440w\" sizes=\"(max-width: 576px) 100vw, 576px\" \/><\/figure>\n\n\n\n<figure class=\"wp-block-image size-large\"><img loading=\"lazy\" decoding=\"async\" width=\"1440\" height=\"2560\" data-id=\"557\" src=\"https:\/\/coletteartsetmatieres.com\/wp-content\/uploads\/2020\/11\/20201123_131913-scaled.jpg\" alt=\"\" class=\"wp-image-557\" srcset=\"https:\/\/coletteartsetmatieres.com\/wp-content\/uploads\/2020\/11\/20201123_131913-scaled.jpg 1440w, https:\/\/coletteartsetmatieres.com\/wp-content\/uploads\/2020\/11\/20201123_131913-scaled-350x622.jpg 350w, https:\/\/coletteartsetmatieres.com\/wp-content\/uploads\/2020\/11\/20201123_131913-169x300.jpg 169w, https:\/\/coletteartsetmatieres.com\/wp-content\/uploads\/2020\/11\/20201123_131913-576x1024.jpg 576w, https:\/\/coletteartsetmatieres.com\/wp-content\/uploads\/2020\/11\/20201123_131913-768x1365.jpg 768w, https:\/\/coletteartsetmatieres.com\/wp-content\/uploads\/2020\/11\/20201123_131913-500x889.jpg 500w, https:\/\/coletteartsetmatieres.com\/wp-content\/uploads\/2020\/11\/20201123_131913-800x1422.jpg 800w, https:\/\/coletteartsetmatieres.com\/wp-content\/uploads\/2020\/11\/20201123_131913-1280x2276.jpg 1280w, https:\/\/coletteartsetmatieres.com\/wp-content\/uploads\/2020\/11\/20201123_131913-1920x3413.jpg 1920w, https:\/\/coletteartsetmatieres.com\/wp-content\/uploads\/2020\/11\/20201123_131913-864x1536.jpg 864w, https:\/\/coletteartsetmatieres.com\/wp-content\/uploads\/2020\/11\/20201123_131913-1152x2048.jpg 1152w\" sizes=\"(max-width: 767px) 89vw, (max-width: 1000px) 54vw, (max-width: 1071px) 543px, 580px\" \/><\/figure>\n<\/figure>\n\n\n\n<p><\/p>\n\n\n\n<h1 class=\"has-medium-font-size wp-block-heading\"><strong>Lampe d&rsquo;ambiance<\/strong><\/h1>\n\n\n\n<p>Cette lampe d&rsquo;ambiance unique a \u00e9t\u00e9 sp\u00e9cialement con\u00e7ue selon les souhaits d&rsquo;une cliente, en utilisant du bois r\u00e9cup\u00e9r\u00e9 et travaill\u00e9 de mani\u00e8re artisanale. <\/p>\n\n\n\n<p>Le bois r\u00e9cup\u00e9r\u00e9 utilis\u00e9 dans sa fabrication ajoute une dimension \u00e9cologique et durable \u00e0 cette cr\u00e9ation.  Cela offre une seconde vie \u00e0 des mat\u00e9riaux pr\u00e9existants, \u00e9vitant ainsi le gaspillage et contribuant \u00e0 la pr\u00e9servation de l&rsquo;environnement.<\/p>\n\n\n\n<p>Gr\u00e2ce \u00e0 son design sur mesure, elle s&rsquo;int\u00e9grera parfaitement \u00e0 la d\u00e9coration existante et apportera une atmosph\u00e8re lumineuse et apaisante propice \u00e0 la d\u00e9tente et \u00e0 la relaxation.<\/p>\n\n\n\n<figure class=\"wp-block-gallery has-nested-images columns-default is-cropped wp-block-gallery-2 is-layout-flex wp-block-gallery-is-layout-flex\">\n<figure class=\"wp-block-image size-full\"><img loading=\"lazy\" decoding=\"async\" width=\"339\" height=\"735\" data-id=\"1705\" src=\"https:\/\/coletteartsetmatieres.com\/wp-content\/uploads\/2022\/05\/20211129_101718-removebg-preview.png\" alt=\"\" class=\"wp-image-1705\" srcset=\"https:\/\/coletteartsetmatieres.com\/wp-content\/uploads\/2022\/05\/20211129_101718-removebg-preview.png 339w, https:\/\/coletteartsetmatieres.com\/wp-content\/uploads\/2022\/05\/20211129_101718-removebg-preview-138x300.png 138w\" sizes=\"(max-width: 339px) 100vw, 339px\" \/><\/figure>\n<\/figure>\n\n\n\n<p><\/p>\n","protected":false},"excerpt":{"rendered":"<p>Support de t\u00e9l\u00e9phone Ne perdez plus de temps \u00e0 chercher votre t\u00e9l\u00e9phone ! Il sera toujours pr\u00eat sur son pi\u00e9destal d\u00e9di\u00e9. Ce support est particuli\u00e8rement pratique lors de vos visioconf\u00e9rences ou lorsque vous souhaitez utiliser le haut-parleur. Gr\u00e2ce \u00e0 sa conception munie d&rsquo;une anse, vous pourrez le d\u00e9placer facilement et le positionner o\u00f9 bon vous &hellip; <\/p>\n<p class=\"link-more\"><a href=\"https:\/\/coletteartsetmatieres.com\/index.php\/support\/\" class=\"more-link\">Continuer la lecture<span class=\"screen-reader-text\"> de &laquo;&nbsp;Autres : Support &#038; Lampe&nbsp;&raquo;<\/span><\/a><\/p>\n","protected":false},"author":1,"featured_media":0,"parent":0,"menu_order":0,"comment_status":"closed","ping_status":"closed","template":"","meta":{"footnotes":"","_vp_format_video_url":"","_vp_image_focal_point":[]},"yoast_head":"<!-- This site is optimized with the Yoast SEO plugin v19.8 - https:\/\/yoast.com\/wordpress\/plugins\/seo\/ -->\n<title>Autres : Support &amp; Lampe - Colette Arts et Mati\u00e8res.<\/title>\n<meta name=\"description\" content=\"Ne perdez plus de temps \u00e0 chercher votre t\u00e9l\u00e9phone ! Il sera toujours pr\u00eat sur son pi\u00e9destal d\u00e9di\u00e9. Ce support est particuli\u00e8rement...\" \/>\n<meta name=\"robots\" content=\"index, follow, max-snippet:-1, max-image-preview:large, max-video-preview:-1\" \/>\n<link rel=\"canonical\" href=\"https:\/\/coletteartsetmatieres.com\/index.php\/support\/\" \/>\n<meta property=\"og:locale\" content=\"fr_FR\" \/>\n<meta property=\"og:type\" content=\"article\" \/>\n<meta property=\"og:title\" content=\"Autres : Support &amp; Lampe - Colette Arts et Mati\u00e8res.\" \/>\n<meta property=\"og:description\" content=\"Ne perdez plus de temps \u00e0 chercher votre t\u00e9l\u00e9phone ! Il sera toujours pr\u00eat sur son pi\u00e9destal d\u00e9di\u00e9. Ce support est particuli\u00e8rement...\" \/>\n<meta property=\"og:url\" content=\"https:\/\/coletteartsetmatieres.com\/index.php\/support\/\" \/>\n<meta property=\"og:site_name\" content=\"Colette Arts et Mati\u00e8res.\" \/>\n<meta property=\"article:modified_time\" content=\"2023-06-16T10:36:46+00:00\" \/>\n<meta property=\"og:image\" content=\"https:\/\/coletteartsetmatieres.com\/wp-content\/uploads\/2020\/11\/20200911_154352-1-576x1024.jpg\" \/>\n<meta name=\"twitter:card\" content=\"summary_large_image\" \/>\n<meta name=\"twitter:label1\" content=\"Dur\u00e9e de lecture estim\u00e9e\" \/>\n\t<meta name=\"twitter:data1\" content=\"2 minutes\" \/>\n<script type=\"application\/ld+json\" class=\"yoast-schema-graph\">{\"@context\":\"https:\/\/schema.org\",\"@graph\":[{\"@type\":\"WebPage\",\"@id\":\"https:\/\/coletteartsetmatieres.com\/index.php\/support\/\",\"url\":\"https:\/\/coletteartsetmatieres.com\/index.php\/support\/\",\"name\":\"Autres : Support & Lampe - Colette Arts et Mati\u00e8res.\",\"isPartOf\":{\"@id\":\"https:\/\/coletteartsetmatieres.com\/#website\"},\"datePublished\":\"2022-05-28T13:12:02+00:00\",\"dateModified\":\"2023-06-16T10:36:46+00:00\",\"description\":\"Ne perdez plus de temps \u00e0 chercher votre t\u00e9l\u00e9phone ! Il sera toujours pr\u00eat sur son pi\u00e9destal d\u00e9di\u00e9. Ce support est particuli\u00e8rement...\",\"breadcrumb\":{\"@id\":\"https:\/\/coletteartsetmatieres.com\/index.php\/support\/#breadcrumb\"},\"inLanguage\":\"fr-FR\",\"potentialAction\":[{\"@type\":\"ReadAction\",\"target\":[\"https:\/\/coletteartsetmatieres.com\/index.php\/support\/\"]}]},{\"@type\":\"BreadcrumbList\",\"@id\":\"https:\/\/coletteartsetmatieres.com\/index.php\/support\/#breadcrumb\",\"itemListElement\":[{\"@type\":\"ListItem\",\"position\":1,\"name\":\"Accueil\",\"item\":\"https:\/\/coletteartsetmatieres.com\/\"},{\"@type\":\"ListItem\",\"position\":2,\"name\":\"Autres : Support &#038; Lampe\"}]},{\"@type\":\"WebSite\",\"@id\":\"https:\/\/coletteartsetmatieres.com\/#website\",\"url\":\"https:\/\/coletteartsetmatieres.com\/\",\"name\":\"Colette Arts et Mati\u00e8res.\",\"description\":\"   L&#039;Art du V\u00e9g\u00e9tal et de la Fleur stables et durables\",\"publisher\":{\"@id\":\"https:\/\/coletteartsetmatieres.com\/#organization\"},\"potentialAction\":[{\"@type\":\"SearchAction\",\"target\":{\"@type\":\"EntryPoint\",\"urlTemplate\":\"https:\/\/coletteartsetmatieres.com\/?s={search_term_string}\"},\"query-input\":\"required name=search_term_string\"}],\"inLanguage\":\"fr-FR\"},{\"@type\":\"Organization\",\"@id\":\"https:\/\/coletteartsetmatieres.com\/#organization\",\"name\":\"Colette Arts et Mati\u00e8res.\",\"url\":\"https:\/\/coletteartsetmatieres.com\/\",\"sameAs\":[],\"logo\":{\"@type\":\"ImageObject\",\"inLanguage\":\"fr-FR\",\"@id\":\"https:\/\/coletteartsetmatieres.com\/#\/schema\/logo\/image\/\",\"url\":\"https:\/\/coletteartsetmatieres.com\/wp-content\/uploads\/2020\/03\/cropped-Coletteartsetmatieres_logotype-2.png\",\"contentUrl\":\"https:\/\/coletteartsetmatieres.com\/wp-content\/uploads\/2020\/03\/cropped-Coletteartsetmatieres_logotype-2.png\",\"width\":409,\"height\":250,\"caption\":\"    Colette Arts et Mati\u00e8res. \"},\"image\":{\"@id\":\"https:\/\/coletteartsetmatieres.com\/#\/schema\/logo\/image\/\"}}]}<\/script>\n<!-- \/ Yoast SEO plugin. -->","yoast_head_json":{"title":"Autres : Support & Lampe - Colette Arts et Mati\u00e8res.","description":"Ne perdez plus de temps \u00e0 chercher votre t\u00e9l\u00e9phone ! Il sera toujours pr\u00eat sur son pi\u00e9destal d\u00e9di\u00e9. Ce support est particuli\u00e8rement...","robots":{"index":"index","follow":"follow","max-snippet":"max-snippet:-1","max-image-preview":"max-image-preview:large","max-video-preview":"max-video-preview:-1"},"canonical":"https:\/\/coletteartsetmatieres.com\/index.php\/support\/","og_locale":"fr_FR","og_type":"article","og_title":"Autres : Support & Lampe - Colette Arts et Mati\u00e8res.","og_description":"Ne perdez plus de temps \u00e0 chercher votre t\u00e9l\u00e9phone ! Il sera toujours pr\u00eat sur son pi\u00e9destal d\u00e9di\u00e9. Ce support est particuli\u00e8rement...","og_url":"https:\/\/coletteartsetmatieres.com\/index.php\/support\/","og_site_name":"Colette Arts et Mati\u00e8res.","article_modified_time":"2023-06-16T10:36:46+00:00","og_image":[{"url":"https:\/\/coletteartsetmatieres.com\/wp-content\/uploads\/2020\/11\/20200911_154352-1-576x1024.jpg"}],"twitter_card":"summary_large_image","twitter_misc":{"Dur\u00e9e de lecture estim\u00e9e":"2 minutes"},"schema":{"@context":"https:\/\/schema.org","@graph":[{"@type":"WebPage","@id":"https:\/\/coletteartsetmatieres.com\/index.php\/support\/","url":"https:\/\/coletteartsetmatieres.com\/index.php\/support\/","name":"Autres : Support & Lampe - Colette Arts et Mati\u00e8res.","isPartOf":{"@id":"https:\/\/coletteartsetmatieres.com\/#website"},"datePublished":"2022-05-28T13:12:02+00:00","dateModified":"2023-06-16T10:36:46+00:00","description":"Ne perdez plus de temps \u00e0 chercher votre t\u00e9l\u00e9phone ! Il sera toujours pr\u00eat sur son pi\u00e9destal d\u00e9di\u00e9. Ce support est particuli\u00e8rement...","breadcrumb":{"@id":"https:\/\/coletteartsetmatieres.com\/index.php\/support\/#breadcrumb"},"inLanguage":"fr-FR","potentialAction":[{"@type":"ReadAction","target":["https:\/\/coletteartsetmatieres.com\/index.php\/support\/"]}]},{"@type":"BreadcrumbList","@id":"https:\/\/coletteartsetmatieres.com\/index.php\/support\/#breadcrumb","itemListElement":[{"@type":"ListItem","position":1,"name":"Accueil","item":"https:\/\/coletteartsetmatieres.com\/"},{"@type":"ListItem","position":2,"name":"Autres : Support &#038; Lampe"}]},{"@type":"WebSite","@id":"https:\/\/coletteartsetmatieres.com\/#website","url":"https:\/\/coletteartsetmatieres.com\/","name":"Colette Arts et Mati\u00e8res.","description":"   L&#039;Art du V\u00e9g\u00e9tal et de la Fleur stables et durables","publisher":{"@id":"https:\/\/coletteartsetmatieres.com\/#organization"},"potentialAction":[{"@type":"SearchAction","target":{"@type":"EntryPoint","urlTemplate":"https:\/\/coletteartsetmatieres.com\/?s={search_term_string}"},"query-input":"required name=search_term_string"}],"inLanguage":"fr-FR"},{"@type":"Organization","@id":"https:\/\/coletteartsetmatieres.com\/#organization","name":"Colette Arts et Mati\u00e8res.","url":"https:\/\/coletteartsetmatieres.com\/","sameAs":[],"logo":{"@type":"ImageObject","inLanguage":"fr-FR","@id":"https:\/\/coletteartsetmatieres.com\/#\/schema\/logo\/image\/","url":"https:\/\/coletteartsetmatieres.com\/wp-content\/uploads\/2020\/03\/cropped-Coletteartsetmatieres_logotype-2.png","contentUrl":"https:\/\/coletteartsetmatieres.com\/wp-content\/uploads\/2020\/03\/cropped-Coletteartsetmatieres_logotype-2.png","width":409,"height":250,"caption":"    Colette Arts et Mati\u00e8res. "},"image":{"@id":"https:\/\/coletteartsetmatieres.com\/#\/schema\/logo\/image\/"}}]}},"_links":{"self":[{"href":"https:\/\/coletteartsetmatieres.com\/index.php\/wp-json\/wp\/v2\/pages\/1638"}],"collection":[{"href":"https:\/\/coletteartsetmatieres.com\/index.php\/wp-json\/wp\/v2\/pages"}],"about":[{"href":"https:\/\/coletteartsetmatieres.com\/index.php\/wp-json\/wp\/v2\/types\/page"}],"author":[{"embeddable":true,"href":"https:\/\/coletteartsetmatieres.com\/index.php\/wp-json\/wp\/v2\/users\/1"}],"replies":[{"embeddable":true,"href":"https:\/\/coletteartsetmatieres.com\/index.php\/wp-json\/wp\/v2\/comments?post=1638"}],"version-history":[{"count":5,"href":"https:\/\/coletteartsetmatieres.com\/index.php\/wp-json\/wp\/v2\/pages\/1638\/revisions"}],"predecessor-version":[{"id":1963,"href":"https:\/\/coletteartsetmatieres.com\/index.php\/wp-json\/wp\/v2\/pages\/1638\/revisions\/1963"}],"wp:attachment":[{"href":"https:\/\/coletteartsetmatieres.com\/index.php\/wp-json\/wp\/v2\/media?parent=1638"}],"curies":[{"name":"wp","href":"https:\/\/api.w.org\/{rel}","templated":true}]}}