{"id":1642,"date":"2022-05-28T15:12:49","date_gmt":"2022-05-28T13:12:49","guid":{"rendered":"https:\/\/coletteartsetmatieres.com\/?page_id=1642"},"modified":"2022-06-04T12:09:35","modified_gmt":"2022-06-04T10:09:35","slug":"murmur-et-brindilles","status":"publish","type":"page","link":"https:\/\/coletteartsetmatieres.com\/index.php\/murmur-et-brindilles\/","title":{"rendered":"MurMur et Brindilles"},"content":{"rendered":"\n<h2 class=\"has-medium-font-size wp-block-heading\">Cette page est d\u00e9di\u00e9e au Grand Accueil. <\/h2>\n\n\n\n<h2 class=\"has-medium-font-size wp-block-heading\">Particuliers, professionnels, entreprises, boutiques et tout centre d&rsquo;accueil; voici quelques r\u00e9alisations aux techniques vari\u00e9es qui me permettent de r\u00e9aliser votre accueil. Vivant, Artistique, Naturel partagez  une ambiance personnalis\u00e9e en toute  convivialit\u00e9.<\/h2>\n\n\n\n<div class=\"wp-block-columns is-layout-flex wp-container-core-columns-layout-1 wp-block-columns-is-layout-flex\">\n<div class=\"wp-block-column is-layout-flow wp-block-column-is-layout-flow\">\n<h2 class=\"has-medium-font-size wp-block-heading\"><strong>Mur V\u00e9g\u00e9tal <\/strong><\/h2>\n\n\n\n<h2 class=\"has-text-align-left has-medium-font-size wp-block-heading\">Pour votre entr\u00e9e, votre salon ou dans votre entreprise, le mur v\u00e9g\u00e9tal s&rsquo;installe pour plusieurs ann\u00e9es et vous comble de Nature et de  bienveillance. Artistique, vous ajoutez une note culturelle \u00e0 votre environnement. Sans aucun entretien, un d\u00e9poussi\u00e9rage annuel suffit  \u00e0 l&rsquo;aide d&rsquo;un l\u00e9ger souffle au s\u00e8che-cheveu. Entretien annuel possible par mes soins<\/h2>\n<\/div>\n\n\n\n<div class=\"wp-block-column is-layout-flow wp-block-column-is-layout-flow\">\n<figure class=\"wp-block-image size-full is-resized is-style-default\"><img loading=\"lazy\" decoding=\"async\" src=\"https:\/\/coletteartsetmatieres.com\/wp-content\/uploads\/2022\/05\/5780094embeddedImage-e1653747058641.jpg\" alt=\"\" class=\"wp-image-1668\" width=\"337\" height=\"306\" srcset=\"https:\/\/coletteartsetmatieres.com\/wp-content\/uploads\/2022\/05\/5780094embeddedImage-e1653747058641.jpg 627w, https:\/\/coletteartsetmatieres.com\/wp-content\/uploads\/2022\/05\/5780094embeddedImage-e1653747058641-300x273.jpg 300w, https:\/\/coletteartsetmatieres.com\/wp-content\/uploads\/2022\/05\/5780094embeddedImage-e1653747058641-500x455.jpg 500w, https:\/\/coletteartsetmatieres.com\/wp-content\/uploads\/2022\/05\/5780094embeddedImage-e1653747058641-350x318.jpg 350w\" sizes=\"(max-width: 337px) 100vw, 337px\" \/><\/figure>\n<\/div>\n<\/div>\n\n\n\n<div class=\"wp-block-buttons is-content-justification-center is-layout-flex wp-container-core-buttons-layout-1 wp-block-buttons-is-layout-flex\">\n<div class=\"wp-block-button\"><a class=\"wp-block-button__link\" href=\"https:\/\/coletteartsetmatieres.com\/index.php\/mur-vegetal\/\">Cliquez ici pour d\u00e9couvrir l&rsquo;onglet Mur V\u00e9g\u00e9tal<\/a><\/div>\n<\/div>\n\n\n\n<p><\/p>\n\n\n\n<p><\/p>\n\n\n\n<div class=\"wp-block-columns is-layout-flex wp-container-core-columns-layout-2 wp-block-columns-is-layout-flex\">\n<div class=\"wp-block-column is-layout-flow wp-block-column-is-layout-flow\">\n<figure class=\"wp-block-image size-large\"><img loading=\"lazy\" decoding=\"async\" width=\"1024\" height=\"1002\" src=\"https:\/\/coletteartsetmatieres.com\/wp-content\/uploads\/2022\/05\/scene-lestra202107-10-scaled-e1653747387827-1024x1002.jpg\" alt=\"\" class=\"wp-image-1676\" srcset=\"https:\/\/coletteartsetmatieres.com\/wp-content\/uploads\/2022\/05\/scene-lestra202107-10-scaled-e1653747387827-1024x1002.jpg 1024w, https:\/\/coletteartsetmatieres.com\/wp-content\/uploads\/2022\/05\/scene-lestra202107-10-scaled-e1653747387827-300x293.jpg 300w, https:\/\/coletteartsetmatieres.com\/wp-content\/uploads\/2022\/05\/scene-lestra202107-10-scaled-e1653747387827-768x751.jpg 768w, https:\/\/coletteartsetmatieres.com\/wp-content\/uploads\/2022\/05\/scene-lestra202107-10-scaled-e1653747387827-500x489.jpg 500w, https:\/\/coletteartsetmatieres.com\/wp-content\/uploads\/2022\/05\/scene-lestra202107-10-scaled-e1653747387827-800x783.jpg 800w, https:\/\/coletteartsetmatieres.com\/wp-content\/uploads\/2022\/05\/scene-lestra202107-10-scaled-e1653747387827-350x342.jpg 350w, https:\/\/coletteartsetmatieres.com\/wp-content\/uploads\/2022\/05\/scene-lestra202107-10-scaled-e1653747387827.jpg 1145w\" sizes=\"(max-width: 767px) 89vw, (max-width: 1000px) 54vw, (max-width: 1071px) 543px, 580px\" \/><\/figure>\n<\/div>\n\n\n\n<div class=\"wp-block-column is-layout-flow wp-block-column-is-layout-flow\">\n<h2 class=\"has-medium-font-size wp-block-heading\"><strong>Sc\u00e9nographie <\/strong><\/h2>\n\n\n\n<h2 class=\"has-medium-font-size wp-block-heading\">Des mise en sc\u00e8ne pour vos show-room, halle d&rsquo;accueil, et r\u00e9ception. A la vente ou en location, vous vous d\u00e9marquerez de vos concurrents avec une ambiance originale. Possibilit\u00e9 de composer avec du v\u00e9g\u00e9tal artificiel et tout autre mati\u00e8re adapt\u00e9e.<\/h2>\n<\/div>\n<\/div>\n\n\n\n<div class=\"wp-block-buttons is-layout-flex wp-block-buttons-is-layout-flex\">\n<div class=\"wp-block-button aligncenter\"><a class=\"wp-block-button__link\" href=\"https:\/\/coletteartsetmatieres.com\/index.php\/entreprises\/\">Cliquez ici pour d\u00e9couvrir l&rsquo;onglet Sc\u00e9nographie <\/a><\/div>\n<\/div>\n\n\n\n<p><\/p>\n\n\n\n<p><\/p>\n\n\n\n<div class=\"wp-block-columns is-layout-flex wp-container-core-columns-layout-3 wp-block-columns-is-layout-flex\">\n<div class=\"wp-block-column is-layout-flow wp-block-column-is-layout-flow\">\n<h2 class=\"has-medium-font-size wp-block-heading\"><strong>Vitrine<\/strong><\/h2>\n\n\n\n<h2 class=\"has-medium-font-size wp-block-heading\">Attirez les regards pour augmenter votre visibilit\u00e9 avec des d\u00e9cors de vitrine originaux. Naturel ou sophistiqu\u00e9, tout est possible selon votre th\u00e8me.<\/h2>\n\n\n\n<p><\/p>\n<\/div>\n\n\n\n<div class=\"wp-block-column is-layout-flow wp-block-column-is-layout-flow\">\n<figure class=\"wp-block-image size-large\"><img loading=\"lazy\" decoding=\"async\" width=\"1024\" height=\"883\" src=\"https:\/\/coletteartsetmatieres.com\/wp-content\/uploads\/2022\/05\/20220207_193457-2-e1653747626781-1024x883.jpg\" alt=\"\" class=\"wp-image-1677\" srcset=\"https:\/\/coletteartsetmatieres.com\/wp-content\/uploads\/2022\/05\/20220207_193457-2-e1653747626781-1024x883.jpg 1024w, https:\/\/coletteartsetmatieres.com\/wp-content\/uploads\/2022\/05\/20220207_193457-2-e1653747626781-300x259.jpg 300w, https:\/\/coletteartsetmatieres.com\/wp-content\/uploads\/2022\/05\/20220207_193457-2-e1653747626781-768x662.jpg 768w, https:\/\/coletteartsetmatieres.com\/wp-content\/uploads\/2022\/05\/20220207_193457-2-e1653747626781-500x431.jpg 500w, https:\/\/coletteartsetmatieres.com\/wp-content\/uploads\/2022\/05\/20220207_193457-2-e1653747626781-800x690.jpg 800w, https:\/\/coletteartsetmatieres.com\/wp-content\/uploads\/2022\/05\/20220207_193457-2-e1653747626781-1280x1104.jpg 1280w, https:\/\/coletteartsetmatieres.com\/wp-content\/uploads\/2022\/05\/20220207_193457-2-e1653747626781-350x302.jpg 350w, https:\/\/coletteartsetmatieres.com\/wp-content\/uploads\/2022\/05\/20220207_193457-2-e1653747626781.jpg 1371w\" sizes=\"(max-width: 767px) 89vw, (max-width: 1000px) 54vw, (max-width: 1071px) 543px, 580px\" \/><\/figure>\n<\/div>\n<\/div>\n\n\n\n<div class=\"wp-block-buttons is-content-justification-center is-layout-flex wp-container-core-buttons-layout-3 wp-block-buttons-is-layout-flex\">\n<div class=\"wp-block-button\"><a class=\"wp-block-button__link\">Cliquez ici pour d\u00e9couvrir l&rsquo;onglet Vitrine <\/a><\/div>\n<\/div>\n\n\n\n<p><\/p>\n\n\n\n<p><strong>Photos \/ vid\u00e9os<\/strong>\u00a0: Toutes nos images sont sans retouches. Il est toutefois difficile de restituer les v\u00e9ritables couleurs d&rsquo;un produit. Le rendu des couleurs peut \u00e9galement varier d&rsquo;un \u00e9cran \u00e0 l&rsquo;autre.<\/p>\n\n\n\n<div class=\"wp-block-image\"><figure class=\"aligncenter size-full is-resized\"><img loading=\"lazy\" decoding=\"async\" src=\"https:\/\/coletteartsetmatieres.com\/wp-content\/uploads\/2022\/05\/image.png\" alt=\"\" class=\"wp-image-1328\" width=\"481\" height=\"132\" srcset=\"https:\/\/coletteartsetmatieres.com\/wp-content\/uploads\/2022\/05\/image.png 873w, https:\/\/coletteartsetmatieres.com\/wp-content\/uploads\/2022\/05\/image-300x83.png 300w, https:\/\/coletteartsetmatieres.com\/wp-content\/uploads\/2022\/05\/image-768x213.png 768w, https:\/\/coletteartsetmatieres.com\/wp-content\/uploads\/2022\/05\/image-800x222.png 800w, https:\/\/coletteartsetmatieres.com\/wp-content\/uploads\/2022\/05\/image-350x97.png 350w\" sizes=\"(max-width: 481px) 100vw, 481px\" \/><\/figure><\/div>\n\n\n\n<p><\/p>\n","protected":false},"excerpt":{"rendered":"<p>Cette page est d\u00e9di\u00e9e au Grand Accueil. Particuliers, professionnels, entreprises, boutiques et tout centre d&rsquo;accueil; voici quelques r\u00e9alisations aux techniques vari\u00e9es qui me permettent de r\u00e9aliser votre accueil. Vivant, Artistique, Naturel partagez une ambiance personnalis\u00e9e en toute convivialit\u00e9. Mur V\u00e9g\u00e9tal Pour votre entr\u00e9e, votre salon ou dans votre entreprise, le mur v\u00e9g\u00e9tal s&rsquo;installe pour plusieurs &hellip; <\/p>\n<p class=\"link-more\"><a href=\"https:\/\/coletteartsetmatieres.com\/index.php\/murmur-et-brindilles\/\" class=\"more-link\">Continuer la lecture<span class=\"screen-reader-text\"> de &laquo;&nbsp;MurMur et Brindilles&nbsp;&raquo;<\/span><\/a><\/p>\n","protected":false},"author":1,"featured_media":0,"parent":0,"menu_order":0,"comment_status":"closed","ping_status":"closed","template":"","meta":{"footnotes":"","_vp_format_video_url":"","_vp_image_focal_point":[]},"yoast_head":"<!-- This site is optimized with the Yoast SEO plugin v19.8 - https:\/\/yoast.com\/wordpress\/plugins\/seo\/ -->\n<title>MurMur et Brindilles - Colette Arts et Mati\u00e8res.<\/title>\n<meta name=\"robots\" content=\"index, follow, max-snippet:-1, max-image-preview:large, max-video-preview:-1\" \/>\n<link rel=\"canonical\" href=\"https:\/\/coletteartsetmatieres.com\/index.php\/murmur-et-brindilles\/\" \/>\n<meta property=\"og:locale\" content=\"fr_FR\" \/>\n<meta property=\"og:type\" content=\"article\" \/>\n<meta property=\"og:title\" content=\"MurMur et Brindilles - Colette Arts et Mati\u00e8res.\" \/>\n<meta property=\"og:description\" content=\"Cette page est d\u00e9di\u00e9e au Grand Accueil. Particuliers, professionnels, entreprises, boutiques et tout centre d&rsquo;accueil; voici quelques r\u00e9alisations aux techniques vari\u00e9es qui me permettent de r\u00e9aliser votre accueil. Vivant, Artistique, Naturel partagez une ambiance personnalis\u00e9e en toute convivialit\u00e9. Mur V\u00e9g\u00e9tal Pour votre entr\u00e9e, votre salon ou dans votre entreprise, le mur v\u00e9g\u00e9tal s&rsquo;installe pour plusieurs &hellip; Continuer la lecture de &laquo;&nbsp;MurMur et Brindilles&nbsp;&raquo;\" \/>\n<meta property=\"og:url\" content=\"https:\/\/coletteartsetmatieres.com\/index.php\/murmur-et-brindilles\/\" \/>\n<meta property=\"og:site_name\" content=\"Colette Arts et Mati\u00e8res.\" \/>\n<meta property=\"article:modified_time\" content=\"2022-06-04T10:09:35+00:00\" \/>\n<meta property=\"og:image\" content=\"https:\/\/coletteartsetmatieres.com\/wp-content\/uploads\/2022\/05\/5780094embeddedImage-e1653747058641.jpg\" \/>\n<meta name=\"twitter:card\" content=\"summary_large_image\" \/>\n<meta name=\"twitter:label1\" content=\"Dur\u00e9e de lecture estim\u00e9e\" \/>\n\t<meta name=\"twitter:data1\" content=\"1 minute\" \/>\n<script type=\"application\/ld+json\" class=\"yoast-schema-graph\">{\"@context\":\"https:\/\/schema.org\",\"@graph\":[{\"@type\":\"WebPage\",\"@id\":\"https:\/\/coletteartsetmatieres.com\/index.php\/murmur-et-brindilles\/\",\"url\":\"https:\/\/coletteartsetmatieres.com\/index.php\/murmur-et-brindilles\/\",\"name\":\"MurMur et Brindilles - Colette Arts et Mati\u00e8res.\",\"isPartOf\":{\"@id\":\"https:\/\/coletteartsetmatieres.com\/#website\"},\"datePublished\":\"2022-05-28T13:12:49+00:00\",\"dateModified\":\"2022-06-04T10:09:35+00:00\",\"breadcrumb\":{\"@id\":\"https:\/\/coletteartsetmatieres.com\/index.php\/murmur-et-brindilles\/#breadcrumb\"},\"inLanguage\":\"fr-FR\",\"potentialAction\":[{\"@type\":\"ReadAction\",\"target\":[\"https:\/\/coletteartsetmatieres.com\/index.php\/murmur-et-brindilles\/\"]}]},{\"@type\":\"BreadcrumbList\",\"@id\":\"https:\/\/coletteartsetmatieres.com\/index.php\/murmur-et-brindilles\/#breadcrumb\",\"itemListElement\":[{\"@type\":\"ListItem\",\"position\":1,\"name\":\"Accueil\",\"item\":\"https:\/\/coletteartsetmatieres.com\/\"},{\"@type\":\"ListItem\",\"position\":2,\"name\":\"MurMur et Brindilles\"}]},{\"@type\":\"WebSite\",\"@id\":\"https:\/\/coletteartsetmatieres.com\/#website\",\"url\":\"https:\/\/coletteartsetmatieres.com\/\",\"name\":\"Colette Arts et Mati\u00e8res.\",\"description\":\"   L&#039;Art du V\u00e9g\u00e9tal et de la Fleur stables et durables\",\"publisher\":{\"@id\":\"https:\/\/coletteartsetmatieres.com\/#organization\"},\"potentialAction\":[{\"@type\":\"SearchAction\",\"target\":{\"@type\":\"EntryPoint\",\"urlTemplate\":\"https:\/\/coletteartsetmatieres.com\/?s={search_term_string}\"},\"query-input\":\"required name=search_term_string\"}],\"inLanguage\":\"fr-FR\"},{\"@type\":\"Organization\",\"@id\":\"https:\/\/coletteartsetmatieres.com\/#organization\",\"name\":\"Colette Arts et Mati\u00e8res.\",\"url\":\"https:\/\/coletteartsetmatieres.com\/\",\"sameAs\":[],\"logo\":{\"@type\":\"ImageObject\",\"inLanguage\":\"fr-FR\",\"@id\":\"https:\/\/coletteartsetmatieres.com\/#\/schema\/logo\/image\/\",\"url\":\"https:\/\/coletteartsetmatieres.com\/wp-content\/uploads\/2020\/03\/cropped-Coletteartsetmatieres_logotype-2.png\",\"contentUrl\":\"https:\/\/coletteartsetmatieres.com\/wp-content\/uploads\/2020\/03\/cropped-Coletteartsetmatieres_logotype-2.png\",\"width\":409,\"height\":250,\"caption\":\"    Colette Arts et Mati\u00e8res. \"},\"image\":{\"@id\":\"https:\/\/coletteartsetmatieres.com\/#\/schema\/logo\/image\/\"}}]}<\/script>\n<!-- \/ Yoast SEO plugin. -->","yoast_head_json":{"title":"MurMur et Brindilles - Colette Arts et Mati\u00e8res.","robots":{"index":"index","follow":"follow","max-snippet":"max-snippet:-1","max-image-preview":"max-image-preview:large","max-video-preview":"max-video-preview:-1"},"canonical":"https:\/\/coletteartsetmatieres.com\/index.php\/murmur-et-brindilles\/","og_locale":"fr_FR","og_type":"article","og_title":"MurMur et Brindilles - Colette Arts et Mati\u00e8res.","og_description":"Cette page est d\u00e9di\u00e9e au Grand Accueil. Particuliers, professionnels, entreprises, boutiques et tout centre d&rsquo;accueil; voici quelques r\u00e9alisations aux techniques vari\u00e9es qui me permettent de r\u00e9aliser votre accueil. Vivant, Artistique, Naturel partagez une ambiance personnalis\u00e9e en toute convivialit\u00e9. Mur V\u00e9g\u00e9tal Pour votre entr\u00e9e, votre salon ou dans votre entreprise, le mur v\u00e9g\u00e9tal s&rsquo;installe pour plusieurs &hellip; Continuer la lecture de &laquo;&nbsp;MurMur et Brindilles&nbsp;&raquo;","og_url":"https:\/\/coletteartsetmatieres.com\/index.php\/murmur-et-brindilles\/","og_site_name":"Colette Arts et Mati\u00e8res.","article_modified_time":"2022-06-04T10:09:35+00:00","og_image":[{"url":"https:\/\/coletteartsetmatieres.com\/wp-content\/uploads\/2022\/05\/5780094embeddedImage-e1653747058641.jpg"}],"twitter_card":"summary_large_image","twitter_misc":{"Dur\u00e9e de lecture estim\u00e9e":"1 minute"},"schema":{"@context":"https:\/\/schema.org","@graph":[{"@type":"WebPage","@id":"https:\/\/coletteartsetmatieres.com\/index.php\/murmur-et-brindilles\/","url":"https:\/\/coletteartsetmatieres.com\/index.php\/murmur-et-brindilles\/","name":"MurMur et Brindilles - Colette Arts et Mati\u00e8res.","isPartOf":{"@id":"https:\/\/coletteartsetmatieres.com\/#website"},"datePublished":"2022-05-28T13:12:49+00:00","dateModified":"2022-06-04T10:09:35+00:00","breadcrumb":{"@id":"https:\/\/coletteartsetmatieres.com\/index.php\/murmur-et-brindilles\/#breadcrumb"},"inLanguage":"fr-FR","potentialAction":[{"@type":"ReadAction","target":["https:\/\/coletteartsetmatieres.com\/index.php\/murmur-et-brindilles\/"]}]},{"@type":"BreadcrumbList","@id":"https:\/\/coletteartsetmatieres.com\/index.php\/murmur-et-brindilles\/#breadcrumb","itemListElement":[{"@type":"ListItem","position":1,"name":"Accueil","item":"https:\/\/coletteartsetmatieres.com\/"},{"@type":"ListItem","position":2,"name":"MurMur et Brindilles"}]},{"@type":"WebSite","@id":"https:\/\/coletteartsetmatieres.com\/#website","url":"https:\/\/coletteartsetmatieres.com\/","name":"Colette Arts et Mati\u00e8res.","description":"   L&#039;Art du V\u00e9g\u00e9tal et de la Fleur stables et durables","publisher":{"@id":"https:\/\/coletteartsetmatieres.com\/#organization"},"potentialAction":[{"@type":"SearchAction","target":{"@type":"EntryPoint","urlTemplate":"https:\/\/coletteartsetmatieres.com\/?s={search_term_string}"},"query-input":"required name=search_term_string"}],"inLanguage":"fr-FR"},{"@type":"Organization","@id":"https:\/\/coletteartsetmatieres.com\/#organization","name":"Colette Arts et Mati\u00e8res.","url":"https:\/\/coletteartsetmatieres.com\/","sameAs":[],"logo":{"@type":"ImageObject","inLanguage":"fr-FR","@id":"https:\/\/coletteartsetmatieres.com\/#\/schema\/logo\/image\/","url":"https:\/\/coletteartsetmatieres.com\/wp-content\/uploads\/2020\/03\/cropped-Coletteartsetmatieres_logotype-2.png","contentUrl":"https:\/\/coletteartsetmatieres.com\/wp-content\/uploads\/2020\/03\/cropped-Coletteartsetmatieres_logotype-2.png","width":409,"height":250,"caption":"    Colette Arts et Mati\u00e8res. "},"image":{"@id":"https:\/\/coletteartsetmatieres.com\/#\/schema\/logo\/image\/"}}]}},"_links":{"self":[{"href":"https:\/\/coletteartsetmatieres.com\/index.php\/wp-json\/wp\/v2\/pages\/1642"}],"collection":[{"href":"https:\/\/coletteartsetmatieres.com\/index.php\/wp-json\/wp\/v2\/pages"}],"about":[{"href":"https:\/\/coletteartsetmatieres.com\/index.php\/wp-json\/wp\/v2\/types\/page"}],"author":[{"embeddable":true,"href":"https:\/\/coletteartsetmatieres.com\/index.php\/wp-json\/wp\/v2\/users\/1"}],"replies":[{"embeddable":true,"href":"https:\/\/coletteartsetmatieres.com\/index.php\/wp-json\/wp\/v2\/comments?post=1642"}],"version-history":[{"count":9,"href":"https:\/\/coletteartsetmatieres.com\/index.php\/wp-json\/wp\/v2\/pages\/1642\/revisions"}],"predecessor-version":[{"id":1757,"href":"https:\/\/coletteartsetmatieres.com\/index.php\/wp-json\/wp\/v2\/pages\/1642\/revisions\/1757"}],"wp:attachment":[{"href":"https:\/\/coletteartsetmatieres.com\/index.php\/wp-json\/wp\/v2\/media?parent=1642"}],"curies":[{"name":"wp","href":"https:\/\/api.w.org\/{rel}","templated":true}]}}