{"id":1646,"date":"2022-05-28T15:16:41","date_gmt":"2022-05-28T13:16:41","guid":{"rendered":"https:\/\/coletteartsetmatieres.com\/?page_id=1646"},"modified":"2022-06-04T12:09:18","modified_gmt":"2022-06-04T10:09:18","slug":"tableaux-3","status":"publish","type":"page","link":"https:\/\/coletteartsetmatieres.com\/index.php\/tableaux-3\/","title":{"rendered":"Tableaux"},"content":{"rendered":"\n<h2 class=\"has-medium-font-size wp-block-heading\">Bois secs, bois flott\u00e9s, min\u00e9raux, graines, v\u00e9g\u00e9taux stabilis\u00e9s, Fleurs \u00e9ternelles, sont pour moi source d&rsquo;inspiration \u00e0 mettre en valeur. Oui, c&rsquo;est une passion de vous partager et sublimer chaque \u00e9l\u00e9ment glan\u00e9&#8230;<\/h2>\n\n\n\n<div class=\"wp-block-columns is-layout-flex wp-container-core-columns-layout-1 wp-block-columns-is-layout-flex\">\n<div class=\"wp-block-column is-layout-flow wp-block-column-is-layout-flow\">\n<h2 class=\"has-medium-font-size wp-block-heading\"><strong>Tableaux Artistiques <\/strong><\/h2>\n\n\n\n<h2 class=\"has-medium-font-size wp-block-heading\">De toute taille, au gr\u00e9 des mes id\u00e9es, je r\u00e9alise des tableaux subjectifs ou paysagers, avec des mati\u00e8res naturelles et stables.<\/h2>\n<\/div>\n\n\n\n<div class=\"wp-block-column is-layout-flow wp-block-column-is-layout-flow\">\n<figure class=\"wp-block-image size-large\"><img loading=\"lazy\" decoding=\"async\" width=\"1024\" height=\"567\" src=\"https:\/\/coletteartsetmatieres.com\/wp-content\/uploads\/2022\/05\/Colette-16-scaled-e1653744509165-1024x567.jpg\" alt=\"\" class=\"wp-image-1656\" srcset=\"https:\/\/coletteartsetmatieres.com\/wp-content\/uploads\/2022\/05\/Colette-16-scaled-e1653744509165-1024x567.jpg 1024w, https:\/\/coletteartsetmatieres.com\/wp-content\/uploads\/2022\/05\/Colette-16-scaled-e1653744509165-300x166.jpg 300w, https:\/\/coletteartsetmatieres.com\/wp-content\/uploads\/2022\/05\/Colette-16-scaled-e1653744509165-768x426.jpg 768w, https:\/\/coletteartsetmatieres.com\/wp-content\/uploads\/2022\/05\/Colette-16-scaled-e1653744509165-500x277.jpg 500w, https:\/\/coletteartsetmatieres.com\/wp-content\/uploads\/2022\/05\/Colette-16-scaled-e1653744509165-800x443.jpg 800w, https:\/\/coletteartsetmatieres.com\/wp-content\/uploads\/2022\/05\/Colette-16-scaled-e1653744509165-1280x709.jpg 1280w, https:\/\/coletteartsetmatieres.com\/wp-content\/uploads\/2022\/05\/Colette-16-scaled-e1653744509165-1920x1064.jpg 1920w, https:\/\/coletteartsetmatieres.com\/wp-content\/uploads\/2022\/05\/Colette-16-scaled-e1653744509165-1536x851.jpg 1536w, https:\/\/coletteartsetmatieres.com\/wp-content\/uploads\/2022\/05\/Colette-16-scaled-e1653744509165-2048x1135.jpg 2048w, https:\/\/coletteartsetmatieres.com\/wp-content\/uploads\/2022\/05\/Colette-16-scaled-e1653744509165-350x194.jpg 350w\" sizes=\"(max-width: 767px) 89vw, (max-width: 1000px) 54vw, (max-width: 1071px) 543px, 580px\" \/><\/figure>\n<\/div>\n<\/div>\n\n\n\n<div class=\"wp-block-buttons is-layout-flex wp-block-buttons-is-layout-flex\">\n<div class=\"wp-block-button aligncenter\"><a class=\"wp-block-button__link\" href=\"https:\/\/coletteartsetmatieres.com\/index.php\/tableaux-2\/\">Cliquez ici pour retrouver les produits de la cat\u00e9gorie Tableaux Artistiques<\/a><\/div>\n<\/div>\n\n\n\n<p><\/p>\n\n\n\n<p><\/p>\n\n\n\n<div class=\"wp-block-columns is-layout-flex wp-container-core-columns-layout-2 wp-block-columns-is-layout-flex\">\n<div class=\"wp-block-column is-layout-flow wp-block-column-is-layout-flow\">\n<figure class=\"wp-block-image size-large is-resized\"><img loading=\"lazy\" decoding=\"async\" src=\"https:\/\/coletteartsetmatieres.com\/wp-content\/uploads\/2022\/05\/2-bois-flottes-13-scaled-e1653744833677-1024x418.jpg\" alt=\"\" class=\"wp-image-1301\" width=\"341\" height=\"139\" srcset=\"https:\/\/coletteartsetmatieres.com\/wp-content\/uploads\/2022\/05\/2-bois-flottes-13-scaled-e1653744833677-1024x418.jpg 1024w, https:\/\/coletteartsetmatieres.com\/wp-content\/uploads\/2022\/05\/2-bois-flottes-13-scaled-e1653744833677-300x122.jpg 300w, https:\/\/coletteartsetmatieres.com\/wp-content\/uploads\/2022\/05\/2-bois-flottes-13-scaled-e1653744833677-768x313.jpg 768w, https:\/\/coletteartsetmatieres.com\/wp-content\/uploads\/2022\/05\/2-bois-flottes-13-scaled-e1653744833677-500x204.jpg 500w, https:\/\/coletteartsetmatieres.com\/wp-content\/uploads\/2022\/05\/2-bois-flottes-13-scaled-e1653744833677-800x326.jpg 800w, https:\/\/coletteartsetmatieres.com\/wp-content\/uploads\/2022\/05\/2-bois-flottes-13-scaled-e1653744833677-1280x522.jpg 1280w, https:\/\/coletteartsetmatieres.com\/wp-content\/uploads\/2022\/05\/2-bois-flottes-13-scaled-e1653744833677-1920x783.jpg 1920w, https:\/\/coletteartsetmatieres.com\/wp-content\/uploads\/2022\/05\/2-bois-flottes-13-scaled-e1653744833677-1536x627.jpg 1536w, https:\/\/coletteartsetmatieres.com\/wp-content\/uploads\/2022\/05\/2-bois-flottes-13-scaled-e1653744833677-2048x835.jpg 2048w, https:\/\/coletteartsetmatieres.com\/wp-content\/uploads\/2022\/05\/2-bois-flottes-13-scaled-e1653744833677-350x143.jpg 350w\" sizes=\"(max-width: 341px) 100vw, 341px\" \/><\/figure>\n<\/div>\n\n\n\n<div class=\"wp-block-column is-layout-flow wp-block-column-is-layout-flow\">\n<h2 class=\"has-text-align-left has-medium-font-size wp-block-heading\"><strong>Tableaux Verts <\/strong><\/h2>\n\n\n\n<h2 class=\"has-medium-font-size wp-block-heading\">Sur fond de mousse verte stabilis\u00e9e, retrouvez  quelques exemples de tableaux v\u00e9g\u00e9taux. Quelques tailles standard, ou, sur mesure, l&rsquo;imaginaire et vos id\u00e9es sont bienvenues;<\/h2>\n<\/div>\n<\/div>\n\n\n\n<div class=\"wp-block-buttons is-content-justification-center is-layout-flex wp-container-core-buttons-layout-2 wp-block-buttons-is-layout-flex\">\n<div class=\"wp-block-button\"><a class=\"wp-block-button__link\" href=\"https:\/\/coletteartsetmatieres.com\/index.php\/tableaux-verts\/\">Cliquez ici pour retrouver les produits de la cat\u00e9gorie Tableaux Verts <\/a><\/div>\n<\/div>\n\n\n\n<p><\/p>\n\n\n\n<p><strong>Photos \/ vid\u00e9os<\/strong>\u00a0: Toutes nos images sont sans retouches. Il est toutefois difficile de restituer les v\u00e9ritables couleurs d&rsquo;un produit. Le rendu des couleurs peut \u00e9galement varier d&rsquo;un \u00e9cran \u00e0 l&rsquo;autre.<\/p>\n\n\n\n<div class=\"wp-block-image\"><figure class=\"aligncenter size-full is-resized\"><img loading=\"lazy\" decoding=\"async\" src=\"https:\/\/coletteartsetmatieres.com\/wp-content\/uploads\/2022\/05\/image.png\" alt=\"\" class=\"wp-image-1328\" width=\"481\" height=\"132\" srcset=\"https:\/\/coletteartsetmatieres.com\/wp-content\/uploads\/2022\/05\/image.png 873w, https:\/\/coletteartsetmatieres.com\/wp-content\/uploads\/2022\/05\/image-300x83.png 300w, https:\/\/coletteartsetmatieres.com\/wp-content\/uploads\/2022\/05\/image-768x213.png 768w, https:\/\/coletteartsetmatieres.com\/wp-content\/uploads\/2022\/05\/image-800x222.png 800w, https:\/\/coletteartsetmatieres.com\/wp-content\/uploads\/2022\/05\/image-350x97.png 350w\" sizes=\"(max-width: 481px) 100vw, 481px\" \/><\/figure><\/div>\n","protected":false},"excerpt":{"rendered":"<p>Bois secs, bois flott\u00e9s, min\u00e9raux, graines, v\u00e9g\u00e9taux stabilis\u00e9s, Fleurs \u00e9ternelles, sont pour moi source d&rsquo;inspiration \u00e0 mettre en valeur. Oui, c&rsquo;est une passion de vous partager et sublimer chaque \u00e9l\u00e9ment glan\u00e9&#8230; Tableaux Artistiques De toute taille, au gr\u00e9 des mes id\u00e9es, je r\u00e9alise des tableaux subjectifs ou paysagers, avec des mati\u00e8res naturelles et stables. Tableaux &hellip; <\/p>\n<p class=\"link-more\"><a href=\"https:\/\/coletteartsetmatieres.com\/index.php\/tableaux-3\/\" class=\"more-link\">Continuer la lecture<span class=\"screen-reader-text\"> de &laquo;&nbsp;Tableaux&nbsp;&raquo;<\/span><\/a><\/p>\n","protected":false},"author":1,"featured_media":0,"parent":0,"menu_order":0,"comment_status":"closed","ping_status":"closed","template":"","meta":{"footnotes":"","_vp_format_video_url":"","_vp_image_focal_point":[]},"yoast_head":"<!-- This site is optimized with the Yoast SEO plugin v19.8 - https:\/\/yoast.com\/wordpress\/plugins\/seo\/ -->\n<title>Tableaux - Colette Arts et Mati\u00e8res.<\/title>\n<meta name=\"robots\" content=\"index, follow, max-snippet:-1, max-image-preview:large, max-video-preview:-1\" \/>\n<link rel=\"canonical\" href=\"https:\/\/coletteartsetmatieres.com\/index.php\/tableaux-3\/\" \/>\n<meta property=\"og:locale\" content=\"fr_FR\" \/>\n<meta property=\"og:type\" content=\"article\" \/>\n<meta property=\"og:title\" content=\"Tableaux - Colette Arts et Mati\u00e8res.\" \/>\n<meta property=\"og:description\" content=\"Bois secs, bois flott\u00e9s, min\u00e9raux, graines, v\u00e9g\u00e9taux stabilis\u00e9s, Fleurs \u00e9ternelles, sont pour moi source d&rsquo;inspiration \u00e0 mettre en valeur. Oui, c&rsquo;est une passion de vous partager et sublimer chaque \u00e9l\u00e9ment glan\u00e9&#8230; Tableaux Artistiques De toute taille, au gr\u00e9 des mes id\u00e9es, je r\u00e9alise des tableaux subjectifs ou paysagers, avec des mati\u00e8res naturelles et stables. Tableaux &hellip; Continuer la lecture de &laquo;&nbsp;Tableaux&nbsp;&raquo;\" \/>\n<meta property=\"og:url\" content=\"https:\/\/coletteartsetmatieres.com\/index.php\/tableaux-3\/\" \/>\n<meta property=\"og:site_name\" content=\"Colette Arts et Mati\u00e8res.\" \/>\n<meta property=\"article:modified_time\" content=\"2022-06-04T10:09:18+00:00\" \/>\n<meta property=\"og:image\" content=\"https:\/\/coletteartsetmatieres.com\/wp-content\/uploads\/2022\/05\/Colette-16-scaled-e1653744509165-1024x567.jpg\" \/>\n<meta name=\"twitter:card\" content=\"summary_large_image\" \/>\n<meta name=\"twitter:label1\" content=\"Dur\u00e9e de lecture estim\u00e9e\" \/>\n\t<meta name=\"twitter:data1\" content=\"1 minute\" \/>\n<script type=\"application\/ld+json\" class=\"yoast-schema-graph\">{\"@context\":\"https:\/\/schema.org\",\"@graph\":[{\"@type\":\"WebPage\",\"@id\":\"https:\/\/coletteartsetmatieres.com\/index.php\/tableaux-3\/\",\"url\":\"https:\/\/coletteartsetmatieres.com\/index.php\/tableaux-3\/\",\"name\":\"Tableaux - Colette Arts et Mati\u00e8res.\",\"isPartOf\":{\"@id\":\"https:\/\/coletteartsetmatieres.com\/#website\"},\"datePublished\":\"2022-05-28T13:16:41+00:00\",\"dateModified\":\"2022-06-04T10:09:18+00:00\",\"breadcrumb\":{\"@id\":\"https:\/\/coletteartsetmatieres.com\/index.php\/tableaux-3\/#breadcrumb\"},\"inLanguage\":\"fr-FR\",\"potentialAction\":[{\"@type\":\"ReadAction\",\"target\":[\"https:\/\/coletteartsetmatieres.com\/index.php\/tableaux-3\/\"]}]},{\"@type\":\"BreadcrumbList\",\"@id\":\"https:\/\/coletteartsetmatieres.com\/index.php\/tableaux-3\/#breadcrumb\",\"itemListElement\":[{\"@type\":\"ListItem\",\"position\":1,\"name\":\"Accueil\",\"item\":\"https:\/\/coletteartsetmatieres.com\/\"},{\"@type\":\"ListItem\",\"position\":2,\"name\":\"Tableaux\"}]},{\"@type\":\"WebSite\",\"@id\":\"https:\/\/coletteartsetmatieres.com\/#website\",\"url\":\"https:\/\/coletteartsetmatieres.com\/\",\"name\":\"Colette Arts et Mati\u00e8res.\",\"description\":\"   L&#039;Art du V\u00e9g\u00e9tal et de la Fleur stables et durables\",\"publisher\":{\"@id\":\"https:\/\/coletteartsetmatieres.com\/#organization\"},\"potentialAction\":[{\"@type\":\"SearchAction\",\"target\":{\"@type\":\"EntryPoint\",\"urlTemplate\":\"https:\/\/coletteartsetmatieres.com\/?s={search_term_string}\"},\"query-input\":\"required name=search_term_string\"}],\"inLanguage\":\"fr-FR\"},{\"@type\":\"Organization\",\"@id\":\"https:\/\/coletteartsetmatieres.com\/#organization\",\"name\":\"Colette Arts et Mati\u00e8res.\",\"url\":\"https:\/\/coletteartsetmatieres.com\/\",\"sameAs\":[],\"logo\":{\"@type\":\"ImageObject\",\"inLanguage\":\"fr-FR\",\"@id\":\"https:\/\/coletteartsetmatieres.com\/#\/schema\/logo\/image\/\",\"url\":\"https:\/\/coletteartsetmatieres.com\/wp-content\/uploads\/2020\/03\/cropped-Coletteartsetmatieres_logotype-2.png\",\"contentUrl\":\"https:\/\/coletteartsetmatieres.com\/wp-content\/uploads\/2020\/03\/cropped-Coletteartsetmatieres_logotype-2.png\",\"width\":409,\"height\":250,\"caption\":\"    Colette Arts et Mati\u00e8res. \"},\"image\":{\"@id\":\"https:\/\/coletteartsetmatieres.com\/#\/schema\/logo\/image\/\"}}]}<\/script>\n<!-- \/ Yoast SEO plugin. -->","yoast_head_json":{"title":"Tableaux - Colette Arts et Mati\u00e8res.","robots":{"index":"index","follow":"follow","max-snippet":"max-snippet:-1","max-image-preview":"max-image-preview:large","max-video-preview":"max-video-preview:-1"},"canonical":"https:\/\/coletteartsetmatieres.com\/index.php\/tableaux-3\/","og_locale":"fr_FR","og_type":"article","og_title":"Tableaux - Colette Arts et Mati\u00e8res.","og_description":"Bois secs, bois flott\u00e9s, min\u00e9raux, graines, v\u00e9g\u00e9taux stabilis\u00e9s, Fleurs \u00e9ternelles, sont pour moi source d&rsquo;inspiration \u00e0 mettre en valeur. Oui, c&rsquo;est une passion de vous partager et sublimer chaque \u00e9l\u00e9ment glan\u00e9&#8230; Tableaux Artistiques De toute taille, au gr\u00e9 des mes id\u00e9es, je r\u00e9alise des tableaux subjectifs ou paysagers, avec des mati\u00e8res naturelles et stables. Tableaux &hellip; Continuer la lecture de &laquo;&nbsp;Tableaux&nbsp;&raquo;","og_url":"https:\/\/coletteartsetmatieres.com\/index.php\/tableaux-3\/","og_site_name":"Colette Arts et Mati\u00e8res.","article_modified_time":"2022-06-04T10:09:18+00:00","og_image":[{"url":"https:\/\/coletteartsetmatieres.com\/wp-content\/uploads\/2022\/05\/Colette-16-scaled-e1653744509165-1024x567.jpg"}],"twitter_card":"summary_large_image","twitter_misc":{"Dur\u00e9e de lecture estim\u00e9e":"1 minute"},"schema":{"@context":"https:\/\/schema.org","@graph":[{"@type":"WebPage","@id":"https:\/\/coletteartsetmatieres.com\/index.php\/tableaux-3\/","url":"https:\/\/coletteartsetmatieres.com\/index.php\/tableaux-3\/","name":"Tableaux - Colette Arts et Mati\u00e8res.","isPartOf":{"@id":"https:\/\/coletteartsetmatieres.com\/#website"},"datePublished":"2022-05-28T13:16:41+00:00","dateModified":"2022-06-04T10:09:18+00:00","breadcrumb":{"@id":"https:\/\/coletteartsetmatieres.com\/index.php\/tableaux-3\/#breadcrumb"},"inLanguage":"fr-FR","potentialAction":[{"@type":"ReadAction","target":["https:\/\/coletteartsetmatieres.com\/index.php\/tableaux-3\/"]}]},{"@type":"BreadcrumbList","@id":"https:\/\/coletteartsetmatieres.com\/index.php\/tableaux-3\/#breadcrumb","itemListElement":[{"@type":"ListItem","position":1,"name":"Accueil","item":"https:\/\/coletteartsetmatieres.com\/"},{"@type":"ListItem","position":2,"name":"Tableaux"}]},{"@type":"WebSite","@id":"https:\/\/coletteartsetmatieres.com\/#website","url":"https:\/\/coletteartsetmatieres.com\/","name":"Colette Arts et Mati\u00e8res.","description":"   L&#039;Art du V\u00e9g\u00e9tal et de la Fleur stables et durables","publisher":{"@id":"https:\/\/coletteartsetmatieres.com\/#organization"},"potentialAction":[{"@type":"SearchAction","target":{"@type":"EntryPoint","urlTemplate":"https:\/\/coletteartsetmatieres.com\/?s={search_term_string}"},"query-input":"required name=search_term_string"}],"inLanguage":"fr-FR"},{"@type":"Organization","@id":"https:\/\/coletteartsetmatieres.com\/#organization","name":"Colette Arts et Mati\u00e8res.","url":"https:\/\/coletteartsetmatieres.com\/","sameAs":[],"logo":{"@type":"ImageObject","inLanguage":"fr-FR","@id":"https:\/\/coletteartsetmatieres.com\/#\/schema\/logo\/image\/","url":"https:\/\/coletteartsetmatieres.com\/wp-content\/uploads\/2020\/03\/cropped-Coletteartsetmatieres_logotype-2.png","contentUrl":"https:\/\/coletteartsetmatieres.com\/wp-content\/uploads\/2020\/03\/cropped-Coletteartsetmatieres_logotype-2.png","width":409,"height":250,"caption":"    Colette Arts et Mati\u00e8res. "},"image":{"@id":"https:\/\/coletteartsetmatieres.com\/#\/schema\/logo\/image\/"}}]}},"_links":{"self":[{"href":"https:\/\/coletteartsetmatieres.com\/index.php\/wp-json\/wp\/v2\/pages\/1646"}],"collection":[{"href":"https:\/\/coletteartsetmatieres.com\/index.php\/wp-json\/wp\/v2\/pages"}],"about":[{"href":"https:\/\/coletteartsetmatieres.com\/index.php\/wp-json\/wp\/v2\/types\/page"}],"author":[{"embeddable":true,"href":"https:\/\/coletteartsetmatieres.com\/index.php\/wp-json\/wp\/v2\/users\/1"}],"replies":[{"embeddable":true,"href":"https:\/\/coletteartsetmatieres.com\/index.php\/wp-json\/wp\/v2\/comments?post=1646"}],"version-history":[{"count":13,"href":"https:\/\/coletteartsetmatieres.com\/index.php\/wp-json\/wp\/v2\/pages\/1646\/revisions"}],"predecessor-version":[{"id":1746,"href":"https:\/\/coletteartsetmatieres.com\/index.php\/wp-json\/wp\/v2\/pages\/1646\/revisions\/1746"}],"wp:attachment":[{"href":"https:\/\/coletteartsetmatieres.com\/index.php\/wp-json\/wp\/v2\/media?parent=1646"}],"curies":[{"name":"wp","href":"https:\/\/api.w.org\/{rel}","templated":true}]}}