{"id":2,"date":"2019-11-14T15:47:14","date_gmt":"2019-11-14T14:47:14","guid":{"rendered":"http:\/\/coletteartsetmatieres.com\/bompeix.colette@gmail.com\/?page_id=2"},"modified":"2023-06-13T11:31:54","modified_gmt":"2023-06-13T09:31:54","slug":"accueil-colette-arts-et-matieres","status":"publish","type":"page","link":"https:\/\/coletteartsetmatieres.com\/","title":{"rendered":"Accueil"},"content":{"rendered":"\n<h1 class=\"has-large-font-size wp-block-heading\"><strong>Composition florale, tableau, sculpture, mur en v\u00e9g\u00e9tal stabilis\u00e9, d\u00e9coration d&rsquo;int\u00e9rieur \u00e0  Tours, Amboise, Blois, Touraine, Centre Val de Loire.<\/strong><\/h1>\n\n\n\n<p class=\"has-medium-font-size\"><a href=\"https:\/\/www.lanouvellerepublique.fr\/amboise\/amboise-la-fleuriste-colette-dubreuil-a-recu-le-titre-de-maitre-artisan\">Ma\u00eetre Artisan<\/a> et Professionnelle de la d\u00e9coration v\u00e9g\u00e9tale, notamment en stabilis\u00e9e, Colette Arts et Mati\u00e8res vous plonge dans une exp\u00e9rience \u00e9co-responsable en harmonie avec la Nature. Profitez de longue ann\u00e9e de la beaut\u00e9 de vos fleurs sans vous soucier de leur entretien. Nos v\u00e9g\u00e9taux et fleurs sont \u00e0 la fois vivants et <a href=\"https:\/\/coletteartsetmatieres.com\/index.php\/deco-design\/\">zen<\/a>, affirmant d&rsquo;une <a href=\"https:\/\/coletteartsetmatieres.com\/index.php\/deco-design\/\">d\u00e9coration design<\/a> et artistique.<\/p>\n\n\n\n<p class=\"has-medium-font-size\">D\u00e9couvrez d\u00e8s maintenant un <a href=\"https:\/\/coletteartsetmatieres.com\/index.php\/art-floral\/\">Art Floral<\/a> authentique m\u00ealant un esprit sauvage et sophistiqu\u00e9. Mes cr\u00e9ations uniques prennent forme \u00e0 travers des sculptures, des <a href=\"https:\/\/coletteartsetmatieres.com\/index.php\/tableaux-2\/\">tableaux<\/a> et des objets d\u00e9coratifs. L&rsquo;objectif ultime est de favoriser votre bien-\u00eatre et d&rsquo;instaurer une s\u00e9r\u00e9nit\u00e9 unique dans vos int\u00e9rieurs.<\/p>\n\n\n\n<p class=\"has-medium-font-size\">Nos cr\u00e9ations florales sont le fruit d&rsquo;une d\u00e9marche \u00e9co-responsable et \u00e9thique. Elles vous rapprochent de la Nature.  Elles transmettent une \u00e9motion unique et une connexion profonde avec la Nature. Chaque pi\u00e8ce est soigneusement con\u00e7ue avec une attention m\u00e9ticuleuse aux d\u00e9tails.<\/p>\n\n\n\n<p class=\"has-medium-font-size\">Avec passion et cr\u00e9ativit\u00e9, nous red\u00e9finissons l&rsquo;Art Floral et nous repoussons les limites de l&rsquo;imagination. Offrez-vous le luxe d&rsquo;une d\u00e9coration int\u00e9rieure exceptionnelle. Nos grands d\u00e9cors et <a href=\"https:\/\/www.facebook.com\/qgamboise\/photos\/a.113424396926450\/249854036616818\/?locale=fr_FR\">murs v\u00e9g\u00e9taux<\/a> cr\u00e9ent une atmosph\u00e8re unique o\u00f9 la Nature et l&rsquo;Art se rejoignent. Faites l&rsquo;exp\u00e9rience de la beaut\u00e9 \u00e9ternelle des fleurs, magnifi\u00e9e par notre savoir-faire.<\/p>\n\n\n\n<p class=\"has-medium-font-size\">Exprimez vos pr\u00e9f\u00e9rences et je personnaliserai vos demandes. A la vente ou \u00e0 <a href=\"https:\/\/www.facebook.com\/photo\/?fbid=10231430488252121&amp;set=pcb.10231430493732258\">la location<\/a>, nos arrangements sont modulables \u00e0 souhait et facile d&rsquo;installation. Nous assurons des livraisons r\u00e9guli\u00e8res dans la r\u00e9gion du Centre Val de Loire, \u00e0 Paris et en r\u00e9gion parisienne.<\/p>\n\n\n\n<p class=\"has-medium-font-size\"><mark style=\"background-color:rgba(0, 0, 0, 0)\" class=\"has-inline-color has-black-color\"><\/mark><\/p>\n\n\n\n<div class=\"wp-block-group is-layout-flow wp-block-group-is-layout-flow\"><div class=\"wp-block-group__inner-container\">\n<figure class=\"wp-block-video\"><video controls src=\"https:\/\/coletteartsetmatieres.com\/wp-content\/uploads\/2022\/05\/Je-glane-je-ramasse-jentasse-trie-visse-tisse-coud-coupe-cloue.mp4\"><\/video><figcaption class=\"wp-element-caption\">Pr\u00e9sentation de Colette Dubreil &#8211; artisan fleuriste et g\u00e9rante de l&rsquo;entreprise Colette Arts et Mati\u00e8res-<\/figcaption><\/figure>\n<\/div><\/div>\n\n\n\n<p><\/p>\n","protected":false},"excerpt":{"rendered":"<p>Composition florale, tableau, sculpture, mur en v\u00e9g\u00e9tal stabilis\u00e9, d\u00e9coration d&rsquo;int\u00e9rieur \u00e0 Tours, Amboise, Blois, Touraine, Centre Val de Loire. Ma\u00eetre Artisan et Professionnelle de la d\u00e9coration v\u00e9g\u00e9tale, notamment en stabilis\u00e9e, Colette Arts et Mati\u00e8res vous plonge dans une exp\u00e9rience \u00e9co-responsable en harmonie avec la Nature. Profitez de longue ann\u00e9e de la beaut\u00e9 de vos fleurs &hellip; <\/p>\n<p class=\"link-more\"><a href=\"https:\/\/coletteartsetmatieres.com\/\" class=\"more-link\">Continuer la lecture<span class=\"screen-reader-text\"> de &laquo;&nbsp;Accueil&nbsp;&raquo;<\/span><\/a><\/p>\n","protected":false},"author":1,"featured_media":0,"parent":0,"menu_order":0,"comment_status":"closed","ping_status":"open","template":"","meta":{"footnotes":"","_vp_format_video_url":"","_vp_image_focal_point":[]},"yoast_head":"<!-- This site is optimized with the Yoast SEO plugin v19.8 - https:\/\/yoast.com\/wordpress\/plugins\/seo\/ -->\n<title>Accueil - Colette Arts et Mati\u00e8res.<\/title>\n<meta name=\"description\" content=\"Colette Arts et Mati\u00e8res vous invite au voyage, dans ses cr\u00e9ations po\u00e9tiques et originales. Eco-responsable et zen, le v\u00e9g\u00e9tal stabilis\u00e9\" \/>\n<meta name=\"robots\" content=\"index, follow, max-snippet:-1, max-image-preview:large, max-video-preview:-1\" \/>\n<link rel=\"canonical\" href=\"https:\/\/coletteartsetmatieres.com\/\" \/>\n<meta property=\"og:locale\" content=\"fr_FR\" \/>\n<meta property=\"og:type\" content=\"article\" \/>\n<meta property=\"og:title\" content=\"Accueil - Colette Arts et Mati\u00e8res.\" \/>\n<meta property=\"og:description\" content=\"Colette Arts et Mati\u00e8res vous invite au voyage, dans ses cr\u00e9ations po\u00e9tiques et originales. Eco-responsable et zen, le v\u00e9g\u00e9tal stabilis\u00e9\" \/>\n<meta property=\"og:url\" content=\"https:\/\/coletteartsetmatieres.com\/\" \/>\n<meta property=\"og:site_name\" content=\"Colette Arts et Mati\u00e8res.\" \/>\n<meta property=\"article:modified_time\" content=\"2023-06-13T09:31:54+00:00\" \/>\n<meta name=\"twitter:card\" content=\"summary_large_image\" \/>\n<meta name=\"twitter:label1\" content=\"Dur\u00e9e de lecture estim\u00e9e\" \/>\n\t<meta name=\"twitter:data1\" content=\"2 minutes\" \/>\n<script type=\"application\/ld+json\" class=\"yoast-schema-graph\">{\"@context\":\"https:\/\/schema.org\",\"@graph\":[{\"@type\":\"WebPage\",\"@id\":\"https:\/\/coletteartsetmatieres.com\/\",\"url\":\"https:\/\/coletteartsetmatieres.com\/\",\"name\":\"Accueil - Colette Arts et Mati\u00e8res.\",\"isPartOf\":{\"@id\":\"https:\/\/coletteartsetmatieres.com\/#website\"},\"datePublished\":\"2019-11-14T14:47:14+00:00\",\"dateModified\":\"2023-06-13T09:31:54+00:00\",\"description\":\"Colette Arts et Mati\u00e8res vous invite au voyage, dans ses cr\u00e9ations po\u00e9tiques et originales. Eco-responsable et zen, le v\u00e9g\u00e9tal stabilis\u00e9\",\"breadcrumb\":{\"@id\":\"https:\/\/coletteartsetmatieres.com\/#breadcrumb\"},\"inLanguage\":\"fr-FR\",\"potentialAction\":[{\"@type\":\"ReadAction\",\"target\":[\"https:\/\/coletteartsetmatieres.com\/\"]}]},{\"@type\":\"BreadcrumbList\",\"@id\":\"https:\/\/coletteartsetmatieres.com\/#breadcrumb\",\"itemListElement\":[{\"@type\":\"ListItem\",\"position\":1,\"name\":\"Accueil\",\"item\":\"https:\/\/coletteartsetmatieres.com\/\"},{\"@type\":\"ListItem\",\"position\":2,\"name\":\"Accueil\"}]},{\"@type\":\"WebSite\",\"@id\":\"https:\/\/coletteartsetmatieres.com\/#website\",\"url\":\"https:\/\/coletteartsetmatieres.com\/\",\"name\":\"Colette Arts et Mati\u00e8res.\",\"description\":\"   L&#039;Art du V\u00e9g\u00e9tal et de la Fleur stables et durables\",\"publisher\":{\"@id\":\"https:\/\/coletteartsetmatieres.com\/#organization\"},\"potentialAction\":[{\"@type\":\"SearchAction\",\"target\":{\"@type\":\"EntryPoint\",\"urlTemplate\":\"https:\/\/coletteartsetmatieres.com\/?s={search_term_string}\"},\"query-input\":\"required name=search_term_string\"}],\"inLanguage\":\"fr-FR\"},{\"@type\":\"Organization\",\"@id\":\"https:\/\/coletteartsetmatieres.com\/#organization\",\"name\":\"Colette Arts et Mati\u00e8res.\",\"url\":\"https:\/\/coletteartsetmatieres.com\/\",\"sameAs\":[],\"logo\":{\"@type\":\"ImageObject\",\"inLanguage\":\"fr-FR\",\"@id\":\"https:\/\/coletteartsetmatieres.com\/#\/schema\/logo\/image\/\",\"url\":\"https:\/\/coletteartsetmatieres.com\/wp-content\/uploads\/2020\/03\/cropped-Coletteartsetmatieres_logotype-2.png\",\"contentUrl\":\"https:\/\/coletteartsetmatieres.com\/wp-content\/uploads\/2020\/03\/cropped-Coletteartsetmatieres_logotype-2.png\",\"width\":409,\"height\":250,\"caption\":\"    Colette Arts et Mati\u00e8res. \"},\"image\":{\"@id\":\"https:\/\/coletteartsetmatieres.com\/#\/schema\/logo\/image\/\"}}]}<\/script>\n<!-- \/ Yoast SEO plugin. -->","yoast_head_json":{"title":"Accueil - Colette Arts et Mati\u00e8res.","description":"Colette Arts et Mati\u00e8res vous invite au voyage, dans ses cr\u00e9ations po\u00e9tiques et originales. Eco-responsable et zen, le v\u00e9g\u00e9tal stabilis\u00e9","robots":{"index":"index","follow":"follow","max-snippet":"max-snippet:-1","max-image-preview":"max-image-preview:large","max-video-preview":"max-video-preview:-1"},"canonical":"https:\/\/coletteartsetmatieres.com\/","og_locale":"fr_FR","og_type":"article","og_title":"Accueil - Colette Arts et Mati\u00e8res.","og_description":"Colette Arts et Mati\u00e8res vous invite au voyage, dans ses cr\u00e9ations po\u00e9tiques et originales. Eco-responsable et zen, le v\u00e9g\u00e9tal stabilis\u00e9","og_url":"https:\/\/coletteartsetmatieres.com\/","og_site_name":"Colette Arts et Mati\u00e8res.","article_modified_time":"2023-06-13T09:31:54+00:00","twitter_card":"summary_large_image","twitter_misc":{"Dur\u00e9e de lecture estim\u00e9e":"2 minutes"},"schema":{"@context":"https:\/\/schema.org","@graph":[{"@type":"WebPage","@id":"https:\/\/coletteartsetmatieres.com\/","url":"https:\/\/coletteartsetmatieres.com\/","name":"Accueil - Colette Arts et Mati\u00e8res.","isPartOf":{"@id":"https:\/\/coletteartsetmatieres.com\/#website"},"datePublished":"2019-11-14T14:47:14+00:00","dateModified":"2023-06-13T09:31:54+00:00","description":"Colette Arts et Mati\u00e8res vous invite au voyage, dans ses cr\u00e9ations po\u00e9tiques et originales. Eco-responsable et zen, le v\u00e9g\u00e9tal stabilis\u00e9","breadcrumb":{"@id":"https:\/\/coletteartsetmatieres.com\/#breadcrumb"},"inLanguage":"fr-FR","potentialAction":[{"@type":"ReadAction","target":["https:\/\/coletteartsetmatieres.com\/"]}]},{"@type":"BreadcrumbList","@id":"https:\/\/coletteartsetmatieres.com\/#breadcrumb","itemListElement":[{"@type":"ListItem","position":1,"name":"Accueil","item":"https:\/\/coletteartsetmatieres.com\/"},{"@type":"ListItem","position":2,"name":"Accueil"}]},{"@type":"WebSite","@id":"https:\/\/coletteartsetmatieres.com\/#website","url":"https:\/\/coletteartsetmatieres.com\/","name":"Colette Arts et Mati\u00e8res.","description":"   L&#039;Art du V\u00e9g\u00e9tal et de la Fleur stables et durables","publisher":{"@id":"https:\/\/coletteartsetmatieres.com\/#organization"},"potentialAction":[{"@type":"SearchAction","target":{"@type":"EntryPoint","urlTemplate":"https:\/\/coletteartsetmatieres.com\/?s={search_term_string}"},"query-input":"required name=search_term_string"}],"inLanguage":"fr-FR"},{"@type":"Organization","@id":"https:\/\/coletteartsetmatieres.com\/#organization","name":"Colette Arts et Mati\u00e8res.","url":"https:\/\/coletteartsetmatieres.com\/","sameAs":[],"logo":{"@type":"ImageObject","inLanguage":"fr-FR","@id":"https:\/\/coletteartsetmatieres.com\/#\/schema\/logo\/image\/","url":"https:\/\/coletteartsetmatieres.com\/wp-content\/uploads\/2020\/03\/cropped-Coletteartsetmatieres_logotype-2.png","contentUrl":"https:\/\/coletteartsetmatieres.com\/wp-content\/uploads\/2020\/03\/cropped-Coletteartsetmatieres_logotype-2.png","width":409,"height":250,"caption":"    Colette Arts et Mati\u00e8res. "},"image":{"@id":"https:\/\/coletteartsetmatieres.com\/#\/schema\/logo\/image\/"}}]}},"_links":{"self":[{"href":"https:\/\/coletteartsetmatieres.com\/index.php\/wp-json\/wp\/v2\/pages\/2"}],"collection":[{"href":"https:\/\/coletteartsetmatieres.com\/index.php\/wp-json\/wp\/v2\/pages"}],"about":[{"href":"https:\/\/coletteartsetmatieres.com\/index.php\/wp-json\/wp\/v2\/types\/page"}],"author":[{"embeddable":true,"href":"https:\/\/coletteartsetmatieres.com\/index.php\/wp-json\/wp\/v2\/users\/1"}],"replies":[{"embeddable":true,"href":"https:\/\/coletteartsetmatieres.com\/index.php\/wp-json\/wp\/v2\/comments?post=2"}],"version-history":[{"count":66,"href":"https:\/\/coletteartsetmatieres.com\/index.php\/wp-json\/wp\/v2\/pages\/2\/revisions"}],"predecessor-version":[{"id":1923,"href":"https:\/\/coletteartsetmatieres.com\/index.php\/wp-json\/wp\/v2\/pages\/2\/revisions\/1923"}],"wp:attachment":[{"href":"https:\/\/coletteartsetmatieres.com\/index.php\/wp-json\/wp\/v2\/media?parent=2"}],"curies":[{"name":"wp","href":"https:\/\/api.w.org\/{rel}","templated":true}]}}