{"id":877,"date":"2022-04-21T10:39:33","date_gmt":"2022-04-21T08:39:33","guid":{"rendered":"https:\/\/coletteartsetmatieres.com\/?page_id=877"},"modified":"2023-06-23T15:12:43","modified_gmt":"2023-06-23T13:12:43","slug":"creations","status":"publish","type":"page","link":"https:\/\/coletteartsetmatieres.com\/index.php\/creations\/","title":{"rendered":"Galerie (cr\u00e9ations)"},"content":{"rendered":"\n<h2 class=\"has-medium-font-size wp-block-heading\">D\u00e9couvrez ma galerie de cr\u00e9ations adapt\u00e9es \u00e0 divers \u00e9v\u00e9nements tels que la f\u00eate des m\u00e8res, les mariages et les c\u00e9r\u00e9monies. Qu&rsquo;il s&rsquo;agisse d&rsquo;un style romantique, moderne, rustique ou \u00e9l\u00e9gant, chaque cr\u00e9ation est con\u00e7ue pour r\u00e9pondre \u00e0 vos pr\u00e9f\u00e9rences.<\/h2>\n\n\n\n<h2 class=\"has-medium-font-size wp-block-heading\">Explorez mes diff\u00e9rentes collections et trouvez la cr\u00e9ation parfaite pour c\u00e9l\u00e9brer ces moments importants de votre vie.<\/h2>\n\n\n\n<p><\/p>\n\n\n\n<p><\/p>\n\n\n\n<div class=\"wp-block-columns is-layout-flex wp-container-core-columns-layout-1 wp-block-columns-is-layout-flex\">\n<div class=\"wp-block-column is-layout-flow wp-block-column-is-layout-flow\"><div class=\"wp-block-image is-style-rounded\">\n<figure class=\"aligncenter size-medium is-resized\"><img loading=\"lazy\" decoding=\"async\" src=\"https:\/\/coletteartsetmatieres.com\/wp-content\/uploads\/2022\/05\/IMG_20191008_121017-300x252.jpg\" alt=\"\" class=\"wp-image-1549\" width=\"339\" height=\"285\" srcset=\"https:\/\/coletteartsetmatieres.com\/wp-content\/uploads\/2022\/05\/IMG_20191008_121017-300x252.jpg 300w, https:\/\/coletteartsetmatieres.com\/wp-content\/uploads\/2022\/05\/IMG_20191008_121017-768x644.jpg 768w, https:\/\/coletteartsetmatieres.com\/wp-content\/uploads\/2022\/05\/IMG_20191008_121017-500x419.jpg 500w, https:\/\/coletteartsetmatieres.com\/wp-content\/uploads\/2022\/05\/IMG_20191008_121017-800x671.jpg 800w, https:\/\/coletteartsetmatieres.com\/wp-content\/uploads\/2022\/05\/IMG_20191008_121017-350x294.jpg 350w, https:\/\/coletteartsetmatieres.com\/wp-content\/uploads\/2022\/05\/IMG_20191008_121017.jpg 993w\" sizes=\"(max-width: 339px) 100vw, 339px\" \/><\/figure><\/div><\/div>\n\n\n\n<div class=\"wp-block-column is-layout-flow wp-block-column-is-layout-flow\">\n<h2 class=\"has-medium-font-size wp-block-heading\"><strong>Figuratif :<\/strong> <\/h2>\n\n\n\n<h2 class=\"has-medium-font-size wp-block-heading\">Repr\u00e9sentant la passion, le m\u00e9tier, le paysage ou la vie animale, voici quelques embl\u00e9matiques cr\u00e9ations incontournables.  Un cadeau artistique unique, \u00e0 offrir \u00e0 nos proches, avec toute l&rsquo;estime et la valeur symbolique de nos passionn\u00e9s.<\/h2>\n<\/div>\n<\/div>\n\n\n\n<div class=\"wp-block-buttons is-content-justification-center is-layout-flex wp-container-core-buttons-layout-1 wp-block-buttons-is-layout-flex\">\n<div class=\"wp-block-button\"><a class=\"wp-block-button__link wp-element-button\" href=\"https:\/\/coletteartsetmatieres.com\/index.php\/figuratif-2\/\">Cliquez ici pour retrouver tous les produits de la cat\u00e9gorie Figuratif <\/a><\/div>\n<\/div>\n\n\n\n<p><\/p>\n\n\n\n<div class=\"wp-block-columns is-layout-flex wp-container-core-columns-layout-2 wp-block-columns-is-layout-flex\">\n<div class=\"wp-block-column is-layout-flow wp-block-column-is-layout-flow\">\n<h2 class=\"has-medium-font-size wp-block-heading\"><strong>Art Floral :<\/strong><\/h2>\n\n\n\n<h2 class=\"has-medium-font-size wp-block-heading\">En tant que fleuriste exp\u00e9riment\u00e9e, j&rsquo;allie l&rsquo;Art Floral classique de mes cr\u00e9ations \u00e0 des m\u00e9thodes de montage anciennes. Cette approche artisanale s&rsquo;accorde parfaitement avec l&rsquo;utilisation de fleurs stabilis\u00e9es et de roses \u00e9ternelles.<\/h2>\n<\/div>\n\n\n\n<div class=\"wp-block-column is-layout-flow wp-block-column-is-layout-flow\">\n<figure class=\"wp-block-image size-large is-style-rounded\"><img loading=\"lazy\" decoding=\"async\" width=\"1024\" height=\"841\" src=\"https:\/\/coletteartsetmatieres.com\/wp-content\/uploads\/2022\/05\/20200912-photophore-gm-6-scaled-e1653661411699-1024x841.jpg\" alt=\"\" class=\"wp-image-1598\" srcset=\"https:\/\/coletteartsetmatieres.com\/wp-content\/uploads\/2022\/05\/20200912-photophore-gm-6-scaled-e1653661411699-1024x841.jpg 1024w, https:\/\/coletteartsetmatieres.com\/wp-content\/uploads\/2022\/05\/20200912-photophore-gm-6-scaled-e1653661411699-300x246.jpg 300w, https:\/\/coletteartsetmatieres.com\/wp-content\/uploads\/2022\/05\/20200912-photophore-gm-6-scaled-e1653661411699-768x630.jpg 768w, https:\/\/coletteartsetmatieres.com\/wp-content\/uploads\/2022\/05\/20200912-photophore-gm-6-scaled-e1653661411699-500x410.jpg 500w, https:\/\/coletteartsetmatieres.com\/wp-content\/uploads\/2022\/05\/20200912-photophore-gm-6-scaled-e1653661411699-800x657.jpg 800w, https:\/\/coletteartsetmatieres.com\/wp-content\/uploads\/2022\/05\/20200912-photophore-gm-6-scaled-e1653661411699-350x287.jpg 350w, https:\/\/coletteartsetmatieres.com\/wp-content\/uploads\/2022\/05\/20200912-photophore-gm-6-scaled-e1653661411699.jpg 1145w\" sizes=\"(max-width: 767px) 89vw, (max-width: 1000px) 54vw, (max-width: 1071px) 543px, 580px\" \/><\/figure>\n<\/div>\n<\/div>\n\n\n\n<div class=\"wp-block-buttons is-layout-flex wp-block-buttons-is-layout-flex\">\n<div class=\"wp-block-button aligncenter\"><a class=\"wp-block-button__link wp-element-button\" href=\"https:\/\/coletteartsetmatieres.com\/index.php\/art-floral\/\">Cliquez ici pour retrouver tous les produits de la cat\u00e9gorie Art Floral <\/a><\/div>\n<\/div>\n\n\n\n<p><\/p>\n\n\n\n<div class=\"wp-block-columns is-layout-flex wp-container-core-columns-layout-8 wp-block-columns-is-layout-flex\">\n<div class=\"wp-block-column is-layout-flow wp-block-column-is-layout-flow\">\n<div class=\"wp-block-columns is-layout-flex wp-container-core-columns-layout-3 wp-block-columns-is-layout-flex\">\n<div class=\"wp-block-column is-layout-flow wp-block-column-is-layout-flow\">\n<figure class=\"wp-block-image size-large is-resized is-style-rounded\"><img loading=\"lazy\" decoding=\"async\" src=\"https:\/\/coletteartsetmatieres.com\/wp-content\/uploads\/2022\/05\/20200214_140735-scaled-e1653660589669-1024x992.jpg\" alt=\"\" class=\"wp-image-1596\" width=\"313\" height=\"302\" srcset=\"https:\/\/coletteartsetmatieres.com\/wp-content\/uploads\/2022\/05\/20200214_140735-scaled-e1653660589669-1024x992.jpg 1024w, https:\/\/coletteartsetmatieres.com\/wp-content\/uploads\/2022\/05\/20200214_140735-scaled-e1653660589669-768x744.jpg 768w, https:\/\/coletteartsetmatieres.com\/wp-content\/uploads\/2022\/05\/20200214_140735-scaled-e1653660589669-500x484.jpg 500w, https:\/\/coletteartsetmatieres.com\/wp-content\/uploads\/2022\/05\/20200214_140735-scaled-e1653660589669-800x775.jpg 800w, https:\/\/coletteartsetmatieres.com\/wp-content\/uploads\/2022\/05\/20200214_140735-scaled-e1653660589669.jpg 1248w, https:\/\/coletteartsetmatieres.com\/wp-content\/uploads\/2022\/05\/20200214_140735-scaled-e1653660589669-350x339.jpg 350w\" sizes=\"(max-width: 313px) 100vw, 313px\" \/><\/figure>\n<\/div>\n\n\n\n<div class=\"wp-block-column is-layout-flow wp-block-column-is-layout-flow\">\n<h2 class=\"has-medium-font-size wp-block-heading\"><strong>D\u00e9co design :<\/strong><\/h2>\n\n\n\n<h2 class=\"has-medium-font-size wp-block-heading\">Fusionnez l&rsquo;art floral et la s\u00e9r\u00e9nit\u00e9 zen avec mes compositions intemporelles. Elles sont id\u00e9ales pour embellir votre bureau, table de salon ou meuble de cuisine. Guid\u00e9e par une grande inspiration, je s\u00e9lectionne avec soin une base, souvent glan\u00e9e, afin de mettre en valeur sa beaut\u00e9 naturelle.<\/h2>\n<\/div>\n<\/div>\n\n\n\n<div class=\"wp-block-buttons is-content-justification-center is-layout-flex wp-container-core-buttons-layout-3 wp-block-buttons-is-layout-flex\">\n<div class=\"wp-block-button\"><a class=\"wp-block-button__link wp-element-button\" href=\"https:\/\/coletteartsetmatieres.com\/index.php\/deco-design\/\">Cliquez ici pour retrouver tous les produits de la cat\u00e9gorie D\u00e9co Design <\/a><\/div>\n<\/div>\n\n\n\n<p><\/p>\n\n\n\n<div class=\"wp-block-columns is-layout-flex wp-container-core-columns-layout-4 wp-block-columns-is-layout-flex\">\n<div class=\"wp-block-column is-layout-flow wp-block-column-is-layout-flow\">\n<h2 class=\"has-text-align-left has-medium-font-size wp-block-heading\"><strong>Suspension mobile :<\/strong><\/h2>\n\n\n\n<h2 class=\"has-text-align-left has-medium-font-size wp-block-heading\">En suspendant des cr\u00e9ations artistiques, cr\u00e9ez un \u00e9quilibre visuel captivant, m\u00ealant immobilit\u00e9 et mouvement. Que ce soit par des entrelacs ou des alignements d&rsquo;\u00e9l\u00e9ments, ajoutez ainsi une touche de r\u00eave et de f\u00e9\u00e9rie \u00e0 votre quotidien. <\/h2>\n<\/div>\n\n\n\n<div class=\"wp-block-column is-layout-flow wp-block-column-is-layout-flow\">\n<figure class=\"wp-block-image size-large is-resized is-style-rounded\"><img loading=\"lazy\" decoding=\"async\" src=\"https:\/\/coletteartsetmatieres.com\/wp-content\/uploads\/2022\/05\/20211027_183205-scaled-e1653647855712-1024x818.jpg\" alt=\"\" class=\"wp-image-1582\" width=\"339\" height=\"270\"\/><\/figure>\n<\/div>\n<\/div>\n\n\n\n<div class=\"wp-block-buttons is-content-justification-center is-layout-flex wp-container-core-buttons-layout-4 wp-block-buttons-is-layout-flex\">\n<div class=\"wp-block-button\"><a class=\"wp-block-button__link wp-element-button\" href=\"https:\/\/coletteartsetmatieres.com\/index.php\/suspension-mobile-2\/\">Cliquez ici pour retrouver tous les produits de la cat\u00e9gorie Suspension Mobile<\/a><\/div>\n<\/div>\n\n\n\n<p><\/p>\n\n\n\n<div class=\"wp-block-columns is-layout-flex wp-container-core-columns-layout-5 wp-block-columns-is-layout-flex\">\n<div class=\"wp-block-column is-layout-flow wp-block-column-is-layout-flow\">\n<h2 class=\"wp-block-heading\"><\/h2>\n\n\n\n<p><\/p>\n\n\n\n<figure class=\"wp-block-image size-full is-resized is-style-rounded\"><img loading=\"lazy\" decoding=\"async\" src=\"https:\/\/coletteartsetmatieres.com\/wp-content\/uploads\/2022\/05\/l1905cl01-e1653646406101.jpg\" alt=\"\" class=\"wp-image-1550\" width=\"286\" height=\"289\" srcset=\"https:\/\/coletteartsetmatieres.com\/wp-content\/uploads\/2022\/05\/l1905cl01-e1653646406101.jpg 256w, https:\/\/coletteartsetmatieres.com\/wp-content\/uploads\/2022\/05\/l1905cl01-e1653646406101-100x100.jpg 100w\" sizes=\"(max-width: 286px) 100vw, 286px\" \/><\/figure>\n<\/div>\n\n\n\n<div class=\"wp-block-column is-layout-flow wp-block-column-is-layout-flow\">\n<h2 class=\"has-medium-font-size wp-block-heading\"><strong>Zen :<\/strong><\/h2>\n\n\n\n<h2 class=\"has-medium-font-size wp-block-heading\">La nature est une source de calme, de r\u00e9confort et de repos, cr\u00e9ant ainsi une atmosph\u00e8re apaisante. L&rsquo;unicit\u00e9 et la simplicit\u00e9 des formes, des lignes, des couleurs et des \u00e9l\u00e9ments de mes cr\u00e9ations renforcent cet effet b\u00e9n\u00e9fique. Cela refl\u00e8te le principe de l&rsquo;art floral japonais, tel que l&rsquo;Ikebana, le kokedama et le bonsa\u00ef, qui valorisent \u00e9galement cette tranquillit\u00e9 et beaut\u00e9 naturelle <\/h2>\n<\/div>\n<\/div>\n\n\n\n<div class=\"wp-block-buttons is-content-justification-center is-layout-flex wp-container-core-buttons-layout-5 wp-block-buttons-is-layout-flex\">\n<div class=\"wp-block-button\"><a class=\"wp-block-button__link wp-element-button\" href=\"https:\/\/coletteartsetmatieres.com\/index.php\/zen-2\/\">Cliquez ici pour retrouver tous les produits de la cat\u00e9gorie Zen <\/a><\/div>\n<\/div>\n\n\n\n<p><\/p>\n\n\n\n<div class=\"wp-block-columns is-layout-flex wp-container-core-columns-layout-6 wp-block-columns-is-layout-flex\">\n<div class=\"wp-block-column is-layout-flow wp-block-column-is-layout-flow\">\n<h2 class=\"has-medium-font-size wp-block-heading\"><strong>Sculptures : <\/strong><\/h2>\n\n\n\n<h2 class=\"has-medium-font-size wp-block-heading\">Gr\u00e2ce \u00e0 une vari\u00e9t\u00e9 de techniques de fixation, mes cr\u00e9ations de sculpture et de claustra en v\u00e9g\u00e9taux durables sont parfaites pour embellir votre int\u00e9rieur.<\/h2>\n<\/div>\n\n\n\n<div class=\"wp-block-column is-layout-flow wp-block-column-is-layout-flow\">\n<figure class=\"wp-block-image size-large is-resized is-style-rounded\"><img loading=\"lazy\" decoding=\"async\" src=\"https:\/\/coletteartsetmatieres.com\/wp-content\/uploads\/2022\/05\/201909sc02-4-2-e1653660843991-1024x931.jpg\" alt=\"\" class=\"wp-image-1597\" width=\"305\" height=\"276\" srcset=\"https:\/\/coletteartsetmatieres.com\/wp-content\/uploads\/2022\/05\/201909sc02-4-2-e1653660843991-1024x931.jpg 1024w, https:\/\/coletteartsetmatieres.com\/wp-content\/uploads\/2022\/05\/201909sc02-4-2-e1653660843991-350x318.jpg 350w, https:\/\/coletteartsetmatieres.com\/wp-content\/uploads\/2022\/05\/201909sc02-4-2-e1653660843991.jpg 1029w\" sizes=\"(max-width: 305px) 100vw, 305px\" \/><\/figure>\n<\/div>\n<\/div>\n\n\n\n<div class=\"wp-block-buttons is-content-justification-center is-layout-flex wp-container-core-buttons-layout-6 wp-block-buttons-is-layout-flex\">\n<div class=\"wp-block-button\"><a class=\"wp-block-button__link wp-element-button\" href=\"https:\/\/coletteartsetmatieres.com\/index.php\/sculptures\/\">Cliquez ici pour retrouver tous les produits de la cat\u00e9gorie Sculptures<\/a><\/div>\n<\/div>\n\n\n\n<p><\/p>\n\n\n\n<div class=\"wp-block-columns is-layout-flex wp-container-core-columns-layout-7 wp-block-columns-is-layout-flex\">\n<div class=\"wp-block-column is-layout-flow wp-block-column-is-layout-flow\"><div class=\"wp-block-image is-style-rounded\">\n<figure class=\"aligncenter size-large is-resized\"><img loading=\"lazy\" decoding=\"async\" src=\"https:\/\/coletteartsetmatieres.com\/wp-content\/uploads\/2022\/05\/20211113_131236-e1653646539229-1024x857.jpg\" alt=\"\" class=\"wp-image-1543\" width=\"314\" height=\"263\" srcset=\"https:\/\/coletteartsetmatieres.com\/wp-content\/uploads\/2022\/05\/20211113_131236-e1653646539229-1024x857.jpg 1024w, https:\/\/coletteartsetmatieres.com\/wp-content\/uploads\/2022\/05\/20211113_131236-e1653646539229-300x251.jpg 300w, https:\/\/coletteartsetmatieres.com\/wp-content\/uploads\/2022\/05\/20211113_131236-e1653646539229-768x642.jpg 768w, https:\/\/coletteartsetmatieres.com\/wp-content\/uploads\/2022\/05\/20211113_131236-e1653646539229-500x418.jpg 500w, https:\/\/coletteartsetmatieres.com\/wp-content\/uploads\/2022\/05\/20211113_131236-e1653646539229-800x669.jpg 800w, https:\/\/coletteartsetmatieres.com\/wp-content\/uploads\/2022\/05\/20211113_131236-e1653646539229-350x293.jpg 350w, https:\/\/coletteartsetmatieres.com\/wp-content\/uploads\/2022\/05\/20211113_131236-e1653646539229.jpg 1089w\" sizes=\"(max-width: 314px) 100vw, 314px\" \/><\/figure><\/div><\/div>\n\n\n\n<div class=\"wp-block-column is-layout-flow wp-block-column-is-layout-flow\">\n<h2 class=\"has-medium-font-size wp-block-heading\"><strong>Vente \u00e0 l&rsquo;Unit\u00e9 :<\/strong> <\/h2>\n\n\n\n<h2 class=\"has-medium-font-size wp-block-heading\">Laissez libre cours \u00e0 votre cr\u00e9ativit\u00e9 en r\u00e9alisant vous-m\u00eame votre propre composition florale ou bouquet. Vente \u00e0 l&rsquo;unit\u00e9 ou conditionnement de fleurs, feuillage, branchage, lichen et mousses stabilis\u00e9s, bois, baies s\u00e9ch\u00e9es naturels, faites vos cr\u00e9ations !<\/h2>\n<\/div>\n<\/div>\n<\/div>\n<\/div>\n\n\n\n<div class=\"wp-block-buttons is-content-justification-center is-layout-flex wp-container-core-buttons-layout-7 wp-block-buttons-is-layout-flex\">\n<div class=\"wp-block-button\"><a class=\"wp-block-button__link wp-element-button\" href=\"https:\/\/coletteartsetmatieres.com\/index.php\/vente-a-lunite\/\">Cliquez ici pour retrouver tous les produits de la cat\u00e9gorie Vente \u00e0 l&rsquo;Unit\u00e9 <\/a><\/div>\n<\/div>\n\n\n\n<p><\/p>\n\n\n\n<p><\/p>\n\n\n\n<p><strong>Photos \/ vid\u00e9os<\/strong>&nbsp;: Toutes nos images sont sans retouches. Il est toutefois difficile de restituer les v\u00e9ritables couleurs d&rsquo;un produit. Le rendu des couleurs peut \u00e9galement varier d&rsquo;un \u00e9cran \u00e0 l&rsquo;autre.<\/p>\n\n\n<div class=\"wp-block-image\">\n<figure class=\"aligncenter size-full is-resized\"><img loading=\"lazy\" decoding=\"async\" src=\"https:\/\/coletteartsetmatieres.com\/wp-content\/uploads\/2022\/05\/image.png\" alt=\"\" class=\"wp-image-1328\" width=\"481\" height=\"132\" srcset=\"https:\/\/coletteartsetmatieres.com\/wp-content\/uploads\/2022\/05\/image.png 873w, https:\/\/coletteartsetmatieres.com\/wp-content\/uploads\/2022\/05\/image-300x83.png 300w, https:\/\/coletteartsetmatieres.com\/wp-content\/uploads\/2022\/05\/image-768x213.png 768w, https:\/\/coletteartsetmatieres.com\/wp-content\/uploads\/2022\/05\/image-800x222.png 800w, https:\/\/coletteartsetmatieres.com\/wp-content\/uploads\/2022\/05\/image-350x97.png 350w\" sizes=\"(max-width: 481px) 100vw, 481px\" \/><\/figure><\/div>","protected":false},"excerpt":{"rendered":"<p>D\u00e9couvrez ma galerie de cr\u00e9ations adapt\u00e9es \u00e0 divers \u00e9v\u00e9nements tels que la f\u00eate des m\u00e8res, les mariages et les c\u00e9r\u00e9monies. Qu&rsquo;il s&rsquo;agisse d&rsquo;un style romantique, moderne, rustique ou \u00e9l\u00e9gant, chaque cr\u00e9ation est con\u00e7ue pour r\u00e9pondre \u00e0 vos pr\u00e9f\u00e9rences. Explorez mes diff\u00e9rentes collections et trouvez la cr\u00e9ation parfaite pour c\u00e9l\u00e9brer ces moments importants de votre vie. &hellip; <\/p>\n<p class=\"link-more\"><a href=\"https:\/\/coletteartsetmatieres.com\/index.php\/creations\/\" class=\"more-link\">Continuer la lecture<span class=\"screen-reader-text\"> de &laquo;&nbsp;Galerie (cr\u00e9ations)&nbsp;&raquo;<\/span><\/a><\/p>\n","protected":false},"author":1,"featured_media":0,"parent":0,"menu_order":0,"comment_status":"closed","ping_status":"closed","template":"","meta":{"footnotes":"","_vp_format_video_url":"","_vp_image_focal_point":[]},"yoast_head":"<!-- This site is optimized with the Yoast SEO plugin v19.8 - https:\/\/yoast.com\/wordpress\/plugins\/seo\/ -->\n<title>Galerie (cr\u00e9ations) - Colette Arts et Mati\u00e8res.<\/title>\n<meta name=\"description\" content=\"D\u00e9couvrez diff\u00e9rents styles de cr\u00e9ations adapt\u00e9es \u00e0 divers \u00e9v\u00e9nements tels que la f\u00eate des m\u00e8res, les mariages et les c\u00e9r\u00e9monies.\" \/>\n<meta name=\"robots\" content=\"index, follow, max-snippet:-1, max-image-preview:large, max-video-preview:-1\" \/>\n<link rel=\"canonical\" href=\"https:\/\/coletteartsetmatieres.com\/index.php\/creations\/\" \/>\n<meta property=\"og:locale\" content=\"fr_FR\" \/>\n<meta property=\"og:type\" content=\"article\" \/>\n<meta property=\"og:title\" content=\"Galerie (cr\u00e9ations) - Colette Arts et Mati\u00e8res.\" \/>\n<meta property=\"og:description\" content=\"D\u00e9couvrez diff\u00e9rents styles de cr\u00e9ations adapt\u00e9es \u00e0 divers \u00e9v\u00e9nements tels que la f\u00eate des m\u00e8res, les mariages et les c\u00e9r\u00e9monies.\" \/>\n<meta property=\"og:url\" content=\"https:\/\/coletteartsetmatieres.com\/index.php\/creations\/\" \/>\n<meta property=\"og:site_name\" content=\"Colette Arts et Mati\u00e8res.\" \/>\n<meta property=\"article:modified_time\" content=\"2023-06-23T13:12:43+00:00\" \/>\n<meta property=\"og:image\" content=\"https:\/\/coletteartsetmatieres.com\/wp-content\/uploads\/2022\/05\/IMG_20191008_121017-300x252.jpg\" \/>\n<meta name=\"twitter:card\" content=\"summary_large_image\" \/>\n<meta name=\"twitter:label1\" content=\"Dur\u00e9e de lecture estim\u00e9e\" \/>\n\t<meta name=\"twitter:data1\" content=\"4 minutes\" \/>\n<script type=\"application\/ld+json\" class=\"yoast-schema-graph\">{\"@context\":\"https:\/\/schema.org\",\"@graph\":[{\"@type\":\"WebPage\",\"@id\":\"https:\/\/coletteartsetmatieres.com\/index.php\/creations\/\",\"url\":\"https:\/\/coletteartsetmatieres.com\/index.php\/creations\/\",\"name\":\"Galerie (cr\u00e9ations) - Colette Arts et Mati\u00e8res.\",\"isPartOf\":{\"@id\":\"https:\/\/coletteartsetmatieres.com\/#website\"},\"datePublished\":\"2022-04-21T08:39:33+00:00\",\"dateModified\":\"2023-06-23T13:12:43+00:00\",\"description\":\"D\u00e9couvrez diff\u00e9rents styles de cr\u00e9ations adapt\u00e9es \u00e0 divers \u00e9v\u00e9nements tels que la f\u00eate des m\u00e8res, les mariages et les c\u00e9r\u00e9monies.\",\"breadcrumb\":{\"@id\":\"https:\/\/coletteartsetmatieres.com\/index.php\/creations\/#breadcrumb\"},\"inLanguage\":\"fr-FR\",\"potentialAction\":[{\"@type\":\"ReadAction\",\"target\":[\"https:\/\/coletteartsetmatieres.com\/index.php\/creations\/\"]}]},{\"@type\":\"BreadcrumbList\",\"@id\":\"https:\/\/coletteartsetmatieres.com\/index.php\/creations\/#breadcrumb\",\"itemListElement\":[{\"@type\":\"ListItem\",\"position\":1,\"name\":\"Accueil\",\"item\":\"https:\/\/coletteartsetmatieres.com\/\"},{\"@type\":\"ListItem\",\"position\":2,\"name\":\"Galerie (cr\u00e9ations)\"}]},{\"@type\":\"WebSite\",\"@id\":\"https:\/\/coletteartsetmatieres.com\/#website\",\"url\":\"https:\/\/coletteartsetmatieres.com\/\",\"name\":\"Colette Arts et Mati\u00e8res.\",\"description\":\"   L&#039;Art du V\u00e9g\u00e9tal et de la Fleur stables et durables\",\"publisher\":{\"@id\":\"https:\/\/coletteartsetmatieres.com\/#organization\"},\"potentialAction\":[{\"@type\":\"SearchAction\",\"target\":{\"@type\":\"EntryPoint\",\"urlTemplate\":\"https:\/\/coletteartsetmatieres.com\/?s={search_term_string}\"},\"query-input\":\"required name=search_term_string\"}],\"inLanguage\":\"fr-FR\"},{\"@type\":\"Organization\",\"@id\":\"https:\/\/coletteartsetmatieres.com\/#organization\",\"name\":\"Colette Arts et Mati\u00e8res.\",\"url\":\"https:\/\/coletteartsetmatieres.com\/\",\"sameAs\":[],\"logo\":{\"@type\":\"ImageObject\",\"inLanguage\":\"fr-FR\",\"@id\":\"https:\/\/coletteartsetmatieres.com\/#\/schema\/logo\/image\/\",\"url\":\"https:\/\/coletteartsetmatieres.com\/wp-content\/uploads\/2020\/03\/cropped-Coletteartsetmatieres_logotype-2.png\",\"contentUrl\":\"https:\/\/coletteartsetmatieres.com\/wp-content\/uploads\/2020\/03\/cropped-Coletteartsetmatieres_logotype-2.png\",\"width\":409,\"height\":250,\"caption\":\"    Colette Arts et Mati\u00e8res. \"},\"image\":{\"@id\":\"https:\/\/coletteartsetmatieres.com\/#\/schema\/logo\/image\/\"}}]}<\/script>\n<!-- \/ Yoast SEO plugin. -->","yoast_head_json":{"title":"Galerie (cr\u00e9ations) - Colette Arts et Mati\u00e8res.","description":"D\u00e9couvrez diff\u00e9rents styles de cr\u00e9ations adapt\u00e9es \u00e0 divers \u00e9v\u00e9nements tels que la f\u00eate des m\u00e8res, les mariages et les c\u00e9r\u00e9monies.","robots":{"index":"index","follow":"follow","max-snippet":"max-snippet:-1","max-image-preview":"max-image-preview:large","max-video-preview":"max-video-preview:-1"},"canonical":"https:\/\/coletteartsetmatieres.com\/index.php\/creations\/","og_locale":"fr_FR","og_type":"article","og_title":"Galerie (cr\u00e9ations) - Colette Arts et Mati\u00e8res.","og_description":"D\u00e9couvrez diff\u00e9rents styles de cr\u00e9ations adapt\u00e9es \u00e0 divers \u00e9v\u00e9nements tels que la f\u00eate des m\u00e8res, les mariages et les c\u00e9r\u00e9monies.","og_url":"https:\/\/coletteartsetmatieres.com\/index.php\/creations\/","og_site_name":"Colette Arts et Mati\u00e8res.","article_modified_time":"2023-06-23T13:12:43+00:00","og_image":[{"url":"https:\/\/coletteartsetmatieres.com\/wp-content\/uploads\/2022\/05\/IMG_20191008_121017-300x252.jpg"}],"twitter_card":"summary_large_image","twitter_misc":{"Dur\u00e9e de lecture estim\u00e9e":"4 minutes"},"schema":{"@context":"https:\/\/schema.org","@graph":[{"@type":"WebPage","@id":"https:\/\/coletteartsetmatieres.com\/index.php\/creations\/","url":"https:\/\/coletteartsetmatieres.com\/index.php\/creations\/","name":"Galerie (cr\u00e9ations) - Colette Arts et Mati\u00e8res.","isPartOf":{"@id":"https:\/\/coletteartsetmatieres.com\/#website"},"datePublished":"2022-04-21T08:39:33+00:00","dateModified":"2023-06-23T13:12:43+00:00","description":"D\u00e9couvrez diff\u00e9rents styles de cr\u00e9ations adapt\u00e9es \u00e0 divers \u00e9v\u00e9nements tels que la f\u00eate des m\u00e8res, les mariages et les c\u00e9r\u00e9monies.","breadcrumb":{"@id":"https:\/\/coletteartsetmatieres.com\/index.php\/creations\/#breadcrumb"},"inLanguage":"fr-FR","potentialAction":[{"@type":"ReadAction","target":["https:\/\/coletteartsetmatieres.com\/index.php\/creations\/"]}]},{"@type":"BreadcrumbList","@id":"https:\/\/coletteartsetmatieres.com\/index.php\/creations\/#breadcrumb","itemListElement":[{"@type":"ListItem","position":1,"name":"Accueil","item":"https:\/\/coletteartsetmatieres.com\/"},{"@type":"ListItem","position":2,"name":"Galerie (cr\u00e9ations)"}]},{"@type":"WebSite","@id":"https:\/\/coletteartsetmatieres.com\/#website","url":"https:\/\/coletteartsetmatieres.com\/","name":"Colette Arts et Mati\u00e8res.","description":"   L&#039;Art du V\u00e9g\u00e9tal et de la Fleur stables et durables","publisher":{"@id":"https:\/\/coletteartsetmatieres.com\/#organization"},"potentialAction":[{"@type":"SearchAction","target":{"@type":"EntryPoint","urlTemplate":"https:\/\/coletteartsetmatieres.com\/?s={search_term_string}"},"query-input":"required name=search_term_string"}],"inLanguage":"fr-FR"},{"@type":"Organization","@id":"https:\/\/coletteartsetmatieres.com\/#organization","name":"Colette Arts et Mati\u00e8res.","url":"https:\/\/coletteartsetmatieres.com\/","sameAs":[],"logo":{"@type":"ImageObject","inLanguage":"fr-FR","@id":"https:\/\/coletteartsetmatieres.com\/#\/schema\/logo\/image\/","url":"https:\/\/coletteartsetmatieres.com\/wp-content\/uploads\/2020\/03\/cropped-Coletteartsetmatieres_logotype-2.png","contentUrl":"https:\/\/coletteartsetmatieres.com\/wp-content\/uploads\/2020\/03\/cropped-Coletteartsetmatieres_logotype-2.png","width":409,"height":250,"caption":"    Colette Arts et Mati\u00e8res. "},"image":{"@id":"https:\/\/coletteartsetmatieres.com\/#\/schema\/logo\/image\/"}}]}},"_links":{"self":[{"href":"https:\/\/coletteartsetmatieres.com\/index.php\/wp-json\/wp\/v2\/pages\/877"}],"collection":[{"href":"https:\/\/coletteartsetmatieres.com\/index.php\/wp-json\/wp\/v2\/pages"}],"about":[{"href":"https:\/\/coletteartsetmatieres.com\/index.php\/wp-json\/wp\/v2\/types\/page"}],"author":[{"embeddable":true,"href":"https:\/\/coletteartsetmatieres.com\/index.php\/wp-json\/wp\/v2\/users\/1"}],"replies":[{"embeddable":true,"href":"https:\/\/coletteartsetmatieres.com\/index.php\/wp-json\/wp\/v2\/comments?post=877"}],"version-history":[{"count":29,"href":"https:\/\/coletteartsetmatieres.com\/index.php\/wp-json\/wp\/v2\/pages\/877\/revisions"}],"predecessor-version":[{"id":1935,"href":"https:\/\/coletteartsetmatieres.com\/index.php\/wp-json\/wp\/v2\/pages\/877\/revisions\/1935"}],"wp:attachment":[{"href":"https:\/\/coletteartsetmatieres.com\/index.php\/wp-json\/wp\/v2\/media?parent=877"}],"curies":[{"name":"wp","href":"https:\/\/api.w.org\/{rel}","templated":true}]}}