{"id":881,"date":"2022-04-21T10:40:08","date_gmt":"2022-04-21T08:40:08","guid":{"rendered":"https:\/\/coletteartsetmatieres.com\/?page_id=881"},"modified":"2022-05-20T15:06:51","modified_gmt":"2022-05-20T13:06:51","slug":"figuratif","status":"publish","type":"page","link":"https:\/\/coletteartsetmatieres.com\/index.php\/figuratif\/","title":{"rendered":"Figuratif"},"content":{"rendered":"\n<h2 class=\"has-medium-font-size wp-block-heading\">Pour offrir, le cadeau symbolique!<\/h2>\n\n\n\n<h2 class=\"has-medium-font-size wp-block-heading\">Voici quelques r\u00e9alisations fait main pour exprimer nos repr\u00e9sentations f\u00e9tiches, nos embl\u00e8mes,<\/h2>\n\n\n\n<h2 class=\"has-medium-font-size wp-block-heading\">Quelques exemples de  sculpture repr\u00e9sentative de nos passions, nos m\u00e9tiers, nos collections <\/h2>\n\n\n\n<h2 class=\"has-medium-font-size wp-block-heading\">Des tableaux d\u00e9crivant nos r\u00eaves ou certains paysages significatifs, comme  les  saisons. <\/h2>\n\n\n\n<h2 class=\"has-medium-font-size wp-block-heading\">Notamment, le  symbole du vin et des m\u00e9tiers  de vigneron, caviste,  \u0153nologue, restaurateur ou simplement amateur de bonne cuisine  appr\u00e9cient ce genre de tableau avec \u00e9motion.<\/h2>\n\n\n\n<h2 class=\"has-medium-font-size wp-block-heading\">D\u00e9finissez votre th\u00e8me,  vos mati\u00e8res, vos couleurs, votre prix. Ce sera pour moi un  beau partage pour satisfaire votre projet.<\/h2>\n\n\n\n<p><\/p>\n\n\n\n<div class=\"wp-block-columns is-layout-flex wp-container-core-columns-layout-1 wp-block-columns-is-layout-flex\">\n<div class=\"wp-block-column is-layout-flow wp-block-column-is-layout-flow\">\n<div class=\"wp-block-buttons is-layout-flex wp-block-buttons-is-layout-flex\">\n<div class=\"wp-block-button aligncenter\"><a class=\"wp-block-button__link\" href=\"https:\/\/coletteartsetmatieres.com\/index.php\/symbole\/\">Symboles<\/a><\/div>\n<\/div>\n<\/div>\n\n\n\n<div class=\"wp-block-column is-layout-flow wp-block-column-is-layout-flow\">\n<div class=\"wp-block-buttons is-layout-flex wp-block-buttons-is-layout-flex\">\n<div class=\"wp-block-button aligncenter\"><a class=\"wp-block-button__link\" href=\"https:\/\/coletteartsetmatieres.com\/index.php\/paysagers\/\">Paysagers<\/a><\/div>\n<\/div>\n<\/div>\n\n\n\n<div class=\"wp-block-column is-layout-flow wp-block-column-is-layout-flow\">\n<div class=\"wp-block-buttons is-layout-flex wp-block-buttons-is-layout-flex\">\n<div class=\"wp-block-button aligncenter\"><a class=\"wp-block-button__link\" href=\"https:\/\/coletteartsetmatieres.com\/index.php\/animaux\/\">Animaux<\/a><\/div>\n<\/div>\n<\/div>\n<\/div>\n","protected":false},"excerpt":{"rendered":"<p>Pour offrir, le cadeau symbolique! Voici quelques r\u00e9alisations fait main pour exprimer nos repr\u00e9sentations f\u00e9tiches, nos embl\u00e8mes, Quelques exemples de sculpture repr\u00e9sentative de nos passions, nos m\u00e9tiers, nos collections Des tableaux d\u00e9crivant nos r\u00eaves ou certains paysages significatifs, comme les saisons. Notamment, le symbole du vin et des m\u00e9tiers de vigneron, caviste, \u0153nologue, restaurateur ou &hellip; <\/p>\n<p class=\"link-more\"><a href=\"https:\/\/coletteartsetmatieres.com\/index.php\/figuratif\/\" class=\"more-link\">Continuer la lecture<span class=\"screen-reader-text\"> de &laquo;&nbsp;Figuratif&nbsp;&raquo;<\/span><\/a><\/p>\n","protected":false},"author":1,"featured_media":0,"parent":0,"menu_order":0,"comment_status":"closed","ping_status":"closed","template":"","meta":{"footnotes":"","_vp_format_video_url":"","_vp_image_focal_point":[]},"yoast_head":"<!-- This site is optimized with the Yoast SEO plugin v19.8 - https:\/\/yoast.com\/wordpress\/plugins\/seo\/ -->\n<title>Figuratif - Colette Arts et Mati\u00e8res.<\/title>\n<meta name=\"robots\" content=\"index, follow, max-snippet:-1, max-image-preview:large, max-video-preview:-1\" \/>\n<link rel=\"canonical\" href=\"https:\/\/coletteartsetmatieres.com\/index.php\/figuratif\/\" \/>\n<meta property=\"og:locale\" content=\"fr_FR\" \/>\n<meta property=\"og:type\" content=\"article\" \/>\n<meta property=\"og:title\" content=\"Figuratif - Colette Arts et Mati\u00e8res.\" \/>\n<meta property=\"og:description\" content=\"Pour offrir, le cadeau symbolique! Voici quelques r\u00e9alisations fait main pour exprimer nos repr\u00e9sentations f\u00e9tiches, nos embl\u00e8mes, Quelques exemples de sculpture repr\u00e9sentative de nos passions, nos m\u00e9tiers, nos collections Des tableaux d\u00e9crivant nos r\u00eaves ou certains paysages significatifs, comme les saisons. Notamment, le symbole du vin et des m\u00e9tiers de vigneron, caviste, \u0153nologue, restaurateur ou &hellip; Continuer la lecture de &laquo;&nbsp;Figuratif&nbsp;&raquo;\" \/>\n<meta property=\"og:url\" content=\"https:\/\/coletteartsetmatieres.com\/index.php\/figuratif\/\" \/>\n<meta property=\"og:site_name\" content=\"Colette Arts et Mati\u00e8res.\" \/>\n<meta property=\"article:modified_time\" content=\"2022-05-20T13:06:51+00:00\" \/>\n<meta name=\"twitter:card\" content=\"summary_large_image\" \/>\n<meta name=\"twitter:label1\" content=\"Dur\u00e9e de lecture estim\u00e9e\" \/>\n\t<meta name=\"twitter:data1\" content=\"1 minute\" \/>\n<script type=\"application\/ld+json\" class=\"yoast-schema-graph\">{\"@context\":\"https:\/\/schema.org\",\"@graph\":[{\"@type\":\"WebPage\",\"@id\":\"https:\/\/coletteartsetmatieres.com\/index.php\/figuratif\/\",\"url\":\"https:\/\/coletteartsetmatieres.com\/index.php\/figuratif\/\",\"name\":\"Figuratif - Colette Arts et Mati\u00e8res.\",\"isPartOf\":{\"@id\":\"https:\/\/coletteartsetmatieres.com\/#website\"},\"datePublished\":\"2022-04-21T08:40:08+00:00\",\"dateModified\":\"2022-05-20T13:06:51+00:00\",\"breadcrumb\":{\"@id\":\"https:\/\/coletteartsetmatieres.com\/index.php\/figuratif\/#breadcrumb\"},\"inLanguage\":\"fr-FR\",\"potentialAction\":[{\"@type\":\"ReadAction\",\"target\":[\"https:\/\/coletteartsetmatieres.com\/index.php\/figuratif\/\"]}]},{\"@type\":\"BreadcrumbList\",\"@id\":\"https:\/\/coletteartsetmatieres.com\/index.php\/figuratif\/#breadcrumb\",\"itemListElement\":[{\"@type\":\"ListItem\",\"position\":1,\"name\":\"Accueil\",\"item\":\"https:\/\/coletteartsetmatieres.com\/\"},{\"@type\":\"ListItem\",\"position\":2,\"name\":\"Figuratif\"}]},{\"@type\":\"WebSite\",\"@id\":\"https:\/\/coletteartsetmatieres.com\/#website\",\"url\":\"https:\/\/coletteartsetmatieres.com\/\",\"name\":\"Colette Arts et Mati\u00e8res.\",\"description\":\"   L&#039;Art du V\u00e9g\u00e9tal et de la Fleur stables et durables\",\"publisher\":{\"@id\":\"https:\/\/coletteartsetmatieres.com\/#organization\"},\"potentialAction\":[{\"@type\":\"SearchAction\",\"target\":{\"@type\":\"EntryPoint\",\"urlTemplate\":\"https:\/\/coletteartsetmatieres.com\/?s={search_term_string}\"},\"query-input\":\"required name=search_term_string\"}],\"inLanguage\":\"fr-FR\"},{\"@type\":\"Organization\",\"@id\":\"https:\/\/coletteartsetmatieres.com\/#organization\",\"name\":\"Colette Arts et Mati\u00e8res.\",\"url\":\"https:\/\/coletteartsetmatieres.com\/\",\"sameAs\":[],\"logo\":{\"@type\":\"ImageObject\",\"inLanguage\":\"fr-FR\",\"@id\":\"https:\/\/coletteartsetmatieres.com\/#\/schema\/logo\/image\/\",\"url\":\"https:\/\/coletteartsetmatieres.com\/wp-content\/uploads\/2020\/03\/cropped-Coletteartsetmatieres_logotype-2.png\",\"contentUrl\":\"https:\/\/coletteartsetmatieres.com\/wp-content\/uploads\/2020\/03\/cropped-Coletteartsetmatieres_logotype-2.png\",\"width\":409,\"height\":250,\"caption\":\"    Colette Arts et Mati\u00e8res. \"},\"image\":{\"@id\":\"https:\/\/coletteartsetmatieres.com\/#\/schema\/logo\/image\/\"}}]}<\/script>\n<!-- \/ Yoast SEO plugin. -->","yoast_head_json":{"title":"Figuratif - Colette Arts et Mati\u00e8res.","robots":{"index":"index","follow":"follow","max-snippet":"max-snippet:-1","max-image-preview":"max-image-preview:large","max-video-preview":"max-video-preview:-1"},"canonical":"https:\/\/coletteartsetmatieres.com\/index.php\/figuratif\/","og_locale":"fr_FR","og_type":"article","og_title":"Figuratif - Colette Arts et Mati\u00e8res.","og_description":"Pour offrir, le cadeau symbolique! Voici quelques r\u00e9alisations fait main pour exprimer nos repr\u00e9sentations f\u00e9tiches, nos embl\u00e8mes, Quelques exemples de sculpture repr\u00e9sentative de nos passions, nos m\u00e9tiers, nos collections Des tableaux d\u00e9crivant nos r\u00eaves ou certains paysages significatifs, comme les saisons. Notamment, le symbole du vin et des m\u00e9tiers de vigneron, caviste, \u0153nologue, restaurateur ou &hellip; Continuer la lecture de &laquo;&nbsp;Figuratif&nbsp;&raquo;","og_url":"https:\/\/coletteartsetmatieres.com\/index.php\/figuratif\/","og_site_name":"Colette Arts et Mati\u00e8res.","article_modified_time":"2022-05-20T13:06:51+00:00","twitter_card":"summary_large_image","twitter_misc":{"Dur\u00e9e de lecture estim\u00e9e":"1 minute"},"schema":{"@context":"https:\/\/schema.org","@graph":[{"@type":"WebPage","@id":"https:\/\/coletteartsetmatieres.com\/index.php\/figuratif\/","url":"https:\/\/coletteartsetmatieres.com\/index.php\/figuratif\/","name":"Figuratif - Colette Arts et Mati\u00e8res.","isPartOf":{"@id":"https:\/\/coletteartsetmatieres.com\/#website"},"datePublished":"2022-04-21T08:40:08+00:00","dateModified":"2022-05-20T13:06:51+00:00","breadcrumb":{"@id":"https:\/\/coletteartsetmatieres.com\/index.php\/figuratif\/#breadcrumb"},"inLanguage":"fr-FR","potentialAction":[{"@type":"ReadAction","target":["https:\/\/coletteartsetmatieres.com\/index.php\/figuratif\/"]}]},{"@type":"BreadcrumbList","@id":"https:\/\/coletteartsetmatieres.com\/index.php\/figuratif\/#breadcrumb","itemListElement":[{"@type":"ListItem","position":1,"name":"Accueil","item":"https:\/\/coletteartsetmatieres.com\/"},{"@type":"ListItem","position":2,"name":"Figuratif"}]},{"@type":"WebSite","@id":"https:\/\/coletteartsetmatieres.com\/#website","url":"https:\/\/coletteartsetmatieres.com\/","name":"Colette Arts et Mati\u00e8res.","description":"   L&#039;Art du V\u00e9g\u00e9tal et de la Fleur stables et durables","publisher":{"@id":"https:\/\/coletteartsetmatieres.com\/#organization"},"potentialAction":[{"@type":"SearchAction","target":{"@type":"EntryPoint","urlTemplate":"https:\/\/coletteartsetmatieres.com\/?s={search_term_string}"},"query-input":"required name=search_term_string"}],"inLanguage":"fr-FR"},{"@type":"Organization","@id":"https:\/\/coletteartsetmatieres.com\/#organization","name":"Colette Arts et Mati\u00e8res.","url":"https:\/\/coletteartsetmatieres.com\/","sameAs":[],"logo":{"@type":"ImageObject","inLanguage":"fr-FR","@id":"https:\/\/coletteartsetmatieres.com\/#\/schema\/logo\/image\/","url":"https:\/\/coletteartsetmatieres.com\/wp-content\/uploads\/2020\/03\/cropped-Coletteartsetmatieres_logotype-2.png","contentUrl":"https:\/\/coletteartsetmatieres.com\/wp-content\/uploads\/2020\/03\/cropped-Coletteartsetmatieres_logotype-2.png","width":409,"height":250,"caption":"    Colette Arts et Mati\u00e8res. "},"image":{"@id":"https:\/\/coletteartsetmatieres.com\/#\/schema\/logo\/image\/"}}]}},"_links":{"self":[{"href":"https:\/\/coletteartsetmatieres.com\/index.php\/wp-json\/wp\/v2\/pages\/881"}],"collection":[{"href":"https:\/\/coletteartsetmatieres.com\/index.php\/wp-json\/wp\/v2\/pages"}],"about":[{"href":"https:\/\/coletteartsetmatieres.com\/index.php\/wp-json\/wp\/v2\/types\/page"}],"author":[{"embeddable":true,"href":"https:\/\/coletteartsetmatieres.com\/index.php\/wp-json\/wp\/v2\/users\/1"}],"replies":[{"embeddable":true,"href":"https:\/\/coletteartsetmatieres.com\/index.php\/wp-json\/wp\/v2\/comments?post=881"}],"version-history":[{"count":6,"href":"https:\/\/coletteartsetmatieres.com\/index.php\/wp-json\/wp\/v2\/pages\/881\/revisions"}],"predecessor-version":[{"id":1407,"href":"https:\/\/coletteartsetmatieres.com\/index.php\/wp-json\/wp\/v2\/pages\/881\/revisions\/1407"}],"wp:attachment":[{"href":"https:\/\/coletteartsetmatieres.com\/index.php\/wp-json\/wp\/v2\/media?parent=881"}],"curies":[{"name":"wp","href":"https:\/\/api.w.org\/{rel}","templated":true}]}}