{"id":889,"date":"2022-04-21T10:40:49","date_gmt":"2022-04-21T08:40:49","guid":{"rendered":"https:\/\/coletteartsetmatieres.com\/?page_id=889"},"modified":"2022-05-20T15:04:02","modified_gmt":"2022-05-20T13:04:02","slug":"paysagers","status":"publish","type":"page","link":"https:\/\/coletteartsetmatieres.com\/index.php\/paysagers\/","title":{"rendered":"Paysagers"},"content":{"rendered":"\n<h2 class=\"has-medium-font-size wp-block-heading\">De la simple plante au jardin en passant par le tableau des saisons, je m&rsquo;adapte \u00e0 l&rsquo;image qui vous inspire.<\/h2>\n\n\n\n<h2 class=\"has-medium-font-size wp-block-heading\">D&rsquo;autres mod\u00e8les sont disponibles sur demande &#8230;<\/h2>\n\n\n<div data-block-name=\"woocommerce\/product-category\" data-categories=\"[51]\" class=\"wc-block-grid wp-block-product-category wc-block-product-category has-3-columns has-multiple-rows\"><ul class=\"wc-block-grid__products\"><li class=\"wc-block-grid__product\">\n\t\t\t\t<a href=\"https:\/\/coletteartsetmatieres.com\/index.php\/produit\/saule-reconstitue\/\" class=\"wc-block-grid__product-link\">\n\t\t\t\t\t<div class=\"wc-block-grid__product-image\"><img loading=\"lazy\" decoding=\"async\" width=\"250\" height=\"250\" src=\"https:\/\/coletteartsetmatieres.com\/wp-content\/uploads\/2022\/05\/saule-reconstitue-95-250x250.jpg\" class=\"attachment-woocommerce_thumbnail size-woocommerce_thumbnail\" alt=\"Saule reconstitu\u00e9\" srcset=\"https:\/\/coletteartsetmatieres.com\/wp-content\/uploads\/2022\/05\/saule-reconstitue-95-250x250.jpg 250w, https:\/\/coletteartsetmatieres.com\/wp-content\/uploads\/2022\/05\/saule-reconstitue-95-150x150.jpg 150w, https:\/\/coletteartsetmatieres.com\/wp-content\/uploads\/2022\/05\/saule-reconstitue-95-100x100.jpg 100w\" sizes=\"100vw\" \/><\/div>\n\t\t\t\t\t<div class=\"wc-block-grid__product-title\">Saule reconstitu\u00e9<\/div>\n\t\t\t\t<\/a>\n\t\t\t\t\n\t\t\t\t<div class=\"wc-block-grid__product-price price\"><span class=\"woocommerce-Price-amount amount\">142,00<span class=\"woocommerce-Price-currencySymbol\">&euro;<\/span><\/span><\/div>\n\t\t\t\t\n\t\t\t\t<div class=\"wp-block-button wc-block-grid__product-add-to-cart\"><a href=\"?add-to-cart=1065\" aria-label=\"Ajouter &ldquo;Saule reconstitu\u00e9&rdquo; \u00e0 votre panier\" data-quantity=\"1\" data-product_id=\"1065\" data-product_sku=\"\" rel=\"nofollow\" class=\"wp-block-button__link wp-element-button add_to_cart_button ajax_add_to_cart\">Ajouter au panier<\/a><\/div>\n\t\t\t<\/li><li class=\"wc-block-grid__product\">\n\t\t\t\t<a href=\"https:\/\/coletteartsetmatieres.com\/index.php\/produit\/rond-sauvage\/\" class=\"wc-block-grid__product-link\">\n\t\t\t\t\t<div class=\"wc-block-grid__product-image\"><img loading=\"lazy\" decoding=\"async\" width=\"250\" height=\"250\" src=\"https:\/\/coletteartsetmatieres.com\/wp-content\/uploads\/2022\/05\/rond-sauvage-44-250x250.jpg\" class=\"attachment-woocommerce_thumbnail size-woocommerce_thumbnail\" alt=\"Rond sauvage\" srcset=\"https:\/\/coletteartsetmatieres.com\/wp-content\/uploads\/2022\/05\/rond-sauvage-44-250x250.jpg 250w, https:\/\/coletteartsetmatieres.com\/wp-content\/uploads\/2022\/05\/rond-sauvage-44-150x150.jpg 150w, https:\/\/coletteartsetmatieres.com\/wp-content\/uploads\/2022\/05\/rond-sauvage-44-100x100.jpg 100w\" sizes=\"100vw\" \/><\/div>\n\t\t\t\t\t<div class=\"wc-block-grid__product-title\">Rond sauvage<\/div>\n\t\t\t\t<\/a>\n\t\t\t\t\n\t\t\t\t<div class=\"wc-block-grid__product-price price\"><span class=\"woocommerce-Price-amount amount\">27,00<span class=\"woocommerce-Price-currencySymbol\">&euro;<\/span><\/span><\/div>\n\t\t\t\t\n\t\t\t\t<div class=\"wp-block-button wc-block-grid__product-add-to-cart\"><a href=\"?add-to-cart=1063\" aria-label=\"Ajouter &ldquo;Rond sauvage&rdquo; \u00e0 votre panier\" data-quantity=\"1\" data-product_id=\"1063\" data-product_sku=\"\" rel=\"nofollow\" class=\"wp-block-button__link wp-element-button add_to_cart_button ajax_add_to_cart\">Ajouter au panier<\/a><\/div>\n\t\t\t<\/li><li class=\"wc-block-grid__product\">\n\t\t\t\t<a href=\"https:\/\/coletteartsetmatieres.com\/index.php\/produit\/ciel-printanier\/\" class=\"wc-block-grid__product-link\">\n\t\t\t\t\t<div class=\"wc-block-grid__product-image\"><img loading=\"lazy\" decoding=\"async\" width=\"250\" height=\"250\" src=\"https:\/\/coletteartsetmatieres.com\/wp-content\/uploads\/2022\/05\/ciel-printannier-15-1-250x250.jpg\" class=\"attachment-woocommerce_thumbnail size-woocommerce_thumbnail\" alt=\"Ciel printanier\" srcset=\"https:\/\/coletteartsetmatieres.com\/wp-content\/uploads\/2022\/05\/ciel-printannier-15-1-250x250.jpg 250w, https:\/\/coletteartsetmatieres.com\/wp-content\/uploads\/2022\/05\/ciel-printannier-15-1-150x150.jpg 150w, https:\/\/coletteartsetmatieres.com\/wp-content\/uploads\/2022\/05\/ciel-printannier-15-1-100x100.jpg 100w\" sizes=\"100vw\" \/><\/div>\n\t\t\t\t\t<div class=\"wc-block-grid__product-title\">Ciel printanier<\/div>\n\t\t\t\t<\/a>\n\t\t\t\t\n\t\t\t\t<div class=\"wc-block-grid__product-price price\"><span class=\"woocommerce-Price-amount amount\">748,00<span class=\"woocommerce-Price-currencySymbol\">&euro;<\/span><\/span><\/div>\n\t\t\t\t\n\t\t\t\t<div class=\"wp-block-button wc-block-grid__product-add-to-cart\"><a href=\"?add-to-cart=1061\" aria-label=\"Ajouter &ldquo;Ciel printanier&rdquo; \u00e0 votre panier\" data-quantity=\"1\" data-product_id=\"1061\" data-product_sku=\"\" rel=\"nofollow\" class=\"wp-block-button__link wp-element-button add_to_cart_button ajax_add_to_cart\">Ajouter au panier<\/a><\/div>\n\t\t\t<\/li><\/ul><\/div>\n\n\n<p class=\"has-text-align-center\">Utilisez le code <strong>DRIVE<\/strong> dans votre panier pour ne pas payer les frais de livraison si vous souhaitez r\u00e9cup\u00e9rer directement votre achat \u00e0 l&rsquo;atelier.<\/p>\n","protected":false},"excerpt":{"rendered":"<p>De la simple plante au jardin en passant par le tableau des saisons, je m&rsquo;adapte \u00e0 l&rsquo;image qui vous inspire. D&rsquo;autres mod\u00e8les sont disponibles sur demande &#8230; Utilisez le code DRIVE dans votre panier pour ne pas payer les frais de livraison si vous souhaitez r\u00e9cup\u00e9rer directement votre achat \u00e0 l&rsquo;atelier.<\/p>\n","protected":false},"author":1,"featured_media":0,"parent":0,"menu_order":0,"comment_status":"closed","ping_status":"closed","template":"","meta":{"footnotes":"","_vp_format_video_url":"","_vp_image_focal_point":[]},"yoast_head":"<!-- This site is optimized with the Yoast SEO plugin v19.8 - https:\/\/yoast.com\/wordpress\/plugins\/seo\/ -->\n<title>Paysagers - Colette Arts et Mati\u00e8res.<\/title>\n<meta name=\"robots\" content=\"index, follow, max-snippet:-1, max-image-preview:large, max-video-preview:-1\" \/>\n<link rel=\"canonical\" href=\"https:\/\/coletteartsetmatieres.com\/index.php\/paysagers\/\" \/>\n<meta property=\"og:locale\" content=\"fr_FR\" \/>\n<meta property=\"og:type\" content=\"article\" \/>\n<meta property=\"og:title\" content=\"Paysagers - Colette Arts et Mati\u00e8res.\" \/>\n<meta property=\"og:description\" content=\"De la simple plante au jardin en passant par le tableau des saisons, je m&rsquo;adapte \u00e0 l&rsquo;image qui vous inspire. D&rsquo;autres mod\u00e8les sont disponibles sur demande &#8230; Utilisez le code DRIVE dans votre panier pour ne pas payer les frais de livraison si vous souhaitez r\u00e9cup\u00e9rer directement votre achat \u00e0 l&rsquo;atelier.\" \/>\n<meta property=\"og:url\" content=\"https:\/\/coletteartsetmatieres.com\/index.php\/paysagers\/\" \/>\n<meta property=\"og:site_name\" content=\"Colette Arts et Mati\u00e8res.\" \/>\n<meta property=\"article:modified_time\" content=\"2022-05-20T13:04:02+00:00\" \/>\n<meta name=\"twitter:card\" content=\"summary_large_image\" \/>\n<script type=\"application\/ld+json\" class=\"yoast-schema-graph\">{\"@context\":\"https:\/\/schema.org\",\"@graph\":[{\"@type\":\"WebPage\",\"@id\":\"https:\/\/coletteartsetmatieres.com\/index.php\/paysagers\/\",\"url\":\"https:\/\/coletteartsetmatieres.com\/index.php\/paysagers\/\",\"name\":\"Paysagers - Colette Arts et Mati\u00e8res.\",\"isPartOf\":{\"@id\":\"https:\/\/coletteartsetmatieres.com\/#website\"},\"datePublished\":\"2022-04-21T08:40:49+00:00\",\"dateModified\":\"2022-05-20T13:04:02+00:00\",\"breadcrumb\":{\"@id\":\"https:\/\/coletteartsetmatieres.com\/index.php\/paysagers\/#breadcrumb\"},\"inLanguage\":\"fr-FR\",\"potentialAction\":[{\"@type\":\"ReadAction\",\"target\":[\"https:\/\/coletteartsetmatieres.com\/index.php\/paysagers\/\"]}]},{\"@type\":\"BreadcrumbList\",\"@id\":\"https:\/\/coletteartsetmatieres.com\/index.php\/paysagers\/#breadcrumb\",\"itemListElement\":[{\"@type\":\"ListItem\",\"position\":1,\"name\":\"Accueil\",\"item\":\"https:\/\/coletteartsetmatieres.com\/\"},{\"@type\":\"ListItem\",\"position\":2,\"name\":\"Paysagers\"}]},{\"@type\":\"WebSite\",\"@id\":\"https:\/\/coletteartsetmatieres.com\/#website\",\"url\":\"https:\/\/coletteartsetmatieres.com\/\",\"name\":\"Colette Arts et Mati\u00e8res.\",\"description\":\"   L&#039;Art du V\u00e9g\u00e9tal et de la Fleur stables et durables\",\"publisher\":{\"@id\":\"https:\/\/coletteartsetmatieres.com\/#organization\"},\"potentialAction\":[{\"@type\":\"SearchAction\",\"target\":{\"@type\":\"EntryPoint\",\"urlTemplate\":\"https:\/\/coletteartsetmatieres.com\/?s={search_term_string}\"},\"query-input\":\"required name=search_term_string\"}],\"inLanguage\":\"fr-FR\"},{\"@type\":\"Organization\",\"@id\":\"https:\/\/coletteartsetmatieres.com\/#organization\",\"name\":\"Colette Arts et Mati\u00e8res.\",\"url\":\"https:\/\/coletteartsetmatieres.com\/\",\"sameAs\":[],\"logo\":{\"@type\":\"ImageObject\",\"inLanguage\":\"fr-FR\",\"@id\":\"https:\/\/coletteartsetmatieres.com\/#\/schema\/logo\/image\/\",\"url\":\"https:\/\/coletteartsetmatieres.com\/wp-content\/uploads\/2020\/03\/cropped-Coletteartsetmatieres_logotype-2.png\",\"contentUrl\":\"https:\/\/coletteartsetmatieres.com\/wp-content\/uploads\/2020\/03\/cropped-Coletteartsetmatieres_logotype-2.png\",\"width\":409,\"height\":250,\"caption\":\"    Colette Arts et Mati\u00e8res. \"},\"image\":{\"@id\":\"https:\/\/coletteartsetmatieres.com\/#\/schema\/logo\/image\/\"}}]}<\/script>\n<!-- \/ Yoast SEO plugin. -->","yoast_head_json":{"title":"Paysagers - Colette Arts et Mati\u00e8res.","robots":{"index":"index","follow":"follow","max-snippet":"max-snippet:-1","max-image-preview":"max-image-preview:large","max-video-preview":"max-video-preview:-1"},"canonical":"https:\/\/coletteartsetmatieres.com\/index.php\/paysagers\/","og_locale":"fr_FR","og_type":"article","og_title":"Paysagers - Colette Arts et Mati\u00e8res.","og_description":"De la simple plante au jardin en passant par le tableau des saisons, je m&rsquo;adapte \u00e0 l&rsquo;image qui vous inspire. D&rsquo;autres mod\u00e8les sont disponibles sur demande &#8230; Utilisez le code DRIVE dans votre panier pour ne pas payer les frais de livraison si vous souhaitez r\u00e9cup\u00e9rer directement votre achat \u00e0 l&rsquo;atelier.","og_url":"https:\/\/coletteartsetmatieres.com\/index.php\/paysagers\/","og_site_name":"Colette Arts et Mati\u00e8res.","article_modified_time":"2022-05-20T13:04:02+00:00","twitter_card":"summary_large_image","schema":{"@context":"https:\/\/schema.org","@graph":[{"@type":"WebPage","@id":"https:\/\/coletteartsetmatieres.com\/index.php\/paysagers\/","url":"https:\/\/coletteartsetmatieres.com\/index.php\/paysagers\/","name":"Paysagers - Colette Arts et Mati\u00e8res.","isPartOf":{"@id":"https:\/\/coletteartsetmatieres.com\/#website"},"datePublished":"2022-04-21T08:40:49+00:00","dateModified":"2022-05-20T13:04:02+00:00","breadcrumb":{"@id":"https:\/\/coletteartsetmatieres.com\/index.php\/paysagers\/#breadcrumb"},"inLanguage":"fr-FR","potentialAction":[{"@type":"ReadAction","target":["https:\/\/coletteartsetmatieres.com\/index.php\/paysagers\/"]}]},{"@type":"BreadcrumbList","@id":"https:\/\/coletteartsetmatieres.com\/index.php\/paysagers\/#breadcrumb","itemListElement":[{"@type":"ListItem","position":1,"name":"Accueil","item":"https:\/\/coletteartsetmatieres.com\/"},{"@type":"ListItem","position":2,"name":"Paysagers"}]},{"@type":"WebSite","@id":"https:\/\/coletteartsetmatieres.com\/#website","url":"https:\/\/coletteartsetmatieres.com\/","name":"Colette Arts et Mati\u00e8res.","description":"   L&#039;Art du V\u00e9g\u00e9tal et de la Fleur stables et durables","publisher":{"@id":"https:\/\/coletteartsetmatieres.com\/#organization"},"potentialAction":[{"@type":"SearchAction","target":{"@type":"EntryPoint","urlTemplate":"https:\/\/coletteartsetmatieres.com\/?s={search_term_string}"},"query-input":"required name=search_term_string"}],"inLanguage":"fr-FR"},{"@type":"Organization","@id":"https:\/\/coletteartsetmatieres.com\/#organization","name":"Colette Arts et Mati\u00e8res.","url":"https:\/\/coletteartsetmatieres.com\/","sameAs":[],"logo":{"@type":"ImageObject","inLanguage":"fr-FR","@id":"https:\/\/coletteartsetmatieres.com\/#\/schema\/logo\/image\/","url":"https:\/\/coletteartsetmatieres.com\/wp-content\/uploads\/2020\/03\/cropped-Coletteartsetmatieres_logotype-2.png","contentUrl":"https:\/\/coletteartsetmatieres.com\/wp-content\/uploads\/2020\/03\/cropped-Coletteartsetmatieres_logotype-2.png","width":409,"height":250,"caption":"    Colette Arts et Mati\u00e8res. "},"image":{"@id":"https:\/\/coletteartsetmatieres.com\/#\/schema\/logo\/image\/"}}]}},"_links":{"self":[{"href":"https:\/\/coletteartsetmatieres.com\/index.php\/wp-json\/wp\/v2\/pages\/889"}],"collection":[{"href":"https:\/\/coletteartsetmatieres.com\/index.php\/wp-json\/wp\/v2\/pages"}],"about":[{"href":"https:\/\/coletteartsetmatieres.com\/index.php\/wp-json\/wp\/v2\/types\/page"}],"author":[{"embeddable":true,"href":"https:\/\/coletteartsetmatieres.com\/index.php\/wp-json\/wp\/v2\/users\/1"}],"replies":[{"embeddable":true,"href":"https:\/\/coletteartsetmatieres.com\/index.php\/wp-json\/wp\/v2\/comments?post=889"}],"version-history":[{"count":7,"href":"https:\/\/coletteartsetmatieres.com\/index.php\/wp-json\/wp\/v2\/pages\/889\/revisions"}],"predecessor-version":[{"id":1405,"href":"https:\/\/coletteartsetmatieres.com\/index.php\/wp-json\/wp\/v2\/pages\/889\/revisions\/1405"}],"wp:attachment":[{"href":"https:\/\/coletteartsetmatieres.com\/index.php\/wp-json\/wp\/v2\/media?parent=889"}],"curies":[{"name":"wp","href":"https:\/\/api.w.org\/{rel}","templated":true}]}}