{"id":893,"date":"2022-04-21T10:41:05","date_gmt":"2022-04-21T08:41:05","guid":{"rendered":"https:\/\/coletteartsetmatieres.com\/?page_id=893"},"modified":"2023-06-23T12:07:26","modified_gmt":"2023-06-23T10:07:26","slug":"animaux","status":"publish","type":"page","link":"https:\/\/coletteartsetmatieres.com\/index.php\/animaux\/","title":{"rendered":"Animaux"},"content":{"rendered":"\n<p>D\u00e9couvrez mes cr\u00e9ations d&rsquo;animaux, notamment quelques magnifiques oiseaux ! <\/p>\n\n\n\n<p>Quel que soit votre projet, je suis en mesure de personnaliser mon travail pour r\u00e9pondre \u00e0 vos besoins sp\u00e9cifiques. <\/p>\n\n\n\n<p>N&rsquo;h\u00e9sitez pas \u00e0 me contacter pour discuter de vos id\u00e9es et demandes particuli\u00e8res. Je suis ouvert et disponible pour vous fournir des cr\u00e9ations uniques et sur mesure, correspondant \u00e0 vos attentes.<\/p>\n\n\n\n<p><\/p>\n\n\n<div data-block-name=\"woocommerce\/product-category\" data-categories=\"[50]\" class=\"wc-block-grid wp-block-product-category wc-block-product-category has-3-columns has-multiple-rows\"><ul class=\"wc-block-grid__products\"><li class=\"wc-block-grid__product\">\n\t\t\t\t<a href=\"https:\/\/coletteartsetmatieres.com\/index.php\/produit\/colombe\/\" class=\"wc-block-grid__product-link\">\n\t\t\t\t\t<div class=\"wc-block-grid__product-image\"><img loading=\"lazy\" decoding=\"async\" width=\"250\" height=\"250\" src=\"https:\/\/coletteartsetmatieres.com\/wp-content\/uploads\/2022\/05\/colombes_102-removebg-preview-e1651520421383-250x250.png\" class=\"attachment-woocommerce_thumbnail size-woocommerce_thumbnail\" alt=\"Colombe\" srcset=\"https:\/\/coletteartsetmatieres.com\/wp-content\/uploads\/2022\/05\/colombes_102-removebg-preview-e1651520421383-250x250.png 250w, https:\/\/coletteartsetmatieres.com\/wp-content\/uploads\/2022\/05\/colombes_102-removebg-preview-e1651520421383-150x150.png 150w, https:\/\/coletteartsetmatieres.com\/wp-content\/uploads\/2022\/05\/colombes_102-removebg-preview-e1651520421383-100x100.png 100w\" sizes=\"100vw\" \/><\/div>\n\t\t\t\t\t<div class=\"wc-block-grid__product-title\">Colombe<\/div>\n\t\t\t\t<\/a>\n\t\t\t\t\n\t\t\t\t<div class=\"wc-block-grid__product-price price\"><\/div>\n\t\t\t\t\n\t\t\t\t<div class=\"wp-block-button wc-block-grid__product-add-to-cart\"><a href=\"https:\/\/coletteartsetmatieres.com\/index.php\/produit\/colombe\/\" aria-label=\"En savoir plus sur &ldquo;Colombe&rdquo;\" data-quantity=\"1\" data-product_id=\"1073\" data-product_sku=\"\" rel=\"nofollow\" class=\"wp-block-button__link wp-element-button add_to_cart_button\">Lire la suite<\/a><\/div>\n\t\t\t<\/li><li class=\"wc-block-grid__product\">\n\t\t\t\t<a href=\"https:\/\/coletteartsetmatieres.com\/index.php\/produit\/chouette\/\" class=\"wc-block-grid__product-link\">\n\t\t\t\t\t<div class=\"wc-block-grid__product-image\"><img loading=\"lazy\" decoding=\"async\" width=\"250\" height=\"250\" src=\"https:\/\/coletteartsetmatieres.com\/wp-content\/uploads\/2022\/05\/hibou_103-removebg-preview-e1653390265466-250x250.png\" class=\"attachment-woocommerce_thumbnail size-woocommerce_thumbnail\" alt=\"Chouette\" srcset=\"https:\/\/coletteartsetmatieres.com\/wp-content\/uploads\/2022\/05\/hibou_103-removebg-preview-e1653390265466-250x250.png 250w, https:\/\/coletteartsetmatieres.com\/wp-content\/uploads\/2022\/05\/hibou_103-removebg-preview-e1653390265466-150x150.png 150w, https:\/\/coletteartsetmatieres.com\/wp-content\/uploads\/2022\/05\/hibou_103-removebg-preview-e1653390265466-100x100.png 100w\" sizes=\"100vw\" \/><\/div>\n\t\t\t\t\t<div class=\"wc-block-grid__product-title\">Chouette<\/div>\n\t\t\t\t<\/a>\n\t\t\t\t\n\t\t\t\t<div class=\"wc-block-grid__product-price price\"><\/div>\n\t\t\t\t\n\t\t\t\t<div class=\"wp-block-button wc-block-grid__product-add-to-cart\"><a href=\"https:\/\/coletteartsetmatieres.com\/index.php\/produit\/chouette\/\" aria-label=\"En savoir plus sur &ldquo;Chouette&rdquo;\" data-quantity=\"1\" data-product_id=\"1071\" data-product_sku=\"\" rel=\"nofollow\" class=\"wp-block-button__link wp-element-button add_to_cart_button\">Lire la suite<\/a><\/div>\n\t\t\t<\/li><li class=\"wc-block-grid__product\">\n\t\t\t\t<a href=\"https:\/\/coletteartsetmatieres.com\/index.php\/produit\/mouette\/\" class=\"wc-block-grid__product-link\">\n\t\t\t\t\t<div class=\"wc-block-grid__product-image\"><img loading=\"lazy\" decoding=\"async\" width=\"250\" height=\"250\" src=\"https:\/\/coletteartsetmatieres.com\/wp-content\/uploads\/2022\/05\/mouette_100-removebg-preview-e1651569345307-250x250.png\" class=\"attachment-woocommerce_thumbnail size-woocommerce_thumbnail\" alt=\"Mouette\" srcset=\"https:\/\/coletteartsetmatieres.com\/wp-content\/uploads\/2022\/05\/mouette_100-removebg-preview-e1651569345307-250x250.png 250w, https:\/\/coletteartsetmatieres.com\/wp-content\/uploads\/2022\/05\/mouette_100-removebg-preview-e1651569345307-100x100.png 100w\" sizes=\"100vw\" \/><\/div>\n\t\t\t\t\t<div class=\"wc-block-grid__product-title\">Mouette<\/div>\n\t\t\t\t<\/a>\n\t\t\t\t\n\t\t\t\t<div class=\"wc-block-grid__product-price price\"><\/div>\n\t\t\t\t\n\t\t\t\t<div class=\"wp-block-button wc-block-grid__product-add-to-cart\"><a href=\"https:\/\/coletteartsetmatieres.com\/index.php\/produit\/mouette\/\" aria-label=\"En savoir plus sur &ldquo;Mouette&rdquo;\" data-quantity=\"1\" data-product_id=\"1067\" data-product_sku=\"\" rel=\"nofollow\" class=\"wp-block-button__link wp-element-button add_to_cart_button\">Lire la suite<\/a><\/div>\n\t\t\t<\/li><\/ul><\/div>\n\n\n<p class=\"has-text-align-center\">Utilisez le code <strong>DRIVE<\/strong> dans votre panier pour ne pas payer les frais de livraison si vous souhaitez r\u00e9cup\u00e9rer directement votre achat \u00e0 l&rsquo;atelier.<\/p>\n","protected":false},"excerpt":{"rendered":"<p>D\u00e9couvrez mes cr\u00e9ations d&rsquo;animaux, notamment quelques magnifiques oiseaux ! Quel que soit votre projet, je suis en mesure de personnaliser mon travail pour r\u00e9pondre \u00e0 vos besoins sp\u00e9cifiques. N&rsquo;h\u00e9sitez pas \u00e0 me contacter pour discuter de vos id\u00e9es et demandes particuli\u00e8res. Je suis ouvert et disponible pour vous fournir des cr\u00e9ations uniques et sur mesure, &hellip; <\/p>\n<p class=\"link-more\"><a href=\"https:\/\/coletteartsetmatieres.com\/index.php\/animaux\/\" class=\"more-link\">Continuer la lecture<span class=\"screen-reader-text\"> de &laquo;&nbsp;Animaux&nbsp;&raquo;<\/span><\/a><\/p>\n","protected":false},"author":1,"featured_media":0,"parent":0,"menu_order":0,"comment_status":"closed","ping_status":"closed","template":"","meta":{"footnotes":"","_vp_format_video_url":"","_vp_image_focal_point":[]},"yoast_head":"<!-- This site is optimized with the Yoast SEO plugin v19.8 - https:\/\/yoast.com\/wordpress\/plugins\/seo\/ -->\n<title>Animaux - Colette Arts et Mati\u00e8res.<\/title>\n<meta name=\"description\" content=\"D\u00e9couvrez mes cr\u00e9ations d&#039;animaux, notamment quelques magnifiques oiseaux ! Quel que soit votre projet, je suis en mesure de personnaliser..\" \/>\n<meta name=\"robots\" content=\"index, follow, max-snippet:-1, max-image-preview:large, max-video-preview:-1\" \/>\n<link rel=\"canonical\" href=\"https:\/\/coletteartsetmatieres.com\/index.php\/animaux\/\" \/>\n<meta property=\"og:locale\" content=\"fr_FR\" \/>\n<meta property=\"og:type\" content=\"article\" \/>\n<meta property=\"og:title\" content=\"Animaux - Colette Arts et Mati\u00e8res.\" \/>\n<meta property=\"og:description\" content=\"D\u00e9couvrez mes cr\u00e9ations d&#039;animaux, notamment quelques magnifiques oiseaux ! Quel que soit votre projet, je suis en mesure de personnaliser..\" \/>\n<meta property=\"og:url\" content=\"https:\/\/coletteartsetmatieres.com\/index.php\/animaux\/\" \/>\n<meta property=\"og:site_name\" content=\"Colette Arts et Mati\u00e8res.\" \/>\n<meta property=\"article:modified_time\" content=\"2023-06-23T10:07:26+00:00\" \/>\n<meta name=\"twitter:card\" content=\"summary_large_image\" \/>\n<meta name=\"twitter:label1\" content=\"Dur\u00e9e de lecture estim\u00e9e\" \/>\n\t<meta name=\"twitter:data1\" content=\"1 minute\" \/>\n<script type=\"application\/ld+json\" class=\"yoast-schema-graph\">{\"@context\":\"https:\/\/schema.org\",\"@graph\":[{\"@type\":\"WebPage\",\"@id\":\"https:\/\/coletteartsetmatieres.com\/index.php\/animaux\/\",\"url\":\"https:\/\/coletteartsetmatieres.com\/index.php\/animaux\/\",\"name\":\"Animaux - Colette Arts et Mati\u00e8res.\",\"isPartOf\":{\"@id\":\"https:\/\/coletteartsetmatieres.com\/#website\"},\"datePublished\":\"2022-04-21T08:41:05+00:00\",\"dateModified\":\"2023-06-23T10:07:26+00:00\",\"description\":\"D\u00e9couvrez mes cr\u00e9ations d'animaux, notamment quelques magnifiques oiseaux ! Quel que soit votre projet, je suis en mesure de personnaliser..\",\"breadcrumb\":{\"@id\":\"https:\/\/coletteartsetmatieres.com\/index.php\/animaux\/#breadcrumb\"},\"inLanguage\":\"fr-FR\",\"potentialAction\":[{\"@type\":\"ReadAction\",\"target\":[\"https:\/\/coletteartsetmatieres.com\/index.php\/animaux\/\"]}]},{\"@type\":\"BreadcrumbList\",\"@id\":\"https:\/\/coletteartsetmatieres.com\/index.php\/animaux\/#breadcrumb\",\"itemListElement\":[{\"@type\":\"ListItem\",\"position\":1,\"name\":\"Accueil\",\"item\":\"https:\/\/coletteartsetmatieres.com\/\"},{\"@type\":\"ListItem\",\"position\":2,\"name\":\"Animaux\"}]},{\"@type\":\"WebSite\",\"@id\":\"https:\/\/coletteartsetmatieres.com\/#website\",\"url\":\"https:\/\/coletteartsetmatieres.com\/\",\"name\":\"Colette Arts et Mati\u00e8res.\",\"description\":\"   L&#039;Art du V\u00e9g\u00e9tal et de la Fleur stables et durables\",\"publisher\":{\"@id\":\"https:\/\/coletteartsetmatieres.com\/#organization\"},\"potentialAction\":[{\"@type\":\"SearchAction\",\"target\":{\"@type\":\"EntryPoint\",\"urlTemplate\":\"https:\/\/coletteartsetmatieres.com\/?s={search_term_string}\"},\"query-input\":\"required name=search_term_string\"}],\"inLanguage\":\"fr-FR\"},{\"@type\":\"Organization\",\"@id\":\"https:\/\/coletteartsetmatieres.com\/#organization\",\"name\":\"Colette Arts et Mati\u00e8res.\",\"url\":\"https:\/\/coletteartsetmatieres.com\/\",\"sameAs\":[],\"logo\":{\"@type\":\"ImageObject\",\"inLanguage\":\"fr-FR\",\"@id\":\"https:\/\/coletteartsetmatieres.com\/#\/schema\/logo\/image\/\",\"url\":\"https:\/\/coletteartsetmatieres.com\/wp-content\/uploads\/2020\/03\/cropped-Coletteartsetmatieres_logotype-2.png\",\"contentUrl\":\"https:\/\/coletteartsetmatieres.com\/wp-content\/uploads\/2020\/03\/cropped-Coletteartsetmatieres_logotype-2.png\",\"width\":409,\"height\":250,\"caption\":\"    Colette Arts et Mati\u00e8res. \"},\"image\":{\"@id\":\"https:\/\/coletteartsetmatieres.com\/#\/schema\/logo\/image\/\"}}]}<\/script>\n<!-- \/ Yoast SEO plugin. -->","yoast_head_json":{"title":"Animaux - Colette Arts et Mati\u00e8res.","description":"D\u00e9couvrez mes cr\u00e9ations d'animaux, notamment quelques magnifiques oiseaux ! Quel que soit votre projet, je suis en mesure de personnaliser..","robots":{"index":"index","follow":"follow","max-snippet":"max-snippet:-1","max-image-preview":"max-image-preview:large","max-video-preview":"max-video-preview:-1"},"canonical":"https:\/\/coletteartsetmatieres.com\/index.php\/animaux\/","og_locale":"fr_FR","og_type":"article","og_title":"Animaux - Colette Arts et Mati\u00e8res.","og_description":"D\u00e9couvrez mes cr\u00e9ations d'animaux, notamment quelques magnifiques oiseaux ! Quel que soit votre projet, je suis en mesure de personnaliser..","og_url":"https:\/\/coletteartsetmatieres.com\/index.php\/animaux\/","og_site_name":"Colette Arts et Mati\u00e8res.","article_modified_time":"2023-06-23T10:07:26+00:00","twitter_card":"summary_large_image","twitter_misc":{"Dur\u00e9e de lecture estim\u00e9e":"1 minute"},"schema":{"@context":"https:\/\/schema.org","@graph":[{"@type":"WebPage","@id":"https:\/\/coletteartsetmatieres.com\/index.php\/animaux\/","url":"https:\/\/coletteartsetmatieres.com\/index.php\/animaux\/","name":"Animaux - Colette Arts et Mati\u00e8res.","isPartOf":{"@id":"https:\/\/coletteartsetmatieres.com\/#website"},"datePublished":"2022-04-21T08:41:05+00:00","dateModified":"2023-06-23T10:07:26+00:00","description":"D\u00e9couvrez mes cr\u00e9ations d'animaux, notamment quelques magnifiques oiseaux ! Quel que soit votre projet, je suis en mesure de personnaliser..","breadcrumb":{"@id":"https:\/\/coletteartsetmatieres.com\/index.php\/animaux\/#breadcrumb"},"inLanguage":"fr-FR","potentialAction":[{"@type":"ReadAction","target":["https:\/\/coletteartsetmatieres.com\/index.php\/animaux\/"]}]},{"@type":"BreadcrumbList","@id":"https:\/\/coletteartsetmatieres.com\/index.php\/animaux\/#breadcrumb","itemListElement":[{"@type":"ListItem","position":1,"name":"Accueil","item":"https:\/\/coletteartsetmatieres.com\/"},{"@type":"ListItem","position":2,"name":"Animaux"}]},{"@type":"WebSite","@id":"https:\/\/coletteartsetmatieres.com\/#website","url":"https:\/\/coletteartsetmatieres.com\/","name":"Colette Arts et Mati\u00e8res.","description":"   L&#039;Art du V\u00e9g\u00e9tal et de la Fleur stables et durables","publisher":{"@id":"https:\/\/coletteartsetmatieres.com\/#organization"},"potentialAction":[{"@type":"SearchAction","target":{"@type":"EntryPoint","urlTemplate":"https:\/\/coletteartsetmatieres.com\/?s={search_term_string}"},"query-input":"required name=search_term_string"}],"inLanguage":"fr-FR"},{"@type":"Organization","@id":"https:\/\/coletteartsetmatieres.com\/#organization","name":"Colette Arts et Mati\u00e8res.","url":"https:\/\/coletteartsetmatieres.com\/","sameAs":[],"logo":{"@type":"ImageObject","inLanguage":"fr-FR","@id":"https:\/\/coletteartsetmatieres.com\/#\/schema\/logo\/image\/","url":"https:\/\/coletteartsetmatieres.com\/wp-content\/uploads\/2020\/03\/cropped-Coletteartsetmatieres_logotype-2.png","contentUrl":"https:\/\/coletteartsetmatieres.com\/wp-content\/uploads\/2020\/03\/cropped-Coletteartsetmatieres_logotype-2.png","width":409,"height":250,"caption":"    Colette Arts et Mati\u00e8res. "},"image":{"@id":"https:\/\/coletteartsetmatieres.com\/#\/schema\/logo\/image\/"}}]}},"_links":{"self":[{"href":"https:\/\/coletteartsetmatieres.com\/index.php\/wp-json\/wp\/v2\/pages\/893"}],"collection":[{"href":"https:\/\/coletteartsetmatieres.com\/index.php\/wp-json\/wp\/v2\/pages"}],"about":[{"href":"https:\/\/coletteartsetmatieres.com\/index.php\/wp-json\/wp\/v2\/types\/page"}],"author":[{"embeddable":true,"href":"https:\/\/coletteartsetmatieres.com\/index.php\/wp-json\/wp\/v2\/users\/1"}],"replies":[{"embeddable":true,"href":"https:\/\/coletteartsetmatieres.com\/index.php\/wp-json\/wp\/v2\/comments?post=893"}],"version-history":[{"count":9,"href":"https:\/\/coletteartsetmatieres.com\/index.php\/wp-json\/wp\/v2\/pages\/893\/revisions"}],"predecessor-version":[{"id":1977,"href":"https:\/\/coletteartsetmatieres.com\/index.php\/wp-json\/wp\/v2\/pages\/893\/revisions\/1977"}],"wp:attachment":[{"href":"https:\/\/coletteartsetmatieres.com\/index.php\/wp-json\/wp\/v2\/media?parent=893"}],"curies":[{"name":"wp","href":"https:\/\/api.w.org\/{rel}","templated":true}]}}