{"id":90,"date":"2020-03-26T14:39:15","date_gmt":"2020-03-26T13:39:15","guid":{"rendered":"https:\/\/coletteartsetmatieres.com\/?page_id=90"},"modified":"2025-06-25T12:48:23","modified_gmt":"2025-06-25T10:48:23","slug":"services","status":"publish","type":"page","link":"https:\/\/coletteartsetmatieres.com\/index.php\/services\/","title":{"rendered":"<center>Services<\/center>"},"content":{"rendered":"\n<h1 class=\"wp-block-heading\"><mark style=\"background-color:rgba(0, 0, 0, 0)\" class=\"has-inline-color has-vivid-green-cyan-color\"><em>Atelier<\/em><\/mark><\/h1>\n\n\n\n<p>Classiques ou sur mesure, partageons nos envies et savoirs afin de r\u00e9aliser votre objet.<\/p>\n\n\n\n<p>Individuel ou group\u00e9s, participez \u00e0 mes ateliers priv\u00e9s:<\/p>\n\n\n\n<h2 class=\"wp-block-heading\">En Naturel: <\/h2>\n\n\n\n<p>Kokedama, <\/p>\n\n\n\n<h2 class=\"wp-block-heading\">En stabilis\u00e9:<\/h2>\n\n\n\n<p>Tableau v\u00e9g\u00e9tal, composition florale et v\u00e9g\u00e9tale, mobile v\u00e9g\u00e9tal, bonza\u00ef  reconstitu\u00e9, &#8230;<\/p>\n\n\n\n<h1 class=\"wp-block-heading\"><mark style=\"background-color:rgba(0, 0, 0, 0)\" class=\"has-inline-color has-vivid-green-cyan-color\"><em>Location<\/em><\/mark><\/h1>\n\n\n\n<p>Optez pour mes services : sculptures, tableaux et compositions en location pour vos \u00e9v\u00e9nements tels que les mariages, anniversaires et f\u00eates. Que ce soit pour une journ\u00e9e ou une dur\u00e9e plus longue, vous pouvez profiter de d\u00e9cors artistiques sans avoir \u00e0 investir ou vous encombrer.<\/p>\n\n\n\n<p>Louez ces \u0153uvres pour ajouter une touche artistique \u00e0 votre \u00e9v\u00e9nement. En choisissant la location, vous b\u00e9n\u00e9ficiez de la flexibilit\u00e9 de personnaliser votre d\u00e9cor en fonction du th\u00e8me ou du style de votre \u00e9v\u00e9nement. La location vous permet d&rsquo;appr\u00e9cier l&rsquo;art \u00e9ph\u00e9m\u00e8re tout en vous offrant la libert\u00e9 de renouveler vos d\u00e9cors pour chaque occasion. <\/p>\n\n\n\n<h1 class=\"wp-block-heading\"><mark style=\"background-color:rgba(0, 0, 0, 0)\" class=\"has-inline-color has-vivid-green-cyan-color\"><em>Vente<\/em><\/mark><\/h1>\n\n\n\n<p>Vous avez la possibilit\u00e9 d&rsquo;acqu\u00e9rir toutes mes cr\u00e9ations, sous r\u00e9serve de disponibilit\u00e9.<\/p>\n\n\n\n<p>Je suis pr\u00eate \u00e0 r\u00e9pondre \u00e0 vos besoins et \u00e0 concr\u00e9tiser vos envies en r\u00e9alisant des pi\u00e8ces sur mesure. Vous pouvez me contacter par e-mail ou par t\u00e9l\u00e9phone pour exprimer vos id\u00e9es et vous inspirer des cr\u00e9ations pr\u00e9sent\u00e9es sur mon site.<\/p>\n\n\n\n<p>Je suis ouverte \u00e0 vos suggestions et je serai ravie de vous accompagner dans la r\u00e9alisation de vos projets artistiques. N&rsquo;h\u00e9sitez pas \u00e0 me contacter pour discuter de vos besoins et trouver des solutions personnalis\u00e9es.<\/p>\n\n\n\n<h1 class=\"wp-block-heading\"><mark style=\"background-color:rgba(0, 0, 0, 0)\" class=\"has-inline-color has-vivid-green-cyan-color\">Livraison, Exp\u00e9dition<\/mark><\/h1>\n\n\n\n<p>Selon les articles, la livraison peut \u00eatre pr\u00e9f\u00e9rable. Je propose r\u00e9guli\u00e8rement des services de livraison dans la r\u00e9gion parisienne, ainsi que dans les r\u00e9gions du centre Val de Loire et de l&rsquo;ouest de la France.<\/p>\n\n\n\n<p>Si vous souhaitez faire livrer votre commande, n&rsquo;h\u00e9sitez pas \u00e0 me contacter. Je serai heureux de vous fournir des informations suppl\u00e9mentaires sur les options de livraison disponibles.<\/p>\n","protected":false},"excerpt":{"rendered":"<p>Atelier Classiques ou sur mesure, partageons nos envies et savoirs afin de r\u00e9aliser votre objet. Individuel ou group\u00e9s, participez \u00e0 mes ateliers priv\u00e9s: En Naturel: Kokedama, En stabilis\u00e9: Tableau v\u00e9g\u00e9tal, composition florale et v\u00e9g\u00e9tale, mobile v\u00e9g\u00e9tal, bonza\u00ef reconstitu\u00e9, &#8230; Location Optez pour mes services : sculptures, tableaux et compositions en location pour vos \u00e9v\u00e9nements tels &hellip; <\/p>\n<p class=\"link-more\"><a href=\"https:\/\/coletteartsetmatieres.com\/index.php\/services\/\" class=\"more-link\">Continuer la lecture<span class=\"screen-reader-text\"> de &laquo;&nbsp;<center>Services<\/center>&nbsp;&raquo;<\/span><\/a><\/p>\n","protected":false},"author":1,"featured_media":1032,"parent":0,"menu_order":0,"comment_status":"closed","ping_status":"closed","template":"","meta":{"footnotes":"","_vp_format_video_url":"","_vp_image_focal_point":{"x":"0.52","y":"0.59"}},"yoast_head":"<!-- This site is optimized with the Yoast SEO plugin v19.8 - https:\/\/yoast.com\/wordpress\/plugins\/seo\/ -->\n<title>Services - Colette Arts et Mati\u00e8res.<\/title>\n<meta name=\"description\" content=\"Optez pour mes services : sculptures, tableaux et compositions en location, vente et livraison pour vos \u00e9v\u00e9nements tels que mariages..\" \/>\n<meta name=\"robots\" content=\"index, follow, max-snippet:-1, max-image-preview:large, max-video-preview:-1\" \/>\n<link rel=\"canonical\" href=\"https:\/\/coletteartsetmatieres.com\/index.php\/services\/\" \/>\n<meta property=\"og:locale\" content=\"fr_FR\" \/>\n<meta property=\"og:type\" content=\"article\" \/>\n<meta property=\"og:title\" content=\"Services - Colette Arts et Mati\u00e8res.\" \/>\n<meta property=\"og:description\" content=\"Optez pour mes services : sculptures, tableaux et compositions en location, vente et livraison pour vos \u00e9v\u00e9nements tels que mariages..\" \/>\n<meta property=\"og:url\" content=\"https:\/\/coletteartsetmatieres.com\/index.php\/services\/\" \/>\n<meta property=\"og:site_name\" content=\"Colette Arts et Mati\u00e8res.\" \/>\n<meta property=\"article:modified_time\" content=\"2025-06-25T10:48:23+00:00\" \/>\n<meta property=\"og:image\" content=\"https:\/\/coletteartsetmatieres.com\/wp-content\/uploads\/2022\/04\/kokedama-tree-fe-scaled.jpg\" \/>\n\t<meta property=\"og:image:width\" content=\"2560\" \/>\n\t<meta property=\"og:image:height\" content=\"1370\" \/>\n\t<meta property=\"og:image:type\" content=\"image\/jpeg\" \/>\n<meta name=\"twitter:card\" content=\"summary_large_image\" \/>\n<meta name=\"twitter:label1\" content=\"Dur\u00e9e de lecture estim\u00e9e\" \/>\n\t<meta name=\"twitter:data1\" content=\"2 minutes\" \/>\n<script type=\"application\/ld+json\" class=\"yoast-schema-graph\">{\"@context\":\"https:\/\/schema.org\",\"@graph\":[{\"@type\":\"WebPage\",\"@id\":\"https:\/\/coletteartsetmatieres.com\/index.php\/services\/\",\"url\":\"https:\/\/coletteartsetmatieres.com\/index.php\/services\/\",\"name\":\"Services - Colette Arts et Mati\u00e8res.\",\"isPartOf\":{\"@id\":\"https:\/\/coletteartsetmatieres.com\/#website\"},\"datePublished\":\"2020-03-26T13:39:15+00:00\",\"dateModified\":\"2025-06-25T10:48:23+00:00\",\"description\":\"Optez pour mes services : sculptures, tableaux et compositions en location, vente et livraison pour vos \u00e9v\u00e9nements tels que mariages..\",\"breadcrumb\":{\"@id\":\"https:\/\/coletteartsetmatieres.com\/index.php\/services\/#breadcrumb\"},\"inLanguage\":\"fr-FR\",\"potentialAction\":[{\"@type\":\"ReadAction\",\"target\":[\"https:\/\/coletteartsetmatieres.com\/index.php\/services\/\"]}]},{\"@type\":\"BreadcrumbList\",\"@id\":\"https:\/\/coletteartsetmatieres.com\/index.php\/services\/#breadcrumb\",\"itemListElement\":[{\"@type\":\"ListItem\",\"position\":1,\"name\":\"Accueil\",\"item\":\"https:\/\/coletteartsetmatieres.com\/\"},{\"@type\":\"ListItem\",\"position\":2,\"name\":\"Services\"}]},{\"@type\":\"WebSite\",\"@id\":\"https:\/\/coletteartsetmatieres.com\/#website\",\"url\":\"https:\/\/coletteartsetmatieres.com\/\",\"name\":\"Colette Arts et Mati\u00e8res.\",\"description\":\"   L&#039;Art du V\u00e9g\u00e9tal et de la Fleur stables et durables\",\"publisher\":{\"@id\":\"https:\/\/coletteartsetmatieres.com\/#organization\"},\"potentialAction\":[{\"@type\":\"SearchAction\",\"target\":{\"@type\":\"EntryPoint\",\"urlTemplate\":\"https:\/\/coletteartsetmatieres.com\/?s={search_term_string}\"},\"query-input\":\"required name=search_term_string\"}],\"inLanguage\":\"fr-FR\"},{\"@type\":\"Organization\",\"@id\":\"https:\/\/coletteartsetmatieres.com\/#organization\",\"name\":\"Colette Arts et Mati\u00e8res.\",\"url\":\"https:\/\/coletteartsetmatieres.com\/\",\"sameAs\":[],\"logo\":{\"@type\":\"ImageObject\",\"inLanguage\":\"fr-FR\",\"@id\":\"https:\/\/coletteartsetmatieres.com\/#\/schema\/logo\/image\/\",\"url\":\"https:\/\/coletteartsetmatieres.com\/wp-content\/uploads\/2020\/03\/cropped-Coletteartsetmatieres_logotype-2.png\",\"contentUrl\":\"https:\/\/coletteartsetmatieres.com\/wp-content\/uploads\/2020\/03\/cropped-Coletteartsetmatieres_logotype-2.png\",\"width\":409,\"height\":250,\"caption\":\"    Colette Arts et Mati\u00e8res. \"},\"image\":{\"@id\":\"https:\/\/coletteartsetmatieres.com\/#\/schema\/logo\/image\/\"}}]}<\/script>\n<!-- \/ Yoast SEO plugin. -->","yoast_head_json":{"title":"Services - Colette Arts et Mati\u00e8res.","description":"Optez pour mes services : sculptures, tableaux et compositions en location, vente et livraison pour vos \u00e9v\u00e9nements tels que mariages..","robots":{"index":"index","follow":"follow","max-snippet":"max-snippet:-1","max-image-preview":"max-image-preview:large","max-video-preview":"max-video-preview:-1"},"canonical":"https:\/\/coletteartsetmatieres.com\/index.php\/services\/","og_locale":"fr_FR","og_type":"article","og_title":"Services - Colette Arts et Mati\u00e8res.","og_description":"Optez pour mes services : sculptures, tableaux et compositions en location, vente et livraison pour vos \u00e9v\u00e9nements tels que mariages..","og_url":"https:\/\/coletteartsetmatieres.com\/index.php\/services\/","og_site_name":"Colette Arts et Mati\u00e8res.","article_modified_time":"2025-06-25T10:48:23+00:00","og_image":[{"width":2560,"height":1370,"url":"https:\/\/coletteartsetmatieres.com\/wp-content\/uploads\/2022\/04\/kokedama-tree-fe-scaled.jpg","type":"image\/jpeg"}],"twitter_card":"summary_large_image","twitter_misc":{"Dur\u00e9e de lecture estim\u00e9e":"2 minutes"},"schema":{"@context":"https:\/\/schema.org","@graph":[{"@type":"WebPage","@id":"https:\/\/coletteartsetmatieres.com\/index.php\/services\/","url":"https:\/\/coletteartsetmatieres.com\/index.php\/services\/","name":"Services - Colette Arts et Mati\u00e8res.","isPartOf":{"@id":"https:\/\/coletteartsetmatieres.com\/#website"},"datePublished":"2020-03-26T13:39:15+00:00","dateModified":"2025-06-25T10:48:23+00:00","description":"Optez pour mes services : sculptures, tableaux et compositions en location, vente et livraison pour vos \u00e9v\u00e9nements tels que mariages..","breadcrumb":{"@id":"https:\/\/coletteartsetmatieres.com\/index.php\/services\/#breadcrumb"},"inLanguage":"fr-FR","potentialAction":[{"@type":"ReadAction","target":["https:\/\/coletteartsetmatieres.com\/index.php\/services\/"]}]},{"@type":"BreadcrumbList","@id":"https:\/\/coletteartsetmatieres.com\/index.php\/services\/#breadcrumb","itemListElement":[{"@type":"ListItem","position":1,"name":"Accueil","item":"https:\/\/coletteartsetmatieres.com\/"},{"@type":"ListItem","position":2,"name":"Services"}]},{"@type":"WebSite","@id":"https:\/\/coletteartsetmatieres.com\/#website","url":"https:\/\/coletteartsetmatieres.com\/","name":"Colette Arts et Mati\u00e8res.","description":"   L&#039;Art du V\u00e9g\u00e9tal et de la Fleur stables et durables","publisher":{"@id":"https:\/\/coletteartsetmatieres.com\/#organization"},"potentialAction":[{"@type":"SearchAction","target":{"@type":"EntryPoint","urlTemplate":"https:\/\/coletteartsetmatieres.com\/?s={search_term_string}"},"query-input":"required name=search_term_string"}],"inLanguage":"fr-FR"},{"@type":"Organization","@id":"https:\/\/coletteartsetmatieres.com\/#organization","name":"Colette Arts et Mati\u00e8res.","url":"https:\/\/coletteartsetmatieres.com\/","sameAs":[],"logo":{"@type":"ImageObject","inLanguage":"fr-FR","@id":"https:\/\/coletteartsetmatieres.com\/#\/schema\/logo\/image\/","url":"https:\/\/coletteartsetmatieres.com\/wp-content\/uploads\/2020\/03\/cropped-Coletteartsetmatieres_logotype-2.png","contentUrl":"https:\/\/coletteartsetmatieres.com\/wp-content\/uploads\/2020\/03\/cropped-Coletteartsetmatieres_logotype-2.png","width":409,"height":250,"caption":"    Colette Arts et Mati\u00e8res. "},"image":{"@id":"https:\/\/coletteartsetmatieres.com\/#\/schema\/logo\/image\/"}}]}},"_links":{"self":[{"href":"https:\/\/coletteartsetmatieres.com\/index.php\/wp-json\/wp\/v2\/pages\/90"}],"collection":[{"href":"https:\/\/coletteartsetmatieres.com\/index.php\/wp-json\/wp\/v2\/pages"}],"about":[{"href":"https:\/\/coletteartsetmatieres.com\/index.php\/wp-json\/wp\/v2\/types\/page"}],"author":[{"embeddable":true,"href":"https:\/\/coletteartsetmatieres.com\/index.php\/wp-json\/wp\/v2\/users\/1"}],"replies":[{"embeddable":true,"href":"https:\/\/coletteartsetmatieres.com\/index.php\/wp-json\/wp\/v2\/comments?post=90"}],"version-history":[{"count":21,"href":"https:\/\/coletteartsetmatieres.com\/index.php\/wp-json\/wp\/v2\/pages\/90\/revisions"}],"predecessor-version":[{"id":2004,"href":"https:\/\/coletteartsetmatieres.com\/index.php\/wp-json\/wp\/v2\/pages\/90\/revisions\/2004"}],"wp:featuredmedia":[{"embeddable":true,"href":"https:\/\/coletteartsetmatieres.com\/index.php\/wp-json\/wp\/v2\/media\/1032"}],"wp:attachment":[{"href":"https:\/\/coletteartsetmatieres.com\/index.php\/wp-json\/wp\/v2\/media?parent=90"}],"curies":[{"name":"wp","href":"https:\/\/api.w.org\/{rel}","templated":true}]}}