{"id":92,"date":"2020-03-26T14:39:15","date_gmt":"2020-03-26T13:39:15","guid":{"rendered":"https:\/\/coletteartsetmatieres.com\/?page_id=92"},"modified":"2023-06-16T12:03:52","modified_gmt":"2023-06-16T10:03:52","slug":"les-compositions-sculptures-et-tableaux","status":"publish","type":"page","link":"https:\/\/coletteartsetmatieres.com\/index.php\/accueil-colette-arts-et-matieres\/les-compositions-sculptures-et-tableaux\/","title":{"rendered":"Les compositions, sculptures et tableaux"},"content":{"rendered":"\n<p>Sur mon site, d\u00e9couvrez un <a href=\"https:\/\/coletteartsetmatieres.com\/index.php\/styles\/\">\u00e9ventail d\u2019\u0153uvres florales<\/a> exceptionnelles. Elles comprennent des compositions, des sculptures et des tableaux et s&rsquo;adaptent \u00e0 toutes les formes et tailles. C&rsquo;est id\u00e9al pour vos espaces et int\u00e9rieurs. <\/p>\n\n\n\n<p>Gr\u00e2ce \u00e0 ma collaboration avec des Grands Ma\u00eetres, j&rsquo;ai acquis des comp\u00e9tences avanc\u00e9es en fixation, assemblage et <a href=\"https:\/\/coletteartsetmatieres.com\/index.php\/suspension-mobile-2\/\">suspension<\/a> de composants floraux. Ces partenariats m&rsquo;ont permis d&rsquo;acqu\u00e9rir une expertise pr\u00e9cieuse dans l&rsquo;art du v\u00e9g\u00e9tal stabilis\u00e9.<\/p>\n\n\n\n<p>Ma technique privil\u00e9gi\u00e9e est le montage sur fil. Elle offre une flexibilit\u00e9 in\u00e9gal\u00e9e \u00e0 mes cr\u00e9ations. Vous pouvez personnaliser et ajuster chaque pi\u00e8ce selon vos pr\u00e9f\u00e9rences, en les modifiant facilement au fil du temps. Profitez d&rsquo;une exp\u00e9rience florale sur mesure et en constante \u00e9volution.<\/p>\n\n\n\n<p>Chaque \u00e9l\u00e9ment et chaque \u0153uvre florale est m\u00e9ticuleusement mis en valeur. J&rsquo;accorde un souci et une attention minutieuse aux d\u00e9tails. J&rsquo;ai d\u00e9velopp\u00e9 une affinit\u00e9 particuli\u00e8re pour l&rsquo;utilisation artistique des v\u00e9g\u00e9taux secs, leur donnant une nouvelle vie et une dimension unique. J&rsquo;explore \u00e9galement des textures, des couleurs et des formes vari\u00e9es en incorporant divers mat\u00e9riaux dans mes cr\u00e9ations. <\/p>\n\n\n\n<p>Je m&rsquo;engage \u00e0 redonner vie \u00e0 vos objets sentimentaux cass\u00e9s. Je les int\u00e8gre harmonieusement dans mes compositions florales. Cette approche innovante offre une mani\u00e8re originale et \u00e9mouvante de donner une seconde chance \u00e0 ces objets charg\u00e9s d&rsquo;histoire et d&rsquo;\u00e9motions.<\/p>\n\n\n\n<p class=\"has-small-font-size\"><\/p>\n","protected":false},"excerpt":{"rendered":"<p>Sur mon site, d\u00e9couvrez un \u00e9ventail d\u2019\u0153uvres florales exceptionnelles. Elles comprennent des compositions, des sculptures et des tableaux et s&rsquo;adaptent \u00e0 toutes les formes et tailles. C&rsquo;est id\u00e9al pour vos espaces et int\u00e9rieurs. Gr\u00e2ce \u00e0 ma collaboration avec des Grands Ma\u00eetres, j&rsquo;ai acquis des comp\u00e9tences avanc\u00e9es en fixation, assemblage et suspension de composants floraux. Ces &hellip; <\/p>\n<p class=\"link-more\"><a href=\"https:\/\/coletteartsetmatieres.com\/index.php\/accueil-colette-arts-et-matieres\/les-compositions-sculptures-et-tableaux\/\" class=\"more-link\">Continuer la lecture<span class=\"screen-reader-text\"> de &laquo;&nbsp;Les compositions, sculptures et tableaux&nbsp;&raquo;<\/span><\/a><\/p>\n","protected":false},"author":1,"featured_media":1015,"parent":2,"menu_order":3,"comment_status":"closed","ping_status":"closed","template":"","meta":{"footnotes":"","_vp_format_video_url":"","_vp_image_focal_point":{"x":"0.49","y":"0.63"}},"yoast_head":"<!-- This site is optimized with the Yoast SEO plugin v19.8 - https:\/\/yoast.com\/wordpress\/plugins\/seo\/ -->\n<title>Les compositions, sculptures et tableaux - Colette Arts et Mati\u00e8res.<\/title>\n<meta name=\"description\" content=\"D\u00e9couvrez sur mon site un \u00e9ventail d\u2019\u0153uvres florales (compositions, sculptures et tableaux) d&#039;une technicit\u00e9 exceptionnelle,\" \/>\n<meta name=\"robots\" content=\"index, follow, max-snippet:-1, max-image-preview:large, max-video-preview:-1\" \/>\n<link rel=\"canonical\" href=\"https:\/\/coletteartsetmatieres.com\/index.php\/accueil-colette-arts-et-matieres\/les-compositions-sculptures-et-tableaux\/\" \/>\n<meta property=\"og:locale\" content=\"fr_FR\" \/>\n<meta property=\"og:type\" content=\"article\" \/>\n<meta property=\"og:title\" content=\"Les compositions, sculptures et tableaux - Colette Arts et Mati\u00e8res.\" \/>\n<meta property=\"og:description\" content=\"D\u00e9couvrez sur mon site un \u00e9ventail d\u2019\u0153uvres florales (compositions, sculptures et tableaux) d&#039;une technicit\u00e9 exceptionnelle,\" \/>\n<meta property=\"og:url\" content=\"https:\/\/coletteartsetmatieres.com\/index.php\/accueil-colette-arts-et-matieres\/les-compositions-sculptures-et-tableaux\/\" \/>\n<meta property=\"og:site_name\" content=\"Colette Arts et Mati\u00e8res.\" \/>\n<meta property=\"article:modified_time\" content=\"2023-06-16T10:03:52+00:00\" \/>\n<meta property=\"og:image\" content=\"https:\/\/coletteartsetmatieres.com\/wp-content\/uploads\/2020\/04\/cropped-cube.jpg\" \/>\n\t<meta property=\"og:image:width\" content=\"2000\" \/>\n\t<meta property=\"og:image:height\" content=\"1200\" \/>\n\t<meta property=\"og:image:type\" content=\"image\/jpeg\" \/>\n<meta name=\"twitter:card\" content=\"summary_large_image\" \/>\n<meta name=\"twitter:label1\" content=\"Dur\u00e9e de lecture estim\u00e9e\" \/>\n\t<meta name=\"twitter:data1\" content=\"2 minutes\" \/>\n<script type=\"application\/ld+json\" class=\"yoast-schema-graph\">{\"@context\":\"https:\/\/schema.org\",\"@graph\":[{\"@type\":\"WebPage\",\"@id\":\"https:\/\/coletteartsetmatieres.com\/index.php\/accueil-colette-arts-et-matieres\/les-compositions-sculptures-et-tableaux\/\",\"url\":\"https:\/\/coletteartsetmatieres.com\/index.php\/accueil-colette-arts-et-matieres\/les-compositions-sculptures-et-tableaux\/\",\"name\":\"Les compositions, sculptures et tableaux - Colette Arts et Mati\u00e8res.\",\"isPartOf\":{\"@id\":\"https:\/\/coletteartsetmatieres.com\/#website\"},\"datePublished\":\"2020-03-26T13:39:15+00:00\",\"dateModified\":\"2023-06-16T10:03:52+00:00\",\"description\":\"D\u00e9couvrez sur mon site un \u00e9ventail d\u2019\u0153uvres florales (compositions, sculptures et tableaux) d'une technicit\u00e9 exceptionnelle,\",\"breadcrumb\":{\"@id\":\"https:\/\/coletteartsetmatieres.com\/index.php\/accueil-colette-arts-et-matieres\/les-compositions-sculptures-et-tableaux\/#breadcrumb\"},\"inLanguage\":\"fr-FR\",\"potentialAction\":[{\"@type\":\"ReadAction\",\"target\":[\"https:\/\/coletteartsetmatieres.com\/index.php\/accueil-colette-arts-et-matieres\/les-compositions-sculptures-et-tableaux\/\"]}]},{\"@type\":\"BreadcrumbList\",\"@id\":\"https:\/\/coletteartsetmatieres.com\/index.php\/accueil-colette-arts-et-matieres\/les-compositions-sculptures-et-tableaux\/#breadcrumb\",\"itemListElement\":[{\"@type\":\"ListItem\",\"position\":1,\"name\":\"Accueil\",\"item\":\"https:\/\/coletteartsetmatieres.com\/\"},{\"@type\":\"ListItem\",\"position\":2,\"name\":\"Accueil\",\"item\":\"https:\/\/coletteartsetmatieres.com\/\"},{\"@type\":\"ListItem\",\"position\":3,\"name\":\"Les compositions, sculptures et tableaux\"}]},{\"@type\":\"WebSite\",\"@id\":\"https:\/\/coletteartsetmatieres.com\/#website\",\"url\":\"https:\/\/coletteartsetmatieres.com\/\",\"name\":\"Colette Arts et Mati\u00e8res.\",\"description\":\"   L&#039;Art du V\u00e9g\u00e9tal et de la Fleur stables et durables\",\"publisher\":{\"@id\":\"https:\/\/coletteartsetmatieres.com\/#organization\"},\"potentialAction\":[{\"@type\":\"SearchAction\",\"target\":{\"@type\":\"EntryPoint\",\"urlTemplate\":\"https:\/\/coletteartsetmatieres.com\/?s={search_term_string}\"},\"query-input\":\"required name=search_term_string\"}],\"inLanguage\":\"fr-FR\"},{\"@type\":\"Organization\",\"@id\":\"https:\/\/coletteartsetmatieres.com\/#organization\",\"name\":\"Colette Arts et Mati\u00e8res.\",\"url\":\"https:\/\/coletteartsetmatieres.com\/\",\"sameAs\":[],\"logo\":{\"@type\":\"ImageObject\",\"inLanguage\":\"fr-FR\",\"@id\":\"https:\/\/coletteartsetmatieres.com\/#\/schema\/logo\/image\/\",\"url\":\"https:\/\/coletteartsetmatieres.com\/wp-content\/uploads\/2020\/03\/cropped-Coletteartsetmatieres_logotype-2.png\",\"contentUrl\":\"https:\/\/coletteartsetmatieres.com\/wp-content\/uploads\/2020\/03\/cropped-Coletteartsetmatieres_logotype-2.png\",\"width\":409,\"height\":250,\"caption\":\"    Colette Arts et Mati\u00e8res. \"},\"image\":{\"@id\":\"https:\/\/coletteartsetmatieres.com\/#\/schema\/logo\/image\/\"}}]}<\/script>\n<!-- \/ Yoast SEO plugin. -->","yoast_head_json":{"title":"Les compositions, sculptures et tableaux - Colette Arts et Mati\u00e8res.","description":"D\u00e9couvrez sur mon site un \u00e9ventail d\u2019\u0153uvres florales (compositions, sculptures et tableaux) d'une technicit\u00e9 exceptionnelle,","robots":{"index":"index","follow":"follow","max-snippet":"max-snippet:-1","max-image-preview":"max-image-preview:large","max-video-preview":"max-video-preview:-1"},"canonical":"https:\/\/coletteartsetmatieres.com\/index.php\/accueil-colette-arts-et-matieres\/les-compositions-sculptures-et-tableaux\/","og_locale":"fr_FR","og_type":"article","og_title":"Les compositions, sculptures et tableaux - Colette Arts et Mati\u00e8res.","og_description":"D\u00e9couvrez sur mon site un \u00e9ventail d\u2019\u0153uvres florales (compositions, sculptures et tableaux) d'une technicit\u00e9 exceptionnelle,","og_url":"https:\/\/coletteartsetmatieres.com\/index.php\/accueil-colette-arts-et-matieres\/les-compositions-sculptures-et-tableaux\/","og_site_name":"Colette Arts et Mati\u00e8res.","article_modified_time":"2023-06-16T10:03:52+00:00","og_image":[{"width":2000,"height":1200,"url":"https:\/\/coletteartsetmatieres.com\/wp-content\/uploads\/2020\/04\/cropped-cube.jpg","type":"image\/jpeg"}],"twitter_card":"summary_large_image","twitter_misc":{"Dur\u00e9e de lecture estim\u00e9e":"2 minutes"},"schema":{"@context":"https:\/\/schema.org","@graph":[{"@type":"WebPage","@id":"https:\/\/coletteartsetmatieres.com\/index.php\/accueil-colette-arts-et-matieres\/les-compositions-sculptures-et-tableaux\/","url":"https:\/\/coletteartsetmatieres.com\/index.php\/accueil-colette-arts-et-matieres\/les-compositions-sculptures-et-tableaux\/","name":"Les compositions, sculptures et tableaux - Colette Arts et Mati\u00e8res.","isPartOf":{"@id":"https:\/\/coletteartsetmatieres.com\/#website"},"datePublished":"2020-03-26T13:39:15+00:00","dateModified":"2023-06-16T10:03:52+00:00","description":"D\u00e9couvrez sur mon site un \u00e9ventail d\u2019\u0153uvres florales (compositions, sculptures et tableaux) d'une technicit\u00e9 exceptionnelle,","breadcrumb":{"@id":"https:\/\/coletteartsetmatieres.com\/index.php\/accueil-colette-arts-et-matieres\/les-compositions-sculptures-et-tableaux\/#breadcrumb"},"inLanguage":"fr-FR","potentialAction":[{"@type":"ReadAction","target":["https:\/\/coletteartsetmatieres.com\/index.php\/accueil-colette-arts-et-matieres\/les-compositions-sculptures-et-tableaux\/"]}]},{"@type":"BreadcrumbList","@id":"https:\/\/coletteartsetmatieres.com\/index.php\/accueil-colette-arts-et-matieres\/les-compositions-sculptures-et-tableaux\/#breadcrumb","itemListElement":[{"@type":"ListItem","position":1,"name":"Accueil","item":"https:\/\/coletteartsetmatieres.com\/"},{"@type":"ListItem","position":2,"name":"Accueil","item":"https:\/\/coletteartsetmatieres.com\/"},{"@type":"ListItem","position":3,"name":"Les compositions, sculptures et tableaux"}]},{"@type":"WebSite","@id":"https:\/\/coletteartsetmatieres.com\/#website","url":"https:\/\/coletteartsetmatieres.com\/","name":"Colette Arts et Mati\u00e8res.","description":"   L&#039;Art du V\u00e9g\u00e9tal et de la Fleur stables et durables","publisher":{"@id":"https:\/\/coletteartsetmatieres.com\/#organization"},"potentialAction":[{"@type":"SearchAction","target":{"@type":"EntryPoint","urlTemplate":"https:\/\/coletteartsetmatieres.com\/?s={search_term_string}"},"query-input":"required name=search_term_string"}],"inLanguage":"fr-FR"},{"@type":"Organization","@id":"https:\/\/coletteartsetmatieres.com\/#organization","name":"Colette Arts et Mati\u00e8res.","url":"https:\/\/coletteartsetmatieres.com\/","sameAs":[],"logo":{"@type":"ImageObject","inLanguage":"fr-FR","@id":"https:\/\/coletteartsetmatieres.com\/#\/schema\/logo\/image\/","url":"https:\/\/coletteartsetmatieres.com\/wp-content\/uploads\/2020\/03\/cropped-Coletteartsetmatieres_logotype-2.png","contentUrl":"https:\/\/coletteartsetmatieres.com\/wp-content\/uploads\/2020\/03\/cropped-Coletteartsetmatieres_logotype-2.png","width":409,"height":250,"caption":"    Colette Arts et Mati\u00e8res. "},"image":{"@id":"https:\/\/coletteartsetmatieres.com\/#\/schema\/logo\/image\/"}}]}},"_links":{"self":[{"href":"https:\/\/coletteartsetmatieres.com\/index.php\/wp-json\/wp\/v2\/pages\/92"}],"collection":[{"href":"https:\/\/coletteartsetmatieres.com\/index.php\/wp-json\/wp\/v2\/pages"}],"about":[{"href":"https:\/\/coletteartsetmatieres.com\/index.php\/wp-json\/wp\/v2\/types\/page"}],"author":[{"embeddable":true,"href":"https:\/\/coletteartsetmatieres.com\/index.php\/wp-json\/wp\/v2\/users\/1"}],"replies":[{"embeddable":true,"href":"https:\/\/coletteartsetmatieres.com\/index.php\/wp-json\/wp\/v2\/comments?post=92"}],"version-history":[{"count":14,"href":"https:\/\/coletteartsetmatieres.com\/index.php\/wp-json\/wp\/v2\/pages\/92\/revisions"}],"predecessor-version":[{"id":1957,"href":"https:\/\/coletteartsetmatieres.com\/index.php\/wp-json\/wp\/v2\/pages\/92\/revisions\/1957"}],"up":[{"embeddable":true,"href":"https:\/\/coletteartsetmatieres.com\/index.php\/wp-json\/wp\/v2\/pages\/2"}],"wp:featuredmedia":[{"embeddable":true,"href":"https:\/\/coletteartsetmatieres.com\/index.php\/wp-json\/wp\/v2\/media\/1015"}],"wp:attachment":[{"href":"https:\/\/coletteartsetmatieres.com\/index.php\/wp-json\/wp\/v2\/media?parent=92"}],"curies":[{"name":"wp","href":"https:\/\/api.w.org\/{rel}","templated":true}]}}