{"id":925,"date":"2022-04-21T10:44:56","date_gmt":"2022-04-21T08:44:56","guid":{"rendered":"https:\/\/coletteartsetmatieres.com\/?page_id=925"},"modified":"2023-06-23T13:06:39","modified_gmt":"2023-06-23T11:06:39","slug":"jardin","status":"publish","type":"page","link":"https:\/\/coletteartsetmatieres.com\/index.php\/jardin\/","title":{"rendered":"Jardin"},"content":{"rendered":"\n<p>Retrouver son jardin dans son salon ! Explorez mes techniques pour cr\u00e9er des arbres fruitiers ou des jardins sauvages miniatures qui raviveront vos souvenirs d&rsquo;enfance.<\/p>\n\n\n\n<p>Que ce soit dans une mini serre, un terrarium, une jardini\u00e8re ou sur une plaquette, je r\u00e9aliserai votre r\u00eave selon vos pr\u00e9f\u00e9rences. Si vous disposez d&rsquo;un aquarium ou d&rsquo;un r\u00e9cipient transparent inutilis\u00e9, je cr\u00e9erai un v\u00e9ritable jardin avec des v\u00e9g\u00e9taux, des min\u00e9raux et du bois durable. Sans n\u00e9cessiter d&rsquo;entretien, vous pourrez conserver cette cr\u00e9ation unique pendant de nombreuses ann\u00e9es dans votre int\u00e9rieur. <\/p>\n\n\n\n<p> <\/p>\n\n\n<div data-block-name=\"woocommerce\/product-category\" data-categories=\"[53]\" class=\"wc-block-grid wp-block-product-category wc-block-product-category has-3-columns has-multiple-rows\"><ul class=\"wc-block-grid__products\"><li class=\"wc-block-grid__product\">\n\t\t\t\t<a href=\"https:\/\/coletteartsetmatieres.com\/index.php\/produit\/terrarium\/\" class=\"wc-block-grid__product-link\">\n\t\t\t\t\t<div class=\"wc-block-grid__product-image\"><img loading=\"lazy\" decoding=\"async\" width=\"250\" height=\"250\" src=\"https:\/\/coletteartsetmatieres.com\/wp-content\/uploads\/2022\/05\/20220527_123926-1-scaled-e1653988084987-250x250.jpg\" class=\"attachment-woocommerce_thumbnail size-woocommerce_thumbnail\" alt=\"Terrarium\" srcset=\"https:\/\/coletteartsetmatieres.com\/wp-content\/uploads\/2022\/05\/20220527_123926-1-scaled-e1653988084987-250x250.jpg 250w, https:\/\/coletteartsetmatieres.com\/wp-content\/uploads\/2022\/05\/20220527_123926-1-scaled-e1653988084987-150x150.jpg 150w, https:\/\/coletteartsetmatieres.com\/wp-content\/uploads\/2022\/05\/20220527_123926-1-scaled-e1653988084987-100x100.jpg 100w\" sizes=\"100vw\" \/><\/div>\n\t\t\t\t\t<div class=\"wc-block-grid__product-title\">Terrarium<\/div>\n\t\t\t\t<\/a>\n\t\t\t\t\n\t\t\t\t<div class=\"wc-block-grid__product-price price\"><\/div>\n\t\t\t\t\n\t\t\t\t<div class=\"wp-block-button wc-block-grid__product-add-to-cart\"><a href=\"https:\/\/coletteartsetmatieres.com\/index.php\/produit\/terrarium\/\" aria-label=\"En savoir plus sur &ldquo;Terrarium&rdquo;\" data-quantity=\"1\" data-product_id=\"1712\" data-product_sku=\"\" rel=\"nofollow\" class=\"wp-block-button__link wp-element-button add_to_cart_button\">Lire la suite<\/a><\/div>\n\t\t\t<\/li><li class=\"wc-block-grid__product\">\n\t\t\t\t<a href=\"https:\/\/coletteartsetmatieres.com\/index.php\/produit\/pommier-banc\/\" class=\"wc-block-grid__product-link\">\n\t\t\t\t\t<div class=\"wc-block-grid__product-image\"><img loading=\"lazy\" decoding=\"async\" width=\"250\" height=\"250\" src=\"https:\/\/coletteartsetmatieres.com\/wp-content\/uploads\/2022\/05\/pommier_banc_57_-removebg-preview-250x250.png\" class=\"attachment-woocommerce_thumbnail size-woocommerce_thumbnail\" alt=\"Pommier banc\" srcset=\"https:\/\/coletteartsetmatieres.com\/wp-content\/uploads\/2022\/05\/pommier_banc_57_-removebg-preview-250x250.png 250w, https:\/\/coletteartsetmatieres.com\/wp-content\/uploads\/2022\/05\/pommier_banc_57_-removebg-preview-150x150.png 150w, https:\/\/coletteartsetmatieres.com\/wp-content\/uploads\/2022\/05\/pommier_banc_57_-removebg-preview-100x100.png 100w\" sizes=\"100vw\" \/><\/div>\n\t\t\t\t\t<div class=\"wc-block-grid__product-title\">Pommier banc<\/div>\n\t\t\t\t<\/a>\n\t\t\t\t\n\t\t\t\t<div class=\"wc-block-grid__product-price price\"><span class=\"woocommerce-Price-amount amount\">64,00<span class=\"woocommerce-Price-currencySymbol\">&euro;<\/span><\/span><\/div>\n\t\t\t\t\n\t\t\t\t<div class=\"wp-block-button wc-block-grid__product-add-to-cart\"><a href=\"?add-to-cart=1090\" aria-label=\"Ajouter &ldquo;Pommier banc&rdquo; \u00e0 votre panier\" data-quantity=\"1\" data-product_id=\"1090\" data-product_sku=\"\" rel=\"nofollow\" class=\"wp-block-button__link wp-element-button add_to_cart_button ajax_add_to_cart\">Ajouter au panier<\/a><\/div>\n\t\t\t<\/li><li class=\"wc-block-grid__product\">\n\t\t\t\t<a href=\"https:\/\/coletteartsetmatieres.com\/index.php\/produit\/jardin-sauvage\/\" class=\"wc-block-grid__product-link\">\n\t\t\t\t\t<div class=\"wc-block-grid__product-image\"><img loading=\"lazy\" decoding=\"async\" width=\"250\" height=\"250\" src=\"https:\/\/coletteartsetmatieres.com\/wp-content\/uploads\/2022\/05\/jardin-sauvage105-250x250.jpg\" class=\"attachment-woocommerce_thumbnail size-woocommerce_thumbnail\" alt=\"Jardin sauvage\" srcset=\"https:\/\/coletteartsetmatieres.com\/wp-content\/uploads\/2022\/05\/jardin-sauvage105-250x250.jpg 250w, https:\/\/coletteartsetmatieres.com\/wp-content\/uploads\/2022\/05\/jardin-sauvage105-150x150.jpg 150w, https:\/\/coletteartsetmatieres.com\/wp-content\/uploads\/2022\/05\/jardin-sauvage105-100x100.jpg 100w\" sizes=\"100vw\" \/><\/div>\n\t\t\t\t\t<div class=\"wc-block-grid__product-title\">Jardin sauvage<\/div>\n\t\t\t\t<\/a>\n\t\t\t\t\n\t\t\t\t<div class=\"wc-block-grid__product-price price\"><\/div>\n\t\t\t\t\n\t\t\t\t<div class=\"wp-block-button wc-block-grid__product-add-to-cart\"><a href=\"https:\/\/coletteartsetmatieres.com\/index.php\/produit\/jardin-sauvage\/\" aria-label=\"En savoir plus sur &ldquo;Jardin sauvage&rdquo;\" data-quantity=\"1\" data-product_id=\"1088\" data-product_sku=\"\" rel=\"nofollow\" class=\"wp-block-button__link wp-element-button add_to_cart_button\">Lire la suite<\/a><\/div>\n\t\t\t<\/li><li class=\"wc-block-grid__product\">\n\t\t\t\t<a href=\"https:\/\/coletteartsetmatieres.com\/index.php\/produit\/rond-sauvage\/\" class=\"wc-block-grid__product-link\">\n\t\t\t\t\t<div class=\"wc-block-grid__product-image\"><img loading=\"lazy\" decoding=\"async\" width=\"250\" height=\"250\" src=\"https:\/\/coletteartsetmatieres.com\/wp-content\/uploads\/2022\/05\/rond-sauvage-44-250x250.jpg\" class=\"attachment-woocommerce_thumbnail size-woocommerce_thumbnail\" alt=\"Rond sauvage\" srcset=\"https:\/\/coletteartsetmatieres.com\/wp-content\/uploads\/2022\/05\/rond-sauvage-44-250x250.jpg 250w, https:\/\/coletteartsetmatieres.com\/wp-content\/uploads\/2022\/05\/rond-sauvage-44-150x150.jpg 150w, https:\/\/coletteartsetmatieres.com\/wp-content\/uploads\/2022\/05\/rond-sauvage-44-100x100.jpg 100w\" sizes=\"100vw\" \/><\/div>\n\t\t\t\t\t<div class=\"wc-block-grid__product-title\">Rond sauvage<\/div>\n\t\t\t\t<\/a>\n\t\t\t\t\n\t\t\t\t<div class=\"wc-block-grid__product-price price\"><span class=\"woocommerce-Price-amount amount\">27,00<span class=\"woocommerce-Price-currencySymbol\">&euro;<\/span><\/span><\/div>\n\t\t\t\t\n\t\t\t\t<div class=\"wp-block-button wc-block-grid__product-add-to-cart\"><a href=\"?add-to-cart=1063\" aria-label=\"Ajouter &ldquo;Rond sauvage&rdquo; \u00e0 votre panier\" data-quantity=\"1\" data-product_id=\"1063\" data-product_sku=\"\" rel=\"nofollow\" class=\"wp-block-button__link wp-element-button add_to_cart_button ajax_add_to_cart\">Ajouter au panier<\/a><\/div>\n\t\t\t<\/li><\/ul><\/div>\n\n\n<p class=\"has-text-align-center\">Utilisez le code <strong>DRIVE<\/strong> dans votre panier pour ne pas payer les frais de livraison si vous souhaitez r\u00e9cup\u00e9rer directement votre achat \u00e0 l&rsquo;atelier.<\/p>\n","protected":false},"excerpt":{"rendered":"<p>Retrouver son jardin dans son salon ! Explorez mes techniques pour cr\u00e9er des arbres fruitiers ou des jardins sauvages miniatures qui raviveront vos souvenirs d&rsquo;enfance. Que ce soit dans une mini serre, un terrarium, une jardini\u00e8re ou sur une plaquette, je r\u00e9aliserai votre r\u00eave selon vos pr\u00e9f\u00e9rences. Si vous disposez d&rsquo;un aquarium ou d&rsquo;un r\u00e9cipient &hellip; <\/p>\n<p class=\"link-more\"><a href=\"https:\/\/coletteartsetmatieres.com\/index.php\/jardin\/\" class=\"more-link\">Continuer la lecture<span class=\"screen-reader-text\"> de &laquo;&nbsp;Jardin&nbsp;&raquo;<\/span><\/a><\/p>\n","protected":false},"author":1,"featured_media":0,"parent":0,"menu_order":0,"comment_status":"closed","ping_status":"closed","template":"","meta":{"footnotes":"","_vp_format_video_url":"","_vp_image_focal_point":[]},"yoast_head":"<!-- This site is optimized with the Yoast SEO plugin v19.8 - https:\/\/yoast.com\/wordpress\/plugins\/seo\/ -->\n<title>Jardin - Colette Arts et Mati\u00e8res.<\/title>\n<meta name=\"description\" content=\"Retrouver son jardin dans son salon ! Explorez mes techniques pour cr\u00e9er des arbres fruitiers ou des jardins sauvages miniatures...\" \/>\n<meta name=\"robots\" content=\"index, follow, max-snippet:-1, max-image-preview:large, max-video-preview:-1\" \/>\n<link rel=\"canonical\" href=\"https:\/\/coletteartsetmatieres.com\/index.php\/jardin\/\" \/>\n<meta property=\"og:locale\" content=\"fr_FR\" \/>\n<meta property=\"og:type\" content=\"article\" \/>\n<meta property=\"og:title\" content=\"Jardin - Colette Arts et Mati\u00e8res.\" \/>\n<meta property=\"og:description\" content=\"Retrouver son jardin dans son salon ! Explorez mes techniques pour cr\u00e9er des arbres fruitiers ou des jardins sauvages miniatures...\" \/>\n<meta property=\"og:url\" content=\"https:\/\/coletteartsetmatieres.com\/index.php\/jardin\/\" \/>\n<meta property=\"og:site_name\" content=\"Colette Arts et Mati\u00e8res.\" \/>\n<meta property=\"article:modified_time\" content=\"2023-06-23T11:06:39+00:00\" \/>\n<meta name=\"twitter:card\" content=\"summary_large_image\" \/>\n<meta name=\"twitter:label1\" content=\"Dur\u00e9e de lecture estim\u00e9e\" \/>\n\t<meta name=\"twitter:data1\" content=\"1 minute\" \/>\n<script type=\"application\/ld+json\" class=\"yoast-schema-graph\">{\"@context\":\"https:\/\/schema.org\",\"@graph\":[{\"@type\":\"WebPage\",\"@id\":\"https:\/\/coletteartsetmatieres.com\/index.php\/jardin\/\",\"url\":\"https:\/\/coletteartsetmatieres.com\/index.php\/jardin\/\",\"name\":\"Jardin - Colette Arts et Mati\u00e8res.\",\"isPartOf\":{\"@id\":\"https:\/\/coletteartsetmatieres.com\/#website\"},\"datePublished\":\"2022-04-21T08:44:56+00:00\",\"dateModified\":\"2023-06-23T11:06:39+00:00\",\"description\":\"Retrouver son jardin dans son salon ! Explorez mes techniques pour cr\u00e9er des arbres fruitiers ou des jardins sauvages miniatures...\",\"breadcrumb\":{\"@id\":\"https:\/\/coletteartsetmatieres.com\/index.php\/jardin\/#breadcrumb\"},\"inLanguage\":\"fr-FR\",\"potentialAction\":[{\"@type\":\"ReadAction\",\"target\":[\"https:\/\/coletteartsetmatieres.com\/index.php\/jardin\/\"]}]},{\"@type\":\"BreadcrumbList\",\"@id\":\"https:\/\/coletteartsetmatieres.com\/index.php\/jardin\/#breadcrumb\",\"itemListElement\":[{\"@type\":\"ListItem\",\"position\":1,\"name\":\"Accueil\",\"item\":\"https:\/\/coletteartsetmatieres.com\/\"},{\"@type\":\"ListItem\",\"position\":2,\"name\":\"Jardin\"}]},{\"@type\":\"WebSite\",\"@id\":\"https:\/\/coletteartsetmatieres.com\/#website\",\"url\":\"https:\/\/coletteartsetmatieres.com\/\",\"name\":\"Colette Arts et Mati\u00e8res.\",\"description\":\"   L&#039;Art du V\u00e9g\u00e9tal et de la Fleur stables et durables\",\"publisher\":{\"@id\":\"https:\/\/coletteartsetmatieres.com\/#organization\"},\"potentialAction\":[{\"@type\":\"SearchAction\",\"target\":{\"@type\":\"EntryPoint\",\"urlTemplate\":\"https:\/\/coletteartsetmatieres.com\/?s={search_term_string}\"},\"query-input\":\"required name=search_term_string\"}],\"inLanguage\":\"fr-FR\"},{\"@type\":\"Organization\",\"@id\":\"https:\/\/coletteartsetmatieres.com\/#organization\",\"name\":\"Colette Arts et Mati\u00e8res.\",\"url\":\"https:\/\/coletteartsetmatieres.com\/\",\"sameAs\":[],\"logo\":{\"@type\":\"ImageObject\",\"inLanguage\":\"fr-FR\",\"@id\":\"https:\/\/coletteartsetmatieres.com\/#\/schema\/logo\/image\/\",\"url\":\"https:\/\/coletteartsetmatieres.com\/wp-content\/uploads\/2020\/03\/cropped-Coletteartsetmatieres_logotype-2.png\",\"contentUrl\":\"https:\/\/coletteartsetmatieres.com\/wp-content\/uploads\/2020\/03\/cropped-Coletteartsetmatieres_logotype-2.png\",\"width\":409,\"height\":250,\"caption\":\"    Colette Arts et Mati\u00e8res. \"},\"image\":{\"@id\":\"https:\/\/coletteartsetmatieres.com\/#\/schema\/logo\/image\/\"}}]}<\/script>\n<!-- \/ Yoast SEO plugin. -->","yoast_head_json":{"title":"Jardin - Colette Arts et Mati\u00e8res.","description":"Retrouver son jardin dans son salon ! Explorez mes techniques pour cr\u00e9er des arbres fruitiers ou des jardins sauvages miniatures...","robots":{"index":"index","follow":"follow","max-snippet":"max-snippet:-1","max-image-preview":"max-image-preview:large","max-video-preview":"max-video-preview:-1"},"canonical":"https:\/\/coletteartsetmatieres.com\/index.php\/jardin\/","og_locale":"fr_FR","og_type":"article","og_title":"Jardin - Colette Arts et Mati\u00e8res.","og_description":"Retrouver son jardin dans son salon ! Explorez mes techniques pour cr\u00e9er des arbres fruitiers ou des jardins sauvages miniatures...","og_url":"https:\/\/coletteartsetmatieres.com\/index.php\/jardin\/","og_site_name":"Colette Arts et Mati\u00e8res.","article_modified_time":"2023-06-23T11:06:39+00:00","twitter_card":"summary_large_image","twitter_misc":{"Dur\u00e9e de lecture estim\u00e9e":"1 minute"},"schema":{"@context":"https:\/\/schema.org","@graph":[{"@type":"WebPage","@id":"https:\/\/coletteartsetmatieres.com\/index.php\/jardin\/","url":"https:\/\/coletteartsetmatieres.com\/index.php\/jardin\/","name":"Jardin - Colette Arts et Mati\u00e8res.","isPartOf":{"@id":"https:\/\/coletteartsetmatieres.com\/#website"},"datePublished":"2022-04-21T08:44:56+00:00","dateModified":"2023-06-23T11:06:39+00:00","description":"Retrouver son jardin dans son salon ! Explorez mes techniques pour cr\u00e9er des arbres fruitiers ou des jardins sauvages miniatures...","breadcrumb":{"@id":"https:\/\/coletteartsetmatieres.com\/index.php\/jardin\/#breadcrumb"},"inLanguage":"fr-FR","potentialAction":[{"@type":"ReadAction","target":["https:\/\/coletteartsetmatieres.com\/index.php\/jardin\/"]}]},{"@type":"BreadcrumbList","@id":"https:\/\/coletteartsetmatieres.com\/index.php\/jardin\/#breadcrumb","itemListElement":[{"@type":"ListItem","position":1,"name":"Accueil","item":"https:\/\/coletteartsetmatieres.com\/"},{"@type":"ListItem","position":2,"name":"Jardin"}]},{"@type":"WebSite","@id":"https:\/\/coletteartsetmatieres.com\/#website","url":"https:\/\/coletteartsetmatieres.com\/","name":"Colette Arts et Mati\u00e8res.","description":"   L&#039;Art du V\u00e9g\u00e9tal et de la Fleur stables et durables","publisher":{"@id":"https:\/\/coletteartsetmatieres.com\/#organization"},"potentialAction":[{"@type":"SearchAction","target":{"@type":"EntryPoint","urlTemplate":"https:\/\/coletteartsetmatieres.com\/?s={search_term_string}"},"query-input":"required name=search_term_string"}],"inLanguage":"fr-FR"},{"@type":"Organization","@id":"https:\/\/coletteartsetmatieres.com\/#organization","name":"Colette Arts et Mati\u00e8res.","url":"https:\/\/coletteartsetmatieres.com\/","sameAs":[],"logo":{"@type":"ImageObject","inLanguage":"fr-FR","@id":"https:\/\/coletteartsetmatieres.com\/#\/schema\/logo\/image\/","url":"https:\/\/coletteartsetmatieres.com\/wp-content\/uploads\/2020\/03\/cropped-Coletteartsetmatieres_logotype-2.png","contentUrl":"https:\/\/coletteartsetmatieres.com\/wp-content\/uploads\/2020\/03\/cropped-Coletteartsetmatieres_logotype-2.png","width":409,"height":250,"caption":"    Colette Arts et Mati\u00e8res. "},"image":{"@id":"https:\/\/coletteartsetmatieres.com\/#\/schema\/logo\/image\/"}}]}},"_links":{"self":[{"href":"https:\/\/coletteartsetmatieres.com\/index.php\/wp-json\/wp\/v2\/pages\/925"}],"collection":[{"href":"https:\/\/coletteartsetmatieres.com\/index.php\/wp-json\/wp\/v2\/pages"}],"about":[{"href":"https:\/\/coletteartsetmatieres.com\/index.php\/wp-json\/wp\/v2\/types\/page"}],"author":[{"embeddable":true,"href":"https:\/\/coletteartsetmatieres.com\/index.php\/wp-json\/wp\/v2\/users\/1"}],"replies":[{"embeddable":true,"href":"https:\/\/coletteartsetmatieres.com\/index.php\/wp-json\/wp\/v2\/comments?post=925"}],"version-history":[{"count":8,"href":"https:\/\/coletteartsetmatieres.com\/index.php\/wp-json\/wp\/v2\/pages\/925\/revisions"}],"predecessor-version":[{"id":1978,"href":"https:\/\/coletteartsetmatieres.com\/index.php\/wp-json\/wp\/v2\/pages\/925\/revisions\/1978"}],"wp:attachment":[{"href":"https:\/\/coletteartsetmatieres.com\/index.php\/wp-json\/wp\/v2\/media?parent=925"}],"curies":[{"name":"wp","href":"https:\/\/api.w.org\/{rel}","templated":true}]}}