{"id":93,"date":"2020-03-26T14:39:15","date_gmt":"2020-03-26T13:39:15","guid":{"rendered":"https:\/\/coletteartsetmatieres.com\/?page_id=93"},"modified":"2023-06-16T11:53:57","modified_gmt":"2023-06-16T09:53:57","slug":"vegetal-stabilise","status":"publish","type":"page","link":"https:\/\/coletteartsetmatieres.com\/index.php\/vegetal-stabilise\/","title":{"rendered":"<center>Technique du v\u00e9g\u00e9tal stabilis\u00e9<\/center>"},"content":{"rendered":"\n<h1 class=\"wp-block-heading\"> <em><mark style=\"background-color:rgba(0, 0, 0, 0)\" class=\"has-inline-color has-vivid-green-cyan-color\">Qu&rsquo;est-ce que le v\u00e9g\u00e9tal stabilis\u00e9? <\/mark><\/em><\/h1>\n\n\n\n<p>Le v\u00e9g\u00e9tal stabilis\u00e9 est un proc\u00e9d\u00e9 sp\u00e9cifique qui pr\u00e9serve les v\u00e9g\u00e9taux naturels. <\/p>\n\n\n\n<p>Une fois cueilli,  il est trait\u00e9 avec un m\u00e9lange de glyc\u00e9rine et de colorant adapt\u00e9. Ce processus lui permet de conserver une certaine quantit\u00e9 de s\u00e8ve dans ses fibres. Il maintient ainsi sa capacit\u00e9 de respirer et d&rsquo;interagir avec son environnement en termes de temp\u00e9rature et d&rsquo;humidit\u00e9. <\/p>\n\n\n\n<p>R\u00e9sultat : il peut \u00eatre conserv\u00e9 pendant plusieurs ann\u00e9es \u00e0 une temp\u00e9rature comprise entre 15 et 25 \u00b0C, \u00e0 l&rsquo;abri du soleil direct. <\/p>\n\n\n\n<p>Outre son aspect <a href=\"https:\/\/coletteartsetmatieres.com\/index.php\/zen-2\/\">zen et bienveillant<\/a>,  le v\u00e9g\u00e9tal joue un r\u00f4le b\u00e9n\u00e9fique dans la qualit\u00e9 de l&rsquo;air int\u00e9rieur en contribuant \u00e0 son renouvellement et en absorbant les r\u00e9sonances sonores. Gr\u00e2ce \u00e0 ce proc\u00e9d\u00e9, les v\u00e9g\u00e9taux recolor\u00e9s conservent leur fra\u00eecheur et leur souplesse pendant de nombreuses ann\u00e9es. Il ajoute ainsi une touche \u00ab\u00a0Nature\u00a0\u00bb \u00e0 votre int\u00e9rieur et s&rsquo;int\u00e8gre \u00e0 tous les styles de d\u00e9coration. . <\/p>\n\n\n\n<p>Pas besoin d&rsquo;eau ni de lumi\u00e8re, un simple d\u00e9poussi\u00e9rage annuel suffit. Gr\u00e2ce \u00e0 aux \u00e9changes permanents avec l&rsquo;environnement, il reste plus propres au fil du temps. Il offre ainsi une solution id\u00e9ale pour profiter de la beaut\u00e9 naturelle des v\u00e9g\u00e9taux sans entretien. C&rsquo;est un choix devenu populaire pour ajouter une touche de verdure \u00ab\u00a0nature\u00a0\u00bb et de vie \u00e0 nos espaces int\u00e9rieurs.<\/p>\n\n\n\n<div class=\"wp-block-buttons is-horizontal is-content-justification-center is-layout-flex wp-container-core-buttons-layout-1 wp-block-buttons-is-layout-flex\">\n<div class=\"wp-block-button\"><a class=\"wp-block-button__link has-background wp-element-button\" href=\"https:\/\/murmuretbrindilles.fr\/\" style=\"background-color:#c55051\" target=\"_blank\" rel=\"noreferrer noopener\">Venez d\u00e9couvrir mes cr\u00e9ations en v\u00e9g\u00e9tal stabilis\u00e9 <\/a><\/div>\n<\/div>\n\n\n\n<p><\/p>\n","protected":false},"excerpt":{"rendered":"<p>Qu&rsquo;est-ce que le v\u00e9g\u00e9tal stabilis\u00e9? Le v\u00e9g\u00e9tal stabilis\u00e9 est un proc\u00e9d\u00e9 sp\u00e9cifique qui pr\u00e9serve les v\u00e9g\u00e9taux naturels. Une fois cueilli, il est trait\u00e9 avec un m\u00e9lange de glyc\u00e9rine et de colorant adapt\u00e9. Ce processus lui permet de conserver une certaine quantit\u00e9 de s\u00e8ve dans ses fibres. Il maintient ainsi sa capacit\u00e9 de respirer et d&rsquo;interagir &hellip; <\/p>\n<p class=\"link-more\"><a href=\"https:\/\/coletteartsetmatieres.com\/index.php\/vegetal-stabilise\/\" class=\"more-link\">Continuer la lecture<span class=\"screen-reader-text\"> de &laquo;&nbsp;<center>Technique du v\u00e9g\u00e9tal stabilis\u00e9<\/center>&nbsp;&raquo;<\/span><\/a><\/p>\n","protected":false},"author":1,"featured_media":1007,"parent":0,"menu_order":0,"comment_status":"closed","ping_status":"closed","template":"","meta":{"footnotes":"","_vp_format_video_url":"","_vp_image_focal_point":{"x":"0.50","y":"0.53"}},"yoast_head":"<!-- This site is optimized with the Yoast SEO plugin v19.8 - https:\/\/yoast.com\/wordpress\/plugins\/seo\/ -->\n<title>Technique du v\u00e9g\u00e9tal stabilis\u00e9 - Colette Arts et Mati\u00e8res.<\/title>\n<meta name=\"description\" content=\"Le v\u00e9g\u00e9tal stabilis\u00e9 est un proc\u00e9d\u00e9 sp\u00e9cifique qui pr\u00e9serve les v\u00e9g\u00e9taux naturels. Une fois cueilli, le v\u00e9g\u00e9tal est trait\u00e9 avec un m\u00e9lange...\" \/>\n<meta name=\"robots\" content=\"index, follow, max-snippet:-1, max-image-preview:large, max-video-preview:-1\" \/>\n<link rel=\"canonical\" href=\"https:\/\/coletteartsetmatieres.com\/index.php\/vegetal-stabilise\/\" \/>\n<meta property=\"og:locale\" content=\"fr_FR\" \/>\n<meta property=\"og:type\" content=\"article\" \/>\n<meta property=\"og:title\" content=\"Technique du v\u00e9g\u00e9tal stabilis\u00e9 - Colette Arts et Mati\u00e8res.\" \/>\n<meta property=\"og:description\" content=\"Le v\u00e9g\u00e9tal stabilis\u00e9 est un proc\u00e9d\u00e9 sp\u00e9cifique qui pr\u00e9serve les v\u00e9g\u00e9taux naturels. Une fois cueilli, le v\u00e9g\u00e9tal est trait\u00e9 avec un m\u00e9lange...\" \/>\n<meta property=\"og:url\" content=\"https:\/\/coletteartsetmatieres.com\/index.php\/vegetal-stabilise\/\" \/>\n<meta property=\"og:site_name\" content=\"Colette Arts et Mati\u00e8res.\" \/>\n<meta property=\"article:modified_time\" content=\"2023-06-16T09:53:57+00:00\" \/>\n<meta property=\"og:image\" content=\"https:\/\/coletteartsetmatieres.com\/wp-content\/uploads\/2022\/04\/cropped-detail-baies-exotiques.jpg\" \/>\n\t<meta property=\"og:image:width\" content=\"2000\" \/>\n\t<meta property=\"og:image:height\" content=\"1333\" \/>\n\t<meta property=\"og:image:type\" content=\"image\/jpeg\" \/>\n<meta name=\"twitter:card\" content=\"summary_large_image\" \/>\n<meta name=\"twitter:label1\" content=\"Dur\u00e9e de lecture estim\u00e9e\" \/>\n\t<meta name=\"twitter:data1\" content=\"2 minutes\" \/>\n<script type=\"application\/ld+json\" class=\"yoast-schema-graph\">{\"@context\":\"https:\/\/schema.org\",\"@graph\":[{\"@type\":\"WebPage\",\"@id\":\"https:\/\/coletteartsetmatieres.com\/index.php\/vegetal-stabilise\/\",\"url\":\"https:\/\/coletteartsetmatieres.com\/index.php\/vegetal-stabilise\/\",\"name\":\"Technique du v\u00e9g\u00e9tal stabilis\u00e9 - Colette Arts et Mati\u00e8res.\",\"isPartOf\":{\"@id\":\"https:\/\/coletteartsetmatieres.com\/#website\"},\"datePublished\":\"2020-03-26T13:39:15+00:00\",\"dateModified\":\"2023-06-16T09:53:57+00:00\",\"description\":\"Le v\u00e9g\u00e9tal stabilis\u00e9 est un proc\u00e9d\u00e9 sp\u00e9cifique qui pr\u00e9serve les v\u00e9g\u00e9taux naturels. Une fois cueilli, le v\u00e9g\u00e9tal est trait\u00e9 avec un m\u00e9lange...\",\"breadcrumb\":{\"@id\":\"https:\/\/coletteartsetmatieres.com\/index.php\/vegetal-stabilise\/#breadcrumb\"},\"inLanguage\":\"fr-FR\",\"potentialAction\":[{\"@type\":\"ReadAction\",\"target\":[\"https:\/\/coletteartsetmatieres.com\/index.php\/vegetal-stabilise\/\"]}]},{\"@type\":\"BreadcrumbList\",\"@id\":\"https:\/\/coletteartsetmatieres.com\/index.php\/vegetal-stabilise\/#breadcrumb\",\"itemListElement\":[{\"@type\":\"ListItem\",\"position\":1,\"name\":\"Accueil\",\"item\":\"https:\/\/coletteartsetmatieres.com\/\"},{\"@type\":\"ListItem\",\"position\":2,\"name\":\"Technique du v\u00e9g\u00e9tal stabilis\u00e9\"}]},{\"@type\":\"WebSite\",\"@id\":\"https:\/\/coletteartsetmatieres.com\/#website\",\"url\":\"https:\/\/coletteartsetmatieres.com\/\",\"name\":\"Colette Arts et Mati\u00e8res.\",\"description\":\"   L&#039;Art du V\u00e9g\u00e9tal et de la Fleur stables et durables\",\"publisher\":{\"@id\":\"https:\/\/coletteartsetmatieres.com\/#organization\"},\"potentialAction\":[{\"@type\":\"SearchAction\",\"target\":{\"@type\":\"EntryPoint\",\"urlTemplate\":\"https:\/\/coletteartsetmatieres.com\/?s={search_term_string}\"},\"query-input\":\"required name=search_term_string\"}],\"inLanguage\":\"fr-FR\"},{\"@type\":\"Organization\",\"@id\":\"https:\/\/coletteartsetmatieres.com\/#organization\",\"name\":\"Colette Arts et Mati\u00e8res.\",\"url\":\"https:\/\/coletteartsetmatieres.com\/\",\"sameAs\":[],\"logo\":{\"@type\":\"ImageObject\",\"inLanguage\":\"fr-FR\",\"@id\":\"https:\/\/coletteartsetmatieres.com\/#\/schema\/logo\/image\/\",\"url\":\"https:\/\/coletteartsetmatieres.com\/wp-content\/uploads\/2020\/03\/cropped-Coletteartsetmatieres_logotype-2.png\",\"contentUrl\":\"https:\/\/coletteartsetmatieres.com\/wp-content\/uploads\/2020\/03\/cropped-Coletteartsetmatieres_logotype-2.png\",\"width\":409,\"height\":250,\"caption\":\"    Colette Arts et Mati\u00e8res. \"},\"image\":{\"@id\":\"https:\/\/coletteartsetmatieres.com\/#\/schema\/logo\/image\/\"}}]}<\/script>\n<!-- \/ Yoast SEO plugin. -->","yoast_head_json":{"title":"Technique du v\u00e9g\u00e9tal stabilis\u00e9 - Colette Arts et Mati\u00e8res.","description":"Le v\u00e9g\u00e9tal stabilis\u00e9 est un proc\u00e9d\u00e9 sp\u00e9cifique qui pr\u00e9serve les v\u00e9g\u00e9taux naturels. Une fois cueilli, le v\u00e9g\u00e9tal est trait\u00e9 avec un m\u00e9lange...","robots":{"index":"index","follow":"follow","max-snippet":"max-snippet:-1","max-image-preview":"max-image-preview:large","max-video-preview":"max-video-preview:-1"},"canonical":"https:\/\/coletteartsetmatieres.com\/index.php\/vegetal-stabilise\/","og_locale":"fr_FR","og_type":"article","og_title":"Technique du v\u00e9g\u00e9tal stabilis\u00e9 - Colette Arts et Mati\u00e8res.","og_description":"Le v\u00e9g\u00e9tal stabilis\u00e9 est un proc\u00e9d\u00e9 sp\u00e9cifique qui pr\u00e9serve les v\u00e9g\u00e9taux naturels. Une fois cueilli, le v\u00e9g\u00e9tal est trait\u00e9 avec un m\u00e9lange...","og_url":"https:\/\/coletteartsetmatieres.com\/index.php\/vegetal-stabilise\/","og_site_name":"Colette Arts et Mati\u00e8res.","article_modified_time":"2023-06-16T09:53:57+00:00","og_image":[{"width":2000,"height":1333,"url":"https:\/\/coletteartsetmatieres.com\/wp-content\/uploads\/2022\/04\/cropped-detail-baies-exotiques.jpg","type":"image\/jpeg"}],"twitter_card":"summary_large_image","twitter_misc":{"Dur\u00e9e de lecture estim\u00e9e":"2 minutes"},"schema":{"@context":"https:\/\/schema.org","@graph":[{"@type":"WebPage","@id":"https:\/\/coletteartsetmatieres.com\/index.php\/vegetal-stabilise\/","url":"https:\/\/coletteartsetmatieres.com\/index.php\/vegetal-stabilise\/","name":"Technique du v\u00e9g\u00e9tal stabilis\u00e9 - Colette Arts et Mati\u00e8res.","isPartOf":{"@id":"https:\/\/coletteartsetmatieres.com\/#website"},"datePublished":"2020-03-26T13:39:15+00:00","dateModified":"2023-06-16T09:53:57+00:00","description":"Le v\u00e9g\u00e9tal stabilis\u00e9 est un proc\u00e9d\u00e9 sp\u00e9cifique qui pr\u00e9serve les v\u00e9g\u00e9taux naturels. Une fois cueilli, le v\u00e9g\u00e9tal est trait\u00e9 avec un m\u00e9lange...","breadcrumb":{"@id":"https:\/\/coletteartsetmatieres.com\/index.php\/vegetal-stabilise\/#breadcrumb"},"inLanguage":"fr-FR","potentialAction":[{"@type":"ReadAction","target":["https:\/\/coletteartsetmatieres.com\/index.php\/vegetal-stabilise\/"]}]},{"@type":"BreadcrumbList","@id":"https:\/\/coletteartsetmatieres.com\/index.php\/vegetal-stabilise\/#breadcrumb","itemListElement":[{"@type":"ListItem","position":1,"name":"Accueil","item":"https:\/\/coletteartsetmatieres.com\/"},{"@type":"ListItem","position":2,"name":"Technique du v\u00e9g\u00e9tal stabilis\u00e9"}]},{"@type":"WebSite","@id":"https:\/\/coletteartsetmatieres.com\/#website","url":"https:\/\/coletteartsetmatieres.com\/","name":"Colette Arts et Mati\u00e8res.","description":"   L&#039;Art du V\u00e9g\u00e9tal et de la Fleur stables et durables","publisher":{"@id":"https:\/\/coletteartsetmatieres.com\/#organization"},"potentialAction":[{"@type":"SearchAction","target":{"@type":"EntryPoint","urlTemplate":"https:\/\/coletteartsetmatieres.com\/?s={search_term_string}"},"query-input":"required name=search_term_string"}],"inLanguage":"fr-FR"},{"@type":"Organization","@id":"https:\/\/coletteartsetmatieres.com\/#organization","name":"Colette Arts et Mati\u00e8res.","url":"https:\/\/coletteartsetmatieres.com\/","sameAs":[],"logo":{"@type":"ImageObject","inLanguage":"fr-FR","@id":"https:\/\/coletteartsetmatieres.com\/#\/schema\/logo\/image\/","url":"https:\/\/coletteartsetmatieres.com\/wp-content\/uploads\/2020\/03\/cropped-Coletteartsetmatieres_logotype-2.png","contentUrl":"https:\/\/coletteartsetmatieres.com\/wp-content\/uploads\/2020\/03\/cropped-Coletteartsetmatieres_logotype-2.png","width":409,"height":250,"caption":"    Colette Arts et Mati\u00e8res. "},"image":{"@id":"https:\/\/coletteartsetmatieres.com\/#\/schema\/logo\/image\/"}}]}},"_links":{"self":[{"href":"https:\/\/coletteartsetmatieres.com\/index.php\/wp-json\/wp\/v2\/pages\/93"}],"collection":[{"href":"https:\/\/coletteartsetmatieres.com\/index.php\/wp-json\/wp\/v2\/pages"}],"about":[{"href":"https:\/\/coletteartsetmatieres.com\/index.php\/wp-json\/wp\/v2\/types\/page"}],"author":[{"embeddable":true,"href":"https:\/\/coletteartsetmatieres.com\/index.php\/wp-json\/wp\/v2\/users\/1"}],"replies":[{"embeddable":true,"href":"https:\/\/coletteartsetmatieres.com\/index.php\/wp-json\/wp\/v2\/comments?post=93"}],"version-history":[{"count":18,"href":"https:\/\/coletteartsetmatieres.com\/index.php\/wp-json\/wp\/v2\/pages\/93\/revisions"}],"predecessor-version":[{"id":1955,"href":"https:\/\/coletteartsetmatieres.com\/index.php\/wp-json\/wp\/v2\/pages\/93\/revisions\/1955"}],"wp:featuredmedia":[{"embeddable":true,"href":"https:\/\/coletteartsetmatieres.com\/index.php\/wp-json\/wp\/v2\/media\/1007"}],"wp:attachment":[{"href":"https:\/\/coletteartsetmatieres.com\/index.php\/wp-json\/wp\/v2\/media?parent=93"}],"curies":[{"name":"wp","href":"https:\/\/api.w.org\/{rel}","templated":true}]}}