{"id":94,"date":"2020-03-26T14:39:15","date_gmt":"2020-03-26T13:39:15","guid":{"rendered":"https:\/\/coletteartsetmatieres.com\/?page_id=94"},"modified":"2023-06-16T12:06:19","modified_gmt":"2023-06-16T10:06:19","slug":"partenaires","status":"publish","type":"page","link":"https:\/\/coletteartsetmatieres.com\/index.php\/partenaires\/","title":{"rendered":"Partenaires"},"content":{"rendered":"\n<p class=\"has-text-align-center\"><\/p>\n\n\n\n<p class=\"has-text-align-center\"><img loading=\"lazy\" decoding=\"async\" width=\"247\" height=\"136\" class=\"wp-image-788\" style=\"width: 150px;\" src=\"https:\/\/coletteartsetmatieres.com\/wp-content\/uploads\/2021\/09\/logo.jpg\" alt=\"\">    <img loading=\"lazy\" decoding=\"async\" width=\"1890\" height=\"2024\" class=\"wp-image-789\" style=\"width: 100px;\" src=\"https:\/\/coletteartsetmatieres.com\/wp-content\/uploads\/2021\/09\/cropped-rouge.png\" alt=\"\" srcset=\"https:\/\/coletteartsetmatieres.com\/wp-content\/uploads\/2021\/09\/cropped-rouge.png 1890w, https:\/\/coletteartsetmatieres.com\/wp-content\/uploads\/2021\/09\/cropped-rouge-280x300.png 280w, https:\/\/coletteartsetmatieres.com\/wp-content\/uploads\/2021\/09\/cropped-rouge-956x1024.png 956w, https:\/\/coletteartsetmatieres.com\/wp-content\/uploads\/2021\/09\/cropped-rouge-768x822.png 768w, https:\/\/coletteartsetmatieres.com\/wp-content\/uploads\/2021\/09\/cropped-rouge-500x535.png 500w, https:\/\/coletteartsetmatieres.com\/wp-content\/uploads\/2021\/09\/cropped-rouge-800x857.png 800w, https:\/\/coletteartsetmatieres.com\/wp-content\/uploads\/2021\/09\/cropped-rouge-1280x1371.png 1280w, https:\/\/coletteartsetmatieres.com\/wp-content\/uploads\/2021\/09\/cropped-rouge-1434x1536.png 1434w, https:\/\/coletteartsetmatieres.com\/wp-content\/uploads\/2021\/09\/cropped-rouge-350x375.png 350w\" sizes=\"(max-width: 767px) 89vw, (max-width: 1000px) 54vw, (max-width: 1071px) 543px, 580px\" \/>    <img loading=\"lazy\" decoding=\"async\" width=\"2480\" height=\"709\" class=\"wp-image-790\" style=\"width: 150px;\" src=\"https:\/\/coletteartsetmatieres.com\/wp-content\/uploads\/2021\/09\/logo_sans_fond_7058.png\" alt=\"\" srcset=\"https:\/\/coletteartsetmatieres.com\/wp-content\/uploads\/2021\/09\/logo_sans_fond_7058.png 2480w, https:\/\/coletteartsetmatieres.com\/wp-content\/uploads\/2021\/09\/logo_sans_fond_7058-300x86.png 300w, https:\/\/coletteartsetmatieres.com\/wp-content\/uploads\/2021\/09\/logo_sans_fond_7058-1024x293.png 1024w, https:\/\/coletteartsetmatieres.com\/wp-content\/uploads\/2021\/09\/logo_sans_fond_7058-768x220.png 768w, https:\/\/coletteartsetmatieres.com\/wp-content\/uploads\/2021\/09\/logo_sans_fond_7058-500x143.png 500w, https:\/\/coletteartsetmatieres.com\/wp-content\/uploads\/2021\/09\/logo_sans_fond_7058-800x229.png 800w, https:\/\/coletteartsetmatieres.com\/wp-content\/uploads\/2021\/09\/logo_sans_fond_7058-1280x366.png 1280w, https:\/\/coletteartsetmatieres.com\/wp-content\/uploads\/2021\/09\/logo_sans_fond_7058-1920x549.png 1920w, https:\/\/coletteartsetmatieres.com\/wp-content\/uploads\/2021\/09\/logo_sans_fond_7058-1536x439.png 1536w, https:\/\/coletteartsetmatieres.com\/wp-content\/uploads\/2021\/09\/logo_sans_fond_7058-2048x585.png 2048w, https:\/\/coletteartsetmatieres.com\/wp-content\/uploads\/2021\/09\/logo_sans_fond_7058-350x100.png 350w\" sizes=\"(max-width: 767px) 89vw, (max-width: 1000px) 54vw, (max-width: 1071px) 543px, 580px\" \/>           <img loading=\"lazy\" decoding=\"async\" width=\"500\" height=\"129\" class=\"wp-image-791\" style=\"width: 150px;\" src=\"https:\/\/coletteartsetmatieres.com\/wp-content\/uploads\/2021\/09\/eurostyle_systems_logo-1.png\" alt=\"\" srcset=\"https:\/\/coletteartsetmatieres.com\/wp-content\/uploads\/2021\/09\/eurostyle_systems_logo-1.png 500w, https:\/\/coletteartsetmatieres.com\/wp-content\/uploads\/2021\/09\/eurostyle_systems_logo-1-300x77.png 300w, https:\/\/coletteartsetmatieres.com\/wp-content\/uploads\/2021\/09\/eurostyle_systems_logo-1-350x90.png 350w\" sizes=\"(max-width: 500px) 100vw, 500px\" \/> <\/p>\n\n\n\n<div class=\"wp-block-columns is-layout-flex wp-container-core-columns-layout-1 wp-block-columns-is-layout-flex\">\n<div class=\"wp-block-column is-layout-flow wp-block-column-is-layout-flow\" style=\"flex-basis:100%\">\n<p class=\"has-text-align-center\"><\/p>\n<\/div>\n<\/div>\n\n\n\n<div class=\"wp-block-buttons is-horizontal is-content-justification-center is-layout-flex wp-container-core-buttons-layout-1 wp-block-buttons-is-layout-flex\">\n<div class=\"wp-block-button is-style-fill\"><a class=\"wp-block-button__link has-background wp-element-button\" href=\"https:\/\/coletteartsetmatieres.com\/index.php\/location\/\" style=\"background-color:#c55051\">Tarifs location des oeuvres<\/a><\/div>\n<\/div>\n","protected":false},"excerpt":{"rendered":"","protected":false},"author":1,"featured_media":1030,"parent":0,"menu_order":0,"comment_status":"closed","ping_status":"closed","template":"","meta":{"footnotes":"","_vp_format_video_url":"","_vp_image_focal_point":{"x":"0.53","y":"0.43"}},"yoast_head":"<!-- This site is optimized with the Yoast SEO plugin v19.8 - https:\/\/yoast.com\/wordpress\/plugins\/seo\/ -->\n<title>Partenaires - Colette Arts et Mati\u00e8res.<\/title>\n<meta name=\"robots\" content=\"index, follow, max-snippet:-1, max-image-preview:large, max-video-preview:-1\" \/>\n<link rel=\"canonical\" href=\"https:\/\/coletteartsetmatieres.com\/index.php\/partenaires\/\" \/>\n<meta property=\"og:locale\" content=\"fr_FR\" \/>\n<meta property=\"og:type\" content=\"article\" \/>\n<meta property=\"og:title\" content=\"Partenaires - Colette Arts et Mati\u00e8res.\" \/>\n<meta property=\"og:url\" content=\"https:\/\/coletteartsetmatieres.com\/index.php\/partenaires\/\" \/>\n<meta property=\"og:site_name\" content=\"Colette Arts et Mati\u00e8res.\" \/>\n<meta property=\"article:modified_time\" content=\"2023-06-16T10:06:19+00:00\" \/>\n<meta property=\"og:image\" content=\"https:\/\/coletteartsetmatieres.com\/wp-content\/uploads\/2022\/04\/Colette-52-1-scaled.jpg\" \/>\n\t<meta property=\"og:image:width\" content=\"2560\" \/>\n\t<meta property=\"og:image:height\" content=\"1464\" \/>\n\t<meta property=\"og:image:type\" content=\"image\/jpeg\" \/>\n<meta name=\"twitter:card\" content=\"summary_large_image\" \/>\n<meta name=\"twitter:label1\" content=\"Dur\u00e9e de lecture estim\u00e9e\" \/>\n\t<meta name=\"twitter:data1\" content=\"1 minute\" \/>\n<script type=\"application\/ld+json\" class=\"yoast-schema-graph\">{\"@context\":\"https:\/\/schema.org\",\"@graph\":[{\"@type\":\"WebPage\",\"@id\":\"https:\/\/coletteartsetmatieres.com\/index.php\/partenaires\/\",\"url\":\"https:\/\/coletteartsetmatieres.com\/index.php\/partenaires\/\",\"name\":\"Partenaires - Colette Arts et Mati\u00e8res.\",\"isPartOf\":{\"@id\":\"https:\/\/coletteartsetmatieres.com\/#website\"},\"datePublished\":\"2020-03-26T13:39:15+00:00\",\"dateModified\":\"2023-06-16T10:06:19+00:00\",\"breadcrumb\":{\"@id\":\"https:\/\/coletteartsetmatieres.com\/index.php\/partenaires\/#breadcrumb\"},\"inLanguage\":\"fr-FR\",\"potentialAction\":[{\"@type\":\"ReadAction\",\"target\":[\"https:\/\/coletteartsetmatieres.com\/index.php\/partenaires\/\"]}]},{\"@type\":\"BreadcrumbList\",\"@id\":\"https:\/\/coletteartsetmatieres.com\/index.php\/partenaires\/#breadcrumb\",\"itemListElement\":[{\"@type\":\"ListItem\",\"position\":1,\"name\":\"Accueil\",\"item\":\"https:\/\/coletteartsetmatieres.com\/\"},{\"@type\":\"ListItem\",\"position\":2,\"name\":\"Partenaires\"}]},{\"@type\":\"WebSite\",\"@id\":\"https:\/\/coletteartsetmatieres.com\/#website\",\"url\":\"https:\/\/coletteartsetmatieres.com\/\",\"name\":\"Colette Arts et Mati\u00e8res.\",\"description\":\"   L&#039;Art du V\u00e9g\u00e9tal et de la Fleur stables et durables\",\"publisher\":{\"@id\":\"https:\/\/coletteartsetmatieres.com\/#organization\"},\"potentialAction\":[{\"@type\":\"SearchAction\",\"target\":{\"@type\":\"EntryPoint\",\"urlTemplate\":\"https:\/\/coletteartsetmatieres.com\/?s={search_term_string}\"},\"query-input\":\"required name=search_term_string\"}],\"inLanguage\":\"fr-FR\"},{\"@type\":\"Organization\",\"@id\":\"https:\/\/coletteartsetmatieres.com\/#organization\",\"name\":\"Colette Arts et Mati\u00e8res.\",\"url\":\"https:\/\/coletteartsetmatieres.com\/\",\"sameAs\":[],\"logo\":{\"@type\":\"ImageObject\",\"inLanguage\":\"fr-FR\",\"@id\":\"https:\/\/coletteartsetmatieres.com\/#\/schema\/logo\/image\/\",\"url\":\"https:\/\/coletteartsetmatieres.com\/wp-content\/uploads\/2020\/03\/cropped-Coletteartsetmatieres_logotype-2.png\",\"contentUrl\":\"https:\/\/coletteartsetmatieres.com\/wp-content\/uploads\/2020\/03\/cropped-Coletteartsetmatieres_logotype-2.png\",\"width\":409,\"height\":250,\"caption\":\"    Colette Arts et Mati\u00e8res. \"},\"image\":{\"@id\":\"https:\/\/coletteartsetmatieres.com\/#\/schema\/logo\/image\/\"}}]}<\/script>\n<!-- \/ Yoast SEO plugin. -->","yoast_head_json":{"title":"Partenaires - Colette Arts et Mati\u00e8res.","robots":{"index":"index","follow":"follow","max-snippet":"max-snippet:-1","max-image-preview":"max-image-preview:large","max-video-preview":"max-video-preview:-1"},"canonical":"https:\/\/coletteartsetmatieres.com\/index.php\/partenaires\/","og_locale":"fr_FR","og_type":"article","og_title":"Partenaires - Colette Arts et Mati\u00e8res.","og_url":"https:\/\/coletteartsetmatieres.com\/index.php\/partenaires\/","og_site_name":"Colette Arts et Mati\u00e8res.","article_modified_time":"2023-06-16T10:06:19+00:00","og_image":[{"width":2560,"height":1464,"url":"https:\/\/coletteartsetmatieres.com\/wp-content\/uploads\/2022\/04\/Colette-52-1-scaled.jpg","type":"image\/jpeg"}],"twitter_card":"summary_large_image","twitter_misc":{"Dur\u00e9e de lecture estim\u00e9e":"1 minute"},"schema":{"@context":"https:\/\/schema.org","@graph":[{"@type":"WebPage","@id":"https:\/\/coletteartsetmatieres.com\/index.php\/partenaires\/","url":"https:\/\/coletteartsetmatieres.com\/index.php\/partenaires\/","name":"Partenaires - Colette Arts et Mati\u00e8res.","isPartOf":{"@id":"https:\/\/coletteartsetmatieres.com\/#website"},"datePublished":"2020-03-26T13:39:15+00:00","dateModified":"2023-06-16T10:06:19+00:00","breadcrumb":{"@id":"https:\/\/coletteartsetmatieres.com\/index.php\/partenaires\/#breadcrumb"},"inLanguage":"fr-FR","potentialAction":[{"@type":"ReadAction","target":["https:\/\/coletteartsetmatieres.com\/index.php\/partenaires\/"]}]},{"@type":"BreadcrumbList","@id":"https:\/\/coletteartsetmatieres.com\/index.php\/partenaires\/#breadcrumb","itemListElement":[{"@type":"ListItem","position":1,"name":"Accueil","item":"https:\/\/coletteartsetmatieres.com\/"},{"@type":"ListItem","position":2,"name":"Partenaires"}]},{"@type":"WebSite","@id":"https:\/\/coletteartsetmatieres.com\/#website","url":"https:\/\/coletteartsetmatieres.com\/","name":"Colette Arts et Mati\u00e8res.","description":"   L&#039;Art du V\u00e9g\u00e9tal et de la Fleur stables et durables","publisher":{"@id":"https:\/\/coletteartsetmatieres.com\/#organization"},"potentialAction":[{"@type":"SearchAction","target":{"@type":"EntryPoint","urlTemplate":"https:\/\/coletteartsetmatieres.com\/?s={search_term_string}"},"query-input":"required name=search_term_string"}],"inLanguage":"fr-FR"},{"@type":"Organization","@id":"https:\/\/coletteartsetmatieres.com\/#organization","name":"Colette Arts et Mati\u00e8res.","url":"https:\/\/coletteartsetmatieres.com\/","sameAs":[],"logo":{"@type":"ImageObject","inLanguage":"fr-FR","@id":"https:\/\/coletteartsetmatieres.com\/#\/schema\/logo\/image\/","url":"https:\/\/coletteartsetmatieres.com\/wp-content\/uploads\/2020\/03\/cropped-Coletteartsetmatieres_logotype-2.png","contentUrl":"https:\/\/coletteartsetmatieres.com\/wp-content\/uploads\/2020\/03\/cropped-Coletteartsetmatieres_logotype-2.png","width":409,"height":250,"caption":"    Colette Arts et Mati\u00e8res. "},"image":{"@id":"https:\/\/coletteartsetmatieres.com\/#\/schema\/logo\/image\/"}}]}},"_links":{"self":[{"href":"https:\/\/coletteartsetmatieres.com\/index.php\/wp-json\/wp\/v2\/pages\/94"}],"collection":[{"href":"https:\/\/coletteartsetmatieres.com\/index.php\/wp-json\/wp\/v2\/pages"}],"about":[{"href":"https:\/\/coletteartsetmatieres.com\/index.php\/wp-json\/wp\/v2\/types\/page"}],"author":[{"embeddable":true,"href":"https:\/\/coletteartsetmatieres.com\/index.php\/wp-json\/wp\/v2\/users\/1"}],"replies":[{"embeddable":true,"href":"https:\/\/coletteartsetmatieres.com\/index.php\/wp-json\/wp\/v2\/comments?post=94"}],"version-history":[{"count":11,"href":"https:\/\/coletteartsetmatieres.com\/index.php\/wp-json\/wp\/v2\/pages\/94\/revisions"}],"predecessor-version":[{"id":1959,"href":"https:\/\/coletteartsetmatieres.com\/index.php\/wp-json\/wp\/v2\/pages\/94\/revisions\/1959"}],"wp:featuredmedia":[{"embeddable":true,"href":"https:\/\/coletteartsetmatieres.com\/index.php\/wp-json\/wp\/v2\/media\/1030"}],"wp:attachment":[{"href":"https:\/\/coletteartsetmatieres.com\/index.php\/wp-json\/wp\/v2\/media?parent=94"}],"curies":[{"name":"wp","href":"https:\/\/api.w.org\/{rel}","templated":true}]}}