{"id":1043,"date":"2022-04-30T16:25:42","date_gmt":"2022-04-30T14:25:42","guid":{"rendered":"https:\/\/coletteartsetmatieres.com\/?post_type=product&#038;p=1043"},"modified":"2023-11-07T07:20:13","modified_gmt":"2023-11-07T06:20:13","slug":"coussin-alliances","status":"publish","type":"product","link":"https:\/\/coletteartsetmatieres.com\/index.php\/produit\/coussin-alliances\/","title":{"rendered":"Coussin alliances"},"content":{"rendered":"<div><strong>Elements :<\/strong><\/div>\n<div>\n<p>Feuilles de lamb\u2019s sur carr\u00e9 de mousse<\/p>\n<div>\n<div>\n<p><strong>Dimensions :<\/strong><\/p>\n<p>L : 12cm H : 4cm<\/p>\n<\/div>\n<\/div>\n<\/div>\n","protected":false},"excerpt":{"rendered":"<div>\n<div>\n<div>\n<div>\n<p>Le coussin des alliances: un accessoire important pour ce jour inoubliable! Pour un mariage r\u00e9ussi, rien ne vaut ce petit d\u00e9tail: un petit coussin de velours. Naturelles et stabilis\u00e9es, des feuilles de lamb&rsquo;s entrelac\u00e9es sur ce petit coussinet saura mettre en valeur \u00e0 merveilles vos alliances. D\u00e9licate attention pour sc\u00e8ne magistrale!<\/p>\n<p><strong>Photos \/ vid\u00e9os<\/strong>\u00a0: Toutes nos images sont sans retouches. Il est toutefois difficile de restituer les v\u00e9ritables couleurs d&rsquo;un produit. Le rendu des couleurs peut \u00e9galement varier d&rsquo;un \u00e9cran \u00e0 l&rsquo;autre.<\/p>\n<p><img loading=\"lazy\" decoding=\"async\" class=\"alignnone size-medium wp-image-1327\" src=\"https:\/\/coletteartsetmatieres.com\/wp-content\/uploads\/2022\/05\/jbu-removebg-preview-e1652350675257-300x73.png\" alt=\"\" width=\"300\" height=\"73\" srcset=\"https:\/\/coletteartsetmatieres.com\/wp-content\/uploads\/2022\/05\/jbu-removebg-preview-e1652350675257-300x73.png 300w, https:\/\/coletteartsetmatieres.com\/wp-content\/uploads\/2022\/05\/jbu-removebg-preview-e1652350675257-350x85.png 350w, https:\/\/coletteartsetmatieres.com\/wp-content\/uploads\/2022\/05\/jbu-removebg-preview-e1652350675257.png 390w\" sizes=\"(max-width: 300px) 100vw, 300px\" \/><\/p>\n<\/div>\n<\/div>\n<\/div>\n<\/div>\n","protected":false},"featured_media":1044,"comment_status":"open","ping_status":"closed","template":"","meta":{"_vp_format_video_url":"","_vp_image_focal_point":[]},"product_cat":[60,41],"product_tag":[],"yoast_head":"<!-- This site is optimized with the Yoast SEO plugin v19.8 - https:\/\/yoast.com\/wordpress\/plugins\/seo\/ -->\n<title>Coussin alliances - Colette Arts et Mati\u00e8res.<\/title>\n<meta name=\"robots\" content=\"index, follow, max-snippet:-1, max-image-preview:large, max-video-preview:-1\" \/>\n<link rel=\"canonical\" href=\"https:\/\/coletteartsetmatieres.com\/index.php\/produit\/coussin-alliances\/\" \/>\n<meta property=\"og:locale\" content=\"fr_FR\" \/>\n<meta property=\"og:type\" content=\"article\" \/>\n<meta property=\"og:title\" content=\"Coussin alliances - Colette Arts et Mati\u00e8res.\" \/>\n<meta property=\"og:description\" content=\"Le coussin des alliances: un accessoire important pour ce jour inoubliable! Pour un mariage r\u00e9ussi, rien ne vaut ce petit d\u00e9tail: un petit coussin de velours. Naturelles et stabilis\u00e9es, des feuilles de lamb&#039;s entrelac\u00e9es sur ce petit coussinet saura mettre en valeur \u00e0 merveilles vos alliances. D\u00e9licate attention pour sc\u00e8ne magistrale!  Photos \/ vid\u00e9os\u00a0: Toutes nos images sont sans retouches. Il est toutefois difficile de restituer les v\u00e9ritables couleurs d&#039;un produit. Le rendu des couleurs peut \u00e9galement varier d&#039;un \u00e9cran \u00e0 l&#039;autre.\" \/>\n<meta property=\"og:url\" content=\"https:\/\/coletteartsetmatieres.com\/index.php\/produit\/coussin-alliances\/\" \/>\n<meta property=\"og:site_name\" content=\"Colette Arts et Mati\u00e8res.\" \/>\n<meta property=\"article:modified_time\" content=\"2023-11-07T06:20:13+00:00\" \/>\n<meta property=\"og:image\" content=\"https:\/\/coletteartsetmatieres.com\/wp-content\/uploads\/2022\/04\/coussin_alliance_75-removebg-preview.png\" \/>\n\t<meta property=\"og:image:width\" content=\"611\" \/>\n\t<meta property=\"og:image:height\" content=\"408\" \/>\n\t<meta property=\"og:image:type\" content=\"image\/png\" \/>\n<meta name=\"twitter:card\" content=\"summary_large_image\" \/>\n<script type=\"application\/ld+json\" class=\"yoast-schema-graph\">{\"@context\":\"https:\/\/schema.org\",\"@graph\":[{\"@type\":\"WebPage\",\"@id\":\"https:\/\/coletteartsetmatieres.com\/index.php\/produit\/coussin-alliances\/\",\"url\":\"https:\/\/coletteartsetmatieres.com\/index.php\/produit\/coussin-alliances\/\",\"name\":\"Coussin alliances - Colette Arts et Mati\u00e8res.\",\"isPartOf\":{\"@id\":\"https:\/\/coletteartsetmatieres.com\/#website\"},\"datePublished\":\"2022-04-30T14:25:42+00:00\",\"dateModified\":\"2023-11-07T06:20:13+00:00\",\"breadcrumb\":{\"@id\":\"https:\/\/coletteartsetmatieres.com\/index.php\/produit\/coussin-alliances\/#breadcrumb\"},\"inLanguage\":\"fr-FR\",\"potentialAction\":[{\"@type\":\"ReadAction\",\"target\":[\"https:\/\/coletteartsetmatieres.com\/index.php\/produit\/coussin-alliances\/\"]}]},{\"@type\":\"BreadcrumbList\",\"@id\":\"https:\/\/coletteartsetmatieres.com\/index.php\/produit\/coussin-alliances\/#breadcrumb\",\"itemListElement\":[{\"@type\":\"ListItem\",\"position\":1,\"name\":\"Accueil\",\"item\":\"https:\/\/coletteartsetmatieres.com\/\"},{\"@type\":\"ListItem\",\"position\":2,\"name\":\"Coussin alliances\"}]},{\"@type\":\"WebSite\",\"@id\":\"https:\/\/coletteartsetmatieres.com\/#website\",\"url\":\"https:\/\/coletteartsetmatieres.com\/\",\"name\":\"Colette Arts et Mati\u00e8res.\",\"description\":\"   L&#039;Art du V\u00e9g\u00e9tal et de la Fleur stables et durables\",\"publisher\":{\"@id\":\"https:\/\/coletteartsetmatieres.com\/#organization\"},\"potentialAction\":[{\"@type\":\"SearchAction\",\"target\":{\"@type\":\"EntryPoint\",\"urlTemplate\":\"https:\/\/coletteartsetmatieres.com\/?s={search_term_string}\"},\"query-input\":\"required name=search_term_string\"}],\"inLanguage\":\"fr-FR\"},{\"@type\":\"Organization\",\"@id\":\"https:\/\/coletteartsetmatieres.com\/#organization\",\"name\":\"Colette Arts et Mati\u00e8res.\",\"url\":\"https:\/\/coletteartsetmatieres.com\/\",\"sameAs\":[],\"logo\":{\"@type\":\"ImageObject\",\"inLanguage\":\"fr-FR\",\"@id\":\"https:\/\/coletteartsetmatieres.com\/#\/schema\/logo\/image\/\",\"url\":\"https:\/\/coletteartsetmatieres.com\/wp-content\/uploads\/2020\/03\/cropped-Coletteartsetmatieres_logotype-2.png\",\"contentUrl\":\"https:\/\/coletteartsetmatieres.com\/wp-content\/uploads\/2020\/03\/cropped-Coletteartsetmatieres_logotype-2.png\",\"width\":409,\"height\":250,\"caption\":\"    Colette Arts et Mati\u00e8res. \"},\"image\":{\"@id\":\"https:\/\/coletteartsetmatieres.com\/#\/schema\/logo\/image\/\"}}]}<\/script>\n<!-- \/ Yoast SEO plugin. -->","yoast_head_json":{"title":"Coussin alliances - Colette Arts et Mati\u00e8res.","robots":{"index":"index","follow":"follow","max-snippet":"max-snippet:-1","max-image-preview":"max-image-preview:large","max-video-preview":"max-video-preview:-1"},"canonical":"https:\/\/coletteartsetmatieres.com\/index.php\/produit\/coussin-alliances\/","og_locale":"fr_FR","og_type":"article","og_title":"Coussin alliances - Colette Arts et Mati\u00e8res.","og_description":"Le coussin des alliances: un accessoire important pour ce jour inoubliable! Pour un mariage r\u00e9ussi, rien ne vaut ce petit d\u00e9tail: un petit coussin de velours. Naturelles et stabilis\u00e9es, des feuilles de lamb's entrelac\u00e9es sur ce petit coussinet saura mettre en valeur \u00e0 merveilles vos alliances. D\u00e9licate attention pour sc\u00e8ne magistrale!  Photos \/ vid\u00e9os\u00a0: Toutes nos images sont sans retouches. Il est toutefois difficile de restituer les v\u00e9ritables couleurs d'un produit. Le rendu des couleurs peut \u00e9galement varier d'un \u00e9cran \u00e0 l'autre.","og_url":"https:\/\/coletteartsetmatieres.com\/index.php\/produit\/coussin-alliances\/","og_site_name":"Colette Arts et Mati\u00e8res.","article_modified_time":"2023-11-07T06:20:13+00:00","og_image":[{"width":611,"height":408,"url":"https:\/\/coletteartsetmatieres.com\/wp-content\/uploads\/2022\/04\/coussin_alliance_75-removebg-preview.png","type":"image\/png"}],"twitter_card":"summary_large_image","schema":{"@context":"https:\/\/schema.org","@graph":[{"@type":"WebPage","@id":"https:\/\/coletteartsetmatieres.com\/index.php\/produit\/coussin-alliances\/","url":"https:\/\/coletteartsetmatieres.com\/index.php\/produit\/coussin-alliances\/","name":"Coussin alliances - Colette Arts et Mati\u00e8res.","isPartOf":{"@id":"https:\/\/coletteartsetmatieres.com\/#website"},"datePublished":"2022-04-30T14:25:42+00:00","dateModified":"2023-11-07T06:20:13+00:00","breadcrumb":{"@id":"https:\/\/coletteartsetmatieres.com\/index.php\/produit\/coussin-alliances\/#breadcrumb"},"inLanguage":"fr-FR","potentialAction":[{"@type":"ReadAction","target":["https:\/\/coletteartsetmatieres.com\/index.php\/produit\/coussin-alliances\/"]}]},{"@type":"BreadcrumbList","@id":"https:\/\/coletteartsetmatieres.com\/index.php\/produit\/coussin-alliances\/#breadcrumb","itemListElement":[{"@type":"ListItem","position":1,"name":"Accueil","item":"https:\/\/coletteartsetmatieres.com\/"},{"@type":"ListItem","position":2,"name":"Coussin alliances"}]},{"@type":"WebSite","@id":"https:\/\/coletteartsetmatieres.com\/#website","url":"https:\/\/coletteartsetmatieres.com\/","name":"Colette Arts et Mati\u00e8res.","description":"   L&#039;Art du V\u00e9g\u00e9tal et de la Fleur stables et durables","publisher":{"@id":"https:\/\/coletteartsetmatieres.com\/#organization"},"potentialAction":[{"@type":"SearchAction","target":{"@type":"EntryPoint","urlTemplate":"https:\/\/coletteartsetmatieres.com\/?s={search_term_string}"},"query-input":"required name=search_term_string"}],"inLanguage":"fr-FR"},{"@type":"Organization","@id":"https:\/\/coletteartsetmatieres.com\/#organization","name":"Colette Arts et Mati\u00e8res.","url":"https:\/\/coletteartsetmatieres.com\/","sameAs":[],"logo":{"@type":"ImageObject","inLanguage":"fr-FR","@id":"https:\/\/coletteartsetmatieres.com\/#\/schema\/logo\/image\/","url":"https:\/\/coletteartsetmatieres.com\/wp-content\/uploads\/2020\/03\/cropped-Coletteartsetmatieres_logotype-2.png","contentUrl":"https:\/\/coletteartsetmatieres.com\/wp-content\/uploads\/2020\/03\/cropped-Coletteartsetmatieres_logotype-2.png","width":409,"height":250,"caption":"    Colette Arts et Mati\u00e8res. "},"image":{"@id":"https:\/\/coletteartsetmatieres.com\/#\/schema\/logo\/image\/"}}]}},"_links":{"self":[{"href":"https:\/\/coletteartsetmatieres.com\/index.php\/wp-json\/wp\/v2\/product\/1043"}],"collection":[{"href":"https:\/\/coletteartsetmatieres.com\/index.php\/wp-json\/wp\/v2\/product"}],"about":[{"href":"https:\/\/coletteartsetmatieres.com\/index.php\/wp-json\/wp\/v2\/types\/product"}],"replies":[{"embeddable":true,"href":"https:\/\/coletteartsetmatieres.com\/index.php\/wp-json\/wp\/v2\/comments?post=1043"}],"wp:featuredmedia":[{"embeddable":true,"href":"https:\/\/coletteartsetmatieres.com\/index.php\/wp-json\/wp\/v2\/media\/1044"}],"wp:attachment":[{"href":"https:\/\/coletteartsetmatieres.com\/index.php\/wp-json\/wp\/v2\/media?parent=1043"}],"wp:term":[{"taxonomy":"product_cat","embeddable":true,"href":"https:\/\/coletteartsetmatieres.com\/index.php\/wp-json\/wp\/v2\/product_cat?post=1043"},{"taxonomy":"product_tag","embeddable":true,"href":"https:\/\/coletteartsetmatieres.com\/index.php\/wp-json\/wp\/v2\/product_tag?post=1043"}],"curies":[{"name":"wp","href":"https:\/\/api.w.org\/{rel}","templated":true}]}}