{"id":1048,"date":"2022-04-30T16:42:55","date_gmt":"2022-04-30T14:42:55","guid":{"rendered":"https:\/\/coletteartsetmatieres.com\/?post_type=product&#038;p=1048"},"modified":"2022-06-04T17:12:46","modified_gmt":"2022-06-04T15:12:46","slug":"les-ailes","status":"publish","type":"product","link":"https:\/\/coletteartsetmatieres.com\/index.php\/produit\/les-ailes\/","title":{"rendered":"Les ailes"},"content":{"rendered":"<div>\n<p><strong>Elements :<\/strong><\/p>\n<p>Support bois, sept mini roses. Feuillage, ailes en mousse stabilis\u00e9es vertes, perles<\/p>\n<p><strong>Dimensions :<\/strong><\/p>\n<div>\n<div>\n<p>H : 30cm l : 18cm E : 12cm D Rose : 2cm<\/p>\n<\/div>\n<\/div>\n<\/div>\n","protected":false},"excerpt":{"rendered":"<div>\n<div>\n<div>\n<div>\n<p>Originale, tout en douceur, cette composition sp\u00e9ciale saint valentin suscite nos sentiments. Ces formes arrondies, la texture des v\u00e9g\u00e9taux les finitions perl\u00e9es offrent une r\u00eaverie et une \u00e9l\u00e9gance s\u00e9duisante. La mousse et le feuillage sont stabilis\u00e9s ainsi que les roses \u00e9ternelles. Sans aucun entretien, vous profiterez de cette d\u00e9licate envol\u00e9e d&rsquo;ailes plusieurs ann\u00e9es dans votre int\u00e9rieur.<\/p>\n<p><strong>Photos \/ vid\u00e9os<\/strong>\u00a0: Toutes nos images sont sans retouches. Il est toutefois difficile de restituer les v\u00e9ritables couleurs d&rsquo;un produit. Le rendu des couleurs peut \u00e9galement varier d&rsquo;un \u00e9cran \u00e0 l&rsquo;autre.<\/p>\n<p><img loading=\"lazy\" decoding=\"async\" class=\"alignnone size-medium wp-image-1327\" src=\"https:\/\/coletteartsetmatieres.com\/wp-content\/uploads\/2022\/05\/jbu-removebg-preview-e1652350675257-300x73.png\" alt=\"\" width=\"300\" height=\"73\" srcset=\"https:\/\/coletteartsetmatieres.com\/wp-content\/uploads\/2022\/05\/jbu-removebg-preview-e1652350675257-300x73.png 300w, https:\/\/coletteartsetmatieres.com\/wp-content\/uploads\/2022\/05\/jbu-removebg-preview-e1652350675257-350x85.png 350w, https:\/\/coletteartsetmatieres.com\/wp-content\/uploads\/2022\/05\/jbu-removebg-preview-e1652350675257.png 390w\" sizes=\"(max-width: 300px) 100vw, 300px\" \/><\/p>\n<\/div>\n<\/div>\n<\/div>\n<\/div>\n","protected":false},"featured_media":1268,"comment_status":"open","ping_status":"closed","template":"","meta":{"_vp_format_video_url":"","_vp_image_focal_point":[]},"product_cat":[47],"product_tag":[],"yoast_head":"<!-- This site is optimized with the Yoast SEO plugin v19.8 - https:\/\/yoast.com\/wordpress\/plugins\/seo\/ -->\n<title>Les ailes - Colette Arts et Mati\u00e8res.<\/title>\n<meta name=\"robots\" content=\"index, follow, max-snippet:-1, max-image-preview:large, max-video-preview:-1\" \/>\n<link rel=\"canonical\" href=\"https:\/\/coletteartsetmatieres.com\/index.php\/produit\/les-ailes\/\" \/>\n<meta property=\"og:locale\" content=\"fr_FR\" \/>\n<meta property=\"og:type\" content=\"article\" \/>\n<meta property=\"og:title\" content=\"Les ailes - Colette Arts et Mati\u00e8res.\" \/>\n<meta property=\"og:description\" content=\"Originale, tout en douceur, cette composition sp\u00e9ciale saint valentin suscite nos sentiments. Ces formes arrondies, la texture des v\u00e9g\u00e9taux les finitions perl\u00e9es offrent une r\u00eaverie et une \u00e9l\u00e9gance s\u00e9duisante. La mousse et le feuillage sont stabilis\u00e9s ainsi que les roses \u00e9ternelles. Sans aucun entretien, vous profiterez de cette d\u00e9licate envol\u00e9e d&#039;ailes plusieurs ann\u00e9es dans votre int\u00e9rieur.  Photos \/ vid\u00e9os\u00a0: Toutes nos images sont sans retouches. Il est toutefois difficile de restituer les v\u00e9ritables couleurs d&#039;un produit. Le rendu des couleurs peut \u00e9galement varier d&#039;un \u00e9cran \u00e0 l&#039;autre.\" \/>\n<meta property=\"og:url\" content=\"https:\/\/coletteartsetmatieres.com\/index.php\/produit\/les-ailes\/\" \/>\n<meta property=\"og:site_name\" content=\"Colette Arts et Mati\u00e8res.\" \/>\n<meta property=\"article:modified_time\" content=\"2022-06-04T15:12:46+00:00\" \/>\n<meta property=\"og:image\" content=\"https:\/\/coletteartsetmatieres.com\/wp-content\/uploads\/2022\/05\/ailes-58-scaled.jpg\" \/>\n\t<meta property=\"og:image:width\" content=\"1707\" \/>\n\t<meta property=\"og:image:height\" content=\"2560\" \/>\n\t<meta property=\"og:image:type\" content=\"image\/jpeg\" \/>\n<meta name=\"twitter:card\" content=\"summary_large_image\" \/>\n<script type=\"application\/ld+json\" class=\"yoast-schema-graph\">{\"@context\":\"https:\/\/schema.org\",\"@graph\":[{\"@type\":\"WebPage\",\"@id\":\"https:\/\/coletteartsetmatieres.com\/index.php\/produit\/les-ailes\/\",\"url\":\"https:\/\/coletteartsetmatieres.com\/index.php\/produit\/les-ailes\/\",\"name\":\"Les ailes - Colette Arts et Mati\u00e8res.\",\"isPartOf\":{\"@id\":\"https:\/\/coletteartsetmatieres.com\/#website\"},\"datePublished\":\"2022-04-30T14:42:55+00:00\",\"dateModified\":\"2022-06-04T15:12:46+00:00\",\"breadcrumb\":{\"@id\":\"https:\/\/coletteartsetmatieres.com\/index.php\/produit\/les-ailes\/#breadcrumb\"},\"inLanguage\":\"fr-FR\",\"potentialAction\":[{\"@type\":\"ReadAction\",\"target\":[\"https:\/\/coletteartsetmatieres.com\/index.php\/produit\/les-ailes\/\"]}]},{\"@type\":\"BreadcrumbList\",\"@id\":\"https:\/\/coletteartsetmatieres.com\/index.php\/produit\/les-ailes\/#breadcrumb\",\"itemListElement\":[{\"@type\":\"ListItem\",\"position\":1,\"name\":\"Accueil\",\"item\":\"https:\/\/coletteartsetmatieres.com\/\"},{\"@type\":\"ListItem\",\"position\":2,\"name\":\"Les ailes\"}]},{\"@type\":\"WebSite\",\"@id\":\"https:\/\/coletteartsetmatieres.com\/#website\",\"url\":\"https:\/\/coletteartsetmatieres.com\/\",\"name\":\"Colette Arts et Mati\u00e8res.\",\"description\":\"   L&#039;Art du V\u00e9g\u00e9tal et de la Fleur stables et durables\",\"publisher\":{\"@id\":\"https:\/\/coletteartsetmatieres.com\/#organization\"},\"potentialAction\":[{\"@type\":\"SearchAction\",\"target\":{\"@type\":\"EntryPoint\",\"urlTemplate\":\"https:\/\/coletteartsetmatieres.com\/?s={search_term_string}\"},\"query-input\":\"required name=search_term_string\"}],\"inLanguage\":\"fr-FR\"},{\"@type\":\"Organization\",\"@id\":\"https:\/\/coletteartsetmatieres.com\/#organization\",\"name\":\"Colette Arts et Mati\u00e8res.\",\"url\":\"https:\/\/coletteartsetmatieres.com\/\",\"sameAs\":[],\"logo\":{\"@type\":\"ImageObject\",\"inLanguage\":\"fr-FR\",\"@id\":\"https:\/\/coletteartsetmatieres.com\/#\/schema\/logo\/image\/\",\"url\":\"https:\/\/coletteartsetmatieres.com\/wp-content\/uploads\/2020\/03\/cropped-Coletteartsetmatieres_logotype-2.png\",\"contentUrl\":\"https:\/\/coletteartsetmatieres.com\/wp-content\/uploads\/2020\/03\/cropped-Coletteartsetmatieres_logotype-2.png\",\"width\":409,\"height\":250,\"caption\":\"    Colette Arts et Mati\u00e8res. \"},\"image\":{\"@id\":\"https:\/\/coletteartsetmatieres.com\/#\/schema\/logo\/image\/\"}}]}<\/script>\n<!-- \/ Yoast SEO plugin. -->","yoast_head_json":{"title":"Les ailes - Colette Arts et Mati\u00e8res.","robots":{"index":"index","follow":"follow","max-snippet":"max-snippet:-1","max-image-preview":"max-image-preview:large","max-video-preview":"max-video-preview:-1"},"canonical":"https:\/\/coletteartsetmatieres.com\/index.php\/produit\/les-ailes\/","og_locale":"fr_FR","og_type":"article","og_title":"Les ailes - Colette Arts et Mati\u00e8res.","og_description":"Originale, tout en douceur, cette composition sp\u00e9ciale saint valentin suscite nos sentiments. Ces formes arrondies, la texture des v\u00e9g\u00e9taux les finitions perl\u00e9es offrent une r\u00eaverie et une \u00e9l\u00e9gance s\u00e9duisante. La mousse et le feuillage sont stabilis\u00e9s ainsi que les roses \u00e9ternelles. Sans aucun entretien, vous profiterez de cette d\u00e9licate envol\u00e9e d'ailes plusieurs ann\u00e9es dans votre int\u00e9rieur.  Photos \/ vid\u00e9os\u00a0: Toutes nos images sont sans retouches. Il est toutefois difficile de restituer les v\u00e9ritables couleurs d'un produit. Le rendu des couleurs peut \u00e9galement varier d'un \u00e9cran \u00e0 l'autre.","og_url":"https:\/\/coletteartsetmatieres.com\/index.php\/produit\/les-ailes\/","og_site_name":"Colette Arts et Mati\u00e8res.","article_modified_time":"2022-06-04T15:12:46+00:00","og_image":[{"width":1707,"height":2560,"url":"https:\/\/coletteartsetmatieres.com\/wp-content\/uploads\/2022\/05\/ailes-58-scaled.jpg","type":"image\/jpeg"}],"twitter_card":"summary_large_image","schema":{"@context":"https:\/\/schema.org","@graph":[{"@type":"WebPage","@id":"https:\/\/coletteartsetmatieres.com\/index.php\/produit\/les-ailes\/","url":"https:\/\/coletteartsetmatieres.com\/index.php\/produit\/les-ailes\/","name":"Les ailes - Colette Arts et Mati\u00e8res.","isPartOf":{"@id":"https:\/\/coletteartsetmatieres.com\/#website"},"datePublished":"2022-04-30T14:42:55+00:00","dateModified":"2022-06-04T15:12:46+00:00","breadcrumb":{"@id":"https:\/\/coletteartsetmatieres.com\/index.php\/produit\/les-ailes\/#breadcrumb"},"inLanguage":"fr-FR","potentialAction":[{"@type":"ReadAction","target":["https:\/\/coletteartsetmatieres.com\/index.php\/produit\/les-ailes\/"]}]},{"@type":"BreadcrumbList","@id":"https:\/\/coletteartsetmatieres.com\/index.php\/produit\/les-ailes\/#breadcrumb","itemListElement":[{"@type":"ListItem","position":1,"name":"Accueil","item":"https:\/\/coletteartsetmatieres.com\/"},{"@type":"ListItem","position":2,"name":"Les ailes"}]},{"@type":"WebSite","@id":"https:\/\/coletteartsetmatieres.com\/#website","url":"https:\/\/coletteartsetmatieres.com\/","name":"Colette Arts et Mati\u00e8res.","description":"   L&#039;Art du V\u00e9g\u00e9tal et de la Fleur stables et durables","publisher":{"@id":"https:\/\/coletteartsetmatieres.com\/#organization"},"potentialAction":[{"@type":"SearchAction","target":{"@type":"EntryPoint","urlTemplate":"https:\/\/coletteartsetmatieres.com\/?s={search_term_string}"},"query-input":"required name=search_term_string"}],"inLanguage":"fr-FR"},{"@type":"Organization","@id":"https:\/\/coletteartsetmatieres.com\/#organization","name":"Colette Arts et Mati\u00e8res.","url":"https:\/\/coletteartsetmatieres.com\/","sameAs":[],"logo":{"@type":"ImageObject","inLanguage":"fr-FR","@id":"https:\/\/coletteartsetmatieres.com\/#\/schema\/logo\/image\/","url":"https:\/\/coletteartsetmatieres.com\/wp-content\/uploads\/2020\/03\/cropped-Coletteartsetmatieres_logotype-2.png","contentUrl":"https:\/\/coletteartsetmatieres.com\/wp-content\/uploads\/2020\/03\/cropped-Coletteartsetmatieres_logotype-2.png","width":409,"height":250,"caption":"    Colette Arts et Mati\u00e8res. "},"image":{"@id":"https:\/\/coletteartsetmatieres.com\/#\/schema\/logo\/image\/"}}]}},"_links":{"self":[{"href":"https:\/\/coletteartsetmatieres.com\/index.php\/wp-json\/wp\/v2\/product\/1048"}],"collection":[{"href":"https:\/\/coletteartsetmatieres.com\/index.php\/wp-json\/wp\/v2\/product"}],"about":[{"href":"https:\/\/coletteartsetmatieres.com\/index.php\/wp-json\/wp\/v2\/types\/product"}],"replies":[{"embeddable":true,"href":"https:\/\/coletteartsetmatieres.com\/index.php\/wp-json\/wp\/v2\/comments?post=1048"}],"wp:featuredmedia":[{"embeddable":true,"href":"https:\/\/coletteartsetmatieres.com\/index.php\/wp-json\/wp\/v2\/media\/1268"}],"wp:attachment":[{"href":"https:\/\/coletteartsetmatieres.com\/index.php\/wp-json\/wp\/v2\/media?parent=1048"}],"wp:term":[{"taxonomy":"product_cat","embeddable":true,"href":"https:\/\/coletteartsetmatieres.com\/index.php\/wp-json\/wp\/v2\/product_cat?post=1048"},{"taxonomy":"product_tag","embeddable":true,"href":"https:\/\/coletteartsetmatieres.com\/index.php\/wp-json\/wp\/v2\/product_tag?post=1048"}],"curies":[{"name":"wp","href":"https:\/\/api.w.org\/{rel}","templated":true}]}}