{"id":1300,"date":"2022-05-11T11:00:10","date_gmt":"2022-05-11T09:00:10","guid":{"rendered":"https:\/\/coletteartsetmatieres.com\/?post_type=product&#038;p=1300"},"modified":"2023-06-20T15:02:10","modified_gmt":"2023-06-20T13:02:10","slug":"2-bois-flottes","status":"publish","type":"product","link":"https:\/\/coletteartsetmatieres.com\/index.php\/produit\/2-bois-flottes\/","title":{"rendered":"2 bois flott\u00e9s"},"content":{"rendered":"<div>\n<div>\n<p><strong>Elements :<\/strong><\/p>\n<p>mousses plate et boules vert clair, 2 bois flott\u00e9<\/p>\n<p><strong>Dimensions :<\/strong><\/p>\n<div>\n<p>H : 44 cm L : 118 cm<\/p>\n<\/div>\n<\/div>\n<\/div>\n","protected":false},"excerpt":{"rendered":"<div>\n<p>El\u00e9gant et design, ce tableau sur fond de mousse stabilis\u00e9 perfectionne notre d\u00e9cor int\u00e9rieur actuel . Avec sobri\u00e9t\u00e9 et simplicit\u00e9, il ajoute \u00e0 votre ambiance vie et nature. Un joli bois flott\u00e9 torsad\u00e9 marque le mouvement de la s\u00e9r\u00e9nit\u00e9. Les boules de mousse vert tendre illuminent l&rsquo;ensemble. Sans entretien, vous profiterez plusieurs ann\u00e9es de ce tableau vivant aux lignes \u00e9pur\u00e9es.<\/p>\n<p><strong>Photos \/ vid\u00e9os<\/strong>\u00a0: Toutes nos images sont sans retouches. Il est toutefois difficile de restituer les v\u00e9ritables couleurs d&rsquo;un produit. Le rendu des couleurs peut \u00e9galement varier d&rsquo;un \u00e9cran \u00e0 l&rsquo;autre.<\/p>\n<p><img loading=\"lazy\" decoding=\"async\" class=\"alignnone size-medium wp-image-1327\" src=\"https:\/\/coletteartsetmatieres.com\/wp-content\/uploads\/2022\/05\/jbu-removebg-preview-e1652350675257-300x73.png\" alt=\"\" width=\"300\" height=\"73\" srcset=\"https:\/\/coletteartsetmatieres.com\/wp-content\/uploads\/2022\/05\/jbu-removebg-preview-e1652350675257-300x73.png 300w, https:\/\/coletteartsetmatieres.com\/wp-content\/uploads\/2022\/05\/jbu-removebg-preview-e1652350675257-350x85.png 350w, https:\/\/coletteartsetmatieres.com\/wp-content\/uploads\/2022\/05\/jbu-removebg-preview-e1652350675257.png 390w\" sizes=\"(max-width: 300px) 100vw, 300px\" \/><\/p>\n<\/div>\n","protected":false},"featured_media":1301,"comment_status":"open","ping_status":"closed","template":"","meta":{"_vp_format_video_url":"","_vp_image_focal_point":[]},"product_cat":[47,18,69],"product_tag":[],"yoast_head":"<!-- This site is optimized with the Yoast SEO plugin v19.8 - https:\/\/yoast.com\/wordpress\/plugins\/seo\/ -->\n<title>2 bois flott\u00e9s - Colette Arts et Mati\u00e8res.<\/title>\n<meta name=\"robots\" content=\"index, follow, max-snippet:-1, max-image-preview:large, max-video-preview:-1\" \/>\n<link rel=\"canonical\" href=\"https:\/\/coletteartsetmatieres.com\/index.php\/produit\/2-bois-flottes\/\" \/>\n<meta property=\"og:locale\" content=\"fr_FR\" \/>\n<meta property=\"og:type\" content=\"article\" \/>\n<meta property=\"og:title\" content=\"2 bois flott\u00e9s - Colette Arts et Mati\u00e8res.\" \/>\n<meta property=\"og:description\" content=\"El\u00e9gant et design, ce tableau sur fond de mousse stabilis\u00e9 perfectionne notre d\u00e9cor int\u00e9rieur actuel . Avec sobri\u00e9t\u00e9 et simplicit\u00e9, il ajoute \u00e0 votre ambiance vie et nature. Un joli bois flott\u00e9 torsad\u00e9 marque le mouvement de la s\u00e9r\u00e9nit\u00e9. Les boules de mousse vert tendre illuminent l&#039;ensemble. Sans entretien, vous profiterez plusieurs ann\u00e9es de ce tableau vivant aux lignes \u00e9pur\u00e9es.  Photos \/ vid\u00e9os\u00a0: Toutes nos images sont sans retouches. Il est toutefois difficile de restituer les v\u00e9ritables couleurs d&#039;un produit. Le rendu des couleurs peut \u00e9galement varier d&#039;un \u00e9cran \u00e0 l&#039;autre.\" \/>\n<meta property=\"og:url\" content=\"https:\/\/coletteartsetmatieres.com\/index.php\/produit\/2-bois-flottes\/\" \/>\n<meta property=\"og:site_name\" content=\"Colette Arts et Mati\u00e8res.\" \/>\n<meta property=\"article:modified_time\" content=\"2023-06-20T13:02:10+00:00\" \/>\n<meta property=\"og:image\" content=\"https:\/\/coletteartsetmatieres.com\/wp-content\/uploads\/2022\/05\/2-bois-flottes-13-scaled-e1653744833677.jpg\" \/>\n\t<meta property=\"og:image:width\" content=\"2432\" \/>\n\t<meta property=\"og:image:height\" content=\"992\" \/>\n\t<meta property=\"og:image:type\" content=\"image\/jpeg\" \/>\n<meta name=\"twitter:card\" content=\"summary_large_image\" \/>\n<script type=\"application\/ld+json\" class=\"yoast-schema-graph\">{\"@context\":\"https:\/\/schema.org\",\"@graph\":[{\"@type\":\"WebPage\",\"@id\":\"https:\/\/coletteartsetmatieres.com\/index.php\/produit\/2-bois-flottes\/\",\"url\":\"https:\/\/coletteartsetmatieres.com\/index.php\/produit\/2-bois-flottes\/\",\"name\":\"2 bois flott\u00e9s - Colette Arts et Mati\u00e8res.\",\"isPartOf\":{\"@id\":\"https:\/\/coletteartsetmatieres.com\/#website\"},\"datePublished\":\"2022-05-11T09:00:10+00:00\",\"dateModified\":\"2023-06-20T13:02:10+00:00\",\"breadcrumb\":{\"@id\":\"https:\/\/coletteartsetmatieres.com\/index.php\/produit\/2-bois-flottes\/#breadcrumb\"},\"inLanguage\":\"fr-FR\",\"potentialAction\":[{\"@type\":\"ReadAction\",\"target\":[\"https:\/\/coletteartsetmatieres.com\/index.php\/produit\/2-bois-flottes\/\"]}]},{\"@type\":\"BreadcrumbList\",\"@id\":\"https:\/\/coletteartsetmatieres.com\/index.php\/produit\/2-bois-flottes\/#breadcrumb\",\"itemListElement\":[{\"@type\":\"ListItem\",\"position\":1,\"name\":\"Accueil\",\"item\":\"https:\/\/coletteartsetmatieres.com\/\"},{\"@type\":\"ListItem\",\"position\":2,\"name\":\"2 bois flott\u00e9s\"}]},{\"@type\":\"WebSite\",\"@id\":\"https:\/\/coletteartsetmatieres.com\/#website\",\"url\":\"https:\/\/coletteartsetmatieres.com\/\",\"name\":\"Colette Arts et Mati\u00e8res.\",\"description\":\"   L&#039;Art du V\u00e9g\u00e9tal et de la Fleur stables et durables\",\"publisher\":{\"@id\":\"https:\/\/coletteartsetmatieres.com\/#organization\"},\"potentialAction\":[{\"@type\":\"SearchAction\",\"target\":{\"@type\":\"EntryPoint\",\"urlTemplate\":\"https:\/\/coletteartsetmatieres.com\/?s={search_term_string}\"},\"query-input\":\"required name=search_term_string\"}],\"inLanguage\":\"fr-FR\"},{\"@type\":\"Organization\",\"@id\":\"https:\/\/coletteartsetmatieres.com\/#organization\",\"name\":\"Colette Arts et Mati\u00e8res.\",\"url\":\"https:\/\/coletteartsetmatieres.com\/\",\"sameAs\":[],\"logo\":{\"@type\":\"ImageObject\",\"inLanguage\":\"fr-FR\",\"@id\":\"https:\/\/coletteartsetmatieres.com\/#\/schema\/logo\/image\/\",\"url\":\"https:\/\/coletteartsetmatieres.com\/wp-content\/uploads\/2020\/03\/cropped-Coletteartsetmatieres_logotype-2.png\",\"contentUrl\":\"https:\/\/coletteartsetmatieres.com\/wp-content\/uploads\/2020\/03\/cropped-Coletteartsetmatieres_logotype-2.png\",\"width\":409,\"height\":250,\"caption\":\"    Colette Arts et Mati\u00e8res. \"},\"image\":{\"@id\":\"https:\/\/coletteartsetmatieres.com\/#\/schema\/logo\/image\/\"}}]}<\/script>\n<!-- \/ Yoast SEO plugin. -->","yoast_head_json":{"title":"2 bois flott\u00e9s - Colette Arts et Mati\u00e8res.","robots":{"index":"index","follow":"follow","max-snippet":"max-snippet:-1","max-image-preview":"max-image-preview:large","max-video-preview":"max-video-preview:-1"},"canonical":"https:\/\/coletteartsetmatieres.com\/index.php\/produit\/2-bois-flottes\/","og_locale":"fr_FR","og_type":"article","og_title":"2 bois flott\u00e9s - Colette Arts et Mati\u00e8res.","og_description":"El\u00e9gant et design, ce tableau sur fond de mousse stabilis\u00e9 perfectionne notre d\u00e9cor int\u00e9rieur actuel . Avec sobri\u00e9t\u00e9 et simplicit\u00e9, il ajoute \u00e0 votre ambiance vie et nature. Un joli bois flott\u00e9 torsad\u00e9 marque le mouvement de la s\u00e9r\u00e9nit\u00e9. Les boules de mousse vert tendre illuminent l'ensemble. Sans entretien, vous profiterez plusieurs ann\u00e9es de ce tableau vivant aux lignes \u00e9pur\u00e9es.  Photos \/ vid\u00e9os\u00a0: Toutes nos images sont sans retouches. Il est toutefois difficile de restituer les v\u00e9ritables couleurs d'un produit. Le rendu des couleurs peut \u00e9galement varier d'un \u00e9cran \u00e0 l'autre.","og_url":"https:\/\/coletteartsetmatieres.com\/index.php\/produit\/2-bois-flottes\/","og_site_name":"Colette Arts et Mati\u00e8res.","article_modified_time":"2023-06-20T13:02:10+00:00","og_image":[{"width":2432,"height":992,"url":"https:\/\/coletteartsetmatieres.com\/wp-content\/uploads\/2022\/05\/2-bois-flottes-13-scaled-e1653744833677.jpg","type":"image\/jpeg"}],"twitter_card":"summary_large_image","schema":{"@context":"https:\/\/schema.org","@graph":[{"@type":"WebPage","@id":"https:\/\/coletteartsetmatieres.com\/index.php\/produit\/2-bois-flottes\/","url":"https:\/\/coletteartsetmatieres.com\/index.php\/produit\/2-bois-flottes\/","name":"2 bois flott\u00e9s - Colette Arts et Mati\u00e8res.","isPartOf":{"@id":"https:\/\/coletteartsetmatieres.com\/#website"},"datePublished":"2022-05-11T09:00:10+00:00","dateModified":"2023-06-20T13:02:10+00:00","breadcrumb":{"@id":"https:\/\/coletteartsetmatieres.com\/index.php\/produit\/2-bois-flottes\/#breadcrumb"},"inLanguage":"fr-FR","potentialAction":[{"@type":"ReadAction","target":["https:\/\/coletteartsetmatieres.com\/index.php\/produit\/2-bois-flottes\/"]}]},{"@type":"BreadcrumbList","@id":"https:\/\/coletteartsetmatieres.com\/index.php\/produit\/2-bois-flottes\/#breadcrumb","itemListElement":[{"@type":"ListItem","position":1,"name":"Accueil","item":"https:\/\/coletteartsetmatieres.com\/"},{"@type":"ListItem","position":2,"name":"2 bois flott\u00e9s"}]},{"@type":"WebSite","@id":"https:\/\/coletteartsetmatieres.com\/#website","url":"https:\/\/coletteartsetmatieres.com\/","name":"Colette Arts et Mati\u00e8res.","description":"   L&#039;Art du V\u00e9g\u00e9tal et de la Fleur stables et durables","publisher":{"@id":"https:\/\/coletteartsetmatieres.com\/#organization"},"potentialAction":[{"@type":"SearchAction","target":{"@type":"EntryPoint","urlTemplate":"https:\/\/coletteartsetmatieres.com\/?s={search_term_string}"},"query-input":"required name=search_term_string"}],"inLanguage":"fr-FR"},{"@type":"Organization","@id":"https:\/\/coletteartsetmatieres.com\/#organization","name":"Colette Arts et Mati\u00e8res.","url":"https:\/\/coletteartsetmatieres.com\/","sameAs":[],"logo":{"@type":"ImageObject","inLanguage":"fr-FR","@id":"https:\/\/coletteartsetmatieres.com\/#\/schema\/logo\/image\/","url":"https:\/\/coletteartsetmatieres.com\/wp-content\/uploads\/2020\/03\/cropped-Coletteartsetmatieres_logotype-2.png","contentUrl":"https:\/\/coletteartsetmatieres.com\/wp-content\/uploads\/2020\/03\/cropped-Coletteartsetmatieres_logotype-2.png","width":409,"height":250,"caption":"    Colette Arts et Mati\u00e8res. "},"image":{"@id":"https:\/\/coletteartsetmatieres.com\/#\/schema\/logo\/image\/"}}]}},"_links":{"self":[{"href":"https:\/\/coletteartsetmatieres.com\/index.php\/wp-json\/wp\/v2\/product\/1300"}],"collection":[{"href":"https:\/\/coletteartsetmatieres.com\/index.php\/wp-json\/wp\/v2\/product"}],"about":[{"href":"https:\/\/coletteartsetmatieres.com\/index.php\/wp-json\/wp\/v2\/types\/product"}],"replies":[{"embeddable":true,"href":"https:\/\/coletteartsetmatieres.com\/index.php\/wp-json\/wp\/v2\/comments?post=1300"}],"wp:featuredmedia":[{"embeddable":true,"href":"https:\/\/coletteartsetmatieres.com\/index.php\/wp-json\/wp\/v2\/media\/1301"}],"wp:attachment":[{"href":"https:\/\/coletteartsetmatieres.com\/index.php\/wp-json\/wp\/v2\/media?parent=1300"}],"wp:term":[{"taxonomy":"product_cat","embeddable":true,"href":"https:\/\/coletteartsetmatieres.com\/index.php\/wp-json\/wp\/v2\/product_cat?post=1300"},{"taxonomy":"product_tag","embeddable":true,"href":"https:\/\/coletteartsetmatieres.com\/index.php\/wp-json\/wp\/v2\/product_tag?post=1300"}],"curies":[{"name":"wp","href":"https:\/\/api.w.org\/{rel}","templated":true}]}}