{"id":1851,"date":"2022-10-07T21:37:22","date_gmt":"2022-10-07T19:37:22","guid":{"rendered":"https:\/\/coletteartsetmatieres.com\/?post_type=product&#038;p=1851"},"modified":"2022-11-17T15:37:09","modified_gmt":"2022-11-17T14:37:09","slug":"cep-tortum-copie","status":"publish","type":"product","link":"https:\/\/coletteartsetmatieres.com\/index.php\/produit\/cep-tortum-copie\/","title":{"rendered":"Cep Tortum (Copie)"},"content":{"rendered":"<p>&nbsp;<\/p>\n<p class=\"_04xlpA direction-ltr align-justify para-style-body\"><span class=\"JsGRdQ\"><strong>Dimensions :<\/strong><\/span><\/p>\n<p class=\"_04xlpA direction-ltr align-justify para-style-body\"><span class=\"JsGRdQ\">H : 35cm<br \/>\n<\/span><span class=\"JsGRdQ\">L : 24cm<br \/>\n<\/span><span class=\"JsGRdQ\">P : 16cm<\/span><\/p>\n<p><strong>Elements :<\/strong><\/p>\n<p><span class=\"JsGRdQ\">Planche de bois sabl\u00e9e, cep de vignes sec, mini rose orange, immortelle du var, diosmi, tortum femelle, algues ; stabilis\u00e9<\/span><\/p>\n","protected":false},"excerpt":{"rendered":"<p class=\"_04xlpA direction-ltr align-start para-style-body\"><span class=\"JsGRdQ\">Du soleil pour cette cr\u00e9ation v\u00e9g\u00e9tale.<\/span><\/p>\n<p class=\"_04xlpA direction-ltr align-start para-style-body\"><span class=\"JsGRdQ\">Un cep de vigne se redresse fier de sa<\/span> <span class=\"JsGRdQ\">jolie parure fleurie.<\/span><\/p>\n<p class=\"_04xlpA direction-ltr align-start para-style-body\"><span class=\"JsGRdQ\">Mini roses, fleurettes, baies<\/span> <span class=\"JsGRdQ\">et herbes rampantes apportent gaiet\u00e9 et joie de vivre pour cette composition florale naturelle.<\/span><\/p>\n<p class=\"_04xlpA direction-ltr align-start para-style-body\"><span class=\"JsGRdQ\">Elle saura mettre en valeur votre int\u00e9rieur sur un meuble haut ou votre table de salle \u00e0 manger.<\/span><\/p>\n<div>\n<div>\n<p><strong>Photos \/ vid\u00e9os<\/strong>\u00a0: Toutes nos images sont sans retouches. Il est toutefois difficile de restituer les v\u00e9ritables couleurs d&rsquo;un produit. Le rendu des couleurs peut \u00e9galement varier d&rsquo;un \u00e9cran \u00e0 l&rsquo;autre.<\/p>\n<p><img loading=\"lazy\" decoding=\"async\" class=\"alignnone size-medium wp-image-1327\" src=\"https:\/\/coletteartsetmatieres.com\/wp-content\/uploads\/2022\/05\/jbu-removebg-preview-e1652350675257-300x73.png\" alt=\"\" width=\"300\" height=\"73\" srcset=\"https:\/\/coletteartsetmatieres.com\/wp-content\/uploads\/2022\/05\/jbu-removebg-preview-e1652350675257-300x73.png 300w, https:\/\/coletteartsetmatieres.com\/wp-content\/uploads\/2022\/05\/jbu-removebg-preview-e1652350675257-350x85.png 350w, https:\/\/coletteartsetmatieres.com\/wp-content\/uploads\/2022\/05\/jbu-removebg-preview-e1652350675257.png 390w\" sizes=\"(max-width: 300px) 100vw, 300px\" \/><\/p>\n<\/div>\n<\/div>\n","protected":false},"featured_media":1771,"comment_status":"open","ping_status":"closed","template":"","meta":{"_vp_format_video_url":"","_vp_image_focal_point":[]},"product_cat":[78,73],"product_tag":[],"yoast_head":"<!-- This site is optimized with the Yoast SEO plugin v19.8 - https:\/\/yoast.com\/wordpress\/plugins\/seo\/ -->\n<title>Cep Tortum (Copie) - Colette Arts et Mati\u00e8res.<\/title>\n<meta name=\"robots\" content=\"index, follow, max-snippet:-1, max-image-preview:large, max-video-preview:-1\" \/>\n<link rel=\"canonical\" href=\"https:\/\/coletteartsetmatieres.com\/index.php\/produit\/cep-tortum-copie\/\" \/>\n<meta property=\"og:locale\" content=\"fr_FR\" \/>\n<meta property=\"og:type\" content=\"article\" \/>\n<meta property=\"og:title\" content=\"Cep Tortum (Copie) - Colette Arts et Mati\u00e8res.\" \/>\n<meta property=\"og:description\" content=\"Du soleil pour cette cr\u00e9ation v\u00e9g\u00e9tale. Un cep de vigne se redresse fier de sa jolie parure fleurie. Mini roses, fleurettes, baies et herbes rampantes apportent gaiet\u00e9 et joie de vivre pour cette composition florale naturelle. Elle saura mettre en valeur votre int\u00e9rieur sur un meuble haut ou votre table de salle \u00e0 manger.     Photos \/ vid\u00e9os\u00a0: Toutes nos images sont sans retouches. Il est toutefois difficile de restituer les v\u00e9ritables couleurs d&#039;un produit. Le rendu des couleurs peut \u00e9galement varier d&#039;un \u00e9cran \u00e0 l&#039;autre.\" \/>\n<meta property=\"og:url\" content=\"https:\/\/coletteartsetmatieres.com\/index.php\/produit\/cep-tortum-copie\/\" \/>\n<meta property=\"og:site_name\" content=\"Colette Arts et Mati\u00e8res.\" \/>\n<meta property=\"article:modified_time\" content=\"2022-11-17T14:37:09+00:00\" \/>\n<meta property=\"og:image\" content=\"https:\/\/coletteartsetmatieres.com\/wp-content\/uploads\/2022\/06\/45-cep-tortum-scaled.jpg\" \/>\n\t<meta property=\"og:image:width\" content=\"2560\" \/>\n\t<meta property=\"og:image:height\" content=\"1709\" \/>\n\t<meta property=\"og:image:type\" content=\"image\/jpeg\" \/>\n<meta name=\"twitter:card\" content=\"summary_large_image\" \/>\n<meta name=\"twitter:label1\" content=\"Dur\u00e9e de lecture estim\u00e9e\" \/>\n\t<meta name=\"twitter:data1\" content=\"1 minute\" \/>\n<script type=\"application\/ld+json\" class=\"yoast-schema-graph\">{\"@context\":\"https:\/\/schema.org\",\"@graph\":[{\"@type\":\"WebPage\",\"@id\":\"https:\/\/coletteartsetmatieres.com\/index.php\/produit\/cep-tortum-copie\/\",\"url\":\"https:\/\/coletteartsetmatieres.com\/index.php\/produit\/cep-tortum-copie\/\",\"name\":\"Cep Tortum (Copie) - Colette Arts et Mati\u00e8res.\",\"isPartOf\":{\"@id\":\"https:\/\/coletteartsetmatieres.com\/#website\"},\"datePublished\":\"2022-10-07T19:37:22+00:00\",\"dateModified\":\"2022-11-17T14:37:09+00:00\",\"breadcrumb\":{\"@id\":\"https:\/\/coletteartsetmatieres.com\/index.php\/produit\/cep-tortum-copie\/#breadcrumb\"},\"inLanguage\":\"fr-FR\",\"potentialAction\":[{\"@type\":\"ReadAction\",\"target\":[\"https:\/\/coletteartsetmatieres.com\/index.php\/produit\/cep-tortum-copie\/\"]}]},{\"@type\":\"BreadcrumbList\",\"@id\":\"https:\/\/coletteartsetmatieres.com\/index.php\/produit\/cep-tortum-copie\/#breadcrumb\",\"itemListElement\":[{\"@type\":\"ListItem\",\"position\":1,\"name\":\"Accueil\",\"item\":\"https:\/\/coletteartsetmatieres.com\/\"},{\"@type\":\"ListItem\",\"position\":2,\"name\":\"Cep Tortum (Copie)\"}]},{\"@type\":\"WebSite\",\"@id\":\"https:\/\/coletteartsetmatieres.com\/#website\",\"url\":\"https:\/\/coletteartsetmatieres.com\/\",\"name\":\"Colette Arts et Mati\u00e8res.\",\"description\":\"   L&#039;Art du V\u00e9g\u00e9tal et de la Fleur stables et durables\",\"publisher\":{\"@id\":\"https:\/\/coletteartsetmatieres.com\/#organization\"},\"potentialAction\":[{\"@type\":\"SearchAction\",\"target\":{\"@type\":\"EntryPoint\",\"urlTemplate\":\"https:\/\/coletteartsetmatieres.com\/?s={search_term_string}\"},\"query-input\":\"required name=search_term_string\"}],\"inLanguage\":\"fr-FR\"},{\"@type\":\"Organization\",\"@id\":\"https:\/\/coletteartsetmatieres.com\/#organization\",\"name\":\"Colette Arts et Mati\u00e8res.\",\"url\":\"https:\/\/coletteartsetmatieres.com\/\",\"sameAs\":[],\"logo\":{\"@type\":\"ImageObject\",\"inLanguage\":\"fr-FR\",\"@id\":\"https:\/\/coletteartsetmatieres.com\/#\/schema\/logo\/image\/\",\"url\":\"https:\/\/coletteartsetmatieres.com\/wp-content\/uploads\/2020\/03\/cropped-Coletteartsetmatieres_logotype-2.png\",\"contentUrl\":\"https:\/\/coletteartsetmatieres.com\/wp-content\/uploads\/2020\/03\/cropped-Coletteartsetmatieres_logotype-2.png\",\"width\":409,\"height\":250,\"caption\":\"    Colette Arts et Mati\u00e8res. \"},\"image\":{\"@id\":\"https:\/\/coletteartsetmatieres.com\/#\/schema\/logo\/image\/\"}}]}<\/script>\n<!-- \/ Yoast SEO plugin. -->","yoast_head_json":{"title":"Cep Tortum (Copie) - Colette Arts et Mati\u00e8res.","robots":{"index":"index","follow":"follow","max-snippet":"max-snippet:-1","max-image-preview":"max-image-preview:large","max-video-preview":"max-video-preview:-1"},"canonical":"https:\/\/coletteartsetmatieres.com\/index.php\/produit\/cep-tortum-copie\/","og_locale":"fr_FR","og_type":"article","og_title":"Cep Tortum (Copie) - Colette Arts et Mati\u00e8res.","og_description":"Du soleil pour cette cr\u00e9ation v\u00e9g\u00e9tale. Un cep de vigne se redresse fier de sa jolie parure fleurie. Mini roses, fleurettes, baies et herbes rampantes apportent gaiet\u00e9 et joie de vivre pour cette composition florale naturelle. Elle saura mettre en valeur votre int\u00e9rieur sur un meuble haut ou votre table de salle \u00e0 manger.     Photos \/ vid\u00e9os\u00a0: Toutes nos images sont sans retouches. Il est toutefois difficile de restituer les v\u00e9ritables couleurs d'un produit. Le rendu des couleurs peut \u00e9galement varier d'un \u00e9cran \u00e0 l'autre.","og_url":"https:\/\/coletteartsetmatieres.com\/index.php\/produit\/cep-tortum-copie\/","og_site_name":"Colette Arts et Mati\u00e8res.","article_modified_time":"2022-11-17T14:37:09+00:00","og_image":[{"width":2560,"height":1709,"url":"https:\/\/coletteartsetmatieres.com\/wp-content\/uploads\/2022\/06\/45-cep-tortum-scaled.jpg","type":"image\/jpeg"}],"twitter_card":"summary_large_image","twitter_misc":{"Dur\u00e9e de lecture estim\u00e9e":"1 minute"},"schema":{"@context":"https:\/\/schema.org","@graph":[{"@type":"WebPage","@id":"https:\/\/coletteartsetmatieres.com\/index.php\/produit\/cep-tortum-copie\/","url":"https:\/\/coletteartsetmatieres.com\/index.php\/produit\/cep-tortum-copie\/","name":"Cep Tortum (Copie) - Colette Arts et Mati\u00e8res.","isPartOf":{"@id":"https:\/\/coletteartsetmatieres.com\/#website"},"datePublished":"2022-10-07T19:37:22+00:00","dateModified":"2022-11-17T14:37:09+00:00","breadcrumb":{"@id":"https:\/\/coletteartsetmatieres.com\/index.php\/produit\/cep-tortum-copie\/#breadcrumb"},"inLanguage":"fr-FR","potentialAction":[{"@type":"ReadAction","target":["https:\/\/coletteartsetmatieres.com\/index.php\/produit\/cep-tortum-copie\/"]}]},{"@type":"BreadcrumbList","@id":"https:\/\/coletteartsetmatieres.com\/index.php\/produit\/cep-tortum-copie\/#breadcrumb","itemListElement":[{"@type":"ListItem","position":1,"name":"Accueil","item":"https:\/\/coletteartsetmatieres.com\/"},{"@type":"ListItem","position":2,"name":"Cep Tortum (Copie)"}]},{"@type":"WebSite","@id":"https:\/\/coletteartsetmatieres.com\/#website","url":"https:\/\/coletteartsetmatieres.com\/","name":"Colette Arts et Mati\u00e8res.","description":"   L&#039;Art du V\u00e9g\u00e9tal et de la Fleur stables et durables","publisher":{"@id":"https:\/\/coletteartsetmatieres.com\/#organization"},"potentialAction":[{"@type":"SearchAction","target":{"@type":"EntryPoint","urlTemplate":"https:\/\/coletteartsetmatieres.com\/?s={search_term_string}"},"query-input":"required name=search_term_string"}],"inLanguage":"fr-FR"},{"@type":"Organization","@id":"https:\/\/coletteartsetmatieres.com\/#organization","name":"Colette Arts et Mati\u00e8res.","url":"https:\/\/coletteartsetmatieres.com\/","sameAs":[],"logo":{"@type":"ImageObject","inLanguage":"fr-FR","@id":"https:\/\/coletteartsetmatieres.com\/#\/schema\/logo\/image\/","url":"https:\/\/coletteartsetmatieres.com\/wp-content\/uploads\/2020\/03\/cropped-Coletteartsetmatieres_logotype-2.png","contentUrl":"https:\/\/coletteartsetmatieres.com\/wp-content\/uploads\/2020\/03\/cropped-Coletteartsetmatieres_logotype-2.png","width":409,"height":250,"caption":"    Colette Arts et Mati\u00e8res. "},"image":{"@id":"https:\/\/coletteartsetmatieres.com\/#\/schema\/logo\/image\/"}}]}},"_links":{"self":[{"href":"https:\/\/coletteartsetmatieres.com\/index.php\/wp-json\/wp\/v2\/product\/1851"}],"collection":[{"href":"https:\/\/coletteartsetmatieres.com\/index.php\/wp-json\/wp\/v2\/product"}],"about":[{"href":"https:\/\/coletteartsetmatieres.com\/index.php\/wp-json\/wp\/v2\/types\/product"}],"replies":[{"embeddable":true,"href":"https:\/\/coletteartsetmatieres.com\/index.php\/wp-json\/wp\/v2\/comments?post=1851"}],"wp:featuredmedia":[{"embeddable":true,"href":"https:\/\/coletteartsetmatieres.com\/index.php\/wp-json\/wp\/v2\/media\/1771"}],"wp:attachment":[{"href":"https:\/\/coletteartsetmatieres.com\/index.php\/wp-json\/wp\/v2\/media?parent=1851"}],"wp:term":[{"taxonomy":"product_cat","embeddable":true,"href":"https:\/\/coletteartsetmatieres.com\/index.php\/wp-json\/wp\/v2\/product_cat?post=1851"},{"taxonomy":"product_tag","embeddable":true,"href":"https:\/\/coletteartsetmatieres.com\/index.php\/wp-json\/wp\/v2\/product_tag?post=1851"}],"curies":[{"name":"wp","href":"https:\/\/api.w.org\/{rel}","templated":true}]}}