{"id":1906,"date":"2023-06-09T17:50:26","date_gmt":"2023-06-09T15:50:26","guid":{"rendered":"https:\/\/coletteartsetmatieres.com\/?post_type=product&#038;p=1906"},"modified":"2023-06-09T17:50:27","modified_gmt":"2023-06-09T15:50:27","slug":"support-de-telephone","status":"publish","type":"product","link":"https:\/\/coletteartsetmatieres.com\/index.php\/produit\/support-de-telephone\/","title":{"rendered":"Support de T\u00e9l\u00e9phone"},"content":{"rendered":"<p>Le support de t\u00e9l\u00e9phone est l&rsquo;accessoire id\u00e9al pour les personnes souhaitant utiliser son t\u00e9l\u00e9phone sans encombrement. Que vous soyez chez vous ou au bureau, ce support fiable et pratique vous permettra de lib\u00e9rer vos mains tout en profitant de votre t\u00e9l\u00e9phone.<br \/>\nGr\u00e2ce \u00e0 son design distinctif et \u00e0 sa couleur attrayante, ne vous souciez plus de sa position vous saurez toujours o\u00f9 le trouver lorsque vous en aurez besoin <\/p>\n<p>Dimensions approximatives<br \/>\nHauteur : 20-25 cm<br \/>\nLargeur : 10-15 cm<br \/>\nSocle bois<br \/>\nHauteur : 4,5 cm<br \/>\nDiam\u00e8tre : 12,5 cm<\/p>\n","protected":false},"excerpt":{"rendered":"<p>Le support de t\u00e9l\u00e9phone est l&rsquo;accessoire id\u00e9al pour les personnes souhaitant utiliser son t\u00e9l\u00e9phone sans encombrement. Que vous soyez chez vous ou au bureau, ce support fiable et pratique vous permettra de lib\u00e9rer vos mains tout en profitant de votre t\u00e9l\u00e9phone. Gr\u00e2ce \u00e0 son design distinctif et \u00e0 sa couleur attrayante, ne vous souciez plus &hellip; <\/p>\n<p class=\"link-more\"><a href=\"https:\/\/coletteartsetmatieres.com\/index.php\/produit\/support-de-telephone\/\" class=\"more-link\">Continuer la lecture<span class=\"screen-reader-text\"> de &laquo;&nbsp;Support de T\u00e9l\u00e9phone&nbsp;&raquo;<\/span><\/a><\/p>\n","protected":false},"featured_media":1909,"comment_status":"open","ping_status":"closed","template":"","meta":{"_vp_format_video_url":"","_vp_image_focal_point":[]},"product_cat":[15],"product_tag":[],"yoast_head":"<!-- This site is optimized with the Yoast SEO plugin v19.8 - https:\/\/yoast.com\/wordpress\/plugins\/seo\/ -->\n<title>Support de T\u00e9l\u00e9phone - Colette Arts et Mati\u00e8res.<\/title>\n<meta name=\"description\" content=\"Le support de t\u00e9l\u00e9phone est l&#039;accessoire id\u00e9al pour les personnes souhaitant utiliser son t\u00e9l\u00e9phone sans encombrement. Que vous soyez chez vous ou au bureau\" \/>\n<meta name=\"robots\" content=\"index, follow, max-snippet:-1, max-image-preview:large, max-video-preview:-1\" \/>\n<link rel=\"canonical\" href=\"https:\/\/coletteartsetmatieres.com\/index.php\/produit\/support-de-telephone\/\" \/>\n<meta property=\"og:locale\" content=\"fr_FR\" \/>\n<meta property=\"og:type\" content=\"article\" \/>\n<meta property=\"og:title\" content=\"Support de T\u00e9l\u00e9phone - Colette Arts et Mati\u00e8res.\" \/>\n<meta property=\"og:description\" content=\"Le support de t\u00e9l\u00e9phone est l&#039;accessoire id\u00e9al pour les personnes souhaitant utiliser son t\u00e9l\u00e9phone sans encombrement. Que vous soyez chez vous ou au bureau\" \/>\n<meta property=\"og:url\" content=\"https:\/\/coletteartsetmatieres.com\/index.php\/produit\/support-de-telephone\/\" \/>\n<meta property=\"og:site_name\" content=\"Colette Arts et Mati\u00e8res.\" \/>\n<meta property=\"article:modified_time\" content=\"2023-06-09T15:50:27+00:00\" \/>\n<meta property=\"og:image\" content=\"https:\/\/coletteartsetmatieres.com\/wp-content\/uploads\/2023\/06\/IMG20230609170751-scaled.jpg\" \/>\n\t<meta property=\"og:image:width\" content=\"1928\" \/>\n\t<meta property=\"og:image:height\" content=\"2560\" \/>\n\t<meta property=\"og:image:type\" content=\"image\/jpeg\" \/>\n<meta name=\"twitter:card\" content=\"summary_large_image\" \/>\n<script type=\"application\/ld+json\" class=\"yoast-schema-graph\">{\"@context\":\"https:\/\/schema.org\",\"@graph\":[{\"@type\":\"WebPage\",\"@id\":\"https:\/\/coletteartsetmatieres.com\/index.php\/produit\/support-de-telephone\/\",\"url\":\"https:\/\/coletteartsetmatieres.com\/index.php\/produit\/support-de-telephone\/\",\"name\":\"Support de T\u00e9l\u00e9phone - Colette Arts et Mati\u00e8res.\",\"isPartOf\":{\"@id\":\"https:\/\/coletteartsetmatieres.com\/#website\"},\"datePublished\":\"2023-06-09T15:50:26+00:00\",\"dateModified\":\"2023-06-09T15:50:27+00:00\",\"description\":\"Le support de t\u00e9l\u00e9phone est l'accessoire id\u00e9al pour les personnes souhaitant utiliser son t\u00e9l\u00e9phone sans encombrement. Que vous soyez chez vous ou au bureau\",\"breadcrumb\":{\"@id\":\"https:\/\/coletteartsetmatieres.com\/index.php\/produit\/support-de-telephone\/#breadcrumb\"},\"inLanguage\":\"fr-FR\",\"potentialAction\":[{\"@type\":\"ReadAction\",\"target\":[\"https:\/\/coletteartsetmatieres.com\/index.php\/produit\/support-de-telephone\/\"]}]},{\"@type\":\"BreadcrumbList\",\"@id\":\"https:\/\/coletteartsetmatieres.com\/index.php\/produit\/support-de-telephone\/#breadcrumb\",\"itemListElement\":[{\"@type\":\"ListItem\",\"position\":1,\"name\":\"Accueil\",\"item\":\"https:\/\/coletteartsetmatieres.com\/\"},{\"@type\":\"ListItem\",\"position\":2,\"name\":\"Support de T\u00e9l\u00e9phone\"}]},{\"@type\":\"WebSite\",\"@id\":\"https:\/\/coletteartsetmatieres.com\/#website\",\"url\":\"https:\/\/coletteartsetmatieres.com\/\",\"name\":\"Colette Arts et Mati\u00e8res.\",\"description\":\"   L&#039;Art du V\u00e9g\u00e9tal et de la Fleur stables et durables\",\"publisher\":{\"@id\":\"https:\/\/coletteartsetmatieres.com\/#organization\"},\"potentialAction\":[{\"@type\":\"SearchAction\",\"target\":{\"@type\":\"EntryPoint\",\"urlTemplate\":\"https:\/\/coletteartsetmatieres.com\/?s={search_term_string}\"},\"query-input\":\"required name=search_term_string\"}],\"inLanguage\":\"fr-FR\"},{\"@type\":\"Organization\",\"@id\":\"https:\/\/coletteartsetmatieres.com\/#organization\",\"name\":\"Colette Arts et Mati\u00e8res.\",\"url\":\"https:\/\/coletteartsetmatieres.com\/\",\"sameAs\":[],\"logo\":{\"@type\":\"ImageObject\",\"inLanguage\":\"fr-FR\",\"@id\":\"https:\/\/coletteartsetmatieres.com\/#\/schema\/logo\/image\/\",\"url\":\"https:\/\/coletteartsetmatieres.com\/wp-content\/uploads\/2020\/03\/cropped-Coletteartsetmatieres_logotype-2.png\",\"contentUrl\":\"https:\/\/coletteartsetmatieres.com\/wp-content\/uploads\/2020\/03\/cropped-Coletteartsetmatieres_logotype-2.png\",\"width\":409,\"height\":250,\"caption\":\"    Colette Arts et Mati\u00e8res. \"},\"image\":{\"@id\":\"https:\/\/coletteartsetmatieres.com\/#\/schema\/logo\/image\/\"}}]}<\/script>\n<!-- \/ Yoast SEO plugin. -->","yoast_head_json":{"title":"Support de T\u00e9l\u00e9phone - Colette Arts et Mati\u00e8res.","description":"Le support de t\u00e9l\u00e9phone est l'accessoire id\u00e9al pour les personnes souhaitant utiliser son t\u00e9l\u00e9phone sans encombrement. Que vous soyez chez vous ou au bureau","robots":{"index":"index","follow":"follow","max-snippet":"max-snippet:-1","max-image-preview":"max-image-preview:large","max-video-preview":"max-video-preview:-1"},"canonical":"https:\/\/coletteartsetmatieres.com\/index.php\/produit\/support-de-telephone\/","og_locale":"fr_FR","og_type":"article","og_title":"Support de T\u00e9l\u00e9phone - Colette Arts et Mati\u00e8res.","og_description":"Le support de t\u00e9l\u00e9phone est l'accessoire id\u00e9al pour les personnes souhaitant utiliser son t\u00e9l\u00e9phone sans encombrement. Que vous soyez chez vous ou au bureau","og_url":"https:\/\/coletteartsetmatieres.com\/index.php\/produit\/support-de-telephone\/","og_site_name":"Colette Arts et Mati\u00e8res.","article_modified_time":"2023-06-09T15:50:27+00:00","og_image":[{"width":1928,"height":2560,"url":"https:\/\/coletteartsetmatieres.com\/wp-content\/uploads\/2023\/06\/IMG20230609170751-scaled.jpg","type":"image\/jpeg"}],"twitter_card":"summary_large_image","schema":{"@context":"https:\/\/schema.org","@graph":[{"@type":"WebPage","@id":"https:\/\/coletteartsetmatieres.com\/index.php\/produit\/support-de-telephone\/","url":"https:\/\/coletteartsetmatieres.com\/index.php\/produit\/support-de-telephone\/","name":"Support de T\u00e9l\u00e9phone - Colette Arts et Mati\u00e8res.","isPartOf":{"@id":"https:\/\/coletteartsetmatieres.com\/#website"},"datePublished":"2023-06-09T15:50:26+00:00","dateModified":"2023-06-09T15:50:27+00:00","description":"Le support de t\u00e9l\u00e9phone est l'accessoire id\u00e9al pour les personnes souhaitant utiliser son t\u00e9l\u00e9phone sans encombrement. Que vous soyez chez vous ou au bureau","breadcrumb":{"@id":"https:\/\/coletteartsetmatieres.com\/index.php\/produit\/support-de-telephone\/#breadcrumb"},"inLanguage":"fr-FR","potentialAction":[{"@type":"ReadAction","target":["https:\/\/coletteartsetmatieres.com\/index.php\/produit\/support-de-telephone\/"]}]},{"@type":"BreadcrumbList","@id":"https:\/\/coletteartsetmatieres.com\/index.php\/produit\/support-de-telephone\/#breadcrumb","itemListElement":[{"@type":"ListItem","position":1,"name":"Accueil","item":"https:\/\/coletteartsetmatieres.com\/"},{"@type":"ListItem","position":2,"name":"Support de T\u00e9l\u00e9phone"}]},{"@type":"WebSite","@id":"https:\/\/coletteartsetmatieres.com\/#website","url":"https:\/\/coletteartsetmatieres.com\/","name":"Colette Arts et Mati\u00e8res.","description":"   L&#039;Art du V\u00e9g\u00e9tal et de la Fleur stables et durables","publisher":{"@id":"https:\/\/coletteartsetmatieres.com\/#organization"},"potentialAction":[{"@type":"SearchAction","target":{"@type":"EntryPoint","urlTemplate":"https:\/\/coletteartsetmatieres.com\/?s={search_term_string}"},"query-input":"required name=search_term_string"}],"inLanguage":"fr-FR"},{"@type":"Organization","@id":"https:\/\/coletteartsetmatieres.com\/#organization","name":"Colette Arts et Mati\u00e8res.","url":"https:\/\/coletteartsetmatieres.com\/","sameAs":[],"logo":{"@type":"ImageObject","inLanguage":"fr-FR","@id":"https:\/\/coletteartsetmatieres.com\/#\/schema\/logo\/image\/","url":"https:\/\/coletteartsetmatieres.com\/wp-content\/uploads\/2020\/03\/cropped-Coletteartsetmatieres_logotype-2.png","contentUrl":"https:\/\/coletteartsetmatieres.com\/wp-content\/uploads\/2020\/03\/cropped-Coletteartsetmatieres_logotype-2.png","width":409,"height":250,"caption":"    Colette Arts et Mati\u00e8res. "},"image":{"@id":"https:\/\/coletteartsetmatieres.com\/#\/schema\/logo\/image\/"}}]}},"_links":{"self":[{"href":"https:\/\/coletteartsetmatieres.com\/index.php\/wp-json\/wp\/v2\/product\/1906"}],"collection":[{"href":"https:\/\/coletteartsetmatieres.com\/index.php\/wp-json\/wp\/v2\/product"}],"about":[{"href":"https:\/\/coletteartsetmatieres.com\/index.php\/wp-json\/wp\/v2\/types\/product"}],"replies":[{"embeddable":true,"href":"https:\/\/coletteartsetmatieres.com\/index.php\/wp-json\/wp\/v2\/comments?post=1906"}],"wp:featuredmedia":[{"embeddable":true,"href":"https:\/\/coletteartsetmatieres.com\/index.php\/wp-json\/wp\/v2\/media\/1909"}],"wp:attachment":[{"href":"https:\/\/coletteartsetmatieres.com\/index.php\/wp-json\/wp\/v2\/media?parent=1906"}],"wp:term":[{"taxonomy":"product_cat","embeddable":true,"href":"https:\/\/coletteartsetmatieres.com\/index.php\/wp-json\/wp\/v2\/product_cat?post=1906"},{"taxonomy":"product_tag","embeddable":true,"href":"https:\/\/coletteartsetmatieres.com\/index.php\/wp-json\/wp\/v2\/product_tag?post=1906"}],"curies":[{"name":"wp","href":"https:\/\/api.w.org\/{rel}","templated":true}]}}